{"id":1574,"date":"2024-02-24T11:30:21","date_gmt":"2024-02-24T10:30:21","guid":{"rendered":"https:\/\/wordpress.famberg.de\/index.php\/produkt\/mixbehaelter-wildside-jar-26-liter-mixer-zubehoer\/"},"modified":"2025-12-10T19:44:17","modified_gmt":"2025-12-10T18:44:17","slug":"mixbehaelter-wildside-jar-26-liter-mixer-zubehoer","status":"publish","type":"product","link":"https:\/\/wordpress.famberg.de\/index.php\/produkt\/mixbehaelter-wildside-jar-26-liter-mixer-zubehoer\/","title":{"rendered":"Blendtec Mixbeh\u00e4lter WildSide Jar 2,6 Liter Mixer Zubeh\u00f6r"},"content":{"rendered":"<p><span style=\"font-size: medium;\"><b>Blendtec WildSide Jar &#8211; die perfekte Erg\u00e4nzung zu Ihrem Blendtec Mixer<br \/><\/b><br \/>F\u00fcr gr\u00f6\u00dfere Mengen und schnelleres MixenDer patentierte WildSide+ bietet eine extraweite Form f\u00fcr mehr Volumen. Die schmale f\u00fcnfte Seite sowie die zwei vertikalen Stege auf der Innenseite st\u00f6ren den nat\u00fcrlichen Fluss der Mixtur und sorgen somit f\u00fcr eine maximale Mixleistung. Der Mixerdeckel verf\u00fcgt \u00fcber eine Einf\u00fcll\u00f6ffnung, die das zus\u00e4tzliche Nachf\u00fcllen von Fl\u00fcssigkeit erm\u00f6glicht.<\/span><\/p><p>Die stumpfe Sicherheitsklinge ist 80 % dicker und somit 10mal st\u00e4rker als herk\u00f6mmliche Klingen. Der Beh\u00e4lter ist aus schlagfestem, BPA-freien Copolyester und passt auf alle Blendtec Mixer. Der Wildside+ Jar ist ideal f\u00fcr gr\u00f6\u00dfere Mischungen, gefrorene Zutaten, f\u00fcr High-Volume-Rezepten wie geeisten Frappuccino, Smoothies oder zur Herstellung von Brotteig.<\/p><p>Eigenschaften aller Blendtec Mixbeh\u00e4lter<\/p><p>&nbsp;<\/p><ul><li><span style=\"font-size: medium;\">aus stabilen BPA-freien Copolyester, schlagfest<\/span><\/li><li><span style=\"font-size: medium;\">extra starke patentierte Sicherheitsklinge<\/span><\/li><li><span style=\"font-size: medium;\">einfach abzulesende Makierungen am Beh\u00e4lter<\/span><\/li><li><span style=\"font-size: medium;\">passt auf alle Blendtec Haushalts-Mixer<\/span><\/li><\/ul><p><span style=\"font-size: medium;\"><br \/><b>WildSide Jar<\/b><br \/><\/span><\/p><ul><li><span style=\"font-size: medium;\">Fassungsverm\u00f6gen: 2,6 Liter f\u00fcr fl\u00fcssiges Mixgut bis 1,2 L<\/span><\/li><li><span style=\"font-size: medium;\">2 Edelstahlmesser<\/span><\/li><li><span style=\"font-size: medium;\">Abmessungen (TxBxH) in cm: ca. 13,6 x 13,6 x 23,0<\/span><\/li><li><span style=\"font-size: medium;\">Gewicht: 680 g<\/span><\/li><li><span style=\"font-size: medium;\">3 Jahre Garantie*<\/span><\/li><\/ul><p><span style=\"font-size: medium;\"><br \/><b>Der WildSide ist ideal f\u00fcr:<\/b><\/span><\/p><p>&nbsp;<\/p><ul><li><span style=\"font-size: medium;\">gr\u00f6\u00dfere Mengen<\/span><\/li><li><span style=\"font-size: medium;\">\u00a0volumin\u00f6se Rezepte<\/span><\/li><li><span style=\"font-size: medium;\">Brotteig<\/span><\/li><li><span style=\"font-size: medium;\">Smoothies<\/span><\/li><li><span style=\"font-size: medium;\">Dips und Teig<\/span><\/li><\/ul><p><span style=\"font-size: medium;\"><br \/><b>Lieferumfang<\/b><br \/>Mixbeh\u00e4lter WildSide<br \/>zweiteiliger Mixerdeckel mit Einf\u00fcll\u00f6ffnung<\/span><\/p><p>*Garantie von 3 Jahren. Die Garantie umfasst alle im Garantiezeitraum auftretenden Fertigungs- und Materialfehler, welche repariert, ersetzt oder erstattet werden. Voraussetzung f\u00fcr diese Garantie ist ein sachgem\u00e4\u00dfer Gebrauch und sachgem\u00e4\u00dfe Pflege gem\u00e4\u00df der Bedienungsanleitung. Von der Garantie ausgeschlossen sind Sch\u00e4den aus Verlust, aus grober Fahrl\u00e4ssigkeit, aus Verschlei\u00df und Folgesch\u00e4den. Die Garantie gilt nur in Deutschland.<br \/>Der Garantiegeber ist: Luba GmbH, Ober-Eschbacher Stra\u00dfe 37, 61352 Bad Homburg<\/p>","protected":false},"excerpt":{"rendered":"<p>Blendtec WildSide Jar &#8211; die perfekte Erg\u00e4nzung zu Ihrem Blendtec MixerF\u00fcr gr\u00f6\u00dfere Mengen und schnelleres MixenDer patentierte WildSide+ bietet eine extraweite Form f\u00fcr mehr Volumen. Die schmale f\u00fcnfte Seite sowie die zwei vertikalen Stege auf der Innenseite st\u00f6ren den nat\u00fcrlichen Fluss der Mixtur und sorgen somit f\u00fcr eine maximale Mixleistung. Der Mixerdeckel verf\u00fcgt \u00fcber eine [&hellip;]<\/p>\n","protected":false},"featured_media":671,"template":"","meta":[],"product_brand":[],"product_cat":[167],"product_tag":[],"class_list":{"0":"post-1574","1":"product","2":"type-product","3":"status-publish","4":"has-post-thumbnail","6":"product_cat-kuechengeraete-zubehoer","7":"product_shipping_class-direkt-luba","9":"first","10":"outofstock","11":"taxable","12":"shipping-taxable","13":"purchasable","14":"product-type-simple"},"supplier_id":1283,"supplier_sku":"902-393","barcode":null,"atum_controlled":true,"out_stock_date":"2025-12-10 19:44:17","out_stock_threshold":null,"inheritable":false,"inbound_stock":0,"stock_on_hold":0,"sold_today":0,"sales_last_days":1,"reserved_stock":null,"customer_returns":null,"warehouse_damage":null,"lost_in_post":null,"other_logs":null,"out_stock_days":0,"lost_sales":0,"has_location":false,"update_date":"2025-12-10T18:44:18","atum_locations":[],"atum_stock_status":"outofstock","restock_status":false,"low_stock_amount":"","sales_update_date":null,"calc_backorders":null,"_links":{"self":[{"href":"https:\/\/wordpress.famberg.de\/index.php\/wp-json\/wp\/v2\/product\/1574","targetHints":{"allow":["GET"]}}],"collection":[{"href":"https:\/\/wordpress.famberg.de\/index.php\/wp-json\/wp\/v2\/product"}],"about":[{"href":"https:\/\/wordpress.famberg.de\/index.php\/wp-json\/wp\/v2\/types\/product"}],"wp:featuredmedia":[{"embeddable":true,"href":"https:\/\/wordpress.famberg.de\/index.php\/wp-json\/wp\/v2\/media\/671"}],"wp:attachment":[{"href":"https:\/\/wordpress.famberg.de\/index.php\/wp-json\/wp\/v2\/media?parent=1574"}],"wp:term":[{"taxonomy":"product_brand","embeddable":true,"href":"https:\/\/wordpress.famberg.de\/index.php\/wp-json\/wp\/v2\/product_brand?post=1574"},{"taxonomy":"product_cat","embeddable":true,"href":"https:\/\/wordpress.famberg.de\/index.php\/wp-json\/wp\/v2\/product_cat?post=1574"},{"taxonomy":"product_tag","embeddable":true,"href":"https:\/\/wordpress.famberg.de\/index.php\/wp-json\/wp\/v2\/product_tag?post=1574"}],"curies":[{"name":"wp","href":"https:\/\/api.w.org\/{rel}","templated":true}]}}