{"id":1573,"date":"2024-02-24T11:30:19","date_gmt":"2024-02-24T10:30:19","guid":{"rendered":"https:\/\/wordpress.famberg.de\/index.php\/produkt\/mixbehaelter-fourside-jar-2-liter-mixer-zubehoer\/"},"modified":"2026-02-08T01:46:13","modified_gmt":"2026-02-08T00:46:13","slug":"mixbehaelter-fourside-jar-2-liter-mixer-zubehoer","status":"publish","type":"product","link":"https:\/\/wordpress.famberg.de\/index.php\/produkt\/mixbehaelter-fourside-jar-2-liter-mixer-zubehoer\/","title":{"rendered":"Blendtec Mixbeh\u00e4lter FourSide Jar 2 Liter Mixer Zubeh\u00f6r"},"content":{"rendered":"<p><span style=\"font-size: small; font-family: Arial;\"><span style=\"font-size: small;\"><span style=\"font-family: Arial;\"><span style=\"font-size: small;\"><span style=\"font-family: Arial;\">\u00a0<\/span><\/span><\/span><\/span><\/span><\/p><div><\/div><p>&nbsp;<\/p><div style=\"font-size: small;\"><\/div><div><p><span style=\"color: #006600; font-size: medium;\"><strong>Blendtec FourSide Jar &#8211; die perfekte Erg\u00e4nzung zu Ihrem Blendtec Mixer<\/strong><\/span><span style=\"font-size: medium;\"><br \/>Der &#8222;Vierseiten&#8220; Mixbeh\u00e4lter nutzt die volle Leistung des Blendtec Mixers. Die stumpfe Sicherheitsklinge ist 80 % dicker und damit 10-mal st\u00e4rker als herk\u00f6mmliche Klingen, wodurch Obst und Gem\u00fcse nicht zerschnitten sondern zerschlagen werden. Der Beh\u00e4lter ist aus schlagfestem, BPA-freien Copolyester und passt auf alle Blendtec Haushalts-Mixer. Die quadratische Form des Vierseiten-Beh\u00e4lters eignet sich besser als traditionelle runde Gl\u00e4ser und ist ideal f\u00fcr Smoothies, Eis, Suppen, Dips und So\u00dfen. Durch die Form des Gef\u00e4\u00dfes wird mehr Reibung zur Erw\u00e4rmung von Suppen und mixen von hei\u00dfen Getr\u00e4nken erzeugt. Geeignet auch zum Zerkleinern von Getreide oder Kaffeebohnen.<br \/>Eigenschaften aller Blendtec Mixbeh\u00e4lter<\/span><b><br \/><\/b><\/p><ul><li><span style=\"font-size: medium;\">aus stabilen BPA-freien Copolyester, schlagfest<br \/><\/span><\/li><li><span style=\"font-size: medium;\">extra starke patentierte Sicherheitsklinge<\/span><\/li><li><span style=\"font-size: medium;\">einfach abzulesende Makierungen am Beh\u00e4lter<\/span><\/li><li><span style=\"font-size: medium;\">passt auf alle Blendtec Haushalts-Mixer<b><br \/><\/b><\/span><\/li><\/ul><p><span style=\"font-size: medium;\"><u><b>FourSide Jar<br \/><\/b><\/u>Fassungsverm\u00f6gen: <b>2 Liter f\u00fcr fl\u00fcssiges Mixgut bis 1 L<\/b><u><b><br \/><\/b><\/u>2 Edelstahlmesser<u><b><br \/><\/b><\/u>Abmessungen<b> <\/b>(TxBxH) in cm: ca. 13,6 x 13,6 x 23,0<b><br \/><\/b>Gewicht: 680 g<br \/>3 Jahre Garantie<\/span><\/p><p><u>Der FourSide ist ideal f\u00fcr: <\/u><\/p><ul><li><span style=\"font-size: medium;\">Eis cream<\/span><\/li><li><span style=\"font-size: medium;\">Mahlen von Getreide<\/span><\/li><li><span style=\"font-size: medium;\">Suppen<\/span><\/li><li><span style=\"font-size: medium;\">Smoothies<\/span><\/li><li><span style=\"font-size: medium;\">Dips und Ausbackteig<\/span><\/li><\/ul><p><span style=\"font-size: medium;\"><u>Lieferumfang<\/u><br \/>Mixbeh\u00e4lter FourSide<br \/>zweiteiliger Mixerdeckel mit Einf\u00fcll\u00f6ffnung<br \/><\/span><\/p><p>&nbsp;<\/p><p><span style=\"font-size: medium;\">Garantie von 3 Jahren. Die Garantie umfasst alle im Garantiezeitraum auftretenden Fertigungs- und Materialfehler, welche repariert, ersetzt oder erstattet werden. Voraussetzung f\u00fcr diese Garantie ist ein sachgem\u00e4\u00dfer Gebrauch und sachgem\u00e4\u00dfe Pflege gem\u00e4\u00df der Bedienungsanleitung. Von der Garantie ausgeschlossen sind Sch\u00e4den aus Verlust, aus grober Fahrl\u00e4ssigkeit, aus Verschlei\u00df und Folgesch\u00e4den. Die Garantie gilt nur in Deutschland.<\/span><\/p><p>Der Garantiegeber ist: Luba GmbH, Ober-Eschbacher Stra\u00dfe 37, 61352 Bad Homburg\u00a0\u00a0\u00a0\u00a0<span style=\"color: #6600cc; font-size: x-large;\"><strong><br \/><\/strong><\/span><\/p><\/div>","protected":false},"excerpt":{"rendered":"<p>\u00a0&nbsp;Blendtec FourSide Jar &#8211; die perfekte Erg\u00e4nzung zu Ihrem Blendtec MixerDer &#8222;Vierseiten&#8220; Mixbeh\u00e4lter nutzt die volle Leistung des Blendtec Mixers. Die stumpfe Sicherheitsklinge ist 80 % dicker und damit 10-mal st\u00e4rker als herk\u00f6mmliche Klingen, wodurch Obst und Gem\u00fcse nicht zerschnitten sondern zerschlagen werden. Der Beh\u00e4lter ist aus schlagfestem, BPA-freien Copolyester und passt auf alle Blendtec [&hellip;]<\/p>\n","protected":false},"featured_media":668,"template":"","meta":[],"product_brand":[],"product_cat":[167],"product_tag":[],"class_list":{"0":"post-1573","1":"product","2":"type-product","3":"status-publish","4":"has-post-thumbnail","6":"product_cat-kuechengeraete-zubehoer","7":"product_shipping_class-direkt-luba","9":"first","10":"outofstock","11":"taxable","12":"shipping-taxable","13":"purchasable","14":"product-type-simple"},"supplier_id":1283,"supplier_sku":"902-391","barcode":null,"atum_controlled":false,"out_stock_date":null,"out_stock_threshold":null,"inheritable":false,"inbound_stock":0,"stock_on_hold":0,"sold_today":0,"sales_last_days":1,"reserved_stock":null,"customer_returns":null,"warehouse_damage":null,"lost_in_post":null,"other_logs":null,"out_stock_days":0,"lost_sales":0,"has_location":false,"update_date":"2026-02-10T17:19:03","atum_locations":[],"atum_stock_status":"outofstock","restock_status":false,"low_stock_amount":"","sales_update_date":"2026-02-10T17:19:03","calc_backorders":null,"_links":{"self":[{"href":"https:\/\/wordpress.famberg.de\/index.php\/wp-json\/wp\/v2\/product\/1573","targetHints":{"allow":["GET"]}}],"collection":[{"href":"https:\/\/wordpress.famberg.de\/index.php\/wp-json\/wp\/v2\/product"}],"about":[{"href":"https:\/\/wordpress.famberg.de\/index.php\/wp-json\/wp\/v2\/types\/product"}],"wp:featuredmedia":[{"embeddable":true,"href":"https:\/\/wordpress.famberg.de\/index.php\/wp-json\/wp\/v2\/media\/668"}],"wp:attachment":[{"href":"https:\/\/wordpress.famberg.de\/index.php\/wp-json\/wp\/v2\/media?parent=1573"}],"wp:term":[{"taxonomy":"product_brand","embeddable":true,"href":"https:\/\/wordpress.famberg.de\/index.php\/wp-json\/wp\/v2\/product_brand?post=1573"},{"taxonomy":"product_cat","embeddable":true,"href":"https:\/\/wordpress.famberg.de\/index.php\/wp-json\/wp\/v2\/product_cat?post=1573"},{"taxonomy":"product_tag","embeddable":true,"href":"https:\/\/wordpress.famberg.de\/index.php\/wp-json\/wp\/v2\/product_tag?post=1573"}],"curies":[{"name":"wp","href":"https:\/\/api.w.org\/{rel}","templated":true}]}}