{"id":1556,"date":"2024-02-24T11:29:53","date_gmt":"2024-02-24T10:29:53","guid":{"rendered":"https:\/\/wordpress.famberg.de\/index.php\/produkt\/ersatzteile-zubehoer-diamant-d525-stahlmahlscheiben-gleitlager-motor-usw\/"},"modified":"2025-12-03T03:11:00","modified_gmt":"2025-12-03T02:11:00","slug":"ersatzteile-zubehoer-diamant-d525-stahlmahlscheiben-gleitlager-motor-usw","status":"publish","type":"product","link":"https:\/\/wordpress.famberg.de\/index.php\/produkt\/ersatzteile-zubehoer-diamant-d525-stahlmahlscheiben-gleitlager-motor-usw\/","title":{"rendered":"Ersatzteile Zubeh\u00f6r Diamant D525 Stahlmahlscheiben Gleitlager Motor usw"},"content":{"rendered":"<p>&nbsp;<\/p><p><big><span style=\"font-weight: bold;\"><span style=\"color: #000000;\"><span style=\"font-size: medium;\">Stahlmahlscheiben Zubeh\u00f6r f\u00fcr die Diamant D525 <\/span><\/span><span style=\"font-size: medium;\"><br \/><\/span><\/span><\/big><\/p><p><span style=\"font-size: medium;\">\u00a0<\/span><\/p><p><span style=\"font-size: medium;\">Erg\u00e4nzen Sie die Grundausstattung der Diamant Handm\u00fchle D525. Im Lieferumfang der M\u00fchle sind die Stahlmahlscheiben 14\/15 in mittelerer Ausf\u00fchrung dabei.<br \/><\/span><\/p><p><span style=\"font-size: medium;\"><span style=\"color: #000000;\">Mahlscheiben-Satz: 14a\/15a extra fein (zB. f\u00fcr Gew\u00fcrze und t\u00fcrkischen Kaffee)<br \/><\/span><\/span><\/p><p><span style=\"font-size: medium;\"><span style=\"color: #000000;\">Mahlscheiben-Satz: 16a\/17a grob (ist gezahnt)<br \/><\/span><\/span><\/p><p><span style=\"font-size: medium;\"><span style=\"color: #000000;\">Mahlscheiben-Satz: mittlere (liegt bei Kauf einer Diamant-M\u00fchle bei).<br \/><\/span><\/span><\/p><p><span style=\"font-size: medium;\"><span style=\"color: #000000;\">\u00a0<\/span><\/span><\/p><p><span style=\"font-size: medium;\"><span style=\"color: #000000;\">Steinmahlscheibe 3 cm &#8211; bitte beachten wenn es keine alte M\u00fchle ist, brauchen Sie eine Steinmahlscheibe mit Umbausatz (Umbaussatz ist nicht mehr lieferbar)<br \/><\/span><\/span><\/p><p><span style=\"font-size: medium;\"><span style=\"color: #000000;\">\u00a0<\/span><\/span><\/p><p><span style=\"font-size: medium;\"><span style=\"color: #000000;\"><b>Information f\u00fcr Besitzer einer alten Diamant zum Beispiel aus dem Jahre 1981\u00a0<\/b><\/span><\/span><\/p><p><span style=\"font-size: medium;\">1 cm dicke Steinmahlscheibe &#8211; dann passt\u00a0die hier angebotene Stahlmahlscheibe, eine Steinmahlscheibe ist nicht lieferbar<\/span><\/p><p><span style=\"font-size: medium;\">3 cm dicke Steinmahlscheibe &#8211; dann passt diese hier angebotene Stahlmahlscheibe <b>nicht<\/b><\/span><\/p><p><span style=\"font-size: medium;\"><b>Motor<\/b><\/span><\/p><p><span style=\"font-size: medium;\">Die Riemenscheibe und der Keilriemen geh\u00f6ren zum Lieferumfang. Des Stromkabel und Netzteil m\u00fcssen Sie sich selbst besorgen.<\/span><\/p><p><span style=\"font-size: medium;\">Der Preis kann sich durch die aktuelle Lage bis zur Auslieferung erh\u00f6hen. Sie k\u00f6nnen jederzeit stornieren.<br \/><\/span><\/p>","protected":false},"excerpt":{"rendered":"<p>&nbsp;Stahlmahlscheiben Zubeh\u00f6r f\u00fcr die Diamant D525 \u00a0Erg\u00e4nzen Sie die Grundausstattung der Diamant Handm\u00fchle D525. Im Lieferumfang der M\u00fchle sind die Stahlmahlscheiben 14\/15 in mittelerer Ausf\u00fchrung dabei.Mahlscheiben-Satz: 14a\/15a extra fein (zB. f\u00fcr Gew\u00fcrze und t\u00fcrkischen Kaffee)Mahlscheiben-Satz: 16a\/17a grob (ist gezahnt)Mahlscheiben-Satz: mittlere (liegt bei Kauf einer Diamant-M\u00fchle bei).\u00a0Steinmahlscheibe 3 cm &#8211; bitte beachten wenn es keine alte [&hellip;]<\/p>\n","protected":false},"featured_media":659,"template":"","meta":[],"product_brand":[],"product_cat":[130,200],"product_tag":[],"class_list":{"0":"post-1556","1":"product","2":"type-product","3":"status-publish","4":"has-post-thumbnail","6":"product_cat-ersatzteile","7":"product_cat-ersatzteile-allerlei","8":"product_shipping_class-kleinkram","10":"first","11":"instock","12":"taxable","13":"shipping-taxable","14":"purchasable","15":"product-type-variable"},"supplier_id":null,"supplier_sku":"","barcode":null,"atum_controlled":true,"out_stock_date":null,"out_stock_threshold":null,"inheritable":true,"inbound_stock":0,"stock_on_hold":0,"sold_today":0,"sales_last_days":1,"reserved_stock":null,"customer_returns":null,"warehouse_damage":null,"lost_in_post":null,"other_logs":null,"out_stock_days":0,"lost_sales":0,"has_location":false,"update_date":"2025-12-03T02:11:01","atum_locations":[],"atum_stock_status":"instock","restock_status":false,"low_stock_amount":"","sales_update_date":"2024-09-24T09:53:07","calc_backorders":null,"_links":{"self":[{"href":"https:\/\/wordpress.famberg.de\/index.php\/wp-json\/wp\/v2\/product\/1556","targetHints":{"allow":["GET"]}}],"collection":[{"href":"https:\/\/wordpress.famberg.de\/index.php\/wp-json\/wp\/v2\/product"}],"about":[{"href":"https:\/\/wordpress.famberg.de\/index.php\/wp-json\/wp\/v2\/types\/product"}],"wp:featuredmedia":[{"embeddable":true,"href":"https:\/\/wordpress.famberg.de\/index.php\/wp-json\/wp\/v2\/media\/659"}],"wp:attachment":[{"href":"https:\/\/wordpress.famberg.de\/index.php\/wp-json\/wp\/v2\/media?parent=1556"}],"wp:term":[{"taxonomy":"product_brand","embeddable":true,"href":"https:\/\/wordpress.famberg.de\/index.php\/wp-json\/wp\/v2\/product_brand?post=1556"},{"taxonomy":"product_cat","embeddable":true,"href":"https:\/\/wordpress.famberg.de\/index.php\/wp-json\/wp\/v2\/product_cat?post=1556"},{"taxonomy":"product_tag","embeddable":true,"href":"https:\/\/wordpress.famberg.de\/index.php\/wp-json\/wp\/v2\/product_tag?post=1556"}],"curies":[{"name":"wp","href":"https:\/\/api.w.org\/{rel}","templated":true}]}}