{"id":1541,"date":"2024-02-24T11:29:30","date_gmt":"2024-02-24T10:29:30","guid":{"rendered":"https:\/\/wordpress.famberg.de\/index.php\/produkt\/strandkorb-trendy-pure-classic-xl-sun-teak-pe-grey-des-403\/"},"modified":"2025-07-02T15:03:17","modified_gmt":"2025-07-02T13:03:17","slug":"strandkorb-trendy-pure-classic-xl-sun-teak-pe-grey-des-403","status":"publish","type":"product","link":"https:\/\/wordpress.famberg.de\/index.php\/produkt\/strandkorb-trendy-pure-classic-xl-sun-teak-pe-grey-des-403\/","title":{"rendered":"deVries Strandkorb PURE\u00ae Classic XL SUN PE stone grey Des 466"},"content":{"rendered":"<div style=\"width: 200px;\"><span style=\"font-size: medium;\">\u00a0<\/span><\/div><h2><span style=\"font-size: medium;\">Strandkorb\u00a0deVries PURE\u00ae Classic XL SUN PE stone grey Des 466<\/span><\/h2><div><span style=\"font-size: medium;\">\u00a0 Geflechtfarbe stone grey incl. Kissenausstattung Dessin 466<\/span><\/div><p><span style=\"font-size: medium;\"><br \/>Korpus beidseitig (innen und au\u00dfen) geflochten mit dazwischenliegender Schutzfolie &#8211;&gt; bei richtiger Wartung keine Schimmelbildung<br \/><\/span><\/p><div><span style=\"font-size: medium;\"><span style=\"font-size: medium;\">deVries ist der einzige Hersteller der PURE Strandk\u00f6rbe, diese sind sowohl AUSSEN als auch INNEN geflochten und bieten somit ein besonderes Strandkorberlebnis. Zwischen den Geflechtschichten ist eine<br \/>Schutzfolie eingearbeitet, somit kommt der Strandkorb PURE ohne jeglichen Stoff\u00a0 aus. Selbst wenn Ihr Strandkorb nicht ganz ideal \u00fcberwintern kann- Durch den Verzicht des texilen Innenausschlags \u00f6nnen keine Stockflecken entstehen. Den gew\u00fcnschten Schutz vor Wind bietet Ihnen die Schutzfolie. Es regnet?- Kein Problem, die Kissenausstattung kann komplett entnommen und bei einem Schauer einfach mit ins Haus genommen werden.<\/span><\/span>Die PURE- Strandk\u00f6rbe erhalten Sie in vielen Modellen und Dessins.<\/div><div><div><div><\/div><div><span style=\"color: #006600; font-size: medium;\">Wir beraten Sie sehr gern und erstellen Ihnen auf Wunsch Ihr ganz pers\u00f6nliches Angebot.<\/span><span style=\"font-size: medium;\"><strong><span class=\"BoldGreen\" style=\"background-color: #ffffff; color: #99cc00;\"><br \/><\/span><\/strong>.<\/span><\/div><div><div class=\"cc76m92 mgz-element mgz-element-column mgz-col-md-4\"><div class=\"mgz-element-inner cc76m92-s\"><div class=\"f3mnot6 mgz-element mgz-child mgz-element-text\"><div class=\"mgz-element-inner f3mnot6-s\"><p><strong>Korpus<\/strong><\/p><\/div><\/div><div class=\"j9pm3ux mgz-element mgz-child mgz-element-icon_list\"><div class=\"mgz-element-inner j9pm3ux-s\"><div class=\"mgz-icon-list mgz-icon-list-vertical\"><div class=\"mgz-icon-list-item\"><i class=\"mgz-icon-list-item-icon fas mgz-fa-check\"><\/i> <span class=\"mgz-icon-list-item-text\">Pinienholz, grau lasiert<\/span><\/div><div class=\"mgz-icon-list-item\"><i class=\"mgz-icon-list-item-icon fas mgz-fa-check\"><\/i> <span class=\"mgz-icon-list-item-text\">7 mm PE-Markengeflecht, voll-recyclebar<\/span><\/div><div class=\"mgz-icon-list-item\"><i class=\"mgz-icon-list-item-icon fas mgz-fa-check\"><\/i> <span class=\"mgz-icon-list-item-text\">Korpus beidseitig geflochten<\/span><\/div><div class=\"mgz-icon-list-item\">beidseitig geflochten (von innen + au\u00dfen), inkl. dazwischenliegenderbeidseitig geflochten (von innen + au\u00dfen), inkl. dazwischenliegender Schutzfolie als unsichtbarer Windschutz<\/div><div class=\"mgz-icon-list-item\"><i class=\"mgz-icon-list-item-icon fas mgz-fa-check\"><\/i> <span class=\"mgz-icon-list-item-text\">ohne textilen Innenausschlag<\/span><\/div><div class=\"mgz-icon-list-item\"><i class=\"mgz-icon-list-item-icon fas mgz-fa-check\"><\/i> <span class=\"mgz-icon-list-item-text\">aufwendig geflochtenes Sonnenmuster<\/span><\/div><div class=\"mgz-icon-list-item\"><i class=\"mgz-icon-list-item-icon fas mgz-fa-check\"><\/i> <span class=\"mgz-icon-list-item-text\">mehrfach verstellbar<\/span><\/div><div class=\"mgz-icon-list-item\"><i class=\"mgz-icon-list-item-icon fas mgz-fa-check\"><\/i> <span class=\"mgz-icon-list-item-text\">verzinkte Beschl\u00e4ge<\/span><\/div><div class=\"mgz-icon-list-item\"><i class=\"mgz-icon-list-item-icon fas mgz-fa-check\"><\/i> <span class=\"mgz-icon-list-item-text\">Oberkorb mit Zopfleiste<\/span><\/div><div class=\"mgz-icon-list-item\"><i class=\"mgz-icon-list-item-icon fas mgz-fa-check\"><\/i> <span class=\"mgz-icon-list-item-text\">Markise leicht abnehmbar<\/span><\/div><div class=\"mgz-icon-list-item\"><i class=\"mgz-icon-list-item-icon fas mgz-fa-check\"><\/i> <span class=\"mgz-icon-list-item-text\">XL &#8211; extra breite und tiefe Sitzfl\u00e4che<\/span><\/div><div class=\"mgz-icon-list-item\"><i class=\"mgz-icon-list-item-icon fas mgz-fa-check\"><\/i> <span class=\"mgz-icon-list-item-text\">ausschiebbare und h\u00f6henverstellbare Fu\u00dfst\u00fctzen<\/span><\/div><\/div><\/div><\/div><\/div><\/div><div class=\"l1x6ei5 mgz-element mgz-element-column mgz-col-md-4\"><div class=\"mgz-element-inner l1x6ei5-s\"><div class=\"cyekayf mgz-element mgz-child mgz-element-text\"><div class=\"mgz-element-inner cyekayf-s\"><p>&nbsp;<\/p><p><strong>Ausstatttung<br \/><\/strong><span class=\"mgz-icon-list-item-text\">inkl. zwei Klapptischen<br \/><\/span><span class=\"mgz-icon-list-item-text\">Laufrollenmontage m\u00f6glich<\/span><\/p><\/div><\/div><\/div><\/div><div class=\"tg43i8g mgz-element mgz-element-column mgz-col-md-4\"><div class=\"mgz-element-inner tg43i8g-s\"><div class=\"clinwhb mgz-element mgz-child mgz-element-text\"><div class=\"mgz-element-inner clinwhb-s\"><p><strong>Kissenausstattung<\/strong><\/p><\/div><\/div><div class=\"pksvqhi mgz-element mgz-child mgz-element-icon_list\"><div class=\"mgz-element-inner pksvqhi-s\"><div class=\"mgz-icon-list mgz-icon-list-vertical\"><div class=\"mgz-icon-list-item\"><i class=\"mgz-icon-list-item-icon fas mgz-fa-check\"><\/i> <span class=\"mgz-icon-list-item-text\">Kissenausstattung komplett herausnehmbar<\/span><\/div><div class=\"mgz-icon-list-item\"><i class=\"mgz-icon-list-item-icon fas mgz-fa-check\"><\/i> <span class=\"mgz-icon-list-item-text\">h\u00f6henverstellbare Nackenkissen<\/span><\/div><div class=\"mgz-icon-list-item\"><i class=\"mgz-icon-list-item-icon fas mgz-fa-check\"><\/i> <span class=\"mgz-icon-list-item-text\">Kissenh\u00fclle mit Rei\u00dfverschluss, waschbar entsprechend Etikett<\/span><\/div><div class=\"mgz-icon-list-item\"><i class=\"mgz-icon-list-item-icon fas mgz-fa-check\"><\/i> <span class=\"mgz-icon-list-item-text\">dick gepolsterte abnehmbaren Fu\u00dfkissen<\/span><\/div><div class=\"mgz-icon-list-item\"><i class=\"mgz-icon-list-item-icon fas mgz-fa-check\"><\/i> <span class=\"mgz-icon-list-item-text\">zwei Knuffelkissen<\/span><\/div><\/div><\/div><\/div><\/div><\/div><\/div><\/div><\/div><div><span style=\"font-size: medium;\">SELBSTMONTAGE ! Dieser Strandkorb wird zerlegt geliefert, Paketma\u00df:<br \/><\/span><\/div><div><span style=\"font-size: medium;\">L 126 cm x B 98 cm x H 34 cm und<br \/>L 113 cm x B 89 cm x H 23 cm<br \/><\/span><\/div><div><p><span style=\"font-size: medium;\"><br \/>* deVries ist eine Marke der Dekovries GmbH<\/span><\/p><p>UMWELTBEWUSST! Die deVries-Produktionsst\u00e4tte ist von der indonesischen SUCOFINDO gepr\u00fcft und zertifiziert.<\/p><div><span style=\"font-size: medium;\">Dies best\u00e4tigt, dass nur Holz aus legalem Anbau verwendet wird und somit die Bedingungen der EU-Holzverordnung erf\u00fcllt werden.<\/span><\/div><p>&nbsp;<\/p><\/div>","protected":false},"excerpt":{"rendered":"<p>\u00a0Strandkorb\u00a0deVries PURE\u00ae Classic XL SUN PE stone grey Des 466\u00a0 Geflechtfarbe stone grey incl. Kissenausstattung Dessin 466Korpus beidseitig (innen und au\u00dfen) geflochten mit dazwischenliegender Schutzfolie &#8211;&gt; bei richtiger Wartung keine SchimmelbildungdeVries ist der einzige Hersteller der PURE Strandk\u00f6rbe, diese sind sowohl AUSSEN als auch INNEN geflochten und bieten somit ein besonderes Strandkorberlebnis. Zwischen den Geflechtschichten [&hellip;]<\/p>\n","protected":false},"featured_media":5497,"template":"","meta":[],"product_brand":[],"product_cat":[109],"product_tag":[207,211],"class_list":{"0":"post-1541","1":"product","2":"type-product","3":"status-publish","4":"has-post-thumbnail","6":"product_cat-strandkoerbe","7":"product_tag-207","8":"product_tag-3186740327t","9":"product_shipping_class-spedition","11":"first","12":"instock","13":"taxable","14":"shipping-taxable","15":"purchasable","16":"product-type-simple"},"supplier_id":1294,"supplier_sku":"3186746627T","barcode":null,"atum_controlled":true,"out_stock_date":null,"out_stock_threshold":null,"inheritable":false,"inbound_stock":0,"stock_on_hold":0,"sold_today":0,"sales_last_days":0,"reserved_stock":0,"customer_returns":0,"warehouse_damage":0,"lost_in_post":0,"other_logs":0,"out_stock_days":0,"lost_sales":0,"has_location":false,"update_date":"2025-07-02T13:03:19","atum_locations":[],"atum_stock_status":"instock","restock_status":false,"low_stock_amount":"","sales_update_date":"2024-09-24T09:52:57","calc_backorders":null,"_links":{"self":[{"href":"https:\/\/wordpress.famberg.de\/index.php\/wp-json\/wp\/v2\/product\/1541","targetHints":{"allow":["GET"]}}],"collection":[{"href":"https:\/\/wordpress.famberg.de\/index.php\/wp-json\/wp\/v2\/product"}],"about":[{"href":"https:\/\/wordpress.famberg.de\/index.php\/wp-json\/wp\/v2\/types\/product"}],"wp:featuredmedia":[{"embeddable":true,"href":"https:\/\/wordpress.famberg.de\/index.php\/wp-json\/wp\/v2\/media\/5497"}],"wp:attachment":[{"href":"https:\/\/wordpress.famberg.de\/index.php\/wp-json\/wp\/v2\/media?parent=1541"}],"wp:term":[{"taxonomy":"product_brand","embeddable":true,"href":"https:\/\/wordpress.famberg.de\/index.php\/wp-json\/wp\/v2\/product_brand?post=1541"},{"taxonomy":"product_cat","embeddable":true,"href":"https:\/\/wordpress.famberg.de\/index.php\/wp-json\/wp\/v2\/product_cat?post=1541"},{"taxonomy":"product_tag","embeddable":true,"href":"https:\/\/wordpress.famberg.de\/index.php\/wp-json\/wp\/v2\/product_tag?post=1541"}],"curies":[{"name":"wp","href":"https:\/\/api.w.org\/{rel}","templated":true}]}}