{"id":1540,"date":"2024-02-24T11:29:29","date_gmt":"2024-02-24T10:29:29","guid":{"rendered":"https:\/\/wordpress.famberg.de\/index.php\/produkt\/pizzaofen-delizia-pizzamaker-g10010-schwarz-edition\/"},"modified":"2025-07-03T12:45:08","modified_gmt":"2025-07-03T10:45:08","slug":"pizzaofen-delizia-pizzamaker-g10010-schwarz-edition","status":"publish","type":"product","link":"https:\/\/wordpress.famberg.de\/index.php\/produkt\/pizzaofen-delizia-pizzamaker-g10010-schwarz-edition\/","title":{"rendered":"G3 Ferrari Pizzaofen Delizia Pizzamaker G10010 Schwarz Edition"},"content":{"rendered":"<div style=\"width: 200px;\"><\/div><div><span style=\"font-size: medium;\"><b>Das ORIGINAL der Pizzamaker von G3Ferrari in Black<br \/><\/b><\/span><\/div><div><span style=\"font-size: medium;\">Der G3Ferrari Pizzaofen Delizia \u00fcberzeugt mit Leistung. Sie wollen Pizza wie vom Italiener, Brot backen, Br\u00f6tchen aufbacken oder warme Croissants zum Fr\u00fchst\u00fcck? Oder wie w\u00e4re es mit einem Sonntagskuchen und Minimuffins? In kurzer Zeit ist alles servierbereit. Mit bis zu 400\u00b0C macht Ihr Delizia perfekte Pizzen. Egal ob z. B. selbst gemachte Pizza Napoletana oder die schnelle Tiefk\u00fchlvariante &#8211; gelingt immer.<\/span><\/div><p><span style=\"font-size: medium;\">\u00a0<\/span><\/p><div><span style=\"font-size: medium;\"><b>Knusprige Pizza wie beim Pizzab\u00e4cker! Und nicht nur das: Auch zum Aufbacken, \u00dcberbacken und Backen von Brot, Baguette, Wraps, Kartoffeln, Ciabatta, Focaccia, Sandwiches und vieles mehr.<\/b><\/span><\/div><div><\/div><div><ul><li><span style=\"font-size: medium;\">Nicht \u00bbnur\u00ab als Pizzaofen zu verwenden- ideal zum \u00bbExpress\u00ab-Backen von Pizzen, Brot, Burritos, Fajitas, Fladen, Flammkuchen, Pommes, Wedges, Gem\u00fcse, Schafsk\u00e4se, Fleisch, Toast, Br\u00f6tchen aufbacken, Kroketten, Naanbrot, Pl\u00e4tzchen, flache Kuchen, Minimuffins, Croissants u. v. m.<\/span><\/li><li><span style=\"font-size: medium;\">Backen mit feuerfestem lebensmittelechten Naturstein, 31,6 cm im Durchmesser, dieser absorbiert die Feuchtigkeit des Teiges &#8211; die Hitze speichert sich in dem Stein und gibt diese gleichm\u00e4\u00dfig an den Teig ab, wodurch derknusprige Boden entsteht \u2013 eben wie aus dem Steinbackofen<\/span><\/li><li><span style=\"font-size: medium;\">Tiefk\u00fchlpizza mit ca. 3 Minuten Backzeit und Hausgemachte Pizza mit ca. 5 Minuten Backzeit<\/span><\/li><li><span style=\"font-size: medium;\">In nur wenigen Minuten wird die Temperatur auf bis zu 400\u00b0C erhitzt<\/span><\/li><li><span style=\"font-size: medium;\">Keine Geruchs-\/Rauchentwicklung<\/span><\/li><li><span style=\"font-size: medium;\">Wesentlich energiesparender als herk\u00f6mmliche \u00d6fen<\/span><\/li><li><span style=\"font-size: medium;\">Mit Thermostat, Timer und Signallampe, inkl. Pizzawender und italienischer Rezeptesammlung<\/span><\/li><li><span style=\"font-size: medium;\">1200 Watt Leistung<\/span><\/li><\/ul><\/div><p><span style=\"font-size: medium;\"><br \/><b>Ein wahres Multitalent<\/b><br \/>Ideal auch zum \u00bbExpress\u00ab-Backen von Brot, Focaccia, Panini, Bruschetta, Fajitas, Wraps, Lahmacun, Flammkuchen, Pommes, Wedges, Schafsk\u00e4se, Br\u00f6tchen aufbacken, Naanbrot, Pl\u00e4tzchen, flache Kuchen, Minimuffins, Croissants&#8230;<\/span><\/p><p><b>Kreative Kochvielfalt<\/b><br \/>Auch zum Aufbacken, \u00dcberbacken und Backen von Kroketten, Chicken Nuggets, Chicken Wings, Hamburgerbr\u00f6tchen, Pita, Knoblauchbaguette, Toast, Sandwiches, Kartoffeln, S\u00fc\u00dfspeisen oder Fr\u00fchst\u00fccksgeb\u00e4ck u. v. m.<\/p><p><b>Aufw\u00e4rmen und Warmhalten<\/b><br \/>Der Pizzaofen Delizia eignet sich auch hervorragend zum Aufw\u00e4rmen von Speisen vor dem Servieren: Egal ob Burritos, Gem\u00fcse, Fleisch (Zubereitung in Grillschale), Wedges, Muffins oder Ciabatta- Ihre G\u00e4ste werden staunen.<br \/><b><br \/>Pizzaparty Kochen mit Freunden<\/b><br \/>Sie planen eine Feier und m\u00f6chten Ihre G\u00e4ste k\u00f6stlich verw\u00f6hnen? Mit dem Pizzaofen backen Sie Ihre eigene hausgemachte, leckere Pizza, die in wenigen Minuten fertig ist! Im Garten, am Wohnzimmertisch, auf der Terrasse oder dem Balkon, die Party kann losgehen.<\/p><p><b>Kochen mit Freunden<\/b><br \/>Sie planen eine Feier und m\u00f6chten Ihre G\u00e4ste k\u00f6stlich verw\u00f6hnen? Mit dem Pizzaofen backen Sie Ihre eigene hausgemachte, leckere Pizza, die in wenigen Minuten fertig ist! Im Garten, am Wohnzimmertisch, auf der Terrasse oder dem Balkon, die Party kann losgehen. Ein besonderer Kochabend mit Freunden: Jeder kann die Pizza nach seinen W\u00fcnschen belegen. Schon die Zubereitung macht Spa\u00df. Mit dem Pizzamaker ist alles schnell fertig. Bon Appetito.<\/p><p><b>Romantischer Abend<\/b><br \/>\u00dcberraschen Sie Ihre Liebsten mit einem Candle Light Dinner. Eine duftende und knusprige Pizza, ein erlesenes Glas Wein, dazu Ihre Lieblingsmusik. Sie genie\u00dfen einen Abend wie sonst vielleicht nur im Urlaub.<\/p>","protected":false},"excerpt":{"rendered":"<p>Das ORIGINAL der Pizzamaker von G3Ferrari in BlackDer G3Ferrari Pizzaofen Delizia \u00fcberzeugt mit Leistung. Sie wollen Pizza wie vom Italiener, Brot backen, Br\u00f6tchen aufbacken oder warme Croissants zum Fr\u00fchst\u00fcck? Oder wie w\u00e4re es mit einem Sonntagskuchen und Minimuffins? In kurzer Zeit ist alles servierbereit. Mit bis zu 400\u00b0C macht Ihr Delizia perfekte Pizzen. Egal ob [&hellip;]<\/p>\n","protected":false},"featured_media":633,"template":"","meta":[],"product_brand":[],"product_cat":[134],"product_tag":[],"class_list":{"0":"post-1540","1":"product","2":"type-product","3":"status-publish","4":"has-post-thumbnail","6":"product_cat-kuechengeraete","8":"first","9":"outofstock","10":"taxable","11":"shipping-taxable","12":"purchasable","13":"product-type-simple"},"supplier_id":1308,"supplier_sku":"G10006B","barcode":null,"atum_controlled":false,"out_stock_date":null,"out_stock_threshold":null,"inheritable":false,"inbound_stock":null,"stock_on_hold":0,"sold_today":0,"sales_last_days":0,"reserved_stock":null,"customer_returns":null,"warehouse_damage":null,"lost_in_post":null,"other_logs":null,"out_stock_days":0,"lost_sales":0,"has_location":false,"update_date":"2025-07-03T10:45:10","atum_locations":[],"atum_stock_status":"outofstock","restock_status":false,"low_stock_amount":"","sales_update_date":"2024-09-24T09:52:59","calc_backorders":null,"_links":{"self":[{"href":"https:\/\/wordpress.famberg.de\/index.php\/wp-json\/wp\/v2\/product\/1540","targetHints":{"allow":["GET"]}}],"collection":[{"href":"https:\/\/wordpress.famberg.de\/index.php\/wp-json\/wp\/v2\/product"}],"about":[{"href":"https:\/\/wordpress.famberg.de\/index.php\/wp-json\/wp\/v2\/types\/product"}],"wp:featuredmedia":[{"embeddable":true,"href":"https:\/\/wordpress.famberg.de\/index.php\/wp-json\/wp\/v2\/media\/633"}],"wp:attachment":[{"href":"https:\/\/wordpress.famberg.de\/index.php\/wp-json\/wp\/v2\/media?parent=1540"}],"wp:term":[{"taxonomy":"product_brand","embeddable":true,"href":"https:\/\/wordpress.famberg.de\/index.php\/wp-json\/wp\/v2\/product_brand?post=1540"},{"taxonomy":"product_cat","embeddable":true,"href":"https:\/\/wordpress.famberg.de\/index.php\/wp-json\/wp\/v2\/product_cat?post=1540"},{"taxonomy":"product_tag","embeddable":true,"href":"https:\/\/wordpress.famberg.de\/index.php\/wp-json\/wp\/v2\/product_tag?post=1540"}],"curies":[{"name":"wp","href":"https:\/\/api.w.org\/{rel}","templated":true}]}}