{"id":1538,"date":"2024-02-24T11:29:27","date_gmt":"2024-02-24T10:29:27","guid":{"rendered":"https:\/\/wordpress.famberg.de\/index.php\/produkt\/getreidemuehle-magic-elektrisch\/"},"modified":"2026-01-30T12:01:03","modified_gmt":"2026-01-30T11:01:03","slug":"getreidemuehle-magic-elektrisch","status":"publish","type":"product","link":"https:\/\/wordpress.famberg.de\/index.php\/produkt\/getreidemuehle-magic-elektrisch\/","title":{"rendered":"Komo Getreidem\u00fchle Magic elektrisch"},"content":{"rendered":"<p><!-- [if gte mso 9]&gt;--><\/p><p><!-- [if gte mso 9]&gt;--><\/p><p><!-- [if gte mso 10]&gt;--><\/p><p><b><span style=\"font-size: 12.0pt;\">Volles Korn aus guten Grund<\/span><\/b><br \/><b><span style=\"font-size: 12.0pt;\">Getreide ist ein bedeutender Lieferant f\u00fcr gesunde Kohlenhydrate, wertvolles Eiwei\u00df und lebensnotwendige Inhaltsstoffe wie Vitamine, Eisen und Magnesium. <\/span><\/b><b><span style=\"font-size: 12.0pt;\">Frisches Getreide enth\u00e4lt viele Ballststoffe und bringt dadurch Ihren Darm wieder in Schwung.<\/span><\/b><b> <\/b><\/p><p>Magic &#8211; die moderne Designer-Getreidem\u00fchle von Komo<br \/><span style=\"font-size: 12.0pt;\">Diese Getreidem\u00fchle vereint im eleganten Design aus Edelstahl und Naturholz, einen edlen Auftritt mit dem soliden, leistungsstarken Innenleben der Getreidem\u00fchle Fidibus 21. <\/span><span style=\"font-size: 12.0pt;\">Im sch\u00f6nen Geh\u00e4use steckt ein 250 Watt starker Industriemotor. In einer Minute mahlt er z.B. 100 g Feinmehl aus frischen Weizen. Ob Gr\u00fcnkern, Gerste oder Dinkel, es passen 850 g in ihren Trichter. Genug f\u00fcr die Zubereitung von einem 2-Pfund-Vollkornbrot. Das macht die Magic geeignet fu\u00fcr die kleine Ku\u00fcche, den kleinen Haushalt und f\u00fcr alle, die es gl\u00e4nzend m\u00f6gen.<\/span><br \/><span style=\"font-size: 12.0pt;\"><b><br \/>Das Mahlwerk dieser Komo Getreidem\u00fchle ist austauschbar.<\/b> <\/span><br \/><span style=\"font-size: 12.0pt;\">Mit einem als Zubeh\u00f6r erh\u00e4ltlichen Wechselmahlwerk k\u00f6nnen Sie Ihre Komo-Getreidem\u00fchle auch als Kaffee- oder Gew\u00fcrzm\u00fchle nutzen. <\/span><span style=\"font-size: 12.0pt;\">Ben\u00f6tigen Sie eine Getreidem\u00fchle f\u00fcr Allergiker bzw. f\u00fcr Familienmitglieder die unter einer Glutenunvertr\u00e4glichkeit leiden? Einfach das Mahlwerk austauschen und schon k\u00f6nnen Sie z.B. glutenfreies Getreide mahlen, ohne die bef\u00fcrchtete Kontamination des Mahlgutes.\u00a0 <\/span><br \/><span style=\"font-size: 12.0pt;\"><b><u><br \/>Produktmerkmale:<\/u><\/b>\u00a0<\/span><\/p><ul type=\"disc\"><li class=\"MsoNormal\" style=\"line-height: normal;\"><span style=\"font-size: 12.0pt;\">Industriemotor: 250 W<\/span><\/li><li class=\"MsoNormal\" style=\"line-height: normal;\"><span style=\"font-size: 12.0pt;\">Mahlwerk: Korund\/Keramik<\/span><\/li><li class=\"MsoNormal\" style=\"line-height: normal;\"><span style=\"font-size: 12.0pt;\">Mahlleistung: 100 g\/min (Feineinstellung)<\/span><\/li><li class=\"MsoNormal\" style=\"line-height: normal;\"><span style=\"font-size: 12.0pt;\">Mahlgrad: stufenlos einstellbar<\/span><\/li><li class=\"MsoNormal\" style=\"line-height: normal;\"><span style=\"font-size: 12.0pt;\">Mahlgut: alle Getreidearten, au\u00dfer Mais<\/span><\/li><li class=\"MsoNormal\" style=\"line-height: normal;\"><span style=\"font-size: 12.0pt;\">Trichterf\u00fcllmenge: 850 g (bei Weizen)<\/span><\/li><li class=\"MsoNormal\" style=\"line-height: normal;\"><span style=\"font-size: 12.0pt;\">Unterstellh\u00f6he f\u00fcr Sch\u00fcssel: 145 mm<\/span><\/li><li class=\"MsoNormal\" style=\"line-height: normal;\"><span style=\"font-size: 12.0pt;\">Geh\u00e4use und Trichter Buche massiv, mit nat\u00fcrlichen Pflanzen\u00f6len behandelt und geb\u00fcrstetem Edelstahl<\/span><\/li><li class=\"MsoNormal\" style=\"line-height: normal;\"><span style=\"font-size: 12.0pt;\">Gewicht: 6,6 kg<\/span><\/li><li class=\"MsoNormal\" style=\"line-height: normal;\"><span style=\"font-size: 12.0pt;\">Ma\u00dfe (H x B xT): 345 x 165 x 170 mm<\/span><\/li><li class=\"MsoNormal\" style=\"line-height: normal;\"><span style=\"font-size: 12.0pt;\">Herstellergarantie: 12 Jahre\u00a0 &#8211; Diese Garantie umfasst alle Fertigungs- und Materialfehler, Besch\u00e4digungen an zerbrechlichen Teilen, z.B. am Geh\u00e4use oder am Auslauf durch den Benutzer nicht eingeschlossen.)<\/span><\/li><\/ul><p><b><u><span style=\"font-size: 12.0pt;\">Lieferumfang:<\/span><\/u><\/b><\/p><ul type=\"disc\"><li class=\"MsoNormal\" style=\"line-height: normal;\"><span style=\"font-size: 12.0pt;\">Elektrische Getreidem\u00fchle Magic mit Deckel und austauschbaren Mahlkammereinsatz.<\/span><\/li><\/ul><p><b><span style=\"font-size: 12.0pt;\">Als Zubeh\u00f6r in unserem Shop erh\u00e4ltlich: <\/span><\/b><span style=\"font-size: 12.0pt;\">Wechselmahlwerk (Mahlkammer und Mahlstein)<\/span><\/p>","protected":false},"excerpt":{"rendered":"<p>Volles Korn aus guten GrundGetreide ist ein bedeutender Lieferant f\u00fcr gesunde Kohlenhydrate, wertvolles Eiwei\u00df und lebensnotwendige Inhaltsstoffe wie Vitamine, Eisen und Magnesium. Frisches Getreide enth\u00e4lt viele Ballststoffe und bringt dadurch Ihren Darm wieder in Schwung. Magic &#8211; die moderne Designer-Getreidem\u00fchle von KomoDiese Getreidem\u00fchle vereint im eleganten Design aus Edelstahl und Naturholz, einen edlen Auftritt mit [&hellip;]<\/p>\n","protected":false},"featured_media":625,"template":"","meta":[],"product_brand":[],"product_cat":[107],"product_tag":[],"class_list":{"0":"post-1538","1":"product","2":"type-product","3":"status-publish","4":"has-post-thumbnail","6":"product_cat-eletrische-getreidemuehlen","7":"product_shipping_class-direkt-komo","8":"pa_besonderheit-buche-massiv-edelstahl-gebuerstet","9":"pa_farbe-edelstahl-gebuerstet","10":"pa_farbe-buche-massiv","12":"first","13":"outofstock","14":"taxable","15":"shipping-taxable","16":"purchasable","17":"product-type-simple"},"supplier_id":1530,"supplier_sku":"02005","barcode":null,"atum_controlled":true,"out_stock_date":"2026-01-30 12:01:03","out_stock_threshold":null,"inheritable":false,"inbound_stock":null,"stock_on_hold":0,"sold_today":0,"sales_last_days":1,"reserved_stock":null,"customer_returns":null,"warehouse_damage":null,"lost_in_post":null,"other_logs":null,"out_stock_days":0,"lost_sales":0,"has_location":false,"update_date":"2026-01-30T11:01:06","atum_locations":[],"atum_stock_status":"outofstock","restock_status":false,"low_stock_amount":"","sales_update_date":"2025-10-29T13:33:18","calc_backorders":null,"_links":{"self":[{"href":"https:\/\/wordpress.famberg.de\/index.php\/wp-json\/wp\/v2\/product\/1538","targetHints":{"allow":["GET"]}}],"collection":[{"href":"https:\/\/wordpress.famberg.de\/index.php\/wp-json\/wp\/v2\/product"}],"about":[{"href":"https:\/\/wordpress.famberg.de\/index.php\/wp-json\/wp\/v2\/types\/product"}],"wp:featuredmedia":[{"embeddable":true,"href":"https:\/\/wordpress.famberg.de\/index.php\/wp-json\/wp\/v2\/media\/625"}],"wp:attachment":[{"href":"https:\/\/wordpress.famberg.de\/index.php\/wp-json\/wp\/v2\/media?parent=1538"}],"wp:term":[{"taxonomy":"product_brand","embeddable":true,"href":"https:\/\/wordpress.famberg.de\/index.php\/wp-json\/wp\/v2\/product_brand?post=1538"},{"taxonomy":"product_cat","embeddable":true,"href":"https:\/\/wordpress.famberg.de\/index.php\/wp-json\/wp\/v2\/product_cat?post=1538"},{"taxonomy":"product_tag","embeddable":true,"href":"https:\/\/wordpress.famberg.de\/index.php\/wp-json\/wp\/v2\/product_tag?post=1538"}],"curies":[{"name":"wp","href":"https:\/\/api.w.org\/{rel}","templated":true}]}}