{"id":1537,"date":"2024-02-24T11:29:26","date_gmt":"2024-02-24T10:29:26","guid":{"rendered":"https:\/\/wordpress.famberg.de\/index.php\/produkt\/getreidemuehle-fidibus-xl-elektrisch\/"},"modified":"2025-06-09T21:40:13","modified_gmt":"2025-06-09T19:40:13","slug":"getreidemuehle-fidibus-xl-elektrisch","status":"publish","type":"product","link":"https:\/\/wordpress.famberg.de\/index.php\/produkt\/getreidemuehle-fidibus-xl-elektrisch\/","title":{"rendered":"Komo Getreidem\u00fchle Fidibus XL elektrisch"},"content":{"rendered":"<div><b><span style=\"font-size: 12.0pt;\">\u00a0<\/span><\/b><\/div><div><b><span style=\"font-size: 12.0pt;\">Volles Korn aus guten<br \/>Grund &#8211; Getreide ist ein bedeutender Lieferant f\u00fcr gesunde Kohlenhydrate, wertvolles Eiwei\u00df und lebensnotwendige Inhaltsstoffe wie Vitamine, Eisen und Magnesium. Frisches Getreide enth\u00e4lt viele Ballststoffe und bringt dadurch Ihren Darm wieder in Schwung.<\/span><\/b><b> <\/b><span style=\"color: #006600;\">FIDIBUS XL &#8211; die extra starke Getreidem\u00fchle von Komo<\/span><span style=\"font-size: 12.0pt;\"><span style=\"font-size: 12.0pt;\"><b>Wenn\u2019s um mehr geht<\/b>: Diese Getreidem\u00fchle ist der ein zuverl\u00e4ssiger Partner, wenn es um dauerhafte Auslastung und gro\u00dfe Belastung geht, bestens geeignet f\u00fcr Vollkornliebhaber in Gro\u00dffamilien. Mit einem 600-Watt-Industriemotor mahlt die FIDIBUS XL in einer Minute 200 g Getreide zu feinem Mehl und kommt so um einiges schneller zum Ziel als ihre kleineren &#8222;Geschwister&#8220;. Der Trichter fasst 1,2 kg Getreide. Im sch\u00f6nen Geh\u00e4use aus massiven heimischen Buchenholz mit klassischer Holzverzapfung stecken selbstsch\u00e4rfende Mahlsteine aus Korund-Keramik und der kr\u00e4ftige Motor.<\/span><\/span><span style=\"font-size: 12.0pt;\"><b>Das Mahlwerk dieser Komo Getreidem\u00fchle Fidibus XL ist austauschbar.<\/b><br \/><\/span><br \/><span style=\"font-size: 12.0pt;\">Mit einem als Zubeh\u00f6r erh\u00e4ltlichen Wechselmahlwerk k\u00f6nnen Sie Ihre Komo-Getreidem\u00fchle auch als Kaffee- oder Gew\u00fcrzm\u00fchle nutzen.\u00a0 <\/span><span style=\"font-size: 12.0pt;\">Ben\u00f6tigen Sie eine Getreidem\u00fchle f\u00fcr Allergiker bzw. f\u00fcr Familienmitglieder die unter einer Glutenunvertr\u00e4glichkeit leiden?\u00a0 Einfach das Mahlwerk austauschen und schon k\u00f6nnen Sie z.B. glutenfreies Getreide mahlen, ohne die bef\u00fcrchtete Kontamination des Mahlgutes.\u00a0 <\/span><\/div><div><p><b><u>Produktmerkmale:<\/u><\/b><\/p><ul type=\"disc\"><li class=\"MsoNormal\" style=\"line-height: normal;\"><span style=\"font-size: 12.0pt;\">Industriemotor: 600 W<\/span><\/li><li class=\"MsoNormal\" style=\"line-height: normal;\"><span style=\"font-size: 12.0pt;\">Mahlwerk: Korund\/Keramik<\/span><\/li><li class=\"MsoNormal\" style=\"line-height: normal;\"><span style=\"font-size: 12.0pt;\">Mahlleistung: 200 g\/min (Feineinstellung)<\/span><\/li><li class=\"MsoNormal\" style=\"line-height: normal;\"><span style=\"font-size: 12.0pt;\">Mahlgrad: stufenlos einstellbar<\/span><\/li><li class=\"MsoNormal\" style=\"line-height: normal;\"><span style=\"font-size: 12.0pt;\">Mahlgut: alle Getreidearten, <u>auch Mais<\/u><\/span><\/li><li class=\"MsoNormal\" style=\"line-height: normal;\"><span style=\"font-size: 12.0pt;\">Trichterf\u00fcllmenge: 1200 g (bei Weizen)<\/span><\/li><li class=\"MsoNormal\" style=\"line-height: normal;\"><span style=\"font-size: 12.0pt;\">Unterstellh\u00f6he f\u00fcr Sch\u00fcssel: 160 mm<\/span><\/li><li class=\"MsoNormal\" style=\"line-height: normal;\"><span style=\"font-size: 12.0pt;\">Geh\u00e4use und Trichter Buche massiv, mit traditioneller Holzverzapfung und nat\u00fcrlichen Pflanzen\u00f6len behandelt<\/span><\/li><li class=\"MsoNormal\" style=\"line-height: normal;\"><span style=\"font-size: 12.0pt;\">Gewicht: 9,0 kg<\/span><\/li><li class=\"MsoNormal\" style=\"line-height: normal;\"><span style=\"font-size: 12.0pt;\">Ma\u00dfe (H x B xT): 365 x 165 x 165 mm<\/span><\/li><\/ul><p class=\"MsoNormal\" style=\"margin-bottom: .0001pt; line-height: normal;\"><b><u><span style=\"font-size: 12.0pt;\">Lieferumfang:<\/span><\/u><\/b><\/p><ul type=\"disc\"><li class=\"MsoNormal\" style=\"line-height: normal;\"><span style=\"font-size: 12.0pt;\">Elektrische Getreidem\u00fchle<br \/>FIDIBUS XL mit Deckel und austauschbaren Mahlkammereinsatz.<\/span><\/li><\/ul><\/div>","protected":false},"excerpt":{"rendered":"<p>\u00a0Volles Korn aus gutenGrund &#8211; Getreide ist ein bedeutender Lieferant f\u00fcr gesunde Kohlenhydrate, wertvolles Eiwei\u00df und lebensnotwendige Inhaltsstoffe wie Vitamine, Eisen und Magnesium. Frisches Getreide enth\u00e4lt viele Ballststoffe und bringt dadurch Ihren Darm wieder in Schwung. FIDIBUS XL &#8211; die extra starke Getreidem\u00fchle von KomoWenn\u2019s um mehr geht: Diese Getreidem\u00fchle ist der ein zuverl\u00e4ssiger Partner, [&hellip;]<\/p>\n","protected":false},"featured_media":623,"template":"","meta":[],"product_brand":[],"product_cat":[107],"product_tag":[],"class_list":{"0":"post-1537","1":"product","2":"type-product","3":"status-publish","4":"has-post-thumbnail","6":"product_cat-eletrische-getreidemuehlen","7":"product_shipping_class-direkt-komo","8":"pa_besonderheiten-fuer-weichgetreide-hartgetreide-gewuerze-huelsenfruechte-kaffee","9":"pa_farbe-buche","10":"pa_produkart-getreidemuele","12":"first","13":"outofstock","14":"taxable","15":"shipping-taxable","16":"purchasable","17":"product-type-simple"},"supplier_id":1530,"supplier_sku":"02002","barcode":null,"atum_controlled":true,"out_stock_date":"2025-06-09 21:40:13","out_stock_threshold":null,"inheritable":false,"inbound_stock":0,"stock_on_hold":0,"sold_today":0,"sales_last_days":1,"reserved_stock":0,"customer_returns":0,"warehouse_damage":0,"lost_in_post":0,"other_logs":0,"out_stock_days":1,"lost_sales":69,"has_location":false,"update_date":"2025-06-11T19:18:50","atum_locations":[],"atum_stock_status":"outofstock","restock_status":false,"low_stock_amount":"","sales_update_date":"2025-06-11T19:18:50","calc_backorders":null,"_links":{"self":[{"href":"https:\/\/wordpress.famberg.de\/index.php\/wp-json\/wp\/v2\/product\/1537","targetHints":{"allow":["GET"]}}],"collection":[{"href":"https:\/\/wordpress.famberg.de\/index.php\/wp-json\/wp\/v2\/product"}],"about":[{"href":"https:\/\/wordpress.famberg.de\/index.php\/wp-json\/wp\/v2\/types\/product"}],"wp:featuredmedia":[{"embeddable":true,"href":"https:\/\/wordpress.famberg.de\/index.php\/wp-json\/wp\/v2\/media\/623"}],"wp:attachment":[{"href":"https:\/\/wordpress.famberg.de\/index.php\/wp-json\/wp\/v2\/media?parent=1537"}],"wp:term":[{"taxonomy":"product_brand","embeddable":true,"href":"https:\/\/wordpress.famberg.de\/index.php\/wp-json\/wp\/v2\/product_brand?post=1537"},{"taxonomy":"product_cat","embeddable":true,"href":"https:\/\/wordpress.famberg.de\/index.php\/wp-json\/wp\/v2\/product_cat?post=1537"},{"taxonomy":"product_tag","embeddable":true,"href":"https:\/\/wordpress.famberg.de\/index.php\/wp-json\/wp\/v2\/product_tag?post=1537"}],"curies":[{"name":"wp","href":"https:\/\/api.w.org\/{rel}","templated":true}]}}