{"id":1535,"date":"2024-02-24T11:29:23","date_gmt":"2024-02-24T10:29:23","guid":{"rendered":"https:\/\/wordpress.famberg.de\/index.php\/produkt\/getreidemuehle-fidibus-classic-elektrisch\/"},"modified":"2026-02-11T19:03:46","modified_gmt":"2026-02-11T18:03:46","slug":"getreidemuehle-fidibus-classic-elektrisch","status":"publish","type":"product","link":"https:\/\/wordpress.famberg.de\/index.php\/produkt\/getreidemuehle-fidibus-classic-elektrisch\/","title":{"rendered":"Komo Getreidem\u00fchle Fidibus Classic elektrisch"},"content":{"rendered":"<div style=\"width: 200px;\"><\/div><p>&nbsp;<\/p><div><p><span style=\"font-size: medium;\"><span style=\"color: red;\"><strong><span style=\"font-family: arial;\"><span style=\"color: #000000;\">Volles Korn aus guten Grund<\/span><\/span><span style=\"font-family: arial;\"><span style=\"color: #000000;\"> &#8211; Getreide ist ein bedeutender Lieferant f\u00fcr gesunde Kohlenhydrate, wertvolles Eiwei\u00df und lebensnotwendige Inhaltsstoffe wie Vitamine, Eisen und Magnesium. Frisches Getreide enth\u00e4lt viele Ballststoffe und bringt dadurch Ihren Darm wieder in Schwung.<\/span> <\/span><\/strong><\/span><\/span><b><\/b><\/p><p><span style=\"color: #006600;\">FIDIBUS Classic &#8211; der Getreidem\u00fchlenklassiker von Komo<\/span><br \/><span style=\"font-size: 12.0pt;\">Volle Kraft voraus: Der Klassiker aus dem Hause Komo mit revolution\u00e4rer Mahlwerkskonzeption, die f\u00fcr das reibungslose Zusammenspiel der Kr\u00e4fte und f\u00fcr angenehme Laufruhe sorgt. <\/span><span style=\"font-size: 12.0pt;\">Im sch\u00f6nen Geh\u00e4use aus massiven heimischen Buchenholz mit klassischer Holzverzapfung stecken selbstsch\u00e4rfende Mahlsteine aus Korund-Keramik und ein kr\u00e4ftiger 360-Watt-Industriemotor. Dieser verwandelt alle Getreidearten, auch Mais m\u00fchelos in einer Minute in 100 g Feinmehl. Der Trichter fasst ein ganzes Kilo an Gerste, Gr\u00fcnkern, Hirse, Reis, Roggen, Weizen oder Dinkel.\u00a0 <\/span><br \/><span style=\"font-size: 12.0pt;\"><b><br \/>Das Mahlwerk dieser Komo Getreidem\u00fchle Fidibus Classic ist austauschbar.<\/b> <\/span><br \/><span style=\"font-size: 12.0pt;\">Mit einem als Zubeh\u00f6r erh\u00e4ltlichen Wechselmahlwerk k\u00f6nnen Sie Ihre Komo-Getreidem\u00fchle auch als Kaffee- oder Gew\u00fcrzm\u00fchle nutzen. <\/span><span style=\"font-size: 12.0pt;\">Ben\u00f6tigen Sie eine Getreidem\u00fchle f\u00fcr Allergiker bzw. f\u00fcr Familienmitglieder die unter einer Glutenunvertr\u00e4glichkeit leiden?\u00a0 Einfach das Mahlwerk austauschen und schon k\u00f6nnen Sie z.B. glutenfreies Getreide mahlen, ohne die bef\u00fcrchtete Kontamination des Mahlgutes.\u00a0 <\/span><\/p><p><b><u>Produktmerkmale:<\/u><\/b><\/p><ul type=\"disc\"><li class=\"MsoNormal\" style=\"line-height: normal;\"><span style=\"font-size: 12.0pt;\">Industriemotor: 360 W<\/span><\/li><li class=\"MsoNormal\" style=\"line-height: normal;\"><span style=\"font-size: 12.0pt;\">Mahlwerk: Korund\/Keramik<\/span><\/li><li class=\"MsoNormal\" style=\"line-height: normal;\"><span style=\"font-size: 12.0pt;\">Mahlleistung: 100 g\/min<br \/>(Feineinstellung)<\/span><\/li><li class=\"MsoNormal\" style=\"line-height: normal;\"><span style=\"font-size: 12.0pt;\">Mahlgrad: stufenlos einstellbar<\/span><\/li><li class=\"MsoNormal\" style=\"line-height: normal;\"><span style=\"font-size: 12.0pt;\">Mahlgut: alle Getreidearten, <u>auch<br \/>Mais<\/u><\/span><\/li><li class=\"MsoNormal\" style=\"line-height: normal;\"><span style=\"font-size: 12.0pt;\">Trichterf\u00fcllmenge: 1000 g (bei<br \/>Weizen)<\/span><\/li><li class=\"MsoNormal\" style=\"line-height: normal;\"><span style=\"font-size: 12.0pt;\">Unterstellh\u00f6he f\u00fcr Sch\u00fcssel:<br \/>130 mm<\/span><\/li><li class=\"MsoNormal\" style=\"line-height: normal;\"><span style=\"font-size: 12.0pt;\">Geh\u00e4use und Trichter Buche<br \/>massiv, mit traditioneller Holzverzapfung und nat\u00fcrlichen Pflanzen\u00f6len<br \/>behandelt<\/span><\/li><li class=\"MsoNormal\" style=\"line-height: normal;\"><span style=\"font-size: 12.0pt;\">Gewicht: 8,0 kg<\/span><\/li><li class=\"MsoNormal\" style=\"line-height: normal;\"><span style=\"font-size: 12.0pt;\">Ma\u00dfe (H x B xT): 330 x 152 x<br \/>152 mm<\/span><\/li><li class=\"MsoNormal\" style=\"line-height: normal;\"><span style=\"font-size: 12.0pt;\">Herstellergarantie: 12<br \/>Jahre\u00a0 &#8211; Diese Garantie umfasst alle Fertigungs- und Materialfehler,<br \/>Besch\u00e4digungen an zerbrechlichen Teilen, z.B. am Geh\u00e4use oder am Auslauf<br \/>durch den Benutzer nicht eingeschlossen.)<\/span><\/li><\/ul><p class=\"MsoNormal\" style=\"margin-bottom: .0001pt; line-height: normal;\"><b><u><span style=\"font-size: 12.0pt;\">Lieferumfang:<\/span><\/u><\/b><\/p><ul type=\"disc\"><li class=\"MsoNormal\" style=\"line-height: normal;\"><span style=\"font-size: 12.0pt;\">Elektrische Getreidem\u00fchle<br \/>FIDIBUS Classic mit Deckel und austauschbaren Mahlkammereinsatz.<\/span><\/li><\/ul><p><b><u><span style=\"font-size: 12.0pt;\">Als Zubeh\u00f6r<br \/>in unserem Shop erh\u00e4ltlich:<\/span><\/u><\/b><span style=\"font-size: 12.0pt;\"> Wechselmahlwerk (Mahlkammer und Mahlstein).<\/span><\/p><\/div>","protected":false},"excerpt":{"rendered":"<p>&nbsp;Volles Korn aus guten Grund &#8211; Getreide ist ein bedeutender Lieferant f\u00fcr gesunde Kohlenhydrate, wertvolles Eiwei\u00df und lebensnotwendige Inhaltsstoffe wie Vitamine, Eisen und Magnesium. Frisches Getreide enth\u00e4lt viele Ballststoffe und bringt dadurch Ihren Darm wieder in Schwung. FIDIBUS Classic &#8211; der Getreidem\u00fchlenklassiker von KomoVolle Kraft voraus: Der Klassiker aus dem Hause Komo mit revolution\u00e4rer Mahlwerkskonzeption, [&hellip;]<\/p>\n","protected":false},"featured_media":618,"template":"","meta":[],"product_brand":[],"product_cat":[107],"product_tag":[],"class_list":{"0":"post-1535","1":"product","2":"type-product","3":"status-publish","4":"has-post-thumbnail","6":"product_cat-eletrische-getreidemuehlen","7":"product_shipping_class-direkt-komo","8":"pa_gehaeusefarbe-buchenholz","10":"first","11":"outofstock","12":"taxable","13":"shipping-taxable","14":"purchasable","15":"product-type-simple"},"supplier_id":1530,"supplier_sku":"0116","barcode":null,"atum_controlled":true,"out_stock_date":"2026-02-11 19:03:46","out_stock_threshold":null,"inheritable":false,"inbound_stock":1,"stock_on_hold":0,"sold_today":0,"sales_last_days":2,"reserved_stock":null,"customer_returns":null,"warehouse_damage":null,"lost_in_post":null,"other_logs":null,"out_stock_days":1,"lost_sales":124,"has_location":false,"update_date":"2026-02-14T11:51:05","atum_locations":[],"atum_stock_status":"outofstock","restock_status":false,"low_stock_amount":"","sales_update_date":null,"calc_backorders":null,"_links":{"self":[{"href":"https:\/\/wordpress.famberg.de\/index.php\/wp-json\/wp\/v2\/product\/1535","targetHints":{"allow":["GET"]}}],"collection":[{"href":"https:\/\/wordpress.famberg.de\/index.php\/wp-json\/wp\/v2\/product"}],"about":[{"href":"https:\/\/wordpress.famberg.de\/index.php\/wp-json\/wp\/v2\/types\/product"}],"wp:featuredmedia":[{"embeddable":true,"href":"https:\/\/wordpress.famberg.de\/index.php\/wp-json\/wp\/v2\/media\/618"}],"wp:attachment":[{"href":"https:\/\/wordpress.famberg.de\/index.php\/wp-json\/wp\/v2\/media?parent=1535"}],"wp:term":[{"taxonomy":"product_brand","embeddable":true,"href":"https:\/\/wordpress.famberg.de\/index.php\/wp-json\/wp\/v2\/product_brand?post=1535"},{"taxonomy":"product_cat","embeddable":true,"href":"https:\/\/wordpress.famberg.de\/index.php\/wp-json\/wp\/v2\/product_cat?post=1535"},{"taxonomy":"product_tag","embeddable":true,"href":"https:\/\/wordpress.famberg.de\/index.php\/wp-json\/wp\/v2\/product_tag?post=1535"}],"curies":[{"name":"wp","href":"https:\/\/api.w.org\/{rel}","templated":true}]}}