{"id":1534,"date":"2024-02-24T11:29:22","date_gmt":"2024-02-24T10:29:22","guid":{"rendered":"https:\/\/wordpress.famberg.de\/index.php\/produkt\/getreidemuehle-fidibus-21-elektrisch\/"},"modified":"2025-02-11T14:40:11","modified_gmt":"2025-02-11T13:40:11","slug":"getreidemuehle-fidibus-21-elektrisch","status":"publish","type":"product","link":"https:\/\/wordpress.famberg.de\/index.php\/produkt\/getreidemuehle-fidibus-21-elektrisch\/","title":{"rendered":"Komo Getreidem\u00fchle FIDIBUS 21, elektrisch"},"content":{"rendered":"<p><span style=\"color: #000000;\"><span style=\"font-size: medium;\">Volles Korn aus guten Grund<\/span><\/span><\/p><p>Getreide ist ein bedeutender Lieferant f\u00fcr gesunde Kohlenhydrate, wertvolles Eiwei\u00df und lebensnotwendige Inhaltsstoffe wie Vitamine, Eisen und Magnesium.<br \/>Frisches Getreide enth\u00e4lt viele Ballststoffe und bringt dadurch Ihren Darm wieder in Schwung.<br \/><span style=\"color: #006600;\"><br \/><\/span><span style=\"font-size: medium;\"><span style=\"color: #006600;\"><b><span style=\"font-family: arial;\"><strong>FIDIBUS 21 von Komo<\/strong><\/span><\/b><\/span><\/span><\/p><p>Klein, aber fein: Diese elektrische Getreidem\u00fchle aus dem Hause Komo nimmt es an Leistungsst\u00e4rke mit den ganz gro\u00dfen Getreidemu?hlen locker auf.<\/p><p>Im sch\u00f6nen Geh\u00e4use aus Buche Multiplex steckt ein 250 Watt starker Industriemotor. In einer Minute mahlt er z.B. 100 g Feinmehl aus frischen Weizen. Ob Gr\u00fcnkern, Gerste oder Dinkel, es passen 850 g in ihren Trichter. Genug f\u00fcr die Zubereitung von einem 2-Pfund-Vollkornbrot.<\/p><p>Das macht die FIDIBUS 21 geeignet f\u00fcr die kleine K\u00fcche, den kleinen Haushalt und f\u00fcr alle, die die Genusswelt der Vollwertk\u00fcche f\u00fcr sich erst noch entdecken wollen.<\/p><p><strong><br \/>Das Mahlwerk dieser Komo Getreidem\u00fchle FIDIBUS 21 ist austauschbar.<\/strong><br \/><span style=\"font-family: arial;\"><span style=\"font-family: arial;\"><span style=\"font-family: arial;\"><span style=\"font-family: arial;\"><span style=\"font-family: arial;\">Mit einem als Zubeh\u00f6r erh\u00e4ltlichen Wechselmahlwerk k\u00f6nnen Sie Ihre Komo-Getreidem\u00fchle auch als Kaffee- oder Gew\u00fcrzm\u00fchle nutzen.<\/span><\/span><\/span><\/span><\/span><\/p><p>Ben\u00f6tigen Sie eine Getreidem\u00fchle f\u00fcr Allergiker bzw. f\u00fcr Familienmitglieder die unter einer Glutenunvertr\u00e4glichkeit leiden?\u00a0 Einfach das Mahlwerk austauschen und schon k\u00f6nnen Sie z.B. glutenfreies Getreide mahlen, ohne die bef\u00fcrchtete Kontamination des Mahlgutes.<\/p><p><u><b>Produktmerkmale:<\/b><\/u><\/p><ul><li><span style=\"font-family: arial; font-size: medium;\">Industriemotor: 250 W<\/span><\/li><li><span style=\"font-family: arial; font-size: medium;\">Mahlwerk: Korund\/Keramik<br \/><\/span><\/li><li><span style=\"font-family: arial; font-size: medium;\">Mahlleistung: 100 g\/min (Feineinstellung)<\/span><\/li><li><span style=\"font-family: arial; font-size: medium;\">Mahlgrad: stufenlos einstellbar<\/span><\/li><li><span style=\"font-family: arial; font-size: medium;\">Mahlgut: alle Getreidearten, au\u00dfer Mais<br \/><\/span><\/li><li><span style=\"font-family: arial; font-size: medium;\">Trichterf\u00fcllmenge: 850 g (bei Weizen)<br \/><\/span><\/li><li><span style=\"font-family: arial; font-size: medium;\">Unterstellh\u00f6he f\u00fcr Sch\u00fcssel: 140 mm<\/span><\/li><li><span style=\"font-family: arial; font-size: medium;\">Geh\u00e4use aus Buche Multiplex, <\/span><span style=\"font-family: arial; font-size: medium;\"><span style=\"font-family: arial;\">und Trichter Buche <\/span>massiv <\/span><span style=\"font-family: arial; font-size: medium;\">mit nat\u00fcrlichen Pflanzen\u00f6len behandelt<\/span><\/li><li><span style=\"font-family: arial; font-size: medium;\">Gewicht: 6,2 kg<\/span><\/li><li><span style=\"font-family: arial; font-size: medium;\">Ma\u00dfe<\/span><span style=\"font-size: medium;\"> (H x B xT): 320 x 155 x 160 mm<\/span><span style=\"font-size: medium;\"><br \/><\/span><\/li><\/ul><p><span style=\"font-size: medium;\"><u><b>Lieferumfang:<\/b><\/u><br \/><\/span><\/p><ul><li><span style=\"font-size: medium;\">Elektrische Getreidem\u00fchle FIDIBUS 21 mit Deckel und austauschbaren Mahlkammereinsatz.<\/span><\/li><\/ul><div><p><u>Unser Tipp<\/u> f\u00fcr alle die es gl\u00e4nzend m\u00f6gen: Das solide und leistungsstarke Innenleben der Getreidem\u00fchle FIDIBUS 21 vereint im eleganten Design aus Edelstahl und Naturholz, finden Sie mit der Getreidem\u00fchle FIDIBUS Magic, auch in unserem Shop erh\u00e4ltlich.<\/p><p>&nbsp;<\/p><\/div><div><span style=\"font-family: arial; font-size: medium;\">\u00a0<\/span><\/div>","protected":false},"excerpt":{"rendered":"<p>Volles Korn aus guten GrundGetreide ist ein bedeutender Lieferant f\u00fcr gesunde Kohlenhydrate, wertvolles Eiwei\u00df und lebensnotwendige Inhaltsstoffe wie Vitamine, Eisen und Magnesium.Frisches Getreide enth\u00e4lt viele Ballststoffe und bringt dadurch Ihren Darm wieder in Schwung.FIDIBUS 21 von KomoKlein, aber fein: Diese elektrische Getreidem\u00fchle aus dem Hause Komo nimmt es an Leistungsst\u00e4rke mit den ganz gro\u00dfen Getreidemu?hlen [&hellip;]<\/p>\n","protected":false},"featured_media":615,"template":"","meta":[],"product_brand":[],"product_cat":[107],"product_tag":[],"class_list":{"0":"post-1534","1":"product","2":"type-product","3":"status-publish","4":"has-post-thumbnail","6":"product_cat-eletrische-getreidemuehlen","7":"product_shipping_class-direkt-komo","9":"first","10":"outofstock","11":"taxable","12":"shipping-taxable","13":"purchasable","14":"product-type-simple"},"supplier_id":1530,"supplier_sku":"02003","barcode":null,"atum_controlled":true,"out_stock_date":"2025-01-13 18:21:56","out_stock_threshold":null,"inheritable":false,"inbound_stock":0,"stock_on_hold":0,"sold_today":0,"sales_last_days":1,"reserved_stock":null,"customer_returns":null,"warehouse_damage":null,"lost_in_post":null,"other_logs":null,"out_stock_days":28,"lost_sales":40,"has_location":false,"update_date":"2025-02-11T13:40:12","atum_locations":[],"atum_stock_status":"outofstock","restock_status":false,"low_stock_amount":"","sales_update_date":"2025-01-14T20:46:07","calc_backorders":null,"_links":{"self":[{"href":"https:\/\/wordpress.famberg.de\/index.php\/wp-json\/wp\/v2\/product\/1534","targetHints":{"allow":["GET"]}}],"collection":[{"href":"https:\/\/wordpress.famberg.de\/index.php\/wp-json\/wp\/v2\/product"}],"about":[{"href":"https:\/\/wordpress.famberg.de\/index.php\/wp-json\/wp\/v2\/types\/product"}],"wp:featuredmedia":[{"embeddable":true,"href":"https:\/\/wordpress.famberg.de\/index.php\/wp-json\/wp\/v2\/media\/615"}],"wp:attachment":[{"href":"https:\/\/wordpress.famberg.de\/index.php\/wp-json\/wp\/v2\/media?parent=1534"}],"wp:term":[{"taxonomy":"product_brand","embeddable":true,"href":"https:\/\/wordpress.famberg.de\/index.php\/wp-json\/wp\/v2\/product_brand?post=1534"},{"taxonomy":"product_cat","embeddable":true,"href":"https:\/\/wordpress.famberg.de\/index.php\/wp-json\/wp\/v2\/product_cat?post=1534"},{"taxonomy":"product_tag","embeddable":true,"href":"https:\/\/wordpress.famberg.de\/index.php\/wp-json\/wp\/v2\/product_tag?post=1534"}],"curies":[{"name":"wp","href":"https:\/\/api.w.org\/{rel}","templated":true}]}}