{"id":1533,"date":"2024-02-24T11:29:20","date_gmt":"2024-02-24T10:29:20","guid":{"rendered":"https:\/\/wordpress.famberg.de\/index.php\/produkt\/getreideflocker-flocman-elektrische-getreidequetsche\/"},"modified":"2025-01-21T17:30:44","modified_gmt":"2025-01-21T16:30:44","slug":"getreideflocker-flocman-elektrische-getreidequetsche","status":"publish","type":"product","link":"https:\/\/wordpress.famberg.de\/index.php\/produkt\/getreideflocker-flocman-elektrische-getreidequetsche\/","title":{"rendered":"Komo Getreideflocker Flocman elektrische Getreidequetsche"},"content":{"rendered":"<p><!-- [if gte mso 9]&gt;--><\/p><p><!-- [if gte mso 9]&gt;--><\/p><p><!-- [if gte mso 10]&gt;--><\/p><p><b><span style=\"font-size: 12.0pt;\">Volles Korn aus guten Grund &#8211; Getreide ist ein bedeutender Lieferant f\u00fcr gesunde Kohlenhydrate, wertvolles Eiwei\u00df und lebensnotwendige Inhaltsstoffe wie Vitamine, Eisen und Magnesium. Frisches Getreide enth\u00e4lt viele Ballststoffe und bringt dadurch Ihren Darm wieder in Schwung.<\/span><\/b><b> <\/b><\/p><p>FlocMAN von Komo <span style=\"font-size: 12.0pt;\"><span style=\"color: black;\">Flocken kann nicht sch\u00f6ner sein! Ger\u00e4uscharm und pflegeleicht, ist diese elektrische Flockenquetsche<\/span><b> <\/b><span style=\"color: black;\">und<b> jetzt neu mit einem einstellbaren Flockwerk. <\/b><\/span><\/span><span style=\"font-size: 12.0pt;\">Hinter der Blende des FlocMAN, die sich einfach abnehmen l\u00e4sst, befindet sich die Grob-\/Feineinstellung f\u00fcr das Flockwerk.\u00a0 <\/span><span style=\"font-size: 12.0pt;\">Je nach Getreidesorte und nach Ihrem pers\u00f6nlichen Geschmack k\u00f6nnen Sie einstellen, ob der FlocMAN eher kernige oder sehr d\u00fcnne Flocken herstellen soll. Die Einstellung ist stufenlos m\u00f6glich. Hinter der Blende <\/span><span style=\"font-size: 12.0pt;\">Das Quetschwerk mit abgeschr\u00e4gten Edelstahlwalzen befindet sich in einem Geh\u00e4use aus massiver Buche. Zur Reinigung l\u00e4sst es sich mit einem Griff, ohne<br \/>zus\u00e4tzliches Werkzeug entnehmen. <\/span><br \/><span style=\"font-size: 12.0pt;\">Als Auffangschale f\u00fcr Ihre Flocken erhalten Sie zu Ihrer Flockenquetsche FlocMAN eine handget\u00f6pferte Keramikschale mit Terracotta &#8211; Glasur. Diese Keramiksch\u00fcssel ist sp\u00fclmaschinenfest.<\/span><br \/><span style=\"font-size: 12.0pt;\"><br \/><b><u>Produktmerkmale:<\/u><\/b>\u00a0<\/span><\/p><ul type=\"disc\"><li class=\"MsoNormal\" style=\"line-height: normal;\"><span style=\"font-size: 12.0pt;\">Gleichstrommotor 140 W<\/span><\/li><li class=\"MsoNormal\" style=\"line-height: normal;\"><span style=\"font-size: 12.0pt;\">Flockwerk: Walzen und Achsen aus nickelfreien Edelstahl<\/span><\/li><li class=\"MsoNormal\" style=\"line-height: normal;\"><span style=\"font-size: 12.0pt;\">Quetschleistung: 80- 100 g\/min<\/span><\/li><li class=\"MsoNormal\" style=\"line-height: normal;\"><span style=\"font-size: 12.0pt;\">Trichterf\u00fcllmenge: 600 g<\/span><\/li><li class=\"MsoNormal\" style=\"line-height: normal;\"><span style=\"font-size: 12.0pt;\">Unterstellh\u00f6he f\u00fcr Sch\u00fcssel: 120 mm<\/span><\/li><li class=\"MsoNormal\" style=\"line-height: normal;\"><span style=\"font-size: 12.0pt;\">Geh\u00e4use und Trichter aus Buche, massiv mit nat\u00fcrlichen Pflanzen\u00f6len behandelt<\/span><\/li><li class=\"MsoNormal\" style=\"line-height: normal;\"><span style=\"font-size: 12.0pt;\">Gewicht: 6,2 kg<\/span><\/li><li>Kabel\u00a0 ist 1 m lang<\/li><li class=\"MsoNormal\" style=\"line-height: normal;\"><span style=\"font-size: 12.0pt;\">Ma\u00dfe (H x B xT): 320 x 150 x 290 mm<\/span><\/li><\/ul><p><span style=\"font-size: 12.0pt;\">Lieferumfang:<br \/>Elektrische Flockenquetsche FlocMAN <strong>mit Deckel und Prozellanschale<\/strong>.<\/span><\/p><p>Komo gew\u00e4hrt eine 3 Jahre Hersteller Bring-In-Garantie auf alle Material- und Produktionsfehler. Durch die Herstellergarantie werden die gesetzlichen Rechte aus der Gew\u00e4hrleistung nicht eingeschr\u00e4nkt. Die Herstellergarantie wird von KoMo GmbH, Rupert-Mayer-Stra\u00dfe 44, 81379 M\u00fcnchen getragen und gilt wenn nicht anders angegeben in Deutschland. Alle n\u00e4heren Informationen liegen ausf\u00fchrlich Ihrem Ger\u00e4t bei.<\/p>","protected":false},"excerpt":{"rendered":"<p>Volles Korn aus guten Grund &#8211; Getreide ist ein bedeutender Lieferant f\u00fcr gesunde Kohlenhydrate, wertvolles Eiwei\u00df und lebensnotwendige Inhaltsstoffe wie Vitamine, Eisen und Magnesium. Frisches Getreide enth\u00e4lt viele Ballststoffe und bringt dadurch Ihren Darm wieder in Schwung. FlocMAN von Komo Flocken kann nicht sch\u00f6ner sein! Ger\u00e4uscharm und pflegeleicht, ist diese elektrische Flockenquetsche und jetzt neu [&hellip;]<\/p>\n","protected":false},"featured_media":147,"template":"","meta":[],"product_brand":[],"product_cat":[111],"product_tag":[],"class_list":{"0":"post-1533","1":"product","2":"type-product","3":"status-publish","4":"has-post-thumbnail","6":"product_cat-flocker","7":"product_shipping_class-direkt-komo","8":"pa_besonderheit-mit-porzellanschale","9":"pa_mahlgut-weichgetreide-oelsaaten-gewuerze","10":"pa_produkart-flocker","12":"first","13":"outofstock","14":"taxable","15":"shipping-taxable","16":"purchasable","17":"product-type-simple"},"supplier_id":1530,"supplier_sku":"01003","barcode":null,"atum_controlled":true,"out_stock_date":"2024-12-20 10:55:35","out_stock_threshold":null,"inheritable":false,"inbound_stock":0,"stock_on_hold":0,"sold_today":0,"sales_last_days":1,"reserved_stock":null,"customer_returns":null,"warehouse_damage":null,"lost_in_post":null,"other_logs":null,"out_stock_days":32,"lost_sales":0,"has_location":false,"update_date":"2025-01-21T16:30:46","atum_locations":[],"atum_stock_status":"outofstock","restock_status":false,"low_stock_amount":"","sales_update_date":"2024-12-18T22:33:59","calc_backorders":null,"_links":{"self":[{"href":"https:\/\/wordpress.famberg.de\/index.php\/wp-json\/wp\/v2\/product\/1533","targetHints":{"allow":["GET"]}}],"collection":[{"href":"https:\/\/wordpress.famberg.de\/index.php\/wp-json\/wp\/v2\/product"}],"about":[{"href":"https:\/\/wordpress.famberg.de\/index.php\/wp-json\/wp\/v2\/types\/product"}],"wp:featuredmedia":[{"embeddable":true,"href":"https:\/\/wordpress.famberg.de\/index.php\/wp-json\/wp\/v2\/media\/147"}],"wp:attachment":[{"href":"https:\/\/wordpress.famberg.de\/index.php\/wp-json\/wp\/v2\/media?parent=1533"}],"wp:term":[{"taxonomy":"product_brand","embeddable":true,"href":"https:\/\/wordpress.famberg.de\/index.php\/wp-json\/wp\/v2\/product_brand?post=1533"},{"taxonomy":"product_cat","embeddable":true,"href":"https:\/\/wordpress.famberg.de\/index.php\/wp-json\/wp\/v2\/product_cat?post=1533"},{"taxonomy":"product_tag","embeddable":true,"href":"https:\/\/wordpress.famberg.de\/index.php\/wp-json\/wp\/v2\/product_tag?post=1533"}],"curies":[{"name":"wp","href":"https:\/\/api.w.org\/{rel}","templated":true}]}}