{"id":1531,"date":"2024-02-24T11:29:18","date_gmt":"2024-02-24T10:29:18","guid":{"rendered":"https:\/\/wordpress.famberg.de\/index.php\/produkt\/getreideflocker-flocino-flockenquetsche\/"},"modified":"2025-11-03T18:53:25","modified_gmt":"2025-11-03T17:53:25","slug":"getreideflocker-flocino-flockenquetsche","status":"publish","type":"product","link":"https:\/\/wordpress.famberg.de\/index.php\/produkt\/getreideflocker-flocino-flockenquetsche\/","title":{"rendered":"Komo Getreideflocker Flocino Flockenquetsche"},"content":{"rendered":"<p><strong>FLOCINO &#8211; Flockenquetsche von Komo<\/strong><br \/><strong>Frische Fr\u00fchst\u00fccksflocken im Handumdrehen<\/strong>. Zum Kochen und Backen, f\u00fcrs M\u00fcsli und alles, was Verzierung braucht. Ob Weizen, Dinkel, Hafer, Gerste, Roggen oder Buchweizen &#8211; der Flocino quetscht mit seinen angeschr\u00e4gten Walzen und gro\u00dfer Leichtigkeit Getreideflocken f\u00fcr den t\u00e4glichen Bedarf. Die einfache und kinderleichte Bedienung erm\u00f6glicht Ihnen jeden Tag mit frischen Getreideflocken zu beginnen. Das volle Aroma, der wertvolle Gehalt an Vitaminen und Vitalstoffen und der kleine Preis werden Sie \u00fcberzeugen.<br \/>M\u00f6chten Sie Ihre Flocken grob oder fein? Je nach Bedarf k\u00f6nnen Sie mit der Einstellschraube vorn am Geh\u00e4use einfach Ihren gew\u00fcnschten Feinheitsgrad stufenlos einstellen. Auch \u00f6lhaltige Samen wie Sesam, Leinsamen und Mohn erledigt der Komo Flocino m\u00fchelos.<\/p><p>Das Tischmodell ist mit einem Trichter aus wei\u00dfem Kunststoff und einem Trichterdeckel aus massiver Buche ausgestattet. Durch das raffinierte Walzenwerk (angeschr\u00e4gte Walzen) hat der Flocino einen kurzen Kurbelradius und somit findet diese gro\u00dfartige Flockenquetsche auch in der kleinsten K\u00fcche Platz und ist auch f\u00fcr Kinderh\u00e4nde bestens geeignet.<br \/>Mit zwei gro\u00dfen Schraubzwingen befestigen Sie die Komo Flockenquetsche Flocino schnell und stabil an jedem Tisch, der Arbeitsplatte oder an der Fensterbank.<br \/>Der Trichterdeckel und die Schraubzwingen zur Befestigung sind im Lieferumfang enthalten.<\/p><p><strong>Produktmerkmale:<\/strong><\/p><ul><li>Quetschmenge: 80-100 g\/min<\/li><li>Trichterf\u00fcllmenge: 200 g<\/li><li>Flockgut: alle Getreidearten (au\u00dfer Mais), auch \u00d6lsaaten und Gew\u00fcrze<\/li><li>Walzen und Achsen aus Edelstahl<\/li><li>Kurbelradius: 170 mm<\/li><li>Unterstellh\u00f6he f\u00fcr Sch\u00fcssel: 87 mm<\/li><li>Schraubzwingen f\u00fcr bis zu 60 mm dicke Platten<\/li><li>St\u00e4nder und Trichterdeckel: Buche massiv, ge\u00f6lt<\/li><li>Geh\u00e4use und Trichter: f\u00fcr Lebensmittel zugelassener Kunststoff<\/li><li>Ma\u00dfe (H x B x T) in mm: 245 x 93 x 140<\/li><li>Gewicht: 1700 g<\/li><\/ul><p>Komo gew\u00e4hrt eine 3 Jahre Hersteller Bring-In-Garantie auf\u00a0alle Material- und Produktionsfehler. Durch die Herstellergarantie werden die gesetzlichen Rechte aus der Gew\u00e4hrleistung nicht eingeschr\u00e4nkt. Die Herstellergarantie wird von KoMo GmbH, Rupert-Mayer-Stra\u00dfe 44, 81379 M\u00fcnchen getragen und gilt wenn nicht anders angegeben in Deutschland. Alle n\u00e4heren Informationen liegen ausf\u00fchrlich Ihrem Ger\u00e4t bei.<\/p>","protected":false},"excerpt":{"rendered":"<p>FLOCINO &#8211; Flockenquetsche von KomoFrische Fr\u00fchst\u00fccksflocken im Handumdrehen. Zum Kochen und Backen, f\u00fcrs M\u00fcsli und alles, was Verzierung braucht. Ob Weizen, Dinkel, Hafer, Gerste, Roggen oder Buchweizen &#8211; der Flocino quetscht mit seinen angeschr\u00e4gten Walzen und gro\u00dfer Leichtigkeit Getreideflocken f\u00fcr den t\u00e4glichen Bedarf. Die einfache und kinderleichte Bedienung erm\u00f6glicht Ihnen jeden Tag mit frischen Getreideflocken [&hellip;]<\/p>\n","protected":false},"featured_media":610,"template":"","meta":[],"product_brand":[],"product_cat":[111],"product_tag":[],"class_list":{"0":"post-1531","1":"product","2":"type-product","3":"status-publish","4":"has-post-thumbnail","6":"product_cat-flocker","7":"product_shipping_class-paketversand","8":"pa_anzahl-der-bleche-416","9":"pa_anzahl-der-einschuebe-421","10":"pa_besonderheiten-verstellbar","11":"pa_besonderheiten-abnehmbar","12":"pa_besonderheiten-manuell","13":"pa_farbe-braun","14":"pa_mahlleistung-je-nach-einstellung-80-100-g-min","16":"first","17":"outofstock","18":"taxable","19":"shipping-taxable","20":"purchasable","21":"product-type-simple"},"supplier_id":1530,"supplier_sku":"01002","barcode":null,"atum_controlled":true,"out_stock_date":"2025-11-03 18:53:26","out_stock_threshold":null,"inheritable":false,"inbound_stock":6,"stock_on_hold":0,"sold_today":0,"sales_last_days":1,"reserved_stock":0,"customer_returns":0,"warehouse_damage":0,"lost_in_post":0,"other_logs":0,"out_stock_days":1,"lost_sales":20,"has_location":false,"update_date":"2025-11-05T17:05:40","atum_locations":[],"atum_stock_status":"outofstock","restock_status":false,"low_stock_amount":"","sales_update_date":"2025-11-05T17:05:40","calc_backorders":null,"_links":{"self":[{"href":"https:\/\/wordpress.famberg.de\/index.php\/wp-json\/wp\/v2\/product\/1531","targetHints":{"allow":["GET"]}}],"collection":[{"href":"https:\/\/wordpress.famberg.de\/index.php\/wp-json\/wp\/v2\/product"}],"about":[{"href":"https:\/\/wordpress.famberg.de\/index.php\/wp-json\/wp\/v2\/types\/product"}],"wp:featuredmedia":[{"embeddable":true,"href":"https:\/\/wordpress.famberg.de\/index.php\/wp-json\/wp\/v2\/media\/610"}],"wp:attachment":[{"href":"https:\/\/wordpress.famberg.de\/index.php\/wp-json\/wp\/v2\/media?parent=1531"}],"wp:term":[{"taxonomy":"product_brand","embeddable":true,"href":"https:\/\/wordpress.famberg.de\/index.php\/wp-json\/wp\/v2\/product_brand?post=1531"},{"taxonomy":"product_cat","embeddable":true,"href":"https:\/\/wordpress.famberg.de\/index.php\/wp-json\/wp\/v2\/product_cat?post=1531"},{"taxonomy":"product_tag","embeddable":true,"href":"https:\/\/wordpress.famberg.de\/index.php\/wp-json\/wp\/v2\/product_tag?post=1531"}],"curies":[{"name":"wp","href":"https:\/\/api.w.org\/{rel}","templated":true}]}}