{"id":1529,"date":"2024-02-24T11:29:17","date_gmt":"2024-02-24T10:29:17","guid":{"rendered":"https:\/\/wordpress.famberg.de\/index.php\/produkt\/mahlansatz-steinmahlwerk-fuer-kuechenmaschine-kitchen-aid\/"},"modified":"2025-11-24T11:37:55","modified_gmt":"2025-11-24T10:37:55","slug":"mahlansatz-steinmahlwerk-fuer-kuechenmaschine-kitchen-aid","status":"publish","type":"product","link":"https:\/\/wordpress.famberg.de\/index.php\/produkt\/mahlansatz-steinmahlwerk-fuer-kuechenmaschine-kitchen-aid\/","title":{"rendered":"Schnitzer Mahlansatz Steinmahlwerk f\u00fcr K\u00fcchenmaschine Kitchen Aid"},"content":{"rendered":"<p><!-- [if gte mso 9]&gt;--><\/p><p><!-- [if gte mso 9]&gt;--><\/p><p><!-- [if gte mso 10]&gt;--><\/p><p><b><span style=\"font-size: 12.0pt;\">Getreidem\u00fchlen- Vorsatz f\u00fcr K\u00fcchenmaschine KITCHEN- AID<\/span><\/b><br \/><span style=\"font-size: 12.0pt;\">Zerkleinert und mahlt von grob bis mehlfein s\u00e4mtliche Getreide, \u00d6lsaaten, Kr\u00e4uter und Gew\u00fcrze<\/span><br \/><span style=\"font-size: 12.0pt;\"><br \/>Die Mahlans\u00e4tze von Schnitzer sind handgefertigte Pr\u00e4zisionsger\u00e4te, die seit \u00fcber 40 Jahren in Qualit\u00e4t und Langlebigkeit optimiert werden. Sie werden in mehrstufige Verfahren handgegossen und bei gleichbleibender Temperatur schonend getrocknet. So erhalten sie Ihre H\u00e4rte und es werden Mahlwerksrisse vermieden. F\u00fcr die Umdrehungsgeschwindigkeiten von K\u00fcchenmaschinen ist der Einsatz eines Mahlwerks aus Naxos-Basalt optimal geeignet.<\/span><br \/><span style=\"font-size: 12.0pt;\"><br \/>Dieses Schnitzer Steinmahlwerk als super Erg\u00e4nzung f\u00fcr Ihre K\u00fcchenmaschine Kitchen-Aid. Mit diesem Aufsatz haben sie mit wenigen Handgriffen Ihre K\u00fcchenmaschine in eine Getreidem\u00fchle umgewandelt. Aufstecken und los gehts! Sie mahlen alle Getreidesorten, sie haben immer frisches Mehl oder Schrot zum Backen, f\u00fcrs M\u00fcsli oder Frischkornbrei. Von kuchenfein bis m\u00fcsligrob k\u00f6nnen Sie die Einstellung stufenlos regeln, auch w\u00e4hrend des Mahlvorgangs. <\/span><br \/><span style=\"font-size: 12.0pt;\"><b><br \/>Produktmerkmale<\/b><\/span><\/p><ul type=\"disc\"><li class=\"MsoNormal\" style=\"line-height: normal;\"><span style=\"font-size: 12.0pt;\">Mahlleistung fein:\u00a0\u00a0\u00a0 45 g \/ min<\/span><\/li><li class=\"MsoNormal\" style=\"line-height: normal;\"><span style=\"font-size: 12.0pt;\">Mahlleistung grob:\u00a0 90 g \/min<\/span><\/li><li class=\"MsoNormal\" style=\"line-height: normal;\"><span style=\"font-size: 12.0pt;\">Mahlgut: alle Getreidearten, au\u00dfer Mais &#8211; nicht geeignet f\u00fcr Mohn<\/span><\/li><li class=\"MsoNormal\" style=\"line-height: normal;\"><span style=\"font-size: 12.0pt;\">Mahlsteine: Naxosbasalt<\/span><\/li><li class=\"MsoNormal\" style=\"line-height: normal;\"><span style=\"font-size: 12.0pt;\">Mahlwerk: stufenlos einstellbar<\/span><\/li><li class=\"MsoNormal\" style=\"line-height: normal;\"><span style=\"font-size: 12.0pt;\">Trichterf\u00fcllmenge: \u00a0 600 g\u00a0 <\/span><\/li><li class=\"MsoNormal\" style=\"line-height: normal;\"><span style=\"font-size: 12.0pt;\">Geh\u00e4usematerial: Kunststoff, wei\u00df<\/span><\/li><li class=\"MsoNormal\" style=\"line-height: normal;\"><span style=\"font-size: 12.0pt;\">Ma\u00dfe H x B x L:\u00a0\u00a0\u00a0\u00a0\u00a0\u00a0 210 x 120 x 201 mm<\/span><\/li><li class=\"MsoNormal\" style=\"line-height: normal;\"><span style=\"font-size: 12.0pt;\">Gewicht: 1,7 kg<\/span><\/li><li class=\"MsoNormal\" style=\"line-height: normal;\"><span style=\"font-size: 12.0pt;\">passend f\u00fcr die Kitchen- Aid Modelle K45, KPM50, N50CE<\/span><\/li><\/ul>","protected":false},"excerpt":{"rendered":"<p>Getreidem\u00fchlen- Vorsatz f\u00fcr K\u00fcchenmaschine KITCHEN- AIDZerkleinert und mahlt von grob bis mehlfein s\u00e4mtliche Getreide, \u00d6lsaaten, Kr\u00e4uter und Gew\u00fcrzeDie Mahlans\u00e4tze von Schnitzer sind handgefertigte Pr\u00e4zisionsger\u00e4te, die seit \u00fcber 40 Jahren in Qualit\u00e4t und Langlebigkeit optimiert werden. Sie werden in mehrstufige Verfahren handgegossen und bei gleichbleibender Temperatur schonend getrocknet. So erhalten sie Ihre H\u00e4rte und es werden [&hellip;]<\/p>\n","protected":false},"featured_media":606,"template":"","meta":[],"product_brand":[],"product_cat":[183],"product_tag":[],"class_list":{"0":"post-1529","1":"product","2":"type-product","3":"status-publish","4":"has-post-thumbnail","6":"product_cat-mahlansaetze","7":"product_shipping_class-direkt-schnitzer","8":"pa_besonderheiten-fuer-kitchen-aid-modelle-k45-kpm50-n50ce","9":"pa_mahlgut-alle-getreidearten-auchmais","10":"pa_produkart-mahlansatz-fuer-kuechenmaschine","12":"first","13":"outofstock","14":"taxable","15":"shipping-taxable","16":"purchasable","17":"product-type-simple"},"supplier_id":1491,"supplier_sku":"14400","barcode":null,"atum_controlled":true,"out_stock_date":"2025-11-24 11:37:55","out_stock_threshold":null,"inheritable":false,"inbound_stock":0,"stock_on_hold":0,"sold_today":0,"sales_last_days":1,"reserved_stock":null,"customer_returns":null,"warehouse_damage":null,"lost_in_post":null,"other_logs":null,"out_stock_days":0,"lost_sales":0,"has_location":false,"update_date":"2025-11-24T11:48:38","atum_locations":[],"atum_stock_status":"outofstock","restock_status":false,"low_stock_amount":"","sales_update_date":"2025-11-24T11:48:38","calc_backorders":null,"_links":{"self":[{"href":"https:\/\/wordpress.famberg.de\/index.php\/wp-json\/wp\/v2\/product\/1529","targetHints":{"allow":["GET"]}}],"collection":[{"href":"https:\/\/wordpress.famberg.de\/index.php\/wp-json\/wp\/v2\/product"}],"about":[{"href":"https:\/\/wordpress.famberg.de\/index.php\/wp-json\/wp\/v2\/types\/product"}],"wp:featuredmedia":[{"embeddable":true,"href":"https:\/\/wordpress.famberg.de\/index.php\/wp-json\/wp\/v2\/media\/606"}],"wp:attachment":[{"href":"https:\/\/wordpress.famberg.de\/index.php\/wp-json\/wp\/v2\/media?parent=1529"}],"wp:term":[{"taxonomy":"product_brand","embeddable":true,"href":"https:\/\/wordpress.famberg.de\/index.php\/wp-json\/wp\/v2\/product_brand?post=1529"},{"taxonomy":"product_cat","embeddable":true,"href":"https:\/\/wordpress.famberg.de\/index.php\/wp-json\/wp\/v2\/product_cat?post=1529"},{"taxonomy":"product_tag","embeddable":true,"href":"https:\/\/wordpress.famberg.de\/index.php\/wp-json\/wp\/v2\/product_tag?post=1529"}],"curies":[{"name":"wp","href":"https:\/\/api.w.org\/{rel}","templated":true}]}}