{"id":1528,"date":"2024-02-24T11:29:15","date_gmt":"2024-02-24T10:29:15","guid":{"rendered":"https:\/\/wordpress.famberg.de\/index.php\/produkt\/mahlansatz-fuer-jupiter-kuechenmaschinen-typ-861-und-862\/"},"modified":"2026-03-26T13:46:41","modified_gmt":"2026-03-26T12:46:41","slug":"mahlansatz-fuer-jupiter-kuechenmaschinen-typ-861-und-862","status":"publish","type":"product","link":"https:\/\/wordpress.famberg.de\/index.php\/produkt\/mahlansatz-fuer-jupiter-kuechenmaschinen-typ-861-und-862\/","title":{"rendered":"Schnitzer Mahlansatz f\u00fcr Jupiter-K\u00fcchenmaschinen Typ 861 und 862"},"content":{"rendered":"<p><span style=\"color: #006600; font-size: medium;\"><b>Getreidem\u00fchlen- Vorsatz f\u00fcr Jupiter-K\u00fcchenmaschinen Typ 861 und 862<br \/>Mahlaufsatz f\u00fcr Jupiter-K\u00fcchenmaschine passt auch f\u00fcr die <span style=\"color: #993300;\">baugleichen<\/span> Motorbl\u00f6cke Stiebel- Eltron und Zyliss.<br \/><\/b><\/span><\/p><p><span style=\"font-size: medium;\">Die Mahlans\u00e4tze von Schnitzer sind handgefertigte Pr\u00e4zisionsger\u00e4te, die seit \u00fcber 40 Jahren in Qualit\u00e4t und Langlebigkeit optimiert werden. Sie werden in mehrstufige Verfahren handgegossen und bei gleichbleibender Temperatur schonend getrocknet. So erhalten sie Ihre H\u00e4rte und es werden Mahlwerksrisse vermieden. F\u00fcr die Umdrehungsgeschwindigkeiten von K\u00fcchenmaschinen ist der Einsatz eines Mahlwerks aus Naxos-Basalt optimal geeignet.<br \/><\/span><br \/><span style=\"font-size: medium;\">Dieses Schnitzer Steinmahlwerk als super Erg\u00e4nzung <\/span><span style=\"font-size: medium;\"><span style=\"font-size: medium;\">f\u00fcr Ihre Jupiter K\u00fcchenmaschine<\/span> Typ 861 und 862<\/span><span style=\"font-size: medium;\">. Aufstecken und los gehts! Sie mahlen alle Getreidesorten, f\u00fcr Mais ist dieses Mahlwerk aber leider nicht geeignet!<\/span> <span style=\"font-size: medium;\">Sie haben immer frisches Mehl oder Schrot zum Backen, f\u00fcrs M\u00fcsli oder Frischkornbrei. Von kuchenfein bis m\u00fcsligrob k\u00f6nnen Sie die Einstellung stufenlos regeln, auch w\u00e4hrend des<br \/>Mahlvorgangs.<\/span><\/p><p><b>Produktmerkmale<\/b><\/p><ul><li><span style=\"font-size: medium;\">Mahlleistung fein: 45 g \/ min<\/span><\/li><li><span style=\"font-size: medium;\">Mahlleistung grob: 80 g \/ min<\/span><\/li><li><span style=\"font-size: medium;\">Mahlgut: alle Getreidearten, au\u00dfer Mais<br \/><\/span><\/li><li><span style=\"font-size: medium;\">Mahlsteine: Naxos-Basalt &#8211; Steinmahlwerk<br \/><\/span><\/li><li><span style=\"font-size: medium;\">Mahlwerk: stufenlos einstellbar<\/span><\/li><li><span style=\"font-size: medium;\">Trichterf\u00fcllmenge: 600 g<br \/><\/span><\/li><li><span style=\"font-size: medium;\">Geh\u00e4usematerial: Kunststoff, wei\u00df<br \/><\/span><\/li><li><span style=\"font-size: medium;\">Ma\u00dfe H x B x L: 210 x 120 x 180 mm<\/span><\/li><li><span style=\"font-size: medium;\">Gewicht: 1,1 kg<\/span><\/li><\/ul><p><span style=\"font-size: medium;\"><b>Mahlaufsatz f\u00fcr Jupiter-K\u00fcchenmaschine Typ 861 und 862, passt auch f\u00fcr die baugleichen Motorbl\u00f6cke Stiebel- Eltron und Zyliss.<\/b><\/span><\/p>","protected":false},"excerpt":{"rendered":"<p>Getreidem\u00fchlen- Vorsatz f\u00fcr Jupiter-K\u00fcchenmaschinen Typ 861 und 862Mahlaufsatz f\u00fcr Jupiter-K\u00fcchenmaschine passt auch f\u00fcr die baugleichen Motorbl\u00f6cke Stiebel- Eltron und Zyliss.Die Mahlans\u00e4tze von Schnitzer sind handgefertigte Pr\u00e4zisionsger\u00e4te, die seit \u00fcber 40 Jahren in Qualit\u00e4t und Langlebigkeit optimiert werden. Sie werden in mehrstufige Verfahren handgegossen und bei gleichbleibender Temperatur schonend getrocknet. So erhalten sie Ihre H\u00e4rte und [&hellip;]<\/p>\n","protected":false},"featured_media":602,"template":"","meta":[],"product_brand":[],"product_cat":[183],"product_tag":[],"class_list":{"0":"post-1528","1":"product","2":"type-product","3":"status-publish","4":"has-post-thumbnail","6":"product_cat-mahlansaetze","7":"product_shipping_class-paketversand","8":"pa_besonderheiten-auch-fuer-baugleiche-zyliss-stiebel-eltron","9":"pa_gehaeusefarbe-weiss","10":"pa_mahlgut-alle-getreidearten-ausser-mais","11":"pa_produkart-mahlansatz-fuer-kuechenmaschine","13":"first","14":"instock","15":"taxable","16":"shipping-taxable","17":"purchasable","18":"product-type-simple"},"supplier_id":1491,"supplier_sku":"A13020","barcode":null,"atum_controlled":true,"out_stock_date":null,"out_stock_threshold":null,"inheritable":false,"inbound_stock":0,"stock_on_hold":0,"sold_today":0,"sales_last_days":1,"reserved_stock":0,"customer_returns":0,"warehouse_damage":0,"lost_in_post":0,"other_logs":0,"out_stock_days":0,"lost_sales":0,"has_location":false,"update_date":"2026-03-27T08:01:58","atum_locations":[],"atum_stock_status":"instock","restock_status":false,"low_stock_amount":"","sales_update_date":"2026-03-27T08:01:58","calc_backorders":null,"_links":{"self":[{"href":"https:\/\/wordpress.famberg.de\/index.php\/wp-json\/wp\/v2\/product\/1528","targetHints":{"allow":["GET"]}}],"collection":[{"href":"https:\/\/wordpress.famberg.de\/index.php\/wp-json\/wp\/v2\/product"}],"about":[{"href":"https:\/\/wordpress.famberg.de\/index.php\/wp-json\/wp\/v2\/types\/product"}],"wp:featuredmedia":[{"embeddable":true,"href":"https:\/\/wordpress.famberg.de\/index.php\/wp-json\/wp\/v2\/media\/602"}],"wp:attachment":[{"href":"https:\/\/wordpress.famberg.de\/index.php\/wp-json\/wp\/v2\/media?parent=1528"}],"wp:term":[{"taxonomy":"product_brand","embeddable":true,"href":"https:\/\/wordpress.famberg.de\/index.php\/wp-json\/wp\/v2\/product_brand?post=1528"},{"taxonomy":"product_cat","embeddable":true,"href":"https:\/\/wordpress.famberg.de\/index.php\/wp-json\/wp\/v2\/product_cat?post=1528"},{"taxonomy":"product_tag","embeddable":true,"href":"https:\/\/wordpress.famberg.de\/index.php\/wp-json\/wp\/v2\/product_tag?post=1528"}],"curies":[{"name":"wp","href":"https:\/\/api.w.org\/{rel}","templated":true}]}}