{"id":1527,"date":"2024-02-24T11:29:14","date_gmt":"2024-02-24T10:29:14","guid":{"rendered":"https:\/\/wordpress.famberg.de\/index.php\/produkt\/mahlansatz-chef-und-major-fuer-kenwood-kuechenmaschine\/"},"modified":"2026-04-04T11:38:47","modified_gmt":"2026-04-04T09:38:47","slug":"mahlansatz-chef-und-major-fuer-kenwood-kuechenmaschine__trashed","status":"publish","type":"product","link":"https:\/\/wordpress.famberg.de\/index.php\/produkt\/mahlansatz-chef-und-major-fuer-kenwood-kuechenmaschine__trashed\/","title":{"rendered":"Schnitzer Mahlansatz SM 900 f\u00fcr Kenwood K\u00fcchenmaschine Schlitz oder Twist"},"content":{"rendered":"<div>Schnitzer<\/div><div><span style=\"font-size: medium;\"><b><span style=\"color: #006600;\">Getreidem\u00fchlen- Vorsatz f\u00fcr Kenwood-K\u00fcchenmaschinen <\/span><\/b><\/span><\/div><div><span style=\"font-size: medium;\">Die kleine Ausf\u00fchrung f\u00fcr Kenwood K\u00fcchenmaschinen.\u00a0 <\/span><span style=\"font-size: medium;\">Der Mahlansatz mit <b>Schlitz-Anschluss<\/b> passt an alle Kenwood K\u00fcchenmaschinen der Reihe Major und Chef die vor September 2016 gebaut wurden. <\/span><span style=\"font-size: medium;\">Nach September 2016 gebaute Kenwood K\u00fcchenmaschinen haben einen <b>Twist-Anschluss<\/b>.\u00a0<\/span><span style=\"font-size: medium;\">Siehe auch Fotos.<br \/><\/span><\/div><div><span style=\"font-size: medium;\">\u00a0<\/span><\/div><div><span style=\"font-size: medium;\"><span style=\"font-size: medium;\"><b>F\u00fcr folgende passen die Anschl\u00fcsse nicht:<\/b><\/span><\/span><\/div><div><span style=\"font-size: medium;\"><span style=\"font-size: medium;\">Nicht passend auf Titanium KVC7320S, XL Elite KVL6320S, XL Titanium KVL8320S Elite, Elite KVC5320S<\/span><\/span><\/div><p><span style=\"font-size: medium;\"><br \/>Die Mahlans\u00e4tze von Schnitzer sind handgefertigte Pr\u00e4zisionsger\u00e4te, die seit \u00fcber 40 Jahren in Qualit\u00e4t und Langlebigkeit optimiert werden. Sie werden in mehrstufige Verfahren handgegossen und bei gleichbleibender Temperatur schonend getrocknet. So erhalten sie Ihre H\u00e4rte und es werden Mahlwerksrisse vermieden. F\u00fcr die Umdrehungsgeschwindigkeiten von K\u00fcchenmaschinen ist der Einsatz eines Mahlwerks aus Naxos-Basalt optimal<br \/>geeignet.<\/span><\/p><p>Diese kleine Ausf\u00fchrung des Schnitzer Steinmahlwerk ist eine super Erg\u00e4nzung f\u00fcr Ihre Kenwood K\u00fcchenmaschine der Serien Chef und Major. Aufstecken und los gehts! Sie mahlen alle Getreidesorten, au\u00dfer Mais! <span style=\"font-size: medium;\">Sie haben immer frisches Mehl oder Schrot zum Backen, f\u00fcrs M\u00fcsli oder Frischkornbrei. Von kuchenfein bis m\u00fcsligrob k\u00f6nnen Sie die Einstellung stufenlos regeln, auch w\u00e4hrend des Mahlvorgangs.<\/span><\/p><p><b>Produktmerkmale<\/b><\/p><ul><li><span style=\"font-size: medium;\">Mahlleistung fein: 40 g \/ min<\/span><\/li><li><span style=\"font-size: medium;\">Mahlleistung grob: 70 g \/ min<\/span><\/li><li><span style=\"font-size: medium;\">Mahlgut: alle Getreidearten, nicht f\u00fcr Mais geeignet<\/span><\/li><li><span style=\"font-size: medium;\">Mahlsteine: Naxosbasalt<\/span><\/li><li><span style=\"font-size: medium;\">Mahlansatz SM900<br \/><\/span><\/li><li><span style=\"font-size: medium;\">Mahlwerk: stufenlos einstellbar<\/span><\/li><li><span style=\"font-size: medium;\">Trichterf\u00fcllmenge: 600 g<br \/><\/span><\/li><li><span style=\"font-size: medium;\">Geh\u00e4usematerial: Kunststoff, wei\u00df<br \/><\/span><\/li><li><span style=\"font-size: medium;\">Ma\u00dfe H x B x L: 210 x 120 x 168 mm<\/span><\/li><li><span style=\"font-size: medium;\">Gewicht: 1,2 kg<\/span><\/li><\/ul><div><span style=\"font-size: medium;\">Dieser Getreidem\u00fchlen- Vorsatz ist auch in &#8222;gro\u00dfer Ausf\u00fchrung&#8220;\u00a0<\/span><span style=\"font-size: medium;\">in unserem Shop erh\u00e4ltlich.<\/span><\/div><div><span style=\"font-size: medium;\">\u00a0<\/span><\/div><div><p>Firma Schnitzer gew\u00e4hrt auf dieses Produkt 5 Jahre Herstellergarantie bei privater Nutzung bei Einsendung der Rechnung. Die Rechnung muss vom Kunden oder der Kundin im Garantiefall mitgeschickt werden. Die Garantie setzt einen sachgem\u00e4\u00dfen Gebrauch des Ger\u00e4tes voraus und gilt f\u00fcr M\u00e4ngel, die auf Materialfehler oder mangelhafte Ausf\u00fchrung zur\u00fcckzuf\u00fchren sind.<\/p><p>Durch die Herstellergarantie werden die gesetzlichen Rechte aus der Gew\u00e4hrleistung nicht eingeschr\u00e4nkt. Die Herstellergarantie wird getragen von der Fa. Schnitzer GmbH &amp; Co.KG, Marlener Strasse 9, 77656 Offenburg und gilt in Deutschland. Im Garantiefall wenden Sie sich bitte direkt an Schnitzer unter Tel. +49 (0)781\/125570 oder nat\u00fcrlich gerne auch an uns.<\/p><\/div>","protected":false},"excerpt":{"rendered":"<p>SchnitzerGetreidem\u00fchlen- Vorsatz f\u00fcr Kenwood-K\u00fcchenmaschinen Die kleine Ausf\u00fchrung f\u00fcr Kenwood K\u00fcchenmaschinen.\u00a0 Der Mahlansatz mit Schlitz-Anschluss passt an alle Kenwood K\u00fcchenmaschinen der Reihe Major und Chef die vor September 2016 gebaut wurden. Nach September 2016 gebaute Kenwood K\u00fcchenmaschinen haben einen Twist-Anschluss.\u00a0Siehe auch Fotos.\u00a0F\u00fcr folgende passen die Anschl\u00fcsse nicht:Nicht passend auf Titanium KVC7320S, XL Elite KVL6320S, XL Titanium [&hellip;]<\/p>\n","protected":false},"featured_media":598,"template":"","meta":[],"product_brand":[],"product_cat":[183],"product_tag":[],"class_list":{"0":"post-1527","1":"product","2":"type-product","3":"status-publish","4":"has-post-thumbnail","6":"product_cat-mahlansaetze","7":"product_shipping_class-paketversand","8":"pa_farbe-weiss","9":"pa_mahlleistung-40-70-g-min","11":"first","12":"instock","13":"taxable","14":"shipping-taxable","15":"purchasable","16":"product-type-variable"},"supplier_id":1491,"supplier_sku":"13320","barcode":null,"atum_controlled":true,"out_stock_date":null,"out_stock_threshold":null,"inheritable":true,"inbound_stock":0,"stock_on_hold":0,"sold_today":0,"sales_last_days":7,"reserved_stock":null,"customer_returns":null,"warehouse_damage":null,"lost_in_post":null,"other_logs":null,"out_stock_days":0,"lost_sales":0,"has_location":false,"update_date":"2026-04-04T09:38:49","atum_locations":[],"atum_stock_status":"instock","restock_status":false,"low_stock_amount":"","sales_update_date":"2024-10-04T07:46:25","calc_backorders":null,"_links":{"self":[{"href":"https:\/\/wordpress.famberg.de\/index.php\/wp-json\/wp\/v2\/product\/1527","targetHints":{"allow":["GET"]}}],"collection":[{"href":"https:\/\/wordpress.famberg.de\/index.php\/wp-json\/wp\/v2\/product"}],"about":[{"href":"https:\/\/wordpress.famberg.de\/index.php\/wp-json\/wp\/v2\/types\/product"}],"wp:featuredmedia":[{"embeddable":true,"href":"https:\/\/wordpress.famberg.de\/index.php\/wp-json\/wp\/v2\/media\/598"}],"wp:attachment":[{"href":"https:\/\/wordpress.famberg.de\/index.php\/wp-json\/wp\/v2\/media?parent=1527"}],"wp:term":[{"taxonomy":"product_brand","embeddable":true,"href":"https:\/\/wordpress.famberg.de\/index.php\/wp-json\/wp\/v2\/product_brand?post=1527"},{"taxonomy":"product_cat","embeddable":true,"href":"https:\/\/wordpress.famberg.de\/index.php\/wp-json\/wp\/v2\/product_cat?post=1527"},{"taxonomy":"product_tag","embeddable":true,"href":"https:\/\/wordpress.famberg.de\/index.php\/wp-json\/wp\/v2\/product_tag?post=1527"}],"curies":[{"name":"wp","href":"https:\/\/api.w.org\/{rel}","templated":true}]}}