{"id":1524,"date":"2024-02-24T11:29:10","date_gmt":"2024-02-24T10:29:10","guid":{"rendered":"https:\/\/wordpress.famberg.de\/index.php\/produkt\/mahlansatz-fuer-bosch-kuechenmaschinen-um4-und-mum4\/"},"modified":"2026-02-04T19:36:35","modified_gmt":"2026-02-04T18:36:35","slug":"mahlansatz-fuer-bosch-kuechenmaschinen-um4-und-mum4","status":"publish","type":"product","link":"https:\/\/wordpress.famberg.de\/index.php\/produkt\/mahlansatz-fuer-bosch-kuechenmaschinen-um4-und-mum4\/","title":{"rendered":"Schnitzer Mahlansatz f\u00fcr Bosch K\u00fcchenmaschinen UM4 und MUM4"},"content":{"rendered":"<p><span style=\"font-size: medium;\"><b>Getreidem\u00fchlen Vorsatz f\u00fcr Bosch K\u00fcchenmaschine<br \/><\/b>UM4 und MUM4<\/span><\/p><p>Die Mahlans\u00e4tze von Schnitzer sind handgefertigte Pr\u00e4zisionsger\u00e4te, die seit \u00fcber 40 Jahren in Qualit\u00e4t und Langlebigkeit optimiert werden. Sie werden in mehrstufige Verfahren handgegossen und bei gleichbleibender Temperatur schonend getrocknet. So erhalten sie Ihre H\u00e4rte und es werden Mahlwerksrisse vermieden. F\u00fcr die Umdrehungsgeschwindigkeiten von K\u00fcchenmaschinen ist der Einsatz eines Mahlwerks aus Naxos-Basalt optimal geeignet.<\/p><p><b>Produktmerkmale<\/b><\/p><ul><li><span style=\"font-size: medium;\">Mahlleistung fein:\u00a0\u00a0\u00a0 50 g \/ min<\/span><\/li><li><span style=\"font-size: medium;\">Mahlleistung grob:\u00a0 90 g \/ min<\/span><\/li><li><span style=\"font-size: medium;\">Mahlgut:\u00a0\u00a0\u00a0\u00a0\u00a0\u00a0\u00a0\u00a0\u00a0\u00a0\u00a0\u00a0\u00a0\u00a0\u00a0\u00a0\u00a0\u00a0 alle Getreidearten, auch f\u00fcr Mais geeignet<\/span><\/li><li><span style=\"font-size: medium;\">Mahlsteine:\u00a0\u00a0\u00a0\u00a0\u00a0\u00a0\u00a0\u00a0\u00a0\u00a0\u00a0\u00a0\u00a0 Naxosbasalt<\/span><\/li><li><span style=\"font-size: medium;\">Mahlwerk: \u00a0 \u00a0 \u00a0 \u00a0 \u00a0 \u00a0 \u00a0\u00a0 stufenlos einstellbar<\/span><\/li><li><span style=\"font-size: medium;\">Trichterf\u00fcllmenge: \u00a0 600 g\u00a0\u00a0<\/span><\/li><li>Ma\u00dfe L\u00e4nge x Breite x H\u00f6he in mm: 195 x 116 x 350<\/li><li><span style=\"font-size: medium;\">Gewicht:\u00a0\u00a0\u00a0\u00a0\u00a0\u00a0\u00a0\u00a0\u00a0\u00a0\u00a0\u00a0\u00a0\u00a0\u00a0\u00a0\u00a0\u00a0 1,7 kg<\/span><\/li><\/ul>","protected":false},"excerpt":{"rendered":"<p>Getreidem\u00fchlen Vorsatz f\u00fcr Bosch K\u00fcchenmaschineUM4 und MUM4Die Mahlans\u00e4tze von Schnitzer sind handgefertigte Pr\u00e4zisionsger\u00e4te, die seit \u00fcber 40 Jahren in Qualit\u00e4t und Langlebigkeit optimiert werden. Sie werden in mehrstufige Verfahren handgegossen und bei gleichbleibender Temperatur schonend getrocknet. So erhalten sie Ihre H\u00e4rte und es werden Mahlwerksrisse vermieden. F\u00fcr die Umdrehungsgeschwindigkeiten von K\u00fcchenmaschinen ist der Einsatz eines [&hellip;]<\/p>\n","protected":false},"featured_media":4622,"template":"","meta":[],"product_brand":[],"product_cat":[183],"product_tag":[],"class_list":{"0":"post-1524","1":"product","2":"type-product","3":"status-publish","4":"has-post-thumbnail","6":"product_cat-mahlansaetze","7":"product_shipping_class-direkt-schnitzer","8":"pa_farbe-weiss","9":"pa_produkart-mahlansatz-fuer-kuechenmaschine","11":"first","12":"outofstock","13":"taxable","14":"shipping-taxable","15":"purchasable","16":"product-type-simple"},"supplier_id":1491,"supplier_sku":"14010","barcode":null,"atum_controlled":true,"out_stock_date":"2026-02-04 19:36:35","out_stock_threshold":null,"inheritable":false,"inbound_stock":0,"stock_on_hold":0,"sold_today":0,"sales_last_days":1,"reserved_stock":null,"customer_returns":null,"warehouse_damage":null,"lost_in_post":null,"other_logs":null,"out_stock_days":0,"lost_sales":0,"has_location":false,"update_date":"2026-02-04T19:04:23","atum_locations":[],"atum_stock_status":"outofstock","restock_status":false,"low_stock_amount":"","sales_update_date":"2026-02-04T19:04:23","calc_backorders":null,"_links":{"self":[{"href":"https:\/\/wordpress.famberg.de\/index.php\/wp-json\/wp\/v2\/product\/1524","targetHints":{"allow":["GET"]}}],"collection":[{"href":"https:\/\/wordpress.famberg.de\/index.php\/wp-json\/wp\/v2\/product"}],"about":[{"href":"https:\/\/wordpress.famberg.de\/index.php\/wp-json\/wp\/v2\/types\/product"}],"wp:featuredmedia":[{"embeddable":true,"href":"https:\/\/wordpress.famberg.de\/index.php\/wp-json\/wp\/v2\/media\/4622"}],"wp:attachment":[{"href":"https:\/\/wordpress.famberg.de\/index.php\/wp-json\/wp\/v2\/media?parent=1524"}],"wp:term":[{"taxonomy":"product_brand","embeddable":true,"href":"https:\/\/wordpress.famberg.de\/index.php\/wp-json\/wp\/v2\/product_brand?post=1524"},{"taxonomy":"product_cat","embeddable":true,"href":"https:\/\/wordpress.famberg.de\/index.php\/wp-json\/wp\/v2\/product_cat?post=1524"},{"taxonomy":"product_tag","embeddable":true,"href":"https:\/\/wordpress.famberg.de\/index.php\/wp-json\/wp\/v2\/product_tag?post=1524"}],"curies":[{"name":"wp","href":"https:\/\/api.w.org\/{rel}","templated":true}]}}