{"id":1522,"date":"2024-02-24T11:29:07","date_gmt":"2024-02-24T10:29:07","guid":{"rendered":"https:\/\/wordpress.famberg.de\/index.php\/produkt\/mahlansatz-fuer-bosch-kuechenmaschinen-muz-7\/"},"modified":"2025-02-18T17:15:44","modified_gmt":"2025-02-18T16:15:44","slug":"mahlansatz-fuer-bosch-kuechenmaschinen-muz-7","status":"publish","type":"product","link":"https:\/\/wordpress.famberg.de\/index.php\/produkt\/mahlansatz-fuer-bosch-kuechenmaschinen-muz-7\/","title":{"rendered":"Schnitzer Mahlansatz f\u00fcr Bosch K\u00fcchenmaschinen MUZ7 GM2"},"content":{"rendered":"<p><span style=\"font-size: medium;\"><b>Getreidem\u00fchlen Vorsatz f\u00fcr Bosch K\u00fcchenmaschine<br \/><\/b>MUZ 7 Serie.<\/span><\/p><p>Die Mahlans\u00e4tze von Schnitzer sind handgefertigte Pr\u00e4zisionsger\u00e4te, die seit \u00fcber 40 Jahren in Qualit\u00e4t und Langlebigkeit optimiert werden. Sie werden in mehrstufige Verfahren handgegossen und bei gleichbleibender Temperatur schonend getrocknet. So erhalten sie Ihre H\u00e4rte und es werden Mahlwerksrisse vermieden. F\u00fcr die Umdrehungsgeschwindigkeiten von K\u00fcchenmaschinen ist der Einsatz eines Mahlwerks aus Naxos-Basalt optimal geeignet.<\/p><p><b>Produktmerkmale<\/b><\/p><ul><li><span style=\"font-size: medium;\">Mahlleistung fein:\u00a0\u00a0\u00a0 50 g \/ min<\/span><\/li><li><span style=\"font-size: medium;\">Mahlleistung grob:\u00a0 90 g \/ min<\/span><\/li><li><span style=\"font-size: medium;\">Mahlgut:\u00a0\u00a0\u00a0\u00a0\u00a0\u00a0\u00a0\u00a0\u00a0\u00a0\u00a0\u00a0\u00a0\u00a0\u00a0\u00a0\u00a0\u00a0 alle Getreidearten, auch f\u00fcr Mais geeignet<\/span><\/li><li><span style=\"font-size: medium;\">Mahlsteine:\u00a0\u00a0\u00a0\u00a0\u00a0\u00a0\u00a0\u00a0\u00a0\u00a0\u00a0\u00a0\u00a0 Naxosbasalt<\/span><\/li><li><span style=\"font-size: medium;\">Mahlwerk: \u00a0 \u00a0 \u00a0 \u00a0 \u00a0 \u00a0 \u00a0\u00a0 stufenlos einstellbar<\/span><\/li><li><span style=\"font-size: medium;\">Trichterf\u00fcllmenge: \u00a0 600 g\u00a0\u00a0<\/span><\/li><li>Ma\u00dfe \u00d8 x H\u00f6he mm: MUZ 7280 x 250<\/li><li><span style=\"font-size: medium;\">Gewicht:\u00a0\u00a0\u00a0\u00a0\u00a0\u00a0\u00a0\u00a0\u00a0\u00a0\u00a0\u00a0\u00a0\u00a0\u00a0\u00a0\u00a0\u00a0 1,7 kg<\/span><\/li><\/ul><p>Naxos-Basalt Einstellung: stufenlos verstellbar.<br \/>Besonderheiten auch f\u00fcr Mais geeignet<\/p>","protected":false},"excerpt":{"rendered":"<p>Getreidem\u00fchlen Vorsatz f\u00fcr Bosch K\u00fcchenmaschineMUZ 7 Serie.Die Mahlans\u00e4tze von Schnitzer sind handgefertigte Pr\u00e4zisionsger\u00e4te, die seit \u00fcber 40 Jahren in Qualit\u00e4t und Langlebigkeit optimiert werden. Sie werden in mehrstufige Verfahren handgegossen und bei gleichbleibender Temperatur schonend getrocknet. So erhalten sie Ihre H\u00e4rte und es werden Mahlwerksrisse vermieden. F\u00fcr die Umdrehungsgeschwindigkeiten von K\u00fcchenmaschinen ist der Einsatz eines [&hellip;]<\/p>\n","protected":false},"featured_media":585,"template":"","meta":[],"product_brand":[],"product_cat":[183],"product_tag":[],"class_list":{"0":"post-1522","1":"product","2":"type-product","3":"status-publish","4":"has-post-thumbnail","6":"product_cat-mahlansaetze","7":"product_shipping_class-direkt-schnitzer","8":"pa_besonderheit-auch-fuer-mais-geeignet","9":"pa_durchmesser-280-cm","10":"pa_farbe-weiss","11":"pa_produkart-mahlansatz-fuer-kuechenmaschine","13":"first","14":"instock","15":"taxable","16":"shipping-taxable","17":"purchasable","18":"product-type-simple"},"supplier_id":1491,"supplier_sku":"15070","barcode":null,"atum_controlled":true,"out_stock_date":null,"out_stock_threshold":null,"inheritable":false,"inbound_stock":null,"stock_on_hold":0,"sold_today":0,"sales_last_days":0,"reserved_stock":null,"customer_returns":null,"warehouse_damage":null,"lost_in_post":null,"other_logs":null,"out_stock_days":0,"lost_sales":0,"has_location":false,"update_date":"2025-08-31T04:29:56","atum_locations":[],"atum_stock_status":"instock","restock_status":false,"low_stock_amount":"","sales_update_date":"2025-08-31T04:29:56","calc_backorders":null,"_links":{"self":[{"href":"https:\/\/wordpress.famberg.de\/index.php\/wp-json\/wp\/v2\/product\/1522","targetHints":{"allow":["GET"]}}],"collection":[{"href":"https:\/\/wordpress.famberg.de\/index.php\/wp-json\/wp\/v2\/product"}],"about":[{"href":"https:\/\/wordpress.famberg.de\/index.php\/wp-json\/wp\/v2\/types\/product"}],"wp:featuredmedia":[{"embeddable":true,"href":"https:\/\/wordpress.famberg.de\/index.php\/wp-json\/wp\/v2\/media\/585"}],"wp:attachment":[{"href":"https:\/\/wordpress.famberg.de\/index.php\/wp-json\/wp\/v2\/media?parent=1522"}],"wp:term":[{"taxonomy":"product_brand","embeddable":true,"href":"https:\/\/wordpress.famberg.de\/index.php\/wp-json\/wp\/v2\/product_brand?post=1522"},{"taxonomy":"product_cat","embeddable":true,"href":"https:\/\/wordpress.famberg.de\/index.php\/wp-json\/wp\/v2\/product_cat?post=1522"},{"taxonomy":"product_tag","embeddable":true,"href":"https:\/\/wordpress.famberg.de\/index.php\/wp-json\/wp\/v2\/product_tag?post=1522"}],"curies":[{"name":"wp","href":"https:\/\/api.w.org\/{rel}","templated":true}]}}