{"id":1517,"date":"2024-02-24T11:28:59","date_gmt":"2024-02-24T10:28:59","guid":{"rendered":"https:\/\/wordpress.famberg.de\/index.php\/produkt\/handgetreidemuehle-ligno-petit-getreidemuehle-mit-handbetrieb\/"},"modified":"2025-12-16T10:54:31","modified_gmt":"2025-12-16T09:54:31","slug":"handgetreidemuehle-ligno-petit-getreidemuehle-mit-handbetrieb","status":"publish","type":"product","link":"https:\/\/wordpress.famberg.de\/index.php\/produkt\/handgetreidemuehle-ligno-petit-getreidemuehle-mit-handbetrieb\/","title":{"rendered":"Schnitzer Handgetreidem\u00fchle LIGNO PETIT Getreidem\u00fchle mit Handbetrieb"},"content":{"rendered":"<p><span style=\"font-family: arial; font-size: medium;\"><b><span style=\"color: #006600;\">Handgetreidem\u00fchle<\/span><\/b> Jeden Tag frisch mahlen und schroten &#8211; auch auf Reisen<\/span><\/p><p>Beginnen Sie jeden Tag mit einem gesunden Fr\u00fchst\u00fcck mit h\u00f6chstem Vitalstoffgehalt und stellen sich abwechslungsreich ihr M\u00fcsli selbst zusammen. Kombinieren Sie dazu frisches Getreide aus verschiedenen Getreidesorten, \u00d6lsaaten, Trockenfr\u00fcchte, N\u00fcsse und viel frisches Obst. Nicht nur gesundheitlich, sondern im Geschmack \u00fcbertreffen frisch geschrotetes Getreide die Varianten &#8222;fertig aus dem Verkaufsregal&#8220;.<\/p><p>Die Handgetreidem\u00fchle LIGNO PETIT aus Buchenvollholz ist die Kleinste im Schnitzer-M\u00fchlensortiment. Sie ist ideal f\u00fcr das Mahlen von kleinen Getreidemengen, z.B. f\u00fcr das t\u00e4gliche Fr\u00fchst\u00fccksm\u00fcsli f\u00fcr eine Person und eignet sich\u00a0besonders als Einsteigermodell. Durch Ihre handliche Gr\u00f6\u00dfe ist sie der perfekte Reisebegleiter, damit Sie auch unterwegs Ihr gewohnt frisch gemahlenes M\u00fcsli genie\u00dfen k\u00f6nnen. Der Trichter fasst etwa eine Portion M\u00fcsli in einem Durchgang.<\/p><p><span style=\"font-family: arial; font-size: medium;\">Verwendungsalternative: Die perfekte Gew\u00fcrzm\u00fchle f\u00fcr frischgemahlenen Pfeffer, Koriander,Thymian, Chili&#8230;<br \/><b><br \/><\/b><b>Produktmerkmale<\/b><br \/><\/span><\/p><ul><li><span style=\"font-size: medium;\">Mahlgut: alle Getreidearten, au\u00dfer Mais<br \/><\/span><\/li><li><span style=\"font-size: medium;\">Mahlleistung (bei ca. 80 Umdrehungen\/Min):\u00a0<\/span><\/li><li><span style=\"font-size: medium;\">30 g\/ bei Einstellung grob<br \/><\/span><\/li><li><span style=\"font-size: medium;\">10 g\/ bei Einstellung fein<br \/><\/span><\/li><li><span style=\"font-size: medium;\">Mahlwerk: Mahlsteine aus Naxosbasalt<br \/><\/span><\/li><li><span style=\"font-size: medium;\">Verstellbarkeit: bei leerer M\u00fchle, per Verstellschraube<br \/><\/span><\/li><li><span style=\"font-size: medium;\">Trichterf\u00fcllmenge: 60 g<br \/><\/span><\/li><li><span style=\"font-size: medium;\">Ma\u00dfe H 290 mm \/ Durchmesser 60 mm (ohne Kurbel)<br \/><\/span><\/li><li><span style=\"font-size: medium;\">Gewicht: 0,3 kg<br \/><\/span><\/li><li><span style=\"font-size: medium;\">Geh\u00e4usematerial: Buche, massiv<br \/><\/span><\/li><li><span style=\"font-size: medium;\">Oberfl\u00e4chenbehandlung: Lein\u00f6l<\/span><\/li><\/ul>","protected":false},"excerpt":{"rendered":"<p>Handgetreidem\u00fchle Jeden Tag frisch mahlen und schroten &#8211; auch auf ReisenBeginnen Sie jeden Tag mit einem gesunden Fr\u00fchst\u00fcck mit h\u00f6chstem Vitalstoffgehalt und stellen sich abwechslungsreich ihr M\u00fcsli selbst zusammen. Kombinieren Sie dazu frisches Getreide aus verschiedenen Getreidesorten, \u00d6lsaaten, Trockenfr\u00fcchte, N\u00fcsse und viel frisches Obst. Nicht nur gesundheitlich, sondern im Geschmack \u00fcbertreffen frisch geschrotetes Getreide die [&hellip;]<\/p>\n","protected":false},"featured_media":578,"template":"","meta":[],"product_brand":[],"product_cat":[182],"product_tag":[],"class_list":{"0":"post-1517","1":"product","2":"type-product","3":"status-publish","4":"has-post-thumbnail","6":"product_cat-handmuehlen","7":"product_shipping_class-paketversand","8":"pa_mahlleistung-je-nach-einstellung-10-30-g-min","10":"first","11":"instock","12":"taxable","13":"shipping-taxable","14":"purchasable","15":"product-type-simple"},"supplier_id":1491,"supplier_sku":"11000","barcode":null,"atum_controlled":true,"out_stock_date":null,"out_stock_threshold":null,"inheritable":false,"inbound_stock":0,"stock_on_hold":0,"sold_today":0,"sales_last_days":1,"reserved_stock":null,"customer_returns":null,"warehouse_damage":null,"lost_in_post":null,"other_logs":null,"out_stock_days":0,"lost_sales":0,"has_location":false,"update_date":"2025-12-17T02:19:17","atum_locations":[],"atum_stock_status":"instock","restock_status":false,"low_stock_amount":"","sales_update_date":"2025-12-17T02:19:17","calc_backorders":null,"_links":{"self":[{"href":"https:\/\/wordpress.famberg.de\/index.php\/wp-json\/wp\/v2\/product\/1517","targetHints":{"allow":["GET"]}}],"collection":[{"href":"https:\/\/wordpress.famberg.de\/index.php\/wp-json\/wp\/v2\/product"}],"about":[{"href":"https:\/\/wordpress.famberg.de\/index.php\/wp-json\/wp\/v2\/types\/product"}],"wp:featuredmedia":[{"embeddable":true,"href":"https:\/\/wordpress.famberg.de\/index.php\/wp-json\/wp\/v2\/media\/578"}],"wp:attachment":[{"href":"https:\/\/wordpress.famberg.de\/index.php\/wp-json\/wp\/v2\/media?parent=1517"}],"wp:term":[{"taxonomy":"product_brand","embeddable":true,"href":"https:\/\/wordpress.famberg.de\/index.php\/wp-json\/wp\/v2\/product_brand?post=1517"},{"taxonomy":"product_cat","embeddable":true,"href":"https:\/\/wordpress.famberg.de\/index.php\/wp-json\/wp\/v2\/product_cat?post=1517"},{"taxonomy":"product_tag","embeddable":true,"href":"https:\/\/wordpress.famberg.de\/index.php\/wp-json\/wp\/v2\/product_tag?post=1517"}],"curies":[{"name":"wp","href":"https:\/\/api.w.org\/{rel}","templated":true}]}}