{"id":1498,"date":"2024-02-24T11:28:26","date_gmt":"2024-02-24T10:28:26","guid":{"rendered":"https:\/\/wordpress.famberg.de\/index.php\/produkt\/getreidemuehle-cerealo-200-natur\/"},"modified":"2026-01-30T19:03:31","modified_gmt":"2026-01-30T18:03:31","slug":"getreidemuehle-cerealo-200-natur","status":"publish","type":"product","link":"https:\/\/wordpress.famberg.de\/index.php\/produkt\/getreidemuehle-cerealo-200-natur\/","title":{"rendered":"Schnitzer Getreidem\u00fchle CEREALO 200 natur auch f\u00fcr Mais geeignet"},"content":{"rendered":"<p><span style=\"font-family: Verdana; font-size: medium;\">\u00a0<\/span><span style=\"font-family: Verdana; font-size: medium;\"><span style=\"color: #009900;\"><b>Getreidem\u00fchle CEREALO 200<\/b><\/span>\u00a0 &#8222;Die Starke mit dem Dreh&#8220;<\/span><\/p><p><span style=\"font-family: verdana; font-size: medium;\">Mit der Cerealo-Serie hat Schnitzer eine Getreidem\u00fchlenserie geschaffen, bei der Mahlkammer und Steine mit wenigen Handgriffen getauscht werden k\u00f6nnen. Die Cerealo 200 ist die st\u00e4rkste M\u00fchle aus der Cerealo-Reihe. Durch ihren starken 600 Watt-Motor mahlt sie m\u00fchelos 200 g Getreide pro Minute feinstes Mehl. Sie ist dadurch insbesondere f\u00fcr den ambitionierten Vollwerthaushalt geeignet. Am Trichter kann der Mahlgrad der Maschine individuell eingestellt werden. Der Trichter fasst hierbei 1400 g Getreide. Die Mahlkammer besteht aus lebensmittelechtem, sowie BPA-freiem Kunststoff. Das Geh\u00e4use der Schnitzer Cerealo 200 ist aus Buche Multiplex gefertigt, die Mahlsteine aus Korund sind in Keramik eingefasst.<br \/><\/span><\/p><p><span style=\"font-family: verdana; font-size: medium;\">Mit der Getreidem\u00fchle Schnitzer Cerealo 200 k\u00f6nnen Sie alles mahlen. <\/span><span style=\"font-family: verdana; font-size: medium;\">Der starke Industriemotor und die sehr gro\u00dfe Trichterf\u00fcllmenge lassen keine W\u00fcnsche offen! Mais, Reis und Kichererbsen, sowie alle g\u00e4ngigen Getreidesorten verwandelt der starke Motor k\u00fcrzester Zeit zu Schrot oder Mehl. Die Mahlwerke bestehen aus hochwertigen Korund-Keramik-Mahlsteinen und einer neuen abwaschbaren Silikon-Mahlkammer.<\/span><\/p><p><span style=\"font-family: verdana; font-size: medium;\">Jede Cerealo-Getreidem\u00fchle ist handkalibriert. Der Feinheitsgrad der Mahlleistung ist durch Drehen des Trichters stufenlos von fein bis grob einstellbar.<\/span><\/p><p><span style=\"font-size: medium;\"><br \/><span style=\"font-family: Verdana;\">Dieses Modell ist in Buche natur oder mit anthrazitfarbener Trichter erh\u00e4ltlich.<\/span><\/span><\/p><p><span style=\"font-size: medium;\">\u00a0<\/span><\/p><p><span style=\"font-family: Verdana; font-size: medium;\"><b>Produktmerkmale<\/b><\/span><\/p><ul><li><span style=\"font-family: Verdana; font-size: medium;\">Leistung des Industriemotors: 2,6 A \/ 600 W (f\u00fcr Mais geeignet)<br \/><\/span><\/li><li><span style=\"font-family: Verdana; font-size: medium;\">Mahlstein : Korund\/Keramik, selbstsch\u00e4rfend<\/span><\/li><li><span style=\"font-family: Verdana; font-size: medium;\">Mahlsteindurchmesser: 85 mm<\/span><\/li><li><span style=\"font-family: Verdana; font-size: medium;\">Mahlkammer: selbstreinigend, abwaschbar<\/span><\/li><li><span style=\"font-family: Verdana; font-size: medium;\">Mahlleistung fein:\u00a0 200 g\/min<\/span><\/li><li><span style=\"font-family: Verdana; font-size: medium;\">Mahlleistung grob: 600 g\/min<\/span><\/li><li><span style=\"font-family: Verdana; font-size: medium;\">Trichterf\u00fcllmenge: 1400 g<\/span><\/li><li><span style=\"font-family: Verdana; font-size: medium;\">Unterstellh\u00f6he f\u00fcr Sch\u00fcssel: 140 mm<\/span><\/li><li><span style=\"font-family: Verdana; font-size: medium;\">Geh\u00e4use: Buche, Multiplex<\/span><\/li><li><span style=\"font-family: Verdana; font-size: medium;\">Trichter:\u00a0 Buche, Vollholz<\/span><\/li><li><span style=\"font-family: Verdana; font-size: medium;\">Oberfl\u00e4che mit BIOFA-Naturlasur auf Lein\u00f6lbasis<\/span><\/li><li><span style=\"font-family: Verdana; font-size: medium;\">Ma\u00dfe H\/B\/T in mm: 365\/165\/165<br \/><\/span><\/li><li><span style=\"font-family: Verdana; font-size: medium;\">Gewicht: 9,0 kg<\/span><\/li><\/ul><p>Firma Schnitzer gew\u00e4hrt auf dieses Produkt 5 Jahre Herstellergarantie bei privater Nutzung bei Einsendung der Rechnung. Die Rechnung muss vom Kunden oder der Kundin im Garantiefall mitgeschickt werden. Die Garantie setzt einen sachgem\u00e4\u00dfen Gebrauch des Ger\u00e4tes voraus und gilt f\u00fcr M\u00e4ngel, die auf Materialfehler oder mangelhafte Ausf\u00fchrung zur\u00fcckzuf\u00fchren sind.<\/p><p>Durch die Herstellergarantie werden die gesetzlichen Rechte aus der Gew\u00e4hrleistung nicht eingeschr\u00e4nkt. Die Herstellergarantie wird getragen von der Fa. Schnitzer GmbH &amp; Co.KG, Marlener Strasse 9, 77656 Offenburg und gilt in Deutschland. Im Garantiefall wenden Sie sich bitte direkt an Schnitzer unter Tel. +49 (0)781\/125570 oder nat\u00fcrlich gerne auch an uns.<\/p>","protected":false},"excerpt":{"rendered":"<p>Sonderaktion gilt bis 30.01.2026 &#8211; solange der Vorrat reicht<\/p>\n","protected":false},"featured_media":533,"template":"","meta":[],"product_brand":[],"product_cat":[107],"product_tag":[],"class_list":{"0":"post-1498","1":"product","2":"type-product","3":"status-publish","4":"has-post-thumbnail","6":"product_cat-eletrische-getreidemuehlen","7":"product_shipping_class-direkt-schnitzer","8":"pa_besonderheit-auch-fuer-mais-geeignet","9":"pa_besonderheit-max-3-kg-pro-durchgang","10":"pa_farbe-buche","12":"first","13":"instock","14":"taxable","15":"shipping-taxable","16":"purchasable","17":"product-type-simple"},"supplier_id":1491,"supplier_sku":"19650","barcode":null,"atum_controlled":true,"out_stock_date":null,"out_stock_threshold":null,"inheritable":false,"inbound_stock":0,"stock_on_hold":0,"sold_today":0,"sales_last_days":2,"reserved_stock":null,"customer_returns":null,"warehouse_damage":null,"lost_in_post":null,"other_logs":null,"out_stock_days":0,"lost_sales":0,"has_location":false,"update_date":"2026-01-30T18:03:33","atum_locations":[],"atum_stock_status":"instock","restock_status":false,"low_stock_amount":"","sales_update_date":"2025-12-09T18:18:46","calc_backorders":null,"_links":{"self":[{"href":"https:\/\/wordpress.famberg.de\/index.php\/wp-json\/wp\/v2\/product\/1498","targetHints":{"allow":["GET"]}}],"collection":[{"href":"https:\/\/wordpress.famberg.de\/index.php\/wp-json\/wp\/v2\/product"}],"about":[{"href":"https:\/\/wordpress.famberg.de\/index.php\/wp-json\/wp\/v2\/types\/product"}],"wp:featuredmedia":[{"embeddable":true,"href":"https:\/\/wordpress.famberg.de\/index.php\/wp-json\/wp\/v2\/media\/533"}],"wp:attachment":[{"href":"https:\/\/wordpress.famberg.de\/index.php\/wp-json\/wp\/v2\/media?parent=1498"}],"wp:term":[{"taxonomy":"product_brand","embeddable":true,"href":"https:\/\/wordpress.famberg.de\/index.php\/wp-json\/wp\/v2\/product_brand?post=1498"},{"taxonomy":"product_cat","embeddable":true,"href":"https:\/\/wordpress.famberg.de\/index.php\/wp-json\/wp\/v2\/product_cat?post=1498"},{"taxonomy":"product_tag","embeddable":true,"href":"https:\/\/wordpress.famberg.de\/index.php\/wp-json\/wp\/v2\/product_tag?post=1498"}],"curies":[{"name":"wp","href":"https:\/\/api.w.org\/{rel}","templated":true}]}}