{"id":1496,"date":"2024-02-24T11:28:24","date_gmt":"2024-02-24T10:28:24","guid":{"rendered":"https:\/\/wordpress.famberg.de\/index.php\/produkt\/getreidemuehle-cerealo-125-anthrazit\/"},"modified":"2026-01-30T18:51:34","modified_gmt":"2026-01-30T17:51:34","slug":"getreidemuehle-cerealo-125-anthrazit","status":"publish","type":"product","link":"https:\/\/wordpress.famberg.de\/index.php\/produkt\/getreidemuehle-cerealo-125-anthrazit\/","title":{"rendered":"Schnitzer Getreidem\u00fchle CEREALO 125 anthrazit"},"content":{"rendered":"<p><span style=\"font-family: arial; font-size: medium;\">\u00a0<\/span><span style=\"font-family: arial; font-size: medium;\"><span style=\"color: #009900;\"><b>Getreidem\u00fchle CEREALO 125<\/b>\u00a0<\/span> &#8222;Die St\u00e4rkere mit dem Dreh&#8220;<\/span><\/p><p><span style=\"font-family: arial;\"><span style=\"font-size: medium;\">Mit der Cerealo-Serie hat Schnitzer eine Getreidem\u00fchlenserie geschaffen, bei der Mahlkammer und Steine mit wenigen Handgriffen getauscht werden k\u00f6nnen.<br \/>Die Cerealo 125 geh\u00f6rt mit ihrem 360 Watt-Motor und den gr\u00f6\u00dferen Korundmahlsteinen bereits zu den ausgewachsenen Haushaltsgetreidem\u00fchlen. Am Trichter kann der Mahlgrad der Maschine individuell eingestellt werden. So dass Sie einfach den 1000 g Weizen fassenden Trichter nach links drehen und leicht bis 125 g feinstes Mehl pro Minute mahlen k\u00f6nnen. Die Mahlkammer besteht aus lebensmittelechtem, sowie BPA-freiem Kunststoff. Das Geh\u00e4use der Schnitzer Cerealo 125 ist aus Buche Multiplex gefertigt, die Mahlsteine aus Korund sind in Keramik eingefasst.<\/span><\/span><\/p><p>&nbsp;<\/p><p><span style=\"font-family: arial;\"><span style=\"font-size: medium;\">Mit der Getreidem\u00fchle Schnitzer Cerealo k\u00f6nnen Sie alles mahlen<\/span><span style=\"font-size: medium;\"> und neben den g\u00e4ngigen Getreidesorten auch Mais, Reis und Kichererbsen verarbeitet. Die Mahlwerke bestehen aus hochwertigen Korund-Keramik-Mahlsteinen und einer neuen abwaschbaren Silikon-Mahlkammer. <\/span><\/span><span style=\"font-family: arial; font-size: medium;\">Jede Cerealo-Getreidem\u00fchle ist handkalibriert. Der Feinheitsgrad der Mahlleistung ist durch Drehen des Trichters stufenlos von fein bis<br \/>grob einstellbar.<\/span><\/p><p><span style=\"font-family: arial; font-size: medium;\">\u00a0<\/span><\/p><p><span style=\"font-family: arial; font-size: medium;\"><b>Produktmerkmale<\/b><\/span><\/p><ul><li><span style=\"font-family: arial; font-size: medium;\">Leistung des Industriemotors: 1,7 A \/ 360 W<\/span><\/li><li><span style=\"font-family: arial; font-size: medium;\">Mahlstein : Korund\/Keramik, selbstsch\u00e4rfend<\/span><\/li><li><span style=\"font-family: arial; font-size: medium;\">Mahlsteindurchmesser: 85 mm<\/span><\/li><li><span style=\"font-family: arial; font-size: medium;\">Mahlkammer: selbstreinigend, abwaschbar<\/span><\/li><li><span style=\"font-family: arial; font-size: medium;\">Mahlleistung fein:\u00a0 125 g\/min<\/span><\/li><li><span style=\"font-family: arial; font-size: medium;\">Mahlleistung grob: 300 g\/min<\/span><\/li><li><span style=\"font-family: arial; font-size: medium;\">Trichterf\u00fcllmenge: 1000 g<\/span><\/li><li><span style=\"font-family: arial; font-size: medium;\">Unterstellh\u00f6he f\u00fcr Sch\u00fcssel: 120 mm<\/span><\/li><li><span style=\"font-family: arial; font-size: medium;\">Geh\u00e4use: Buche, Multiplex<\/span><\/li><li><span style=\"font-family: arial; font-size: medium;\">Trichter:\u00a0 Buche, Vollholz<\/span><\/li><li><span style=\"font-family: arial; font-size: medium;\">Oberfl\u00e4che mit BIOFA-Naturlasur auf Lein\u00f6lbasis<\/span><\/li><li><span style=\"font-family: arial; font-size: medium;\">Ma\u00dfe H\/B\/T in mm: 330\/150\/150\u00a0<\/span><\/li><li><span style=\"font-family: arial; font-size: medium;\">Gewicht: 7,1 kg<\/span><\/li><\/ul><p>Firma Schnitzer gew\u00e4hrt auf dieses Produkt 5 Jahre Herstellergarantie bei privater Nutzung bei Einsendung der Rechnung. Die Rechnung muss vom Kunden oder der Kundin im Garantiefall mitgeschickt werden. Die Garantie setzt einen sachgem\u00e4\u00dfen Gebrauch des Ger\u00e4tes voraus und gilt f\u00fcr M\u00e4ngel, die auf Materialfehler oder mangelhafte Ausf\u00fchrung zur\u00fcckzuf\u00fchren sind.<\/p><p>Durch die Herstellergarantie werden die gesetzlichen Rechte aus der Gew\u00e4hrleistung nicht eingeschr\u00e4nkt. Die Herstellergarantie wird getragen von der Fa. Schnitzer GmbH &amp; Co.KG, Marlener Strasse 9, 77656 Offenburg und gilt in Deutschland. Im Garantiefall wenden Sie sich bitte direkt an Schnitzer unter Tel. +49 (0)781\/125570 oder nat\u00fcrlich gerne auch an uns.36035<\/p>","protected":false},"excerpt":{"rendered":"<p>Sonderaktion gilt bis 31.01.2026 &#8211; solange der Vorrat reicht!<\/p>\n","protected":false},"featured_media":522,"template":"","meta":[],"product_brand":[],"product_cat":[107],"product_tag":[],"class_list":{"0":"post-1496","1":"product","2":"type-product","3":"status-publish","4":"has-post-thumbnail","6":"product_cat-eletrische-getreidemuehlen","7":"product_shipping_class-direkt-schnitzer","8":"pa_farbe-buche","10":"first","11":"instock","12":"sale","13":"taxable","14":"shipping-taxable","15":"purchasable","16":"product-type-simple"},"supplier_id":1491,"supplier_sku":"19550","barcode":null,"atum_controlled":true,"out_stock_date":null,"out_stock_threshold":null,"inheritable":false,"inbound_stock":0,"stock_on_hold":0,"sold_today":0,"sales_last_days":1,"reserved_stock":null,"customer_returns":null,"warehouse_damage":null,"lost_in_post":null,"other_logs":null,"out_stock_days":0,"lost_sales":0,"has_location":false,"update_date":"2026-01-30T17:51:38","atum_locations":[],"atum_stock_status":"instock","restock_status":false,"low_stock_amount":"","sales_update_date":"2025-11-08T13:22:16","calc_backorders":null,"_links":{"self":[{"href":"https:\/\/wordpress.famberg.de\/index.php\/wp-json\/wp\/v2\/product\/1496","targetHints":{"allow":["GET"]}}],"collection":[{"href":"https:\/\/wordpress.famberg.de\/index.php\/wp-json\/wp\/v2\/product"}],"about":[{"href":"https:\/\/wordpress.famberg.de\/index.php\/wp-json\/wp\/v2\/types\/product"}],"wp:featuredmedia":[{"embeddable":true,"href":"https:\/\/wordpress.famberg.de\/index.php\/wp-json\/wp\/v2\/media\/522"}],"wp:attachment":[{"href":"https:\/\/wordpress.famberg.de\/index.php\/wp-json\/wp\/v2\/media?parent=1496"}],"wp:term":[{"taxonomy":"product_brand","embeddable":true,"href":"https:\/\/wordpress.famberg.de\/index.php\/wp-json\/wp\/v2\/product_brand?post=1496"},{"taxonomy":"product_cat","embeddable":true,"href":"https:\/\/wordpress.famberg.de\/index.php\/wp-json\/wp\/v2\/product_cat?post=1496"},{"taxonomy":"product_tag","embeddable":true,"href":"https:\/\/wordpress.famberg.de\/index.php\/wp-json\/wp\/v2\/product_tag?post=1496"}],"curies":[{"name":"wp","href":"https:\/\/api.w.org\/{rel}","templated":true}]}}