{"id":1492,"date":"2024-02-24T11:28:17","date_gmt":"2024-02-24T10:28:17","guid":{"rendered":"https:\/\/wordpress.famberg.de\/index.php\/produkt\/getreidemuehle-cerealo-100-kleinste-elektr-schnitzer-muehle-natur\/"},"modified":"2026-01-31T08:58:22","modified_gmt":"2026-01-31T07:58:22","slug":"getreidemuehle-cerealo-100-kleinste-elektr-schnitzer-muehle-natur","status":"publish","type":"product","link":"https:\/\/wordpress.famberg.de\/index.php\/produkt\/getreidemuehle-cerealo-100-kleinste-elektr-schnitzer-muehle-natur\/","title":{"rendered":"Schnitzer Getreidem\u00fchle CEREALO 100 kleinste elektr. Schnitzer M\u00fchle natur"},"content":{"rendered":"<p><span style=\"font-family: arial; font-size: medium;\"><b><span style=\"color: #006600;\">Getreidem\u00fchle CEREALO 100<\/span><\/b>\u00a0 &#8222;Die Kleine mit dem Dreh&#8220;<br \/><\/span><\/p><p><span style=\"font-family: arial; font-size: medium;\">Die Cerealo 100 ist mit seinen 31,5 cm die kleinste elektrischen Schnitzer M\u00fchle.<br \/>Die Cerealo 100, perfekt zum Einstieg in die Vollwert-K\u00fcche. F\u00fcr die Verarbeitung von 100 g Weizen in feinstes Mehl ben\u00f6tigt sie lediglich eine Minute. Mit nur 31,5 cm H\u00f6he ist sie eine der kompaktesten M\u00fchlen am Markt und passt dadurch auch in die kleinste K\u00fcche. Am Trichter kann der Mahlgrad der Maschine individuell eingestellt werden. So dass Sie einfach den 1000 g Weizen fassenden Trichter nach links drehen und leicht bis 100 g feinstes Mehl pro Minute mahlen k\u00f6nnen. Die Mahlkammer besteht aus lebensmittelechtem, sowie BPA-freiem Kunststoff. Das Geh\u00e4use der Schnitzer Cerealo 100 ist aus Buche Multiplex gefertigt, die Mahlsteine aus Korund sind in Keramik eingefasst.<br \/><\/span><\/p><p><span style=\"font-family: arial; font-size: medium;\">\u00a0<\/span><\/p><p><span style=\"font-family: arial;\"><span style=\"font-size: medium;\">Mit der Cerealo-Serie hat Schnitzer eine Getreidem\u00fchlenserie geschaffen, bei der Mahlkammer und Steine mit wenigen Handgriffen getauscht werden k\u00f6nnen. <\/span><\/span><span style=\"font-family: arial; font-size: medium;\">Mit der Getreidem\u00fchle Schnitzer Cerealo k\u00f6nnen Sie alles mahlen. Die Mahlwerke bestehen aus hochwertigen Korund-Keramik-Mahlsteinen und einer neuen abwaschbaren Silikon-Mahlkammer. <\/span><span style=\"font-family: arial; font-size: medium;\">Jede Cerealo-Getreidem\u00fchle ist handkalibriert. Der Feinheitsgrad der Mahlleistung ist durch Drehen des Trichters stufenlos von fein bis grob einstellbar.<\/span><\/p><p>&nbsp;<\/p><p><span style=\"font-family: arial; font-size: medium;\">Dieses Modell ist in Buche natur oder mit anthrazitfarbener Trichter erh\u00e4ltlich.<\/span><\/p><p><span style=\"font-family: arial; font-size: medium;\">\u00a0<\/span><\/p><p><span style=\"font-family: arial; font-size: medium;\"><b>Produktmerkmale<\/b><\/span><\/p><ul><li><span style=\"font-family: arial; font-size: medium;\">Leistung des Industriemotors: 1,5 A \/ 250 W (f\u00fcr Mais geeignet)<br \/><\/span><\/li><li><span style=\"font-family: arial; font-size: medium;\">Mahlstein: Korund\/Keramik, selbstsch\u00e4rfend<\/span><\/li><li><span style=\"font-family: arial; font-size: medium;\">Mahlsteindurchmesser: 75 mm<\/span><\/li><li><span style=\"font-family: arial; font-size: medium;\">Mahlkammer: selbstreinigend, abwaschbar<\/span><\/li><li><span style=\"font-family: arial; font-size: medium;\">Mahlleistung fein:\u00a0 100 g\/min<\/span><\/li><li><span style=\"font-family: arial; font-size: medium;\">Mahlleistung grob: 250 g\/min<\/span><\/li><li><span style=\"font-family: arial; font-size: medium;\">Trichterf\u00fcllmenge: 1000 g<\/span><\/li><li><span style=\"font-family: arial; font-size: medium;\">Unterstellh\u00f6he f\u00fcr Sch\u00fcssel: 110 mm<\/span><\/li><li><span style=\"font-family: arial; font-size: medium;\">Geh\u00e4use: Buche, Multiplex<\/span><\/li><li><span style=\"font-family: arial; font-size: medium;\">Trichter:\u00a0 Buche, Vollholz<\/span><\/li><li><span style=\"font-family: arial; font-size: medium;\">Oberfl\u00e4che mit BIOFA-Naturlasur auf Lein\u00f6lbasis<\/span><\/li><li><span style=\"font-family: arial; font-size: medium;\">Ma\u00dfe H\/B\/T in mm: 315\/150\/150\u00a0<\/span><\/li><li><span style=\"font-family: arial; font-size: medium;\">Gewicht: 6,3 kg<\/span><\/li><\/ul><p>Firma Schnitzer gew\u00e4hrt auf dieses Produkt 5 Jahre Herstellergarantie bei privater Nutzung bei Einsendung der Rechnung. Die Rechnung muss vom Kunden oder der Kundin im Garantiefall mitgeschickt werden. Die Garantie setzt einen sachgem\u00e4\u00dfen Gebrauch des Ger\u00e4tes voraus und gilt f\u00fcr M\u00e4ngel, die auf Materialfehler oder mangelhafte Ausf\u00fchrung zur\u00fcckzuf\u00fchren sind.<\/p><p>Durch die Herstellergarantie werden die gesetzlichen Rechte aus der Gew\u00e4hrleistung nicht eingeschr\u00e4nkt. Die Herstellergarantie wird getragen von der Fa. Schnitzer GmbH &amp; Co.KG, Marlener Strasse 9, 77656 Offenburg und gilt in Deutschland. Im Garantiefall wenden Sie sich bitte direkt an Schnitzer unter Tel. +49 (0)781\/125570 oder nat\u00fcrlich gerne auch an uns.<\/p>","protected":false},"excerpt":{"rendered":"<p>Sonderaktion bis 30.01.2026 solange der Vorrat reicht.<\/p>\n","protected":false},"featured_media":995,"template":"","meta":[],"product_brand":[],"product_cat":[107],"product_tag":[],"class_list":{"0":"post-1492","1":"product","2":"type-product","3":"status-publish","4":"has-post-thumbnail","6":"product_cat-eletrische-getreidemuehlen","7":"product_shipping_class-direkt-schnitzer","9":"first","10":"instock","11":"taxable","12":"shipping-taxable","13":"purchasable","14":"product-type-simple"},"supplier_id":1491,"supplier_sku":"19250","barcode":null,"atum_controlled":false,"out_stock_date":null,"out_stock_threshold":null,"inheritable":false,"inbound_stock":0,"stock_on_hold":0,"sold_today":0,"sales_last_days":1,"reserved_stock":0,"customer_returns":0,"warehouse_damage":0,"lost_in_post":0,"other_logs":0,"out_stock_days":0,"lost_sales":0,"has_location":false,"update_date":"2026-02-14T11:43:03","atum_locations":[],"atum_stock_status":"instock","restock_status":false,"low_stock_amount":"","sales_update_date":null,"calc_backorders":null,"_links":{"self":[{"href":"https:\/\/wordpress.famberg.de\/index.php\/wp-json\/wp\/v2\/product\/1492","targetHints":{"allow":["GET"]}}],"collection":[{"href":"https:\/\/wordpress.famberg.de\/index.php\/wp-json\/wp\/v2\/product"}],"about":[{"href":"https:\/\/wordpress.famberg.de\/index.php\/wp-json\/wp\/v2\/types\/product"}],"wp:featuredmedia":[{"embeddable":true,"href":"https:\/\/wordpress.famberg.de\/index.php\/wp-json\/wp\/v2\/media\/995"}],"wp:attachment":[{"href":"https:\/\/wordpress.famberg.de\/index.php\/wp-json\/wp\/v2\/media?parent=1492"}],"wp:term":[{"taxonomy":"product_brand","embeddable":true,"href":"https:\/\/wordpress.famberg.de\/index.php\/wp-json\/wp\/v2\/product_brand?post=1492"},{"taxonomy":"product_cat","embeddable":true,"href":"https:\/\/wordpress.famberg.de\/index.php\/wp-json\/wp\/v2\/product_cat?post=1492"},{"taxonomy":"product_tag","embeddable":true,"href":"https:\/\/wordpress.famberg.de\/index.php\/wp-json\/wp\/v2\/product_tag?post=1492"}],"curies":[{"name":"wp","href":"https:\/\/api.w.org\/{rel}","templated":true}]}}