{"id":1490,"date":"2024-02-24T11:28:15","date_gmt":"2024-02-24T10:28:15","guid":{"rendered":"https:\/\/wordpress.famberg.de\/index.php\/produkt\/handmuehle-getreidemuehle-mia-mola-mit-hochwertiger-glasschale\/"},"modified":"2026-03-19T15:34:00","modified_gmt":"2026-03-19T14:34:00","slug":"handmuehle-getreidemuehle-mia-mola-mit-hochwertiger-glasschale","status":"publish","type":"product","link":"https:\/\/wordpress.famberg.de\/index.php\/produkt\/handmuehle-getreidemuehle-mia-mola-mit-hochwertiger-glasschale\/","title":{"rendered":"Kornkraft Handm\u00fchle Getreidem\u00fchle Mia Mola mit hochwertiger Glasschale"},"content":{"rendered":"<p><span style=\"font-size: medium;\"><b>Die Getreidem\u00fchle von Kornkraft aus massiven Buchenholz<br \/>Lieferung mit hochwertiger Glasschale<\/b><br \/><\/span><\/p><div><span style=\"font-size: medium;\">\u00a0<\/span><\/div><div><span style=\"font-size: medium;\">Mit dieser Getreidem\u00fchle mahlen Sie spielend leicht Ihr t\u00e4gliches Getreide und das v\u00f6llig unabh\u00e4ngig von einer Versorgung mit elektrischem Strom. <\/span><\/div><p><span style=\"font-size: medium;\">Durch die speziell geformten, sehr leichtg\u00e4ngigen Kornkraft-Mahlsteine erreichen Sie eine \u00fcberdurchschnittlich hohe Drehfrequenz. Dadurch k\u00f6nnen Sie auch \u00fcber l\u00e4ngere Zeit und somit auch gr\u00f6\u00dfere Mengen relativ einfach mahlen.<br \/><\/span><\/p><div><span style=\"font-size: medium;\">Mit den beiden mitgelieferten, stabilen Klemmzwingen befestigen Sie die M\u00fchle sicher an Tischplatten mit einer St\u00e4rke bis zu 5cm. Die Filzgleiter an der Unterseite sch\u00fctzen Ihre Arbeitsplatte vor unerw\u00fcnschten Kratzern. Die mitgelieferte Sch\u00fcssel passt perfekt in den Ausschnitt der Grundplatte, und der gro\u00dfe Durchmesser sorgt daf\u00fcr, dass kein Mehl daneben f\u00e4llt.<br \/><\/span><\/div><div><span style=\"font-size: medium;\">\u00a0<\/span><\/div><p><span style=\"font-size: medium;\">Mahlgut: bis 350g<br \/>Alle Getreidearten au\u00dfer Mais.<br \/>\u00d6lsaaten nur unter Beimischung von Getreide.<\/span><\/p><p><b>Mahlfeinheit:<\/b><br \/>Stufenlos einstellbar &#8211; von grob (M\u00fcsli) bis pulverf\u00f6rmig (mehlfein)<br \/>Wiederholgenaues Verstellen dank Einstellskala<br \/><b><br \/>Mahlleistung:<\/b><br \/>M\u00fcslischrot: 100 Gramm\/Minute<br \/>Feinmehl: 50 Gramm\/Minute(bezogen auf Weizen)<br \/>Mahlstein: Korund-Keramik<\/p><p><b>Kurbel:<\/b><br \/>Mahlsteinachse kugelgelagert<br \/>Kurbelknauf gleitgelagert &#8211; dadurch leichtg\u00e4ngig und wartungsfrei<\/p><p>Ma\u00dfe (mit Kurbel zur Seite)<br \/>H\u00f6he:\u00a0\u00a0 32 cm<br \/>Breite:\u00a0 24 cm<br \/>Tiefe:\u00a0\u00a0\u00a0 18 cm<br \/>Kurbelradius: 14 cm<br \/>Kurbelknauf:\u00a0\u00a0\u00a0 5 cm Durchmesser<br \/>Gewicht: 2,4 kg<br \/>Zubeh\u00f6r: Zwei stabile Tischzwingen sind im Lieferumfang enthalten<\/p><p>Getreidem\u00fchlen von Kornkraft<br \/>Alle Kornkraft Produkte\u00a0 werden f\u00fcr Sie liebevoll mit handwerklicher Sorgfalt in unserem Hause hergestellt. Sie sind daher solide und langlebig -auch im rauen K\u00fcchenalltag,- so dass Sie viele Jahre Freude an ihrer Kornkraft Handgetreidem\u00fchle haben.<\/p><p><span style=\"font-size: medium;\">Die Firma Kornkraft gew\u00e4hrt auf dieses Produkt 10 Jahre Herstellergarantie. Diese Garantie umfasst alle Fertigungs- und Materialfehler, nicht aber Besch\u00e4digungen an zerbrechlichen Teilen durch den Benutzer. Durch die Garantie werden die gesetzlichen Rechte aus der Gew\u00e4hrleistung nicht eingeschr\u00e4nkt. Die Garantie wird getragen von Kornkraft Getreidem\u00fchlen, H\u00fcttenstra\u00dfe 6 &#8211; 7, 66839 Schmelz und gilt in Deutschland. Im Garantiefall wenden Sie sich direkt an Kornkraft Getreidem\u00fchlen unter Tel. 068871557 oder nat\u00fcrlich gerne an uns.<\/span><\/p><p>&nbsp;<\/p>","protected":false},"excerpt":{"rendered":"<p>Die Getreidem\u00fchle von Kornkraft aus massiven BuchenholzLieferung mit hochwertiger Glasschale\u00a0Mit dieser Getreidem\u00fchle mahlen Sie spielend leicht Ihr t\u00e4gliches Getreide und das v\u00f6llig unabh\u00e4ngig von einer Versorgung mit elektrischem Strom. Durch die speziell geformten, sehr leichtg\u00e4ngigen Kornkraft-Mahlsteine erreichen Sie eine \u00fcberdurchschnittlich hohe Drehfrequenz. Dadurch k\u00f6nnen Sie auch \u00fcber l\u00e4ngere Zeit und somit auch gr\u00f6\u00dfere Mengen relativ [&hellip;]<\/p>\n","protected":false},"featured_media":516,"template":"","meta":[],"product_brand":[],"product_cat":[182],"product_tag":[],"class_list":{"0":"post-1490","1":"product","2":"type-product","3":"status-publish","4":"has-post-thumbnail","6":"product_cat-handmuehlen","7":"product_shipping_class-direkt-luba","9":"first","10":"instock","11":"taxable","12":"shipping-taxable","13":"purchasable","14":"product-type-simple"},"supplier_id":1283,"supplier_sku":"310-260","barcode":null,"atum_controlled":true,"out_stock_date":"2025-01-06 12:47:18","out_stock_threshold":null,"inheritable":false,"inbound_stock":0,"stock_on_hold":0,"sold_today":0,"sales_last_days":1,"reserved_stock":null,"customer_returns":null,"warehouse_damage":null,"lost_in_post":null,"other_logs":null,"out_stock_days":446,"lost_sales":12487,"has_location":false,"update_date":"2026-03-28T14:04:04","atum_locations":[],"atum_stock_status":"instock","restock_status":false,"low_stock_amount":"","sales_update_date":"2026-03-28T14:04:04","calc_backorders":null,"_links":{"self":[{"href":"https:\/\/wordpress.famberg.de\/index.php\/wp-json\/wp\/v2\/product\/1490","targetHints":{"allow":["GET"]}}],"collection":[{"href":"https:\/\/wordpress.famberg.de\/index.php\/wp-json\/wp\/v2\/product"}],"about":[{"href":"https:\/\/wordpress.famberg.de\/index.php\/wp-json\/wp\/v2\/types\/product"}],"wp:featuredmedia":[{"embeddable":true,"href":"https:\/\/wordpress.famberg.de\/index.php\/wp-json\/wp\/v2\/media\/516"}],"wp:attachment":[{"href":"https:\/\/wordpress.famberg.de\/index.php\/wp-json\/wp\/v2\/media?parent=1490"}],"wp:term":[{"taxonomy":"product_brand","embeddable":true,"href":"https:\/\/wordpress.famberg.de\/index.php\/wp-json\/wp\/v2\/product_brand?post=1490"},{"taxonomy":"product_cat","embeddable":true,"href":"https:\/\/wordpress.famberg.de\/index.php\/wp-json\/wp\/v2\/product_cat?post=1490"},{"taxonomy":"product_tag","embeddable":true,"href":"https:\/\/wordpress.famberg.de\/index.php\/wp-json\/wp\/v2\/product_tag?post=1490"}],"curies":[{"name":"wp","href":"https:\/\/api.w.org\/{rel}","templated":true}]}}