{"id":1484,"date":"2024-02-24T11:28:03","date_gmt":"2024-02-24T10:28:03","guid":{"rendered":"https:\/\/wordpress.famberg.de\/index.php\/produkt\/sauerteig-home-gaerautomat\/"},"modified":"2026-02-19T23:21:08","modified_gmt":"2026-02-19T22:21:08","slug":"sauerteig-home-gaerautomat","status":"publish","type":"product","link":"https:\/\/wordpress.famberg.de\/index.php\/produkt\/sauerteig-home-gaerautomat\/","title":{"rendered":"Brod Taylor Sauerteig Home G\u00e4rautomat"},"content":{"rendered":"<div><p><span style=\"font-size: medium;\">Gro\u00dfartiges Brot beginnt mit einem gro\u00dfartigen Sauerteig. Bei einem Sauerteig ist die Temperatur das A und O. Die komplexe Mischung aus Mikroben, die das Brot aufgehen l\u00e4sst und ihm seinen unverwechselbaren Geschmack und sein Aroma verleiht, ist extrem temperaturempfindlich. Passen Sie den Zeitplan f\u00fcr die F\u00fctterung an, von Stunden bis zu Tagen, sogar einmal pro Woche, und variieren Sie die Temperatur, um das Aroma und das Geschmacksprofil Ihres Brotes zu steuern.<\/span><\/p><p>&nbsp;<\/p><\/div><div><span style=\"font-size: medium;\">Verwenden Sie pr\u00e4zise Temperaturen, um Ihren Starterkultur f\u00fcr denn Sauerteig wie nie zuvor zu kontrollieren. Das Sauerteig Home ist so konstruiert, dass es Ihren Sauerteig auf der perfekten Temperatur h\u00e4lt, sei es durch Heizen oder K\u00fchlen. F\u00fcttern Sie Ihren Sauerteig nach Ihrem Zeitplan: von zweimal am Tag bis einmal pro Woche. \u00c4ndern Sie die Temperatur, um das Geschmacksprofil, das Aroma und die Textur Ihres Brotes anzupassen.<\/span><\/div><div><span style=\"font-size: medium;\">\u00a0<\/span><\/div><div><span style=\"font-size: medium;\">Pr\u00e4zise Temperaturkontrolle. Mit dem Sauerteig Home k\u00f6nnen Sie die Temperatur Ihres Starters ganz einfach steuern. Mit der gradgenauen Temperaturregelung von 5 \u2013 50\u00b0C k\u00f6nnen Sie eine konstante Temperatur beibehalten oder die Temperatur variieren, um die Wachstumsrate, das Aroma und den Geschmack Ihres Brotes zu steuern.<br \/><\/span><\/div><div><span style=\"font-size: medium;\">\u00a0<\/span><\/div><div><span style=\"font-size: medium;\">Hier die technischen Details:<\/span><\/div><div><ul><li><span style=\"font-size: medium;\">Temperaturbereich: von 5-50 \u00b0C.<\/span><\/li><li><span style=\"font-size: medium;\">\u00c4u\u00dfere Abmessungen: 28 x 23 x 25 cm<\/span><\/li><li><span style=\"font-size: medium;\">Innere Abmessungen: 19 x 13 x 14 cm<\/span><\/li><li><span style=\"font-size: medium;\">Gewicht: 1,86 kg<\/span><\/li><li><span style=\"font-size: medium;\">Stromversorgung: 100-240V<\/span><\/li><li><span style=\"font-size: medium;\">Wirkungsgrad: Um eine stabile Temperatur aufrechtzuerhalten, passt der Sourdough Home die Heiz- oder K\u00fchlleistung st\u00e4ndig an. Temperatureinstellungen nahe der Raumtemperatur ben\u00f6tigen nur sehr wenig Strom, w\u00e4hrend Temperatureinstellungen, die deutlich \u00fcber oder unter der Raumtemperatur liegen, mehr Strom ben\u00f6tigen.<\/span><\/li><li>Maximale Leistungsaufnahme: Maximale Leistung im K\u00fchlmodus: 38 W \u2013 maximale Leistung im Heizmodus: 30 W.<\/li><\/ul><div><span style=\"font-size: medium;\">Ein Video finden Sie in englisch hier: <a title=\"Sauerteig_Home\" href=\"https:\/\/www.youtube.com\/watch?v=g_oCU7Gsm-Q&amp;t=78s\" target=\"_blank\" rel=\"noopener\">Sauerteig Home Video<\/a><\/span><\/div><\/div><div><\/div><div>LUBA GmbH gew\u00e4hrt eine freiwillige 3 Jahre Herstellergarantie bei privater Nutzung auf alle Material- und Produktionsfehler. Durch die Herstellergarantie werden die gesetzlichen Rechte aus der Gew\u00e4hrleistung nicht eingeschr\u00e4nkt. Die Herstellergarantie wird von LUBA GmbH, Ober-Eschbacher Stra\u00dfe 37, 61352 Bad Homburg, Deutschland getragen und gilt wenn nicht anders angegeben in Deutschland. Alle n\u00e4heren Informationen liegen ausf\u00fchrlich Ihrem Ger\u00e4t bei. Der Garantiegeber ist: Luba GmbH, Ober-Eschbacher Stra\u00dfe 37, 61352 Bad Homburg<\/div><div><\/div><div>Brod Taylor<\/div>","protected":false},"excerpt":{"rendered":"<p>Gro\u00dfartiges Brot beginnt mit einem gro\u00dfartigen Sauerteig. Bei einem Sauerteig ist die Temperatur das A und O. Die komplexe Mischung aus Mikroben, die das Brot aufgehen l\u00e4sst und ihm seinen unverwechselbaren Geschmack und sein Aroma verleiht, ist extrem temperaturempfindlich. Passen Sie den Zeitplan f\u00fcr die F\u00fctterung an, von Stunden bis zu Tagen, sogar einmal pro [&hellip;]<\/p>\n","protected":false},"featured_media":501,"template":"","meta":[],"product_brand":[],"product_cat":[134],"product_tag":[],"class_list":{"0":"post-1484","1":"product","2":"type-product","3":"status-publish","4":"has-post-thumbnail","6":"product_cat-kuechengeraete","7":"product_shipping_class-direkt-luba","9":"first","10":"instock","11":"taxable","12":"shipping-taxable","13":"purchasable","14":"product-type-simple"},"supplier_id":1283,"supplier_sku":"008442","barcode":null,"atum_controlled":true,"out_stock_date":"2026-01-27 18:41:43","out_stock_threshold":null,"inheritable":false,"inbound_stock":0,"stock_on_hold":1,"sold_today":1,"sales_last_days":1,"reserved_stock":null,"customer_returns":null,"warehouse_damage":null,"lost_in_post":null,"other_logs":null,"out_stock_days":67,"lost_sales":1330,"has_location":false,"update_date":"2026-04-05T07:49:32","atum_locations":[],"atum_stock_status":"instock","restock_status":false,"low_stock_amount":"","sales_update_date":"2026-04-05T07:49:32","calc_backorders":null,"_links":{"self":[{"href":"https:\/\/wordpress.famberg.de\/index.php\/wp-json\/wp\/v2\/product\/1484","targetHints":{"allow":["GET"]}}],"collection":[{"href":"https:\/\/wordpress.famberg.de\/index.php\/wp-json\/wp\/v2\/product"}],"about":[{"href":"https:\/\/wordpress.famberg.de\/index.php\/wp-json\/wp\/v2\/types\/product"}],"wp:featuredmedia":[{"embeddable":true,"href":"https:\/\/wordpress.famberg.de\/index.php\/wp-json\/wp\/v2\/media\/501"}],"wp:attachment":[{"href":"https:\/\/wordpress.famberg.de\/index.php\/wp-json\/wp\/v2\/media?parent=1484"}],"wp:term":[{"taxonomy":"product_brand","embeddable":true,"href":"https:\/\/wordpress.famberg.de\/index.php\/wp-json\/wp\/v2\/product_brand?post=1484"},{"taxonomy":"product_cat","embeddable":true,"href":"https:\/\/wordpress.famberg.de\/index.php\/wp-json\/wp\/v2\/product_cat?post=1484"},{"taxonomy":"product_tag","embeddable":true,"href":"https:\/\/wordpress.famberg.de\/index.php\/wp-json\/wp\/v2\/product_tag?post=1484"}],"curies":[{"name":"wp","href":"https:\/\/api.w.org\/{rel}","templated":true}]}}