{"id":1481,"date":"2024-02-24T11:27:59","date_gmt":"2024-02-24T10:27:59","guid":{"rendered":"https:\/\/wordpress.famberg.de\/index.php\/produkt\/vakuumglocke-fuer-glaeser-twist-off-einmachglaeser-einwecken-einkochen\/"},"modified":"2026-03-31T21:58:37","modified_gmt":"2026-03-31T19:58:37","slug":"vakuumglocke-fuer-glaeser-twist-off-einmachglaeser-einwecken-einkochen","status":"publish","type":"product","link":"https:\/\/wordpress.famberg.de\/index.php\/produkt\/vakuumglocke-fuer-glaeser-twist-off-einmachglaeser-einwecken-einkochen\/","title":{"rendered":"Lava Vakuumglocke f\u00fcr Gl\u00e4ser Twist-Off Einmachgl\u00e4ser einwecken einkochen"},"content":{"rendered":"<h1><span style=\"font-size: medium;\">Diese Neuheit revolutioniert das Vakuumieren von Gl\u00e4sern!<\/span><\/h1><p><span style=\"font-size: medium;\">Die Lava Vakuumglocke passt bei allen bauchigen Twist-Off-Gl\u00e4sern (Gurkengl\u00e4ser, Sauerkrautgl\u00e4ser\u2026) mit Schraubverschlussdeckel und einem Glasdurchmesser von ca. 8 bis 9 cm sowie bei den 2-teiligen Aludeckel-Einmachgl\u00e4sern (bspw. Leifheit) bis maximal 8,5 cm Deckeldurchmesser. Die Vakuumglocke ist kompatibel zu allen Lava Vakuumierger\u00e4ten.<\/span><\/p><p><span style=\"font-size: medium;\"><br \/><strong>Die Handhabung ist spielend einfach!<\/strong><\/span><\/p><p><span style=\"font-size: medium;\">Die Vakuumglocke am Lava Vakuumierger\u00e4t anschlie\u00dfen und im Beh\u00e4ltermodus vakuumieren. Den Glasdeckel zudrehen, bis ein Widerstand kommt, nun die Glocke aufsetzen und vakuumieren. Beim maximalen Vakuum die Glocke abnehmen und so die Haltbarkeit von Lebensmitteln und das 5-10 fache verl\u00e4ngern. \u00dcbrigens, ideal auch f\u00fcrs Einkochen, denn damit erreichen Sie ein hochwertiges Vakuum im Glas.<\/span><\/p><p><span style=\"font-size: medium;\">Tipp: Den Inhalt unbedingt abk\u00fchlen lassen.\u00a0 <\/span><\/p><p><span style=\"font-size: medium;\"><br \/><strong>Ausf\u00fchrung und Produktvorteile<\/strong><br \/><\/span><\/p><p><span style=\"font-size: medium;\">\u00a0<\/span><\/p><p><span style=\"font-size: medium;\"><b>Vakuumglocke<\/b><br \/>Lieferumfang: 1 St\u00fcck<br \/>Aus bruchfestem ABS-Kunststoff, mit ca. 85 cm Schlauch<br \/>Vakuumierung mit Vakuumierger\u00e4t m\u00f6glich<br \/>F\u00fcr alle Twist-Off und Einmachgl\u00e4ser geeignet, wie oben angegeben<\/span><\/p><p><span style=\"font-size: medium;\">\u00a0<\/span><\/p><p><span style=\"font-size: medium;\"><span style=\"color: #cc0000;\"><b>Gl\u00e4ser nur Dekoration<\/b><\/span><br \/><\/span><\/p>","protected":false},"excerpt":{"rendered":"<p>Diese Neuheit revolutioniert das Vakuumieren von Gl\u00e4sern!Die Lava Vakuumglocke passt bei allen bauchigen Twist-Off-Gl\u00e4sern (Gurkengl\u00e4ser, Sauerkrautgl\u00e4ser\u2026) mit Schraubverschlussdeckel und einem Glasdurchmesser von ca. 8 bis 9 cm sowie bei den 2-teiligen Aludeckel-Einmachgl\u00e4sern (bspw. Leifheit) bis maximal 8,5 cm Deckeldurchmesser. Die Vakuumglocke ist kompatibel zu allen Lava Vakuumierger\u00e4ten.Die Handhabung ist spielend einfach!Die Vakuumglocke am Lava Vakuumierger\u00e4t [&hellip;]<\/p>\n","protected":false},"featured_media":497,"template":"","meta":[],"product_brand":[],"product_cat":[129],"product_tag":[],"class_list":{"0":"post-1481","1":"product","2":"type-product","3":"status-publish","4":"has-post-thumbnail","6":"product_cat-ersatzteile-vakuumier-zubehoer","7":"product_shipping_class-paketversand","8":"pa_produkart-vakuumglocke","10":"first","11":"outofstock","12":"featured","13":"taxable","14":"shipping-taxable","15":"purchasable","16":"product-type-simple"},"supplier_id":1327,"supplier_sku":"VL0193","barcode":null,"atum_controlled":true,"out_stock_date":"2026-02-19 12:58:29","out_stock_threshold":null,"inheritable":false,"inbound_stock":10,"stock_on_hold":0,"sold_today":0,"sales_last_days":2,"reserved_stock":null,"customer_returns":null,"warehouse_damage":null,"lost_in_post":null,"other_logs":null,"out_stock_days":40,"lost_sales":49,"has_location":false,"update_date":"2026-04-01T11:39:00","atum_locations":[],"atum_stock_status":"outofstock","restock_status":false,"low_stock_amount":"","sales_update_date":null,"calc_backorders":null,"_links":{"self":[{"href":"https:\/\/wordpress.famberg.de\/index.php\/wp-json\/wp\/v2\/product\/1481","targetHints":{"allow":["GET"]}}],"collection":[{"href":"https:\/\/wordpress.famberg.de\/index.php\/wp-json\/wp\/v2\/product"}],"about":[{"href":"https:\/\/wordpress.famberg.de\/index.php\/wp-json\/wp\/v2\/types\/product"}],"wp:featuredmedia":[{"embeddable":true,"href":"https:\/\/wordpress.famberg.de\/index.php\/wp-json\/wp\/v2\/media\/497"}],"wp:attachment":[{"href":"https:\/\/wordpress.famberg.de\/index.php\/wp-json\/wp\/v2\/media?parent=1481"}],"wp:term":[{"taxonomy":"product_brand","embeddable":true,"href":"https:\/\/wordpress.famberg.de\/index.php\/wp-json\/wp\/v2\/product_brand?post=1481"},{"taxonomy":"product_cat","embeddable":true,"href":"https:\/\/wordpress.famberg.de\/index.php\/wp-json\/wp\/v2\/product_cat?post=1481"},{"taxonomy":"product_tag","embeddable":true,"href":"https:\/\/wordpress.famberg.de\/index.php\/wp-json\/wp\/v2\/product_tag?post=1481"}],"curies":[{"name":"wp","href":"https:\/\/api.w.org\/{rel}","templated":true}]}}