{"id":1480,"date":"2024-02-24T11:27:58","date_gmt":"2024-02-24T10:27:58","guid":{"rendered":"https:\/\/wordpress.famberg.de\/index.php\/produkt\/schaschlikspiesse-6-grillset-mit-halter-edelstahl\/"},"modified":"2026-03-26T20:37:48","modified_gmt":"2026-03-26T19:37:48","slug":"schaschlikspiesse-6-grillset-mit-halter-edelstahl","status":"publish","type":"product","link":"https:\/\/wordpress.famberg.de\/index.php\/produkt\/schaschlikspiesse-6-grillset-mit-halter-edelstahl\/","title":{"rendered":"GSD Schaschlikspie\u00dfe 6-Grillset mit Halter Edelstahl"},"content":{"rendered":"<blockquote dir=\"ltr\" style=\"margin-right: 0px;\"><div><h1><span style=\"font-size: medium;\">Grillset Halter mit 6 Schaschlikspie\u00dfen aus hochwertigen Edelstahl<br \/><\/span><\/h1><p><span style=\"font-size: medium;\">\u00a0<\/span><\/p><div><span style=\"font-size: medium;\">Grillset Halter mit sechs Schaschlikspie\u00dfen alles aus Edelstahl &#8211; ein praktischer Helfer f\u00fcr jedes Grillfest aus hochwertigem, rostfreiem Flachmaterial, 28 cm lang, von GSD Haushaltsger\u00e4te.<\/span><\/div><div><span style=\"font-size: medium;\">Ideal zum f\u00fcr Grillen f\u00fcr drau\u00dfen oder gem\u00fctlich an einem geselligen Abend zuhause.<br \/><\/span><\/div><\/div><p><span style=\"font-size: medium;\">\u00a0<\/span><\/p><div><span style=\"font-size: medium;\">\u00a0<\/span><\/div><p><span style=\"font-size: medium;\">\u00a0<\/span><\/p><div><span style=\"font-size: medium;\">\u00a0Skewer Set for barbecue, Rack with six needles 28 cm, stainless steel, GSD Hausger\u00e4te<\/span><\/div><div><span style=\"font-size: medium;\">\u00a0<\/span><\/div><div><span style=\"font-size: medium;\"><b>Lieferumfang: <\/b><br \/><\/span><\/div><div><span style=\"font-size: medium;\">1 Edelstahlhalter Grillhalter 40 cm breit x 31 cm tief<br \/><\/span><\/div><div><span style=\"font-size: medium;\">6 Spie\u00dfe aus Edelstahl 28 cm lang<br \/><\/span><\/div><div><span style=\"font-size: medium;\">\u00a0<\/span><\/div><\/blockquote>","protected":false},"excerpt":{"rendered":"<p>Sonderaktion bis 31.07.25 solange der Vorrat reicht.<\/p>\n","protected":false},"featured_media":494,"template":"","meta":[],"product_brand":[],"product_cat":[188],"product_tag":[],"class_list":{"0":"post-1480","1":"product","2":"type-product","3":"status-publish","4":"has-post-thumbnail","6":"product_cat-vogtlandgrill-gibs","7":"product_shipping_class-gsd-direkt","9":"first","10":"instock","11":"taxable","12":"shipping-taxable","13":"purchasable","14":"product-type-simple"},"supplier_id":1305,"supplier_sku":"30508","barcode":null,"atum_controlled":true,"out_stock_date":null,"out_stock_threshold":null,"inheritable":false,"inbound_stock":0,"stock_on_hold":0,"sold_today":0,"sales_last_days":1,"reserved_stock":null,"customer_returns":null,"warehouse_damage":null,"lost_in_post":null,"other_logs":null,"out_stock_days":0,"lost_sales":0,"has_location":false,"update_date":"2026-04-08T08:46:51","atum_locations":[],"atum_stock_status":"instock","restock_status":false,"low_stock_amount":"","sales_update_date":"2026-04-08T08:46:51","calc_backorders":null,"_links":{"self":[{"href":"https:\/\/wordpress.famberg.de\/index.php\/wp-json\/wp\/v2\/product\/1480","targetHints":{"allow":["GET"]}}],"collection":[{"href":"https:\/\/wordpress.famberg.de\/index.php\/wp-json\/wp\/v2\/product"}],"about":[{"href":"https:\/\/wordpress.famberg.de\/index.php\/wp-json\/wp\/v2\/types\/product"}],"wp:featuredmedia":[{"embeddable":true,"href":"https:\/\/wordpress.famberg.de\/index.php\/wp-json\/wp\/v2\/media\/494"}],"wp:attachment":[{"href":"https:\/\/wordpress.famberg.de\/index.php\/wp-json\/wp\/v2\/media?parent=1480"}],"wp:term":[{"taxonomy":"product_brand","embeddable":true,"href":"https:\/\/wordpress.famberg.de\/index.php\/wp-json\/wp\/v2\/product_brand?post=1480"},{"taxonomy":"product_cat","embeddable":true,"href":"https:\/\/wordpress.famberg.de\/index.php\/wp-json\/wp\/v2\/product_cat?post=1480"},{"taxonomy":"product_tag","embeddable":true,"href":"https:\/\/wordpress.famberg.de\/index.php\/wp-json\/wp\/v2\/product_tag?post=1480"}],"curies":[{"name":"wp","href":"https:\/\/api.w.org\/{rel}","templated":true}]}}