{"id":1471,"date":"2024-02-24T11:27:45","date_gmt":"2024-02-24T10:27:45","guid":{"rendered":"https:\/\/wordpress.famberg.de\/index.php\/produkt\/trommelreibe-mit-4-trommeln-handreibe-2\/"},"modified":"2026-02-19T21:23:50","modified_gmt":"2026-02-19T20:23:50","slug":"trommelreibe-mit-4-trommeln-handreibe-2","status":"publish","type":"product","link":"https:\/\/wordpress.famberg.de\/index.php\/produkt\/trommelreibe-mit-4-trommeln-handreibe-2\/","title":{"rendered":"Zyliss Trommelreibe mit 4 Trommeln Handreibe"},"content":{"rendered":"<p>&nbsp;<\/p><div><span style=\"font-size: medium;\">Hochwertige Aluminium-<b><span style=\"color: #006600;\">Trommelreibe von Zyliss<\/span><\/b> &#8211; das neuste Modell E900031<br \/>In der Grundausstattung sind 4 Trommeln aus Edelstahl dabei. Ein Saugnapf-Standfu\u00df (Vakuum) sorgt f\u00fcr einen sicheren Stand auf allen glatten Fl\u00e4chen, alternativ ist die Reibe auch mit einer Zwinge zu befestigen. Die Reibe und auch die Trommeln sind einfach unter flie\u00dfendem Wasser oder auch in der Sp\u00fclmaschine zu reinigen<strong>.<br \/><\/strong><br \/><\/span><\/p><div><p><span style=\"font-family: Arial;\"><span style=\"font-size: medium;\">Einfach zu wechselnde, messerscharfe Trommeleins\u00e4tze f\u00fcr alle Anwendungsgebiete. <strong>F\u00fcr Rohkost, M\u00fcsli, N\u00fcsse f\u00fcr Kuchen, K\u00e4se oder\u00a0Babynahrung etc.<br \/><\/strong><\/span><\/span><\/p><ul><li><span style=\"font-family: Arial;\"><span style=\"font-size: medium;\">Trommel 1 &#8211; Universaltrommel zum Raspeln von \u00c4pfeln, M\u00f6hren, selelrie, Rettisch, K\u00e4se, N\u00fcsse<\/span><\/span><\/li><li><span style=\"font-family: Arial;\"><span style=\"font-size: medium;\">Trommel 2 &#8211; Scheibentrommel zum Schneiden von Gurken, Kartoffeln, Zwiebeln oder K\u00e4se<\/span><\/span><\/li><li><span style=\"font-family: Arial;\"><span style=\"font-size: medium;\">Trommel 3 &#8211; Grobtrommel zum Reiben von M\u00f6hren, Kartoffeln, Gurken, Sellerie u.a.<\/span><\/span><\/li><li><span style=\"font-family: Arial;\"><span style=\"font-size: medium;\">Trommel 4 &#8211; Feine Reibe f\u00fcr K\u00e4se, Mandeln, N\u00fcsse oder Schokolade<br \/><\/span><\/span><\/li><\/ul><\/div><p><span style=\"font-size: medium;\">\u00a0<\/span><\/p><div><span style=\"font-size: medium;\"><b>Lieferumfang:<\/b> Handreibe mit 4 Trommeln, Saugfu\u00df, Tischzwinge<\/span><\/div><\/div><p>&nbsp;<\/p>","protected":false},"excerpt":{"rendered":"<p>&nbsp;Hochwertige Aluminium-Trommelreibe von Zyliss &#8211; das neuste Modell E900031In der Grundausstattung sind 4 Trommeln aus Edelstahl dabei. Ein Saugnapf-Standfu\u00df (Vakuum) sorgt f\u00fcr einen sicheren Stand auf allen glatten Fl\u00e4chen, alternativ ist die Reibe auch mit einer Zwinge zu befestigen. Die Reibe und auch die Trommeln sind einfach unter flie\u00dfendem Wasser oder auch in der Sp\u00fclmaschine [&hellip;]<\/p>\n","protected":false},"featured_media":473,"template":"","meta":[],"product_brand":[],"product_cat":[134],"product_tag":[],"class_list":{"0":"post-1471","1":"product","2":"type-product","3":"status-publish","4":"has-post-thumbnail","6":"product_cat-kuechengeraete","7":"product_shipping_class-direkt-luba","8":"pa_lieferumfang-incl-4-trommeln","10":"first","11":"instock","12":"taxable","13":"shipping-taxable","14":"purchasable","15":"product-type-simple"},"supplier_id":1283,"supplier_sku":"501-300","barcode":null,"atum_controlled":true,"out_stock_date":null,"out_stock_threshold":null,"inheritable":false,"inbound_stock":0,"stock_on_hold":0,"sold_today":0,"sales_last_days":2,"reserved_stock":null,"customer_returns":null,"warehouse_damage":null,"lost_in_post":null,"other_logs":null,"out_stock_days":0,"lost_sales":0,"has_location":false,"update_date":"2026-04-07T08:34:44","atum_locations":[],"atum_stock_status":"instock","restock_status":false,"low_stock_amount":"","sales_update_date":"2026-04-07T08:34:44","calc_backorders":null,"_links":{"self":[{"href":"https:\/\/wordpress.famberg.de\/index.php\/wp-json\/wp\/v2\/product\/1471","targetHints":{"allow":["GET"]}}],"collection":[{"href":"https:\/\/wordpress.famberg.de\/index.php\/wp-json\/wp\/v2\/product"}],"about":[{"href":"https:\/\/wordpress.famberg.de\/index.php\/wp-json\/wp\/v2\/types\/product"}],"wp:featuredmedia":[{"embeddable":true,"href":"https:\/\/wordpress.famberg.de\/index.php\/wp-json\/wp\/v2\/media\/473"}],"wp:attachment":[{"href":"https:\/\/wordpress.famberg.de\/index.php\/wp-json\/wp\/v2\/media?parent=1471"}],"wp:term":[{"taxonomy":"product_brand","embeddable":true,"href":"https:\/\/wordpress.famberg.de\/index.php\/wp-json\/wp\/v2\/product_brand?post=1471"},{"taxonomy":"product_cat","embeddable":true,"href":"https:\/\/wordpress.famberg.de\/index.php\/wp-json\/wp\/v2\/product_cat?post=1471"},{"taxonomy":"product_tag","embeddable":true,"href":"https:\/\/wordpress.famberg.de\/index.php\/wp-json\/wp\/v2\/product_tag?post=1471"}],"curies":[{"name":"wp","href":"https:\/\/api.w.org\/{rel}","templated":true}]}}