{"id":1469,"date":"2024-02-24T11:27:41","date_gmt":"2024-02-24T10:27:41","guid":{"rendered":"https:\/\/wordpress.famberg.de\/index.php\/produkt\/koernerspeicher-getreidespeicher-3-x-15-kg\/"},"modified":"2025-12-21T14:52:52","modified_gmt":"2025-12-21T13:52:52","slug":"koernerspeicher-getreidespeicher-3-x-15-kg","status":"publish","type":"product","link":"https:\/\/wordpress.famberg.de\/index.php\/produkt\/koernerspeicher-getreidespeicher-3-x-15-kg\/","title":{"rendered":"Eschenfelder K\u00f6rnerspeicher Getreidespeicher 3 x 1,5 kg"},"content":{"rendered":"<p><span style=\"font-size: medium;\"><b><span style=\"color: #006600;\">Getreidespeicher aus dickwandigen Glas 3 x 1,5 kg<\/span><\/b><\/span><\/p><p>&nbsp;<\/p><div><p><span style=\"font-size: medium;\">Formsch\u00f6nes nat\u00fcrliches Design in Holz und Glas. Der K\u00f6rnerspeicher garantiert eine hygienische und vor Ungeziefer gesch\u00fctzte Aufbewahrung von Getreide, H\u00fclsenfr\u00fcchten, \u00d6lsaaten und Gew\u00fcrzen. Glas ist absolut dicht und eine Gummidichtung zwischen Holz und Glas sorgt f\u00fcr Extra-Schutz.<br \/>Die F\u00fcsse mit \u00d6ffner und Abf\u00fcllregulierung, sind aus massivem heimischem Buchenholz gefertigt und mit Lein\u00f6lfirnis aus zertifiziert biologischen Anbau behandelt. \u00d6ffner mit komfortabler Abf\u00fcllregulierung, kann zum Bef\u00fcllen und Reinigen mit einer leichten Drehbewegung abgenommen werden.<\/span><\/p><p>Der Speicher mit drei gro\u00dfen Flaschen aus Glas mit je 1,5 kg Fassungsverm\u00f6gen. Das Glasgef\u00e4\u00df ist mit der \u00d6ffnung nach unten im Fu\u00df verschraubt und kann zur Bef\u00fcllung und Reinigung mit einer leichten Drehbewegung gel\u00f6st werden. <span style=\"font-size: medium;\"><br \/><\/span><\/p><ul><li><span style=\"font-size: medium;\">Im Lieferumfang enthalten: Befestigungsschrauben und D\u00fcbel<\/span><\/li><li><span style=\"font-size: medium;\">Fassungsverm\u00f6gen der Glasflaschen: je 2,0 Liter (ca. 1,5 kg Getreide, sortenabh\u00e4ngig)<\/span><\/li><li><span style=\"font-size: medium;\">Ma\u00df: H x B x T: 30,5 x 45,4 x 20,5<br \/><\/span><\/li><li><span style=\"font-size: medium;\">Gewicht: unbef\u00fcllt ca. 5,0 kg<\/span><\/li><\/ul><p>&nbsp;<\/p><\/div>","protected":false},"excerpt":{"rendered":"<p>Getreidespeicher aus dickwandigen Glas 3 x 1,5 kg&nbsp;Formsch\u00f6nes nat\u00fcrliches Design in Holz und Glas. Der K\u00f6rnerspeicher garantiert eine hygienische und vor Ungeziefer gesch\u00fctzte Aufbewahrung von Getreide, H\u00fclsenfr\u00fcchten, \u00d6lsaaten und Gew\u00fcrzen. Glas ist absolut dicht und eine Gummidichtung zwischen Holz und Glas sorgt f\u00fcr Extra-Schutz.Die F\u00fcsse mit \u00d6ffner und Abf\u00fcllregulierung, sind aus massivem heimischem Buchenholz gefertigt [&hellip;]<\/p>\n","protected":false},"featured_media":471,"template":"","meta":[],"product_brand":[],"product_cat":[162],"product_tag":[],"class_list":{"0":"post-1469","1":"product","2":"type-product","3":"status-publish","4":"has-post-thumbnail","6":"product_cat-getreidespeicher","7":"product_shipping_class-direkt-luba","9":"first","10":"instock","11":"taxable","12":"shipping-taxable","13":"purchasable","14":"product-type-simple"},"supplier_id":1283,"supplier_sku":"115-070","barcode":null,"atum_controlled":false,"out_stock_date":null,"out_stock_threshold":null,"inheritable":false,"inbound_stock":0,"stock_on_hold":0,"sold_today":0,"sales_last_days":1,"reserved_stock":null,"customer_returns":null,"warehouse_damage":null,"lost_in_post":null,"other_logs":null,"out_stock_days":0,"lost_sales":0,"has_location":false,"update_date":"2025-12-24T10:07:09","atum_locations":[],"atum_stock_status":"instock","restock_status":false,"low_stock_amount":"","sales_update_date":"2025-12-24T10:07:09","calc_backorders":null,"_links":{"self":[{"href":"https:\/\/wordpress.famberg.de\/index.php\/wp-json\/wp\/v2\/product\/1469","targetHints":{"allow":["GET"]}}],"collection":[{"href":"https:\/\/wordpress.famberg.de\/index.php\/wp-json\/wp\/v2\/product"}],"about":[{"href":"https:\/\/wordpress.famberg.de\/index.php\/wp-json\/wp\/v2\/types\/product"}],"wp:featuredmedia":[{"embeddable":true,"href":"https:\/\/wordpress.famberg.de\/index.php\/wp-json\/wp\/v2\/media\/471"}],"wp:attachment":[{"href":"https:\/\/wordpress.famberg.de\/index.php\/wp-json\/wp\/v2\/media?parent=1469"}],"wp:term":[{"taxonomy":"product_brand","embeddable":true,"href":"https:\/\/wordpress.famberg.de\/index.php\/wp-json\/wp\/v2\/product_brand?post=1469"},{"taxonomy":"product_cat","embeddable":true,"href":"https:\/\/wordpress.famberg.de\/index.php\/wp-json\/wp\/v2\/product_cat?post=1469"},{"taxonomy":"product_tag","embeddable":true,"href":"https:\/\/wordpress.famberg.de\/index.php\/wp-json\/wp\/v2\/product_tag?post=1469"}],"curies":[{"name":"wp","href":"https:\/\/api.w.org\/{rel}","templated":true}]}}