{"id":1467,"date":"2024-02-24T11:27:39","date_gmt":"2024-02-24T10:27:39","guid":{"rendered":"https:\/\/wordpress.famberg.de\/index.php\/produkt\/haushaltsmuehle-lady-getreidemuehle-zirbe-lackiert\/"},"modified":"2024-10-07T12:59:58","modified_gmt":"2024-10-07T10:59:58","slug":"haushaltsmuehle-lady-getreidemuehle-zirbe-lackiert","status":"publish","type":"product","link":"https:\/\/wordpress.famberg.de\/index.php\/produkt\/haushaltsmuehle-lady-getreidemuehle-zirbe-lackiert\/","title":{"rendered":"Waldner Haushaltsm\u00fchle Lady Getreidem\u00fchle Zirbe lackiert"},"content":{"rendered":"<div class=\"Stil9\"><div><font size=\"3\"><font color=\"#006600\"><b>Waldner Lady Getreidem\u00fchle<\/b><\/font><\/p><p>So sch\u00f6n und stilvoll &#8211; Ein Augenschmaus f\u00fcr jede K\u00fcche- Die Osttiroler Haushaltsm\u00fchle LADY. Formsch\u00f6n aus Zirbenholz gedrechselt liefert Ihnen diese M\u00fchle<\/font><font size=\"3\">, mit ihrem 90mm gro\u00dfen Mahlstein, auf Knopfdruck feinstes Mehl aus allen Getreidearten <\/font><font size=\"3\"><span>und verbreitet von Mahlzeit zu Mahlzeit einen angenehmen Zirbenduft. <\/span><\/font><font size=\"3\"><span>Den Feinheitsgrad des Mehles k\u00f6nnen Sie bequem durch Drehen des Trichters stufenlos einstellen.&nbsp;<\/span><\/font><\/div><p><font size=\"3\"><br \/><\/font><\/p><div><font size=\"3\"><span>Die<br \/>Zirbe w\u00e4chst sehr langsam nur im Hochgebirge und ist deswegen ein sehr<br \/>&#8222;dichtes&#8220; und unempfindliches Holz. <\/span><\/font><font size=\"3\"><span>Frisches Zirbenholz kann sehr hell bis r\u00f6tlich<br \/> sein, im Laufe der Jahre dunkelt die Zirbe nach und bekommt eine sch\u00f6ne<br \/> Patina. Die Geh\u00e4useoberfl\u00e4che der Waldner LADY ist mit pflegeleichtem Wasserlack<br \/>behandelt.<\/span> <br \/><\/font><\/div><p><font size=\"3\"><br \/><\/font><\/p><div><font size=\"3\"><u><b>Produktmerkmale<\/b><\/u><br \/><\/font><\/p><ul><li><font size=\"3\">Industriemotor: 360 W<\/font><\/li><li><font size=\"3\">Mahlwerk: Korund\/Keramik<br \/><\/font><\/li><li><font size=\"3\">Mahlleistung je nach Einstellung: 120 g\/min (Feineinstellung)<\/font><\/li><li><font size=\"3\">Mahlgrad: stufenlos einstellbar<\/font><\/li><li><font size=\"3\">Mahlgut: alle Getreidearten, auch Mais<br \/><\/font><\/li><li><font size=\"3\">Trichterf\u00fcllmenge: 1000 g <br \/><\/font><\/li><li><font size=\"3\">Geh\u00e4use aus Zirbe Massivholz, lackiert<\/font><\/li><li><font size=\"3\">Gewicht: 7,5 kg<\/font><\/li><li><font size=\"3\">Ma\u00dfe<\/font><font size=\"3\"> (H x Durchmesser): 330 x 190 mm<\/font><\/li><\/ul><p><font size=\"3\">Herstellergarantie: 5 Jahre<\/font><font size=\"3\"><span>&nbsp; &#8211; Diese Garantie umfasst alle Fertigungs- und Materialfehler. <\/span><\/font><font size=\"3\"><span><span>Besch\u00e4digungen an zerbrechlichen Teilen, z.B. am Geh\u00e4use oder am Auslauf durch den Benutzer<\/span> sind nicht eingeschlossen.<\/span><\/font><\/div><\/div>","protected":false},"excerpt":{"rendered":"<p>Waldner Lady Getreidem\u00fchleSo sch\u00f6n und stilvoll &#8211; Ein Augenschmaus f\u00fcr jede K\u00fcche- Die Osttiroler Haushaltsm\u00fchle LADY. Formsch\u00f6n aus Zirbenholz gedrechselt liefert Ihnen diese M\u00fchle, mit ihrem 90mm gro\u00dfen Mahlstein, auf Knopfdruck feinstes Mehl aus allen Getreidearten und verbreitet von Mahlzeit zu Mahlzeit einen angenehmen Zirbenduft. Den Feinheitsgrad des Mehles k\u00f6nnen Sie bequem durch Drehen des [&hellip;]<\/p>\n","protected":false},"featured_media":464,"template":"","meta":[],"product_brand":[],"product_cat":[107],"product_tag":[],"class_list":{"0":"post-1467","1":"product","2":"type-product","3":"status-publish","4":"has-post-thumbnail","6":"product_cat-eletrische-getreidemuehlen","8":"first","9":"instock","10":"taxable","11":"shipping-taxable","12":"purchasable","13":"product-type-simple"},"supplier_id":1283,"supplier_sku":"100-085","barcode":null,"atum_controlled":false,"out_stock_date":null,"out_stock_threshold":null,"inheritable":false,"inbound_stock":null,"stock_on_hold":0,"sold_today":0,"sales_last_days":0,"reserved_stock":null,"customer_returns":null,"warehouse_damage":null,"lost_in_post":null,"other_logs":null,"out_stock_days":0,"lost_sales":0,"has_location":null,"update_date":"2024-10-07T11:00:15","atum_locations":[],"atum_stock_status":"instock","restock_status":false,"low_stock_amount":"","sales_update_date":"2024-09-24T09:52:59","calc_backorders":null,"_links":{"self":[{"href":"https:\/\/wordpress.famberg.de\/index.php\/wp-json\/wp\/v2\/product\/1467","targetHints":{"allow":["GET"]}}],"collection":[{"href":"https:\/\/wordpress.famberg.de\/index.php\/wp-json\/wp\/v2\/product"}],"about":[{"href":"https:\/\/wordpress.famberg.de\/index.php\/wp-json\/wp\/v2\/types\/product"}],"wp:featuredmedia":[{"embeddable":true,"href":"https:\/\/wordpress.famberg.de\/index.php\/wp-json\/wp\/v2\/media\/464"}],"wp:attachment":[{"href":"https:\/\/wordpress.famberg.de\/index.php\/wp-json\/wp\/v2\/media?parent=1467"}],"wp:term":[{"taxonomy":"product_brand","embeddable":true,"href":"https:\/\/wordpress.famberg.de\/index.php\/wp-json\/wp\/v2\/product_brand?post=1467"},{"taxonomy":"product_cat","embeddable":true,"href":"https:\/\/wordpress.famberg.de\/index.php\/wp-json\/wp\/v2\/product_cat?post=1467"},{"taxonomy":"product_tag","embeddable":true,"href":"https:\/\/wordpress.famberg.de\/index.php\/wp-json\/wp\/v2\/product_tag?post=1467"}],"curies":[{"name":"wp","href":"https:\/\/api.w.org\/{rel}","templated":true}]}}