{"id":1462,"date":"2024-02-24T11:27:31","date_gmt":"2024-02-24T10:27:31","guid":{"rendered":"https:\/\/wordpress.famberg.de\/index.php\/produkt\/zusatz-trommelset-4-5-und-6-fuer-jupiter-rohkostvosatz\/"},"modified":"2025-04-24T12:33:06","modified_gmt":"2025-04-24T10:33:06","slug":"zusatz-trommelset-4-5-und-6-fuer-jupiter-rohkostvosatz","status":"publish","type":"product","link":"https:\/\/wordpress.famberg.de\/index.php\/produkt\/zusatz-trommelset-4-5-und-6-fuer-jupiter-rohkostvosatz\/","title":{"rendered":"Messerschmidt Zusatztrommeln f\u00fcr Jupiter Rohkostvosatz"},"content":{"rendered":"<p><!-- [if gte mso 9]&gt;--><\/p><p><!-- [if gte mso 9]&gt;--><\/p><p><!-- [if gte mso 10]&gt;--><\/p><p><span style=\"color: #006600; font-size: medium;\"><b>Zusatz-Trommelset zum Jupiter Rohkostvorsatz<\/b><\/span><\/p><p>Mit diesem Trommelset erg\u00e4nzen Sie Ihre Grundausstattung der Messerschmidt<br \/>Handm\u00fchle. Mit den 3 verschiedenen Trommeleins\u00e4tzen k\u00f6nnen Sie nach Bedarf ganz<br \/>m\u00fchelos Gem\u00fcse &#8211; wie Sellerie, Karotten, Kohlrabi, Zucchini und vieles mehr in<br \/>Stifte schneiden. N\u00fcsse, K\u00e4se wie Parmesan, Schokolade lasen sich einfach und<br \/>schnell fein reiben. Verarbeiten Sie altbackenen Br\u00f6tchen zu Semmelmehl oder<br \/>nutzen Sie die Kartoffelreibe f\u00fcr Ihre leckeren selbst hergestellten Kartoffelkl\u00f6\u00dfe<br \/>oder auch f\u00fcr Kartoffelpufferteig.<b><\/b><\/p><p>Lieferumfang:<\/p><p><span style=\"font-size: medium;\">Trommel Nr. 4: &#8211; reibt Hartk\u00e4se, N\u00fcsse, Schokolade, trockene Br\u00f6tchen<br \/>Trommel Nr. 5: &#8211; stiftelt Sellerie, Karottten, Kohlrabi, Gurken uvm.<br \/>Trommel Nr. 6: &#8211; reibt Kartoffeln zu Mus<\/span><span style=\"font-size: medium;\"><b><br \/><\/b><\/span><\/p><p><span style=\"font-size: medium;\"><b><br \/>Produktmerkmale:<\/b><\/span><span style=\"font-size: medium;\"><br \/>Raffeltrommeln: Edelstahl<\/span><span style=\"font-size: medium;\"><br \/>Trommeldurchmesser: 75 mm<\/span><span style=\"font-size: medium;\"><br \/>passen auch f\u00fcr den elektrischen Rohkostvorsatz<\/span><\/p><p>Im Lieferumfang sind die 3 Trommeln Nr. 4, 5 und 6 enthalten.<\/p><p>LUBA GmbH gew\u00e4hrt eine freiwillige 2 Jahre Monate Herstellergarantie bei privater Nutzung auf alle Material- und Produktionsfehler. Durch die Herstellergarantie werden die gesetzlichen Rechte aus der Gew\u00e4hrleistung nicht eingeschr\u00e4nkt. Die Herstellergarantie wird von LUBA GmbH, Ober-Eschbacher Stra\u00dfe 37, 61352 Bad Homburg, Deutschland getragen und gilt wenn nicht anders angegeben in Deutschland. Alle n\u00e4heren Informationen liegen ausf\u00fchrlich Ihrem Ger\u00e4t bei.<br \/>Der Garantiegeber ist:<br \/>Luba GmbH, Ober-Eschbacher Stra\u00dfe 37, 61352 Bad Homburg<\/p><p><span style=\"color: #ffffff;\">Messerschmidt Luba<\/span><\/p>","protected":false},"excerpt":{"rendered":"<p>Zusatz-Trommelset zum Jupiter RohkostvorsatzMit diesem Trommelset erg\u00e4nzen Sie Ihre Grundausstattung der MesserschmidtHandm\u00fchle. Mit den 3 verschiedenen Trommeleins\u00e4tzen k\u00f6nnen Sie nach Bedarf ganzm\u00fchelos Gem\u00fcse &#8211; wie Sellerie, Karotten, Kohlrabi, Zucchini und vieles mehr inStifte schneiden. N\u00fcsse, K\u00e4se wie Parmesan, Schokolade lasen sich einfach undschnell fein reiben. Verarbeiten Sie altbackenen Br\u00f6tchen zu Semmelmehl odernutzen Sie die Kartoffelreibe [&hellip;]<\/p>\n","protected":false},"featured_media":453,"template":"","meta":[],"product_brand":[],"product_cat":[167],"product_tag":[],"class_list":{"0":"post-1462","1":"product","2":"type-product","3":"status-publish","4":"has-post-thumbnail","6":"product_cat-kuechengeraete-zubehoer","7":"product_shipping_class-direkt-luba","8":"pa_produkart-zubehoer-handmuehle","9":"pa_raffeltrommeln-edelstahl","10":"pa_verwendung-reiben","11":"pa_verwendung-raspeln","13":"first","14":"instock","15":"taxable","16":"shipping-taxable","17":"purchasable","18":"product-type-simple"},"supplier_id":1283,"supplier_sku":"062-003","barcode":null,"atum_controlled":true,"out_stock_date":null,"out_stock_threshold":null,"inheritable":false,"inbound_stock":0,"stock_on_hold":0,"sold_today":1,"sales_last_days":1,"reserved_stock":null,"customer_returns":null,"warehouse_damage":null,"lost_in_post":null,"other_logs":null,"out_stock_days":0,"lost_sales":0,"has_location":false,"update_date":"2025-04-24T10:33:07","atum_locations":[],"atum_stock_status":"instock","restock_status":false,"low_stock_amount":"","sales_update_date":"2025-04-17T19:56:58","calc_backorders":null,"_links":{"self":[{"href":"https:\/\/wordpress.famberg.de\/index.php\/wp-json\/wp\/v2\/product\/1462","targetHints":{"allow":["GET"]}}],"collection":[{"href":"https:\/\/wordpress.famberg.de\/index.php\/wp-json\/wp\/v2\/product"}],"about":[{"href":"https:\/\/wordpress.famberg.de\/index.php\/wp-json\/wp\/v2\/types\/product"}],"wp:featuredmedia":[{"embeddable":true,"href":"https:\/\/wordpress.famberg.de\/index.php\/wp-json\/wp\/v2\/media\/453"}],"wp:attachment":[{"href":"https:\/\/wordpress.famberg.de\/index.php\/wp-json\/wp\/v2\/media?parent=1462"}],"wp:term":[{"taxonomy":"product_brand","embeddable":true,"href":"https:\/\/wordpress.famberg.de\/index.php\/wp-json\/wp\/v2\/product_brand?post=1462"},{"taxonomy":"product_cat","embeddable":true,"href":"https:\/\/wordpress.famberg.de\/index.php\/wp-json\/wp\/v2\/product_cat?post=1462"},{"taxonomy":"product_tag","embeddable":true,"href":"https:\/\/wordpress.famberg.de\/index.php\/wp-json\/wp\/v2\/product_tag?post=1462"}],"curies":[{"name":"wp","href":"https:\/\/api.w.org\/{rel}","templated":true}]}}