{"id":1460,"date":"2024-02-24T11:27:29","date_gmt":"2024-02-24T10:27:29","guid":{"rendered":"https:\/\/wordpress.famberg.de\/index.php\/produkt\/flockenbar-vorsatz-flockenquetsche-messerschmidt-und-jupiter-862860\/"},"modified":"2024-11-14T17:04:02","modified_gmt":"2024-11-14T16:04:02","slug":"flockenbar-vorsatz-flockenquetsche-messerschmidt-und-jupiter-862860","status":"publish","type":"product","link":"https:\/\/wordpress.famberg.de\/index.php\/produkt\/flockenbar-vorsatz-flockenquetsche-messerschmidt-und-jupiter-862860\/","title":{"rendered":"Flockenbar Vorsatz Flockenquetsche Messerschmidt und Jupiter 862860"},"content":{"rendered":"<div><span style=\"font-size: medium;\"><b><span style=\"color: #006600;\">Flockenbar-Vorsatz passend f\u00fcr Messerschmidt und Jupiter<br \/>F\u00fcr Handantrieb und elektrischen Motorblock<\/span><\/b><\/span><span style=\"font-size: medium;\"><br \/><\/span><\/div><div><span style=\"font-size: medium;\"><b><span style=\"color: #006600;\">\u00a0<\/span><\/b><\/span><\/div><div><span style=\"font-size: medium;\">\u00a0<\/span><\/div><div><span style=\"font-size: medium;\">Ein weiterer Beitrag des Messerschmidt-Systems f\u00fcr Ihre kreative K\u00fcche. Der Flocker f\u00fcr Ihr M\u00fcsli. Flockt Getreide und \u00d6lsaaten &#8211; und auch Gew\u00fcrze. Fenchel, K\u00fcmmel oder Koriander entfalten durch die Verarbeitung mit dem Flocker ihr volles Aroma.\u00a0<\/span><\/div><div><span style=\"font-size: medium;\">\u00a0<\/span><\/div><div><span style=\"font-size: medium;\">Eine einfach Bedienung und der gro\u00dfe Trichter liefern Ihnen in kurzer Zeit Ihre frisch gequetschten (Fr\u00fchst\u00fccks-) Flocken.<\/span><\/div><div><span style=\"font-size: medium;\">\u00a0<\/span><\/div><div><span style=\"font-size: medium;\">Flockleistung: 100 g \/ Minute<\/span><\/div><div><span style=\"font-size: medium;\">Flockgut: alle Getreide (au\u00dfer Mais), \u00d6lsaaten und Gew\u00fcrze<\/span><\/div><div><span style=\"font-size: medium;\">Trichterf\u00fcllmenge: 1250 g<\/span><\/div><div><span style=\"font-size: medium;\">Flockenwerk: geh\u00e4rtete R\u00e4ndelwalze, Stahlkeil<\/span><\/div><div><span style=\"font-size: medium;\">Walzendurchmesser: 32 mm<\/span><\/div><div><span style=\"font-size: medium;\">Gewicht: 0,72 kg<\/span><\/div><div><span style=\"font-size: medium;\">Ma\u00dfe (HxBxT): 210 x 160 x 190 mm<\/span><\/div><div><span style=\"font-size: medium;\">Geh\u00e4usematerial: Kunststoff, wei\u00df<\/span><\/div><div><\/div><div><p>LUBA GmbH gew\u00e4hrt eine freiwillige 2 Jahre Monate Herstellergarantie bei privater Nutzung auf alle Material- und Produktionsfehler. Durch die Herstellergarantie werden die gesetzlichen Rechte aus der Gew\u00e4hrleistung nicht eingeschr\u00e4nkt. Die Herstellergarantie wird von LUBA GmbH, Ober-Eschbacher Stra\u00dfe 37, 61352 Bad Homburg, Deutschland getragen und gilt wenn nicht anders angegeben in Deutschland. Alle n\u00e4heren Informationen liegen ausf\u00fchrlich Ihrem Ger\u00e4t bei.<br \/>Der Garantiegeber ist:<br \/>Luba GmbH, Ober-Eschbacher Stra\u00dfe 37, 61352 Bad Homburg<br \/><span style=\"color: #ffffff;\">Messerschmidt Luba<\/span><\/p><\/div>","protected":false},"excerpt":{"rendered":"<p>Flockenbar-Vorsatz passend f\u00fcr Messerschmidt und JupiterF\u00fcr Handantrieb und elektrischen Motorblock\u00a0\u00a0Ein weiterer Beitrag des Messerschmidt-Systems f\u00fcr Ihre kreative K\u00fcche. Der Flocker f\u00fcr Ihr M\u00fcsli. Flockt Getreide und \u00d6lsaaten &#8211; und auch Gew\u00fcrze. Fenchel, K\u00fcmmel oder Koriander entfalten durch die Verarbeitung mit dem Flocker ihr volles Aroma.\u00a0\u00a0Eine einfach Bedienung und der gro\u00dfe Trichter liefern Ihnen in kurzer [&hellip;]<\/p>\n","protected":false},"featured_media":2219,"template":"","meta":[],"product_brand":[],"product_cat":[167],"product_tag":[],"class_list":{"0":"post-1460","1":"product","2":"type-product","3":"status-publish","4":"has-post-thumbnail","6":"product_cat-kuechengeraete-zubehoer","7":"product_shipping_class-direkt-luba","9":"first","10":"instock","11":"taxable","12":"shipping-taxable","13":"purchasable","14":"product-type-simple"},"supplier_id":1283,"supplier_sku":"057-688","barcode":null,"atum_controlled":true,"out_stock_date":null,"out_stock_threshold":null,"inheritable":false,"inbound_stock":0,"stock_on_hold":0,"sold_today":0,"sales_last_days":1,"reserved_stock":null,"customer_returns":null,"warehouse_damage":null,"lost_in_post":null,"other_logs":null,"out_stock_days":0,"lost_sales":0,"has_location":false,"update_date":"2026-03-31T11:49:13","atum_locations":[],"atum_stock_status":"instock","restock_status":false,"low_stock_amount":"","sales_update_date":"2026-03-31T11:49:13","calc_backorders":null,"_links":{"self":[{"href":"https:\/\/wordpress.famberg.de\/index.php\/wp-json\/wp\/v2\/product\/1460","targetHints":{"allow":["GET"]}}],"collection":[{"href":"https:\/\/wordpress.famberg.de\/index.php\/wp-json\/wp\/v2\/product"}],"about":[{"href":"https:\/\/wordpress.famberg.de\/index.php\/wp-json\/wp\/v2\/types\/product"}],"wp:featuredmedia":[{"embeddable":true,"href":"https:\/\/wordpress.famberg.de\/index.php\/wp-json\/wp\/v2\/media\/2219"}],"wp:attachment":[{"href":"https:\/\/wordpress.famberg.de\/index.php\/wp-json\/wp\/v2\/media?parent=1460"}],"wp:term":[{"taxonomy":"product_brand","embeddable":true,"href":"https:\/\/wordpress.famberg.de\/index.php\/wp-json\/wp\/v2\/product_brand?post=1460"},{"taxonomy":"product_cat","embeddable":true,"href":"https:\/\/wordpress.famberg.de\/index.php\/wp-json\/wp\/v2\/product_cat?post=1460"},{"taxonomy":"product_tag","embeddable":true,"href":"https:\/\/wordpress.famberg.de\/index.php\/wp-json\/wp\/v2\/product_tag?post=1460"}],"curies":[{"name":"wp","href":"https:\/\/api.w.org\/{rel}","templated":true}]}}