{"id":1459,"date":"2024-02-24T11:27:27","date_gmt":"2024-02-24T10:27:27","guid":{"rendered":"https:\/\/wordpress.famberg.de\/index.php\/produkt\/stahlmahlvorsatz-getreidemuehle-juptier-maximahl-fuer-alle-getreidesorten\/"},"modified":"2024-10-24T13:53:07","modified_gmt":"2024-10-24T11:53:07","slug":"stahlmahlvorsatz-getreidemuehle-juptier-maximahl-fuer-alle-getreidesorten","status":"publish","type":"product","link":"https:\/\/wordpress.famberg.de\/index.php\/produkt\/stahlmahlvorsatz-getreidemuehle-juptier-maximahl-fuer-alle-getreidesorten\/","title":{"rendered":"Messerschmidt Stahlmahlvorsatz Getreidem\u00fchle Juptier Maximahl f\u00fcr alle Getreidesorten"},"content":{"rendered":"<div><span style=\"font-size: medium;\">Zerkleinert von grob bis mehlfein s\u00e4mtliche Getreide, \u00d6lsaaten, Kr\u00e4uter und Gew\u00fcrze.<\/span><\/div><div><span style=\"font-size: medium;\">Passend f\u00fcr Jupiter und Maximahl Motorblock.<br \/><\/span><\/div><div><span style=\"font-size: medium;\">\u00a0<\/span><\/div><div><span style=\"font-size: medium;\">Getreidesorten: Dinkel, Gr\u00fcnkern, Roggen, Gerste, Weizen, Buchweizen, Kamut, Emmer, Einkorn, Hirse, Reis, Hafer.<br \/><\/span><\/div><div><span style=\"font-size: medium;\">Alle getrockneten Gew\u00fcrze, Pilze und Kr\u00e4uter.<br \/><\/span><\/div><div><span style=\"font-size: medium;\">\u00d6lsaaten: Leinsamen, Sesam, Mohn, Soja. Wichtig: \u00d6lsaaten nicht so sehr fein einstellen, kann sonst verkleben.<\/span><\/div><div><b><span style=\"font-size: medium;\">\u00a0<\/span><\/b><\/div><div><span style=\"font-size: medium;\"><b>Mahlleistung im Handbetrieb<\/b><\/span><\/div><div><span style=\"font-size: medium;\">Geh\u00e4usematerial: Kunststoff\/Multiplex<br \/>Oberfl\u00e4chenbehandlung: wei\u00df\/lackiert<br \/><\/span><\/div><div><span style=\"font-size: medium;\">Getreide grob geschrotet: 90 g\/Min.<br \/>Getreide mehlfein gemahlen: 70 g\/Min.<br \/>Mohn gequetscht: 80-100 g\/Min.<br \/>Leinsamen geschrotet: 45-60 g\/Min.<\/span><\/div><div><span style=\"font-size: medium;\"><span style=\"font-size: medium;\">Trichterf\u00fcllmenge: 1250 g<br \/>Mahlwerk: Stahlkegel<br \/>Mahlwerksdurchmesser: 32 mm<\/span><\/span>Die Messerschmidt Produkte haben eine 2-j\u00e4hrigen Herstellergarantie. Diese Garantie deckt Material- und Verarbeitungsfehler ab. Es ist wichtig, die Bedienungsanleitung sorgf\u00e4ltig zu lesen und aufzubewahren, um die Garantieanspr\u00fcche geltend machen zu k\u00f6nnen1. Der Garantiegeber f\u00fcr den Messerschmidt Mahlvorsatz ist die Firma Messerschmidt M\u00fchlenbau GmbH &amp; Co. KG. Durch die Herstellergarantie werden die gesetzlichen Rechte aus der Gew\u00e4hrleistung nicht eingeschr\u00e4nkt.<\/p><\/div>","protected":false},"excerpt":{"rendered":"<p>Zerkleinert von grob bis mehlfein s\u00e4mtliche Getreide, \u00d6lsaaten, Kr\u00e4uter und Gew\u00fcrze.Passend f\u00fcr Jupiter und Maximahl Motorblock.\u00a0Getreidesorten: Dinkel, Gr\u00fcnkern, Roggen, Gerste, Weizen, Buchweizen, Kamut, Emmer, Einkorn, Hirse, Reis, Hafer.Alle getrockneten Gew\u00fcrze, Pilze und Kr\u00e4uter.\u00d6lsaaten: Leinsamen, Sesam, Mohn, Soja. Wichtig: \u00d6lsaaten nicht so sehr fein einstellen, kann sonst verkleben.\u00a0Mahlleistung im HandbetriebGeh\u00e4usematerial: Kunststoff\/MultiplexOberfl\u00e4chenbehandlung: wei\u00df\/lackiertGetreide grob geschrotet: 90 g\/Min.Getreide [&hellip;]<\/p>\n","protected":false},"featured_media":444,"template":"","meta":[],"product_brand":[],"product_cat":[167],"product_tag":[],"class_list":{"0":"post-1459","1":"product","2":"type-product","3":"status-publish","4":"has-post-thumbnail","6":"product_cat-kuechengeraete-zubehoer","7":"product_shipping_class-direkt-luba","9":"first","10":"instock","11":"featured","12":"taxable","13":"shipping-taxable","14":"purchasable","15":"product-type-simple"},"supplier_id":1283,"supplier_sku":"057-701","barcode":null,"atum_controlled":true,"out_stock_date":null,"out_stock_threshold":null,"inheritable":false,"inbound_stock":0,"stock_on_hold":0,"sold_today":0,"sales_last_days":1,"reserved_stock":0,"customer_returns":0,"warehouse_damage":0,"lost_in_post":0,"other_logs":0,"out_stock_days":0,"lost_sales":0,"has_location":false,"update_date":"2025-12-12T15:20:12","atum_locations":[],"atum_stock_status":"instock","restock_status":false,"low_stock_amount":"","sales_update_date":"2025-12-12T15:20:12","calc_backorders":null,"_links":{"self":[{"href":"https:\/\/wordpress.famberg.de\/index.php\/wp-json\/wp\/v2\/product\/1459","targetHints":{"allow":["GET"]}}],"collection":[{"href":"https:\/\/wordpress.famberg.de\/index.php\/wp-json\/wp\/v2\/product"}],"about":[{"href":"https:\/\/wordpress.famberg.de\/index.php\/wp-json\/wp\/v2\/types\/product"}],"wp:featuredmedia":[{"embeddable":true,"href":"https:\/\/wordpress.famberg.de\/index.php\/wp-json\/wp\/v2\/media\/444"}],"wp:attachment":[{"href":"https:\/\/wordpress.famberg.de\/index.php\/wp-json\/wp\/v2\/media?parent=1459"}],"wp:term":[{"taxonomy":"product_brand","embeddable":true,"href":"https:\/\/wordpress.famberg.de\/index.php\/wp-json\/wp\/v2\/product_brand?post=1459"},{"taxonomy":"product_cat","embeddable":true,"href":"https:\/\/wordpress.famberg.de\/index.php\/wp-json\/wp\/v2\/product_cat?post=1459"},{"taxonomy":"product_tag","embeddable":true,"href":"https:\/\/wordpress.famberg.de\/index.php\/wp-json\/wp\/v2\/product_tag?post=1459"}],"curies":[{"name":"wp","href":"https:\/\/api.w.org\/{rel}","templated":true}]}}