{"id":1451,"date":"2024-02-24T11:27:14","date_gmt":"2024-02-24T10:27:14","guid":{"rendered":"https:\/\/wordpress.famberg.de\/index.php\/produkt\/handmuehle-mit-stahlmahlwerk-erweiterbar\/"},"modified":"2024-10-07T12:59:59","modified_gmt":"2024-10-07T10:59:59","slug":"handmuehle-mit-stahlmahlwerk-erweiterbar","status":"publish","type":"product","link":"https:\/\/wordpress.famberg.de\/index.php\/produkt\/handmuehle-mit-stahlmahlwerk-erweiterbar\/","title":{"rendered":"Messerschmidt Handm\u00fchle mit Stahlmahlwerk erweiterbar"},"content":{"rendered":"<div><div><font size=\"3\" color=\"#006600\"><b>Messerschmidt Handm\u00fchle mit Stahlmahlwerk<\/b><\/font><\/div><div><font size=\"3\"><br \/><\/font><\/div><div><font size=\"3\">Gesund in den neuen Tag! Denn frisch gepresste Flocken enthalten alle Vitamine und die wichtigsten Inhaltsstoffe des Getreides.<\/font><\/div><div><font size=\"3\">&nbsp;<\/font><\/div><div><font size=\"3\">Die handbetriebene M\u00fchle mit Stahlmahlwerk mahlt Ihr Getreide und \u00d6lsaaten &#8211; sowie Gew\u00fcrze, individuell in der gew\u00fcnschten Feinheit einstellbar. Das schnelles Mahlen von Hand, die leichte Bedienung und die Reinigung mit geringem Aufwand sollten Ihre Kaufentscheidung positiv beeinflussen.<\/font><\/div><div><font size=\"3\"><br \/><\/font><\/div><div><font size=\"3\">Beispiele zur Mahlleistung im Handbetrieb:<\/font><\/div><div><ul><li><font size=\"3\">Getreide grob geschrotet: 90 g \/ min<br \/><\/font><\/li><li><font size=\"3\">Getreide mehlfein gemahlen: 70 g \/ min<br \/><\/font><\/li><li><font size=\"3\">Mohn gequetscht: 80-100 g \/ min<br \/><\/font><\/li><li><font size=\"3\">Leinsamen geschrotet: 45-60 g \/ min<\/font><\/li><\/ul><\/div><div><font size=\"3\"><b>Produktmerkmale:<\/b><\/font><\/div><div><ul><li><font size=\"3\">Handm\u00fchle f\u00fcr&nbsp;Getreide-, und \u00d6lsaaten<\/font><\/li><li><font size=\"3\">fein\/Minute: 70 g<br \/><\/font><\/li><li><font size=\"3\">grob\/Minute: 90 g<br \/><\/font><\/li><li><font size=\"3\">Einstellung stufenlos<\/font><\/li><li><font size=\"3\">Trichterf\u00fcllmenge: 1250 g<br \/><\/font><\/li><li><font size=\"3\">Mahlwerk: Stahlkegel<br \/><\/font><\/li><li><font size=\"3\">Mahlwerksdurchmesser: 32 mm<br \/><\/font><\/li><li><font size=\"3\">Gewicht: 1,6 kg<br \/><\/font><\/li><li><font size=\"3\">Kurbelradius: 17 cm<br \/><\/font><\/li><li><font size=\"3\">Schraubzwinge f\u00fcr Tischplattenst\u00e4rke: 5,5 cm<br \/><\/font><\/li><li><font size=\"3\">Umbau in elektrisch m\u00f6glich: ja<br \/><\/font><\/li><li><font size=\"3\">Unterstellh\u00f6he der Sch\u00fcssel: 12 cm<br \/><\/font><\/li><li><font size=\"3\">Ma\u00dfe (H \/ B \/ T): 35,5 x 14 x 38,5 cm<br \/><\/font><\/li><li><font size=\"3\">Geh\u00e4usematerial: Kunststoff\/Multiplex, wei\u00df lackiert<br \/><\/font><\/li><li><font size=\"3\">Herstellergarantie: 2 Jahre<\/font><\/li><\/ul><\/div><div><font size=\"3\">Weitere Vors\u00e4tze wie Getreideflocker oder Frischkostraffel mit verschiedenen Trommeln zum Raspeln, Reiben oder Stifteln sind in unserem Shop erh\u00e4ltlich und erg\u00e4nzen diese Handm\u00fchle.<\/font><\/div><\/div><div><span style=\"font-weight: bold\"><font size=\"3\"><\/p><div>&nbsp;<\/div><p><\/font><\/span><\/div>","protected":false},"excerpt":{"rendered":"<p>Messerschmidt Handm\u00fchle mit StahlmahlwerkGesund in den neuen Tag! Denn frisch gepresste Flocken enthalten alle Vitamine und die wichtigsten Inhaltsstoffe des Getreides.&nbsp;Die handbetriebene M\u00fchle mit Stahlmahlwerk mahlt Ihr Getreide und \u00d6lsaaten &#8211; sowie Gew\u00fcrze, individuell in der gew\u00fcnschten Feinheit einstellbar. Das schnelles Mahlen von Hand, die leichte Bedienung und die Reinigung mit geringem Aufwand sollten Ihre [&hellip;]<\/p>\n","protected":false},"featured_media":440,"template":"","meta":[],"product_brand":[],"product_cat":[182],"product_tag":[],"class_list":{"0":"post-1451","1":"product","2":"type-product","3":"status-publish","4":"has-post-thumbnail","6":"product_cat-handmuehlen","8":"first","9":"instock","10":"taxable","11":"shipping-taxable","12":"purchasable","13":"product-type-simple"},"supplier_id":1283,"supplier_sku":"052-001","barcode":null,"atum_controlled":false,"out_stock_date":null,"out_stock_threshold":null,"inheritable":false,"inbound_stock":null,"stock_on_hold":0,"sold_today":0,"sales_last_days":0,"reserved_stock":null,"customer_returns":null,"warehouse_damage":null,"lost_in_post":null,"other_logs":null,"out_stock_days":0,"lost_sales":0,"has_location":null,"update_date":"2025-07-05T07:33:10","atum_locations":[],"atum_stock_status":"instock","restock_status":false,"low_stock_amount":"","sales_update_date":"2025-07-05T07:33:10","calc_backorders":null,"_links":{"self":[{"href":"https:\/\/wordpress.famberg.de\/index.php\/wp-json\/wp\/v2\/product\/1451","targetHints":{"allow":["GET"]}}],"collection":[{"href":"https:\/\/wordpress.famberg.de\/index.php\/wp-json\/wp\/v2\/product"}],"about":[{"href":"https:\/\/wordpress.famberg.de\/index.php\/wp-json\/wp\/v2\/types\/product"}],"wp:featuredmedia":[{"embeddable":true,"href":"https:\/\/wordpress.famberg.de\/index.php\/wp-json\/wp\/v2\/media\/440"}],"wp:attachment":[{"href":"https:\/\/wordpress.famberg.de\/index.php\/wp-json\/wp\/v2\/media?parent=1451"}],"wp:term":[{"taxonomy":"product_brand","embeddable":true,"href":"https:\/\/wordpress.famberg.de\/index.php\/wp-json\/wp\/v2\/product_brand?post=1451"},{"taxonomy":"product_cat","embeddable":true,"href":"https:\/\/wordpress.famberg.de\/index.php\/wp-json\/wp\/v2\/product_cat?post=1451"},{"taxonomy":"product_tag","embeddable":true,"href":"https:\/\/wordpress.famberg.de\/index.php\/wp-json\/wp\/v2\/product_tag?post=1451"}],"curies":[{"name":"wp","href":"https:\/\/api.w.org\/{rel}","templated":true}]}}