{"id":1450,"date":"2024-02-24T11:27:13","date_gmt":"2024-02-24T10:27:13","guid":{"rendered":"https:\/\/wordpress.famberg.de\/index.php\/produkt\/flockenhandmuehle-handbetrieben-erweiterbar\/"},"modified":"2024-10-07T12:59:59","modified_gmt":"2024-10-07T10:59:59","slug":"flockenhandmuehle-handbetrieben-erweiterbar","status":"publish","type":"product","link":"https:\/\/wordpress.famberg.de\/index.php\/produkt\/flockenhandmuehle-handbetrieben-erweiterbar\/","title":{"rendered":"Messerschmidt Flockenhandm\u00fchle handbetrieben erweiterbar"},"content":{"rendered":"<div><div><font size=\"3\" color=\"#006600\"><b>Flockenhandm\u00fchle<\/b><\/font><\/div><div><font size=\"3\"><br \/><\/font><\/div><div><font size=\"3\">Gesund&nbsp; in den neuen Tag! &#8230; Denn frisch gepre\u00dfte Flocken enhalten alle Vitamine und die wichtigsten Inhaltsstoffe des Getreides.<\/font><\/div><div><font size=\"3\">&nbsp;<\/font><\/div><div><font size=\"3\">Die handbetriebene Flockenm\u00fchle flockt alle Getreidesorten (au\u00dfer Mais) schonend und einfach. \u00d6lsaaten f\u00fcr ihr M\u00fcsli z.B. Leinsamen oder Sesam, ebenso Gew\u00fcrze wie Pfeffer, Fenchel, K\u00fcmmel oder Koriander lassen sich hervorragend verarbeiten. Mohn ist allerdings zu klein f\u00fcr diese Flockenquetsche.<\/font><\/div><div><font size=\"3\"><br \/><\/font><\/div><div><font size=\"3\">Messerschmidt Flockenhandm\u00fchle<\/font><\/div><div><font size=\"3\">Einfache Bedienung &#8211; gro\u00dfer Trichterinhalt. Sie m\u00fcssen nur das gew\u00fcnschte Getreide einf\u00fcllen und in kurzer Zeit sind Ihre frisch gequetschen Flocken fertig. Reine Getreidemischungen lassen sich genau so m\u00fchelos zu Flocken verarbeiten wie Mischungen aus Getreide, \u00d6lsaaten und Gew\u00fcrzen.<\/font><\/div><div><font size=\"3\"><br \/><\/font><\/div><div><font size=\"3\">Flockleistung: 100 g\/Minute<\/font><\/div><div><font size=\"3\">Flockgut: alle Getreide (au\u00dfer Mais), \u00d6lsaaten und Gew\u00fcrze<\/font><\/div><div><font size=\"3\">Trichterf\u00fcllmenge: 1250 g<\/font><\/div><div><font size=\"3\">Flockenwerk: geh\u00e4rtete R\u00e4ndelwalze, Stahlkeil<\/font><\/div><div><font size=\"3\">Verstellbarkeit: keine Verstellung m\u00f6glich<\/font><\/div><div><font size=\"3\">Walzendurchmesser: 32 mm<\/font><\/div><div><font size=\"3\">Gewicht: 1,85 kg<\/font><\/div><div><font size=\"3\">H\u00f6he \/ Breite \/ Tiefe: 320 \/ 150 \/ 380 mm<\/font><\/div><div><font size=\"3\">Material: Multiplex \/ Kunststoff, wei\u00df<\/font><\/div><div><font size=\"3\"><br \/><\/font><\/div><div><font size=\"3\">Die stabile Schraubzwinge f\u00fcr bis zu 65 mm dicke Tischplatten ist im Lieferumfang enthalten.<\/font><\/div><\/div>","protected":false},"excerpt":{"rendered":"<p>Flockenhandm\u00fchleGesund&nbsp; in den neuen Tag! &#8230; Denn frisch gepre\u00dfte Flocken enhalten alle Vitamine und die wichtigsten Inhaltsstoffe des Getreides.&nbsp;Die handbetriebene Flockenm\u00fchle flockt alle Getreidesorten (au\u00dfer Mais) schonend und einfach. \u00d6lsaaten f\u00fcr ihr M\u00fcsli z.B. Leinsamen oder Sesam, ebenso Gew\u00fcrze wie Pfeffer, Fenchel, K\u00fcmmel oder Koriander lassen sich hervorragend verarbeiten. Mohn ist allerdings zu klein f\u00fcr [&hellip;]<\/p>\n","protected":false},"featured_media":435,"template":"","meta":[],"product_brand":[],"product_cat":[182],"product_tag":[],"class_list":{"0":"post-1450","1":"product","2":"type-product","3":"status-publish","4":"has-post-thumbnail","6":"product_cat-handmuehlen","8":"first","9":"instock","10":"taxable","11":"shipping-taxable","12":"purchasable","13":"product-type-simple"},"supplier_id":1283,"supplier_sku":"052-688","barcode":null,"atum_controlled":false,"out_stock_date":null,"out_stock_threshold":null,"inheritable":false,"inbound_stock":null,"stock_on_hold":0,"sold_today":0,"sales_last_days":0,"reserved_stock":null,"customer_returns":null,"warehouse_damage":null,"lost_in_post":null,"other_logs":null,"out_stock_days":0,"lost_sales":0,"has_location":null,"update_date":"2024-10-07T11:00:15","atum_locations":[],"atum_stock_status":"instock","restock_status":false,"low_stock_amount":"","sales_update_date":"2024-09-24T09:52:59","calc_backorders":null,"_links":{"self":[{"href":"https:\/\/wordpress.famberg.de\/index.php\/wp-json\/wp\/v2\/product\/1450","targetHints":{"allow":["GET"]}}],"collection":[{"href":"https:\/\/wordpress.famberg.de\/index.php\/wp-json\/wp\/v2\/product"}],"about":[{"href":"https:\/\/wordpress.famberg.de\/index.php\/wp-json\/wp\/v2\/types\/product"}],"wp:featuredmedia":[{"embeddable":true,"href":"https:\/\/wordpress.famberg.de\/index.php\/wp-json\/wp\/v2\/media\/435"}],"wp:attachment":[{"href":"https:\/\/wordpress.famberg.de\/index.php\/wp-json\/wp\/v2\/media?parent=1450"}],"wp:term":[{"taxonomy":"product_brand","embeddable":true,"href":"https:\/\/wordpress.famberg.de\/index.php\/wp-json\/wp\/v2\/product_brand?post=1450"},{"taxonomy":"product_cat","embeddable":true,"href":"https:\/\/wordpress.famberg.de\/index.php\/wp-json\/wp\/v2\/product_cat?post=1450"},{"taxonomy":"product_tag","embeddable":true,"href":"https:\/\/wordpress.famberg.de\/index.php\/wp-json\/wp\/v2\/product_tag?post=1450"}],"curies":[{"name":"wp","href":"https:\/\/api.w.org\/{rel}","templated":true}]}}