{"id":1440,"date":"2024-02-24T11:26:55","date_gmt":"2024-02-24T10:26:55","guid":{"rendered":"https:\/\/wordpress.famberg.de\/index.php\/produkt\/raclettegeraet-kaeseraclette-party-1-4-kaeselaib-raclette-kaese\/"},"modified":"2024-12-13T20:48:56","modified_gmt":"2024-12-13T19:48:56","slug":"raclettegeraet-kaeseraclette-party-1-4-kaeselaib-raclette-kaese","status":"publish","type":"product","link":"https:\/\/wordpress.famberg.de\/index.php\/produkt\/raclettegeraet-kaeseraclette-party-1-4-kaeselaib-raclette-kaese\/","title":{"rendered":"TTM Racletteger\u00e4t K\u00e4seraclette Party 1\/4 K\u00e4selaib Raclette K\u00e4se"},"content":{"rendered":"<div><span style=\"font-size: medium;\"><strong><strong><span style=\"color: #990000;\">Racletteger\u00e4t Party f\u00fcr 1\/4 K\u00e4selaib<\/span><\/strong><br \/>Spezialit\u00e4ten am Tisch zubereitet &#8211; Stressfrei und gem\u00fctlich &#8211; k\u00f6stliche\u00a0Leckereien f\u00fcr Freunde oder Familie zubereiten &#8211; ein K\u00e4seraclette schafft eine gem\u00fctliche und kommunikative Atmosph\u00e4re. <\/strong>Holen Sie sich den Zauber der Berge nach Hause.<\/span><\/div><div><span style=\"font-size: medium;\">\u00a0<\/span><\/div><div><span style=\"font-size: medium;\">Das kleine Tischmodell &#8222;Party&#8220; erm\u00f6glicht die Zubereitung des original Raclette schon ab zwei Personen. Der 1\/4 K\u00e4selaib wird auf\u00a0die bewegliche\u00a0Vorrichtung\u00a0befestigt und unter die Heizplatte geschoben. Der geschmolzene K\u00e4se wird Schicht f\u00fcr Schicht auf einen Teller abgeschabt.<br \/>Der Arm des K\u00e4sehalters ist schwenkbar und f\u00fcr ein viertel Laib Raclettek\u00e4se geeignet. Die Grilllampe hat eine Leistung von 600 Watt, somit kann schon nach wenigen Minuten der K\u00e4se auf die Teller portioniert und gleich hei\u00df verzehrt werden. Das Raclettger\u00e4t ist aus vernickeltem und thermolackiertem Stahlblech gefertigt. <\/span><\/div><div><span style=\"font-size: medium;\"><br \/>Technische Daten:<br \/><\/span><\/div><ul><li><span style=\"font-size: medium;\">Leistung: 600 Watt<\/span><\/li><li><span style=\"font-size: medium;\">Spannung: 230<br \/><\/span><\/li><li><span style=\"font-size: medium;\">Gewicht: 3,0 kg<br \/><\/span><\/li><li><span style=\"font-size: medium;\">Abmessungen: ca. 24 x 28 x 34 cm<\/span><\/li><\/ul><div><span style=\"font-size: medium;\">\u00a0Das Raclettemesser geh\u00f6rt nicht zum Lieferumfang, ist aber als Aktions-Set in unserem Shop erh\u00e4ltlich.<\/span><\/div><div><span style=\"font-size: medium;\">\u00a0<\/span><\/div><div><strong><span style=\"font-size: medium;\">Lieferumfang: Racletegr\u00e4t<\/span><\/strong><\/div><div><strong><span style=\"font-size: medium;\">Ohne K\u00e4selaib und Dekoration<\/span><\/strong><\/div><div><\/div><div><p>Die 2-Jahres-Garantie gilt f\u00fcr alle auftretenden Material- und Verarbeitungsfehler und richtet sich nach Wahl des Importeurs auf Ersatz, Reparatur oder Erstattung. Sie umfasst nicht den Ersatz von Folgesch\u00e4den, gilt nicht bei Verlust oder bei nat\u00fcrlichem Verschlei\u00df oder bei Sch\u00e4den, die auf unsachgem\u00e4\u00dfem Gebrauch oder mangelnder oder unsachgem\u00e4\u00dfer Pflege beruhen.<br \/>Durch die Herstellergarantie werden die gesetzlichen Rechte aus der Gew\u00e4hrleistung nicht eingeschr\u00e4nkt.<\/p><p>Garantiegeber:<br \/>LUBA GmbH<br \/>Ober-Eschbacher Stra\u00dfe 37<br \/>61352 Bad Homburg<\/p><p>Die Garantie gilt, sofern nicht anders angegeben, f\u00fcr Deutschland. N\u00e4here Angaben finden Sie in Ihren Garantieunterlagen, welche dem Ger\u00e4t beigef\u00fcgt sind.<\/p><\/div>","protected":false},"excerpt":{"rendered":"<p>Racletteger\u00e4t Party f\u00fcr 1\/4 K\u00e4selaibSpezialit\u00e4ten am Tisch zubereitet &#8211; Stressfrei und gem\u00fctlich &#8211; k\u00f6stliche\u00a0Leckereien f\u00fcr Freunde oder Familie zubereiten &#8211; ein K\u00e4seraclette schafft eine gem\u00fctliche und kommunikative Atmosph\u00e4re. Holen Sie sich den Zauber der Berge nach Hause.\u00a0Das kleine Tischmodell &#8222;Party&#8220; erm\u00f6glicht die Zubereitung des original Raclette schon ab zwei Personen. Der 1\/4 K\u00e4selaib wird auf\u00a0die [&hellip;]<\/p>\n","protected":false},"featured_media":415,"template":"","meta":[],"product_brand":[],"product_cat":[134],"product_tag":[],"class_list":{"0":"post-1440","1":"product","2":"type-product","3":"status-publish","4":"has-post-thumbnail","6":"product_cat-kuechengeraete","7":"product_shipping_class-paketversand","9":"first","10":"instock","11":"taxable","12":"shipping-taxable","13":"purchasable","14":"product-type-simple"},"supplier_id":1283,"supplier_sku":"810-001","barcode":null,"atum_controlled":true,"out_stock_date":null,"out_stock_threshold":null,"inheritable":false,"inbound_stock":0,"stock_on_hold":0,"sold_today":0,"sales_last_days":2,"reserved_stock":null,"customer_returns":null,"warehouse_damage":null,"lost_in_post":null,"other_logs":null,"out_stock_days":0,"lost_sales":0,"has_location":false,"update_date":"2024-12-13T19:48:59","atum_locations":[],"atum_stock_status":"instock","restock_status":false,"low_stock_amount":"","sales_update_date":"2024-12-11T18:17:34","calc_backorders":null,"_links":{"self":[{"href":"https:\/\/wordpress.famberg.de\/index.php\/wp-json\/wp\/v2\/product\/1440","targetHints":{"allow":["GET"]}}],"collection":[{"href":"https:\/\/wordpress.famberg.de\/index.php\/wp-json\/wp\/v2\/product"}],"about":[{"href":"https:\/\/wordpress.famberg.de\/index.php\/wp-json\/wp\/v2\/types\/product"}],"wp:featuredmedia":[{"embeddable":true,"href":"https:\/\/wordpress.famberg.de\/index.php\/wp-json\/wp\/v2\/media\/415"}],"wp:attachment":[{"href":"https:\/\/wordpress.famberg.de\/index.php\/wp-json\/wp\/v2\/media?parent=1440"}],"wp:term":[{"taxonomy":"product_brand","embeddable":true,"href":"https:\/\/wordpress.famberg.de\/index.php\/wp-json\/wp\/v2\/product_brand?post=1440"},{"taxonomy":"product_cat","embeddable":true,"href":"https:\/\/wordpress.famberg.de\/index.php\/wp-json\/wp\/v2\/product_cat?post=1440"},{"taxonomy":"product_tag","embeddable":true,"href":"https:\/\/wordpress.famberg.de\/index.php\/wp-json\/wp\/v2\/product_tag?post=1440"}],"curies":[{"name":"wp","href":"https:\/\/api.w.org\/{rel}","templated":true}]}}