{"id":1439,"date":"2024-02-24T11:26:54","date_gmt":"2024-02-24T10:26:54","guid":{"rendered":"https:\/\/wordpress.famberg.de\/index.php\/produkt\/doerrgeraet-mit-timer-3-kunststoff-gitter\/"},"modified":"2024-10-07T12:59:59","modified_gmt":"2024-10-07T10:59:59","slug":"doerrgeraet-mit-timer-3-kunststoff-gitter","status":"publish","type":"product","link":"https:\/\/wordpress.famberg.de\/index.php\/produkt\/doerrgeraet-mit-timer-3-kunststoff-gitter\/","title":{"rendered":"St\u00f6ckli D\u00f6rrger\u00e4t mit Timer 3 Kunststoff-Gitter"},"content":{"rendered":"<p><span style=\"font-size: medium;\"><span style=\"color: #006600;\"><b>St\u00f6ckli D\u00f6rrger\u00e4t * mit Timer inkl. 3 Kunststoff-D\u00f6rrgittern<\/b><\/span><br \/>D\u00f6rren ist die nat\u00fcrlichste und einfachste Art Fr\u00fcchte, Gem\u00fcse, Pilze und Kr\u00e4uter dauerhaft zu konservieren. Ged\u00f6rrte Lebensmittel behalten Ihren hohen N\u00e4hrwert und ist daher nicht nur schmackhaft, sondern auch sehr gesund. Richtig ged\u00f6rrte Nahrungsmittel ben\u00f6tigen keine Konservierungsmittel und werden &#8211; im Gegensatz zu handels\u00fcblichem D\u00f6rrgut &#8211; nicht geschwefelt. Dank dem ST\u00d6CKLI D\u00f6rrger\u00e4t k\u00f6nnen frische Lebensmittel in der jeweiligen Saison verarbeitet und \u00fcber viele Monate gelagert werden.<\/p><p>St\u00f6ckli D\u00f6rrger\u00e4t mit <span style=\"font-weight: bold;\">pflegefreundlichem Kunststoffgeh\u00e4use <\/span><span style=\"font-weight: bold;\">stufenloser Temperatur-feineinstellung<\/span> und <span style=\"font-weight: bold;\">aktiver<\/span> <span style=\"font-weight: bold;\">Warmluft<\/span><span style=\"font-weight: bold;\">zirkulation<\/span>. Die<br \/>verschiedenen D\u00f6rrzeiten f\u00fcr das jeweilige D\u00f6rrgut sind auf dem<br \/>transparenten Deckel eingepr\u00e4gt, die LED-Anzeige leuchtet, wenn die<br \/>Heizung in Betrieb ist. Mit dem Timer k\u00f6nnen Sie die D\u00f6rrzeit bis zu 12 Stunden regeln. Das Ger\u00e4t schaltet anschlie\u00dfend selbstst\u00e4ndig ab.<br \/>Dieser D\u00f6rrautomat kann mit bis zu 10 D\u00f6rrgittern arbeiten, Sie erhalten zusammen mit dem Ger\u00e4t <b>inkl. drei geschmacksneutraler Kunststoffd\u00f6rrgitter<\/b>.<br \/>Zusatzgitter sind hier im Shop erh\u00e4ltlich. Am Besten gleich<br \/>mitbestellen. Die Gitter sind sp\u00fclmaschinengeeignet.<br \/><span style=\"font-weight: bold;\"><br \/><\/span><strong>Produktmerkmale:<br \/><\/strong><\/span><\/p><ul><li><span style=\"font-size: medium;\">Temperatureinstellung, stufenlos zwischen 30\u00b0C und 70\u00b0C<\/span><\/li><li><span style=\"font-size: medium;\">Timerfunktion<br \/><\/span><\/li><li><span style=\"font-size: medium;\">aktive Warmluftzirkulierung f\u00fcr ein gleichm\u00e4\u00dfiges Ergebnis<\/span><\/li><li><span style=\"font-size: medium;\">inklusive 3 Kunststoffgitter (Kunststoffrahmen und INOX-Gitter) f\u00fcr 1,5 kg D\u00f6rrgut<\/span><\/li><li><span style=\"font-size: medium;\">pflegeleichtes Kunststoffgeh\u00e4use, hellgrau<\/span><\/li><li><span style=\"font-size: medium;\">Ma\u00dfe (Hxd) in cm: 28 x 33,5<\/span><\/li><li><span style=\"font-size: medium;\">Leistung 600 W<\/span><\/li><li><span style=\"font-size: medium;\">Swiss Made<br \/><\/span><\/li><\/ul><p><span style=\"font-size: medium;\"><b>Lieferumfang:<\/b><\/span><\/p><ul><li><span style=\"font-size: medium;\"> St\u00f6ckli D\u00f6rrger\u00e4tmit Timer<br \/><\/span><\/li><li><span style=\"font-size: medium;\">transparenter Deckel und Kabel<br \/><\/span><\/li><li><span style=\"font-size: medium;\">3 St\u00fcck geschacksneutrale Kunststoff-D\u00f6rrgitter<\/span><\/li><li><span style=\"font-size: medium;\">ausf\u00fchrliche Bedienungsanleitung <\/span><\/li><\/ul><p><span style=\"font-size: medium;\"><b>Zur Auswahl steht auch nur das Ger\u00e4t mit Timer.<\/b><br \/><\/span><\/p>","protected":false},"excerpt":{"rendered":"<p>St\u00f6ckli D\u00f6rrger\u00e4t * mit Timer inkl. 3 Kunststoff-D\u00f6rrgitternD\u00f6rren ist die nat\u00fcrlichste und einfachste Art Fr\u00fcchte, Gem\u00fcse, Pilze und Kr\u00e4uter dauerhaft zu konservieren. Ged\u00f6rrte Lebensmittel behalten Ihren hohen N\u00e4hrwert und ist daher nicht nur schmackhaft, sondern auch sehr gesund. Richtig ged\u00f6rrte Nahrungsmittel ben\u00f6tigen keine Konservierungsmittel und werden &#8211; im Gegensatz zu handels\u00fcblichem D\u00f6rrgut &#8211; nicht geschwefelt. [&hellip;]<\/p>\n","protected":false},"featured_media":409,"template":"","meta":[],"product_brand":[],"product_cat":[134],"product_tag":[],"class_list":{"0":"post-1439","1":"product","2":"type-product","3":"status-publish","4":"has-post-thumbnail","6":"product_cat-kuechengeraete","7":"product_shipping_class-direkt-luba","9":"first","10":"instock","11":"taxable","12":"shipping-taxable","13":"purchasable","14":"product-type-simple"},"supplier_id":1283,"supplier_sku":"007-672","barcode":null,"atum_controlled":false,"out_stock_date":null,"out_stock_threshold":null,"inheritable":false,"inbound_stock":0,"stock_on_hold":0,"sold_today":1,"sales_last_days":1,"reserved_stock":null,"customer_returns":null,"warehouse_damage":null,"lost_in_post":null,"other_logs":null,"out_stock_days":0,"lost_sales":0,"has_location":false,"update_date":"2025-01-22T19:12:31","atum_locations":[],"atum_stock_status":"instock","restock_status":false,"low_stock_amount":"","sales_update_date":"2025-01-22T19:12:31","calc_backorders":null,"_links":{"self":[{"href":"https:\/\/wordpress.famberg.de\/index.php\/wp-json\/wp\/v2\/product\/1439","targetHints":{"allow":["GET"]}}],"collection":[{"href":"https:\/\/wordpress.famberg.de\/index.php\/wp-json\/wp\/v2\/product"}],"about":[{"href":"https:\/\/wordpress.famberg.de\/index.php\/wp-json\/wp\/v2\/types\/product"}],"wp:featuredmedia":[{"embeddable":true,"href":"https:\/\/wordpress.famberg.de\/index.php\/wp-json\/wp\/v2\/media\/409"}],"wp:attachment":[{"href":"https:\/\/wordpress.famberg.de\/index.php\/wp-json\/wp\/v2\/media?parent=1439"}],"wp:term":[{"taxonomy":"product_brand","embeddable":true,"href":"https:\/\/wordpress.famberg.de\/index.php\/wp-json\/wp\/v2\/product_brand?post=1439"},{"taxonomy":"product_cat","embeddable":true,"href":"https:\/\/wordpress.famberg.de\/index.php\/wp-json\/wp\/v2\/product_cat?post=1439"},{"taxonomy":"product_tag","embeddable":true,"href":"https:\/\/wordpress.famberg.de\/index.php\/wp-json\/wp\/v2\/product_tag?post=1439"}],"curies":[{"name":"wp","href":"https:\/\/api.w.org\/{rel}","templated":true}]}}