{"id":1435,"date":"2024-02-24T11:26:47","date_gmt":"2024-02-24T10:26:47","guid":{"rendered":"https:\/\/wordpress.famberg.de\/index.php\/produkt\/vakuumiergeraet-v-300-premium-x-schweissnaht-70-e-zubehoer-gratis\/"},"modified":"2025-05-07T18:27:44","modified_gmt":"2025-05-07T16:27:44","slug":"vakuumiergeraet-v-300-premium-x-schweissnaht-70-e-zubehoer-gratis","status":"publish","type":"product","link":"https:\/\/wordpress.famberg.de\/index.php\/produkt\/vakuumiergeraet-v-300-premium-x-schweissnaht-70-e-zubehoer-gratis\/","title":{"rendered":"Vakuumierger\u00e4t V.300 Premium X Schwei\u00dfnaht 70 \u20ac Zubeh\u00f6r Gratis"},"content":{"rendered":"<p><span style=\"font-size: medium;\"><strong>\u00a0<\/strong><\/span><span style=\"color: #009900; font-size: medium;\"><strong>Inklusive Absaugvorrichtung &amp; Beutel-Start-Set + Zubeh\u00f6r Gratiszugabe &#8211; siehe weiter unten aktuelle Aktion<\/strong><span style=\"color: #000000;\"><span style=\"font-size: small;\"><br \/><\/span><\/span><\/span><\/p><p><span style=\"color: #009900; font-size: medium;\"><strong><span style=\"color: #000000;\">W\u00e4hlen Sie aus welches Set Sie w\u00fcnschen.<\/span><strong><br \/><\/strong><\/strong><\/span><\/p><p><span style=\"font-size: medium;\">\u00a0<\/span><span style=\"font-size: medium;\"><b>Warum Lava Vakuumierger\u00e4te?<\/b><b> <\/b>Das Lava Vakuumierger\u00e4t<br \/><\/span><\/p><ul><li><span style=\"font-size: medium;\">hat eine lange Lebensdauer,<\/span><\/li><li><span style=\"font-size: medium;\">ist gefertigt in Deutschland,<\/span><\/li><li><span style=\"font-size: medium;\">ist geeignet f\u00fcr Gastronomie und Gewerbe,<\/span><\/li><li><span style=\"font-size: medium;\">ist f\u00fcr den Einsatz mit Beuteln und Beh\u00e4ltern geeignet,<\/span><\/li><li><span style=\"font-size: medium;\">ist f\u00fcr den t\u00e4glichen Dauereinsatz konzipiert,<\/span><\/li><li><span style=\"font-size: medium;\">kann auch f\u00fcr druckempfindliche Lebensmittel eingesetzt werden.<\/span><\/li><\/ul><p><span style=\"font-size: medium;\">Ein Lava-Vakuumierger\u00e4t ist eine langfristige Investition und hat eine durchschnittliche Lebensdauer von 15 Jahren! Herstellergarantie von 2 Jahren.<br \/><b>Hier im Shop optional erh\u00e4ltlich &#8211; Eine Garantieverl\u00e4ngerung auf 5 Jahre <\/b><br \/>Garantie nur direkt beim Ger\u00e4tekauf abschlie\u00dfbar.<br \/>G\u00fcltig nur mit der vollst\u00e4ndig ausgef\u00fcllten &#8222;Lava-5-Jahres-Garantiekarte&#8220;, welche jedem Produkt mit verl\u00e4ngerter Garantie beigef\u00fcgt ist (Fragen Sie unbedingt Ihren H\u00e4ndler). Ohne diese Garantiekarte ist die Anerkennung der 5-Jahres-Garantie nicht m\u00f6glich.<\/span><\/p><p><img decoding=\"async\" src=\"https:\/\/ebaylayout.famberg.de\/userfiles\/LavaSets.png\" alt=\"Aktion\" align=\"none\" \/><\/p><p>&nbsp;<\/p><div style=\"clear: both; margin: 10px; border: 1px solid; padding: 20px;\"><h1><span style=\"font-size: medium;\">Warum ein Lava V.300 Premium X?<\/span><\/h1><p><span style=\"font-size: medium;\">Das Profi &#8211; Vakuumierger\u00e4t V.300\u00ae mit einer Schwei\u00dfbandl\u00e4nge von 35 cm, ist das mit Abstand meistverkaufte Vakuumierger\u00e4t. Besonders hervorzuheben ist die exakte Manometer-Anzeige, die vollautomatische<br \/>Arbeitsweise und der maximal erreichbare Unterdruck von -0,90 bar. Das Vakuumierger\u00e4t kommt sowohl im Haushalts-, Gastronomie- und Kleingewerbebereich, als auch in der Industrie zum Einsatz. <\/span><\/p><h2><span style=\"font-size: medium;\"><span style=\"font-weight: normal;\">Herausnehmbarer Fl\u00fcssigkeitsabscheider<\/span><\/span><\/h2><p><span style=\"font-size: medium;\">Nur in einem Lava: Sch\u00fctzt die Pumpe effektiv vor dem Eindringen von Fl\u00fcssigkeiten \u2013 der Abscheider ist bei einem Lava (V.100 bis V.333) einfach herauszunehmen und zu entleeren. Zus\u00e4tzlich gibt es bei einem Lava im Ansaug-Bereich eine Vertiefung wo sich Fl\u00fcssigkeiten sammeln. <\/span><\/p><h2><span style=\"font-size: medium;\"><span style=\"font-weight: normal;\">Sanftes Vakuum, mit der Druckregulierung L+<\/span><\/span><\/h2><p><span style=\"font-size: medium;\">Das gibt es nur bei Lava. Schlu\u00df mit zusammen-gedr\u00fcckter empfindlicher Ware. Gegen\u00fcber anderen Ger\u00e4ten die nur \u00fcber eine \u201eStopp-Puls-oder Schwei\u00dftaste das Vakuumieren unterbrechen\u201c kann bei einem Lava der Unterdruck exakt von -0,2 bar bis zum max. Unterdruck reguliert werden, das sanfte Vakuum f\u00fcr empfindliche Produkte. Dabei empfiehlt ich ein Vakuumierger\u00e4t mit Manometer (ab V.300).<\/span><\/p><h2><span style=\"font-size: medium;\"><span style=\"font-weight: normal;\">stufenlos regulierbare Schwei\u00dfzeit<\/span><\/span><\/h2><p><span style=\"font-size: medium;\">Mit einem Lava k\u00f6nnen alle Folien bis zu 200 m\u00b5 zuverl\u00e4ssig geschwei\u00dft werden. Jedes Lava hat eine stufenlos regulierbare Schwei\u00dfzeit und passt sich damit stets optimal dem zu verpackenden Vakuumbeutel an. Vakuumiert und verschwei\u00dft werden k\u00f6nnen Struktur-Vakuumbeutel, Siegelrand-Vakuumbeutel sowie Alu- oder i-vac ESD- bzw. EMI-Shielding Vakuumbeutel. <\/span><\/p><h2><span style=\"font-size: medium;\"><span style=\"font-weight: normal;\">Servicefreundliche Bauart 2\u00a0<\/span><\/span><\/h2><p><span style=\"font-size: medium;\">Alle Dichtungen im Ger\u00e4t sind nicht verklebt sondern nur gesteckt \u2013 ebenso kann das Schwei\u00dfband einfach und schnell wieder selbst erneuert werden (einfach neu aufkleben), das geht bei den meisten anderen Ger\u00e4ten in diesem Bereich nicht, ohne das Ger\u00e4t einzuschicken. Hoher UnterdruckEin maximal erreichbarer Unterdruck von\u00a0 -0,90 bar bei den Modellen V.100 bis V.300 Premium sch\u00fctzt Ihre Produkte noch l\u00e4nger und<br \/>h\u00e4lt diese frisch. Das Modell V.500 erreicht durch 3 Pumpen und 3 Motoren sogar bis zu -0,97 bar.Dauereinsatz m\u00f6glichBei vielen Vakuumierger\u00e4ten am Markt muss nach jedem Schwei\u00dfvorgang eine Zwangspause eingelegt werden damit sich der Trafo abk\u00fchlen kann. Dank eines \u00fcberdimensional ausgelegten Schwei\u00dftrafos sind Lava-Vakuumierger\u00e4te besonders robust und zuverl\u00e4ssig. Eine \u00dcberhitzung ist nahezu ausgeschlossen. Ein Lava ist damit f\u00fcr einen gewerblichen Dauereinsatz geeignet und schafft problemlos mehr als 1000 Vakuumvorg\u00e4nge hintereinander am St\u00fcck. Vakuumieren von glatten BeutelnSchlu\u00df mit teuren Vakuumbeuteln! Das Vakuumieren in preiswerten Standard-Vakuumbeuteln (ab 120 m\u00b5) ist bei einem Lava durch die einzigartige Beutel-Anschlagsleiste und der hohen Schwei\u00dfleistung des gro\u00dfen Schwei\u00dftrafos m\u00f6glich: Den Siegelrandbeutel oben \u00fcberlappen lassen und unter die Anschlagsleiste legen, das Ger\u00e4t schlie\u00dfen \u2013 der Vakuumvorgang dauert zwar etwas l\u00e4nger aber die Qualit\u00e4t des Vakuums und der Schwei\u00dfnaht ist perfekt<\/span><\/p><h2><span style=\"font-size: medium;\"><span style=\"font-weight: normal;\">geringe Folgekosten<\/span><\/span><\/h2><p><span style=\"font-size: medium;\">Alle Dichtungen im Ger\u00e4t sind nicht verklebt sondern nur gesteckt \u2013 ebenso kann das Schwei\u00dfband einfach und schnell wieder selbst erneuert werden (einfach neu aufkleben), das geht bei den meisten anderen Ger\u00e4ten in diesem Bereich nicht, ohne das Ger\u00e4t einzuschicken.Ein wichtiges Kaufargument ist auch, dass Lava gegen\u00fcber vielen Wettbewerbsger\u00e4ten nicht nur eine gro\u00dfe Elektronik mit Drucktasten verwendet, \u00fcber die alle Funktionen des Ger\u00e4tes gesteuert werden. Bei einem Lava ist jeder Schalter und jede Anzeige einzeln erh\u00e4ltlich, schnell im Servicefall getauscht und es werden keine hohen Kosten verursacht.Keine teuren<br \/>Wartungsintervalle mit \u00d6lwechsel oder Service, wie teilweise bei Kammerger\u00e4ten (Ger\u00e4te mit Innenkammer) notwendig. Die Folgekosten sind entsprechend gering und damit lohnt sich die Anschaffung eines Lava<br \/>Vakuumierger\u00e4tes doppelt.<\/span><\/p><\/div><div style=\"margin: 10px; border: 1px solid; padding: 20px;\"><h3><span style=\"font-size: medium;\">Der Vorteil der Premiumklasse:<\/span><\/h3><h4><span style=\"font-size: medium;\">Doppelte Schwei\u00dfnaht<\/span><\/h4><p><span style=\"font-size: medium;\">In diesem Preissegment einzigartig ist die stabile doppelte Schwei\u00dfnaht. Durch dieses Plus an Qualit\u00e4t garantiert das Ger\u00e4t auch bei erh\u00f6htem Fl\u00fcssigkeitsanteil der Ware eine 100% luftdichte Schwei\u00dfnaht. Damit die Luft garantiert drau\u00dfen und der Geschmack drin bleibt. Durch die doppelte Schwei\u00dfnaht wird das Vakuum 2-fach abgesichert. 2 starke und 3-5 mm breite Schwei\u00dfn\u00e4hte sorgen f\u00fcr ein Plus an Qualit\u00e4t bei der Lebensmittelhaltbarkeit.<br \/><\/span><\/p><h4><span style=\"font-size: medium;\">Lava Turbo Pumpsystem (LTP\u00ae)<\/span><\/h4><p><span style=\"font-size: medium;\">Noch schnelleres Arbeiten mit dem innovativen Lava Turbo Pumpsystem \u2013 Lava bietet damit die leistungsst\u00e4rksten Vakuumierger\u00e4te in dieser Klasse an! Das Turbo-Pump-System mit einer Pumpleistung von bis zu 35 ltr.\/Minute beim V.100 bis V.400 ist perfekt um vor allem gro\u00dfe Beutel innerhalb von wenigen Sekunden zu vakuumieren. Das ist m\u00f6glich dank dem Einsatz von besonders hochwertigen Lava-Kolbenpumpen, die besonders laufruhig, leistungsstark und bis zu 2-fach kugelgelagert sind.<br \/><\/span><\/p><h4><span style=\"font-size: medium;\">Lava Close System (LCS\u00ae)<\/span><\/h4><p><span style=\"font-size: medium;\">Schnelles Arbeiten dank des patentierten Lava Close Systems \u2013 der Vakuumdeckel zieht sich von selbst nach unten und muss nicht mehr w\u00e4hrend des Unterdruck-aufbaus gehalten werden. Perfekt um neben dem Vakuumvorgang gleich den n\u00e4chsten Vakuumbeutel zu bef\u00fcllen.<br \/><\/span><\/p><\/div><div style=\"margin: 10px; border: 1px solid; padding: 20px;\"><h3><span style=\"font-size: medium;\">H\u00e4ufige Fragen:<br \/><\/span><\/h3><h4><span style=\"font-size: medium;\">Worin liegt der Unterschied zu den kleineren Modellen V.100 und V.200?<\/span><\/h4><p><span style=\"font-size: medium;\">Das V.300 hat wie das V.200 eine Vollautomatik, das bedeutet, dass nach dem Vakuumieren, was automatisch beginnt, der Schwei\u00dfvorgang bei Erreichen des maximalen Unterdrucks automatisch eingeleitet wird. Zus\u00e4tzlich ist beim V.300 eine Manometer-Druckanzeige vorhanden, welche exakt den Unterdruck anzeigt und gerade bei empfindlichen Produkten ideale Einstellungsm\u00f6glichkeiten \u00fcber die hier serienm\u00e4\u00dfige Druckregulierung bietet. Das \u00d6ffnen der Ger\u00e4teklappe (nach dem Schwei\u00dfen) erfolgt beim V.100 und V.200 per Knopfdruck und ab dem V.300 dann vollautomatisch \u00fcber ein Bel\u00fcftungssystem.<br \/><\/span><\/p><h4><span style=\"font-size: medium;\">Weshalb ist das V.300 das meistverkaufte Modell?<\/span><\/h4><p><span style=\"font-size: medium;\">Sie sehen konkret was das Ger\u00e4t macht und wie es arbeitet, die Manometer-Druckanzeige l\u00e4sst sich zudem exakt \u00fcber die serienm\u00e4\u00dfige L+ Druckregulierung steuern, was gerade bei empfindlichen Produkten vorteilhaft ist. Das V.300 besticht zudem durch eine hohe Laufruhe und starke Pumpenleistung. Dem Anwender kommt au\u00dferdem die Vollautomatik zugute, welche einen kompletten Arbeitsschritt (das Dr\u00fccken auf den Schwei\u00dfknopf) einspart.<br \/><\/span><\/p><h4><span style=\"font-size: medium;\">Was ist der Unterschied zwischen V.300 und V.300 Premium?<\/span><\/h4><p><span style=\"font-size: medium;\">Das V.300 Premium weist neben den bereits hervorragenden Leistungsdaten des V.300 die folgenden Eigenschaften auf: 2-fach Schwei\u00dfnaht f\u00fcr eine h\u00f6here Verschlu\u00dfsicherheit (ideal bei Produkten mit etwas erh\u00f6htem Fl\u00fcssigkeitsanteil wie Fisch, Fleisch\u2026), Lava LTP\u00ae &#8211; die neuentwickelte Vakuumpumpe, welche durch 2 Kugellager besonders laufruhig ist. Das Vakuumieren verk\u00fcrzt sich zudem aufgrund der hohen Pumpenleistung von 35 ltr.\/min. Zus\u00e4tzlich ist bei jedem V.300 Premium das Lava Close System LCS\u00ae serienm\u00e4\u00dfig installiert, was ein langes Andr\u00fccken der Ger\u00e4teklappe bis zum Unterdruckaufbau verhindertKann ich den Unterdruck regulieren? Der Unterdruck ist wie bei allen anderen Lava-Ger\u00e4ten regelbar. Den Ablauf des Unterdruck-Aufbaus sehen Sie exakt \u00fcber das serienm\u00e4\u00dfige Manometer. Die Druckregulierung L+ ist beim V.300 bereits serienm\u00e4\u00dfig.<br \/><\/span><\/p><p><span style=\"font-size: medium;\"><b><br \/>5 Jahres Garantie bzw. Garantieverl\u00e4ngerung auf 5 Jahre<\/b><\/span><\/p><p><span style=\"font-size: medium;\">Lava steht als Hersteller zu 100% hinter dem eigenen Produkt. Sie erhalten daher auf alle Vakuumierger\u00e4te bis zu 5 Jahre Herstellergarantie (in der aktuellen Sonderaktion ausw\u00e4hlbar im Set 1 oder au\u00dferhalb der<br \/>Sonderaktion gegen Mehrpreis bei der Bestellung &#8211; Preise siehe hier unten). Diese verl\u00e4ngerte Herstellergarantie beinhaltet alle elektrischen, beweglichen Bauteile der Vakuumierger\u00e4te wie Pumpe, Trafo, Elektronikplatine oder auch Schalter. Verschlei\u00dfteile wie beispielsweise Dichtungen oder auch Teflonb\u00e4nder sind davon jedoch ausgenommen.<br \/><\/span><\/p><p><span style=\"font-size: medium;\">V.100 Premium\u00a0 X \u00a0 25,- Euro<br \/>V.200 Premium \u00a0 X\u00a0 25,- Euro<br \/>V.300 Premium X \u00a0\u00a0 25,- Euro<br \/>V.300 Black\/White \u00a0\u00a0 25,- Euro<br \/><\/span><span style=\"font-size: medium;\">V.333 Premium \u00a0 70,- Euro<br \/>V.333 Black \u00a0\u00a0\u00a0 70,- Euro<br \/>V.350 Premium \u00a0\u00a0\u00a0 90,- Euro<br \/>V.400 Premium \u00a0\u00a0\u00a0 90,- Euro<br \/>V.500 Premium \u00a0\u00a0\u00a0 150,- Euro<br \/>V.500 Premium XXL \u00a0\u00a0\u00a0 300,- Euro<br \/><\/span><\/p><p><span style=\"font-size: medium;\">\u00a0<\/span><b><span style=\"font-size: medium;\"><span style=\"font-size: medium;\">Hier finden Sie Anleitungsvideos bei Youtube.<\/span><\/span><\/b><\/p><p><span style=\"font-size: medium;\"><span style=\"font-size: medium;\">Rehr\u00fccken und Wildbret vakuumieren: <a title=\"Rehr\u00fccken und Wildbret\" href=\"https:\/\/youtu.be\/yaf_L7C6N6U\" target=\"_blank\" rel=\"noopener\">https:\/\/youtu.be\/yaf_L7C6N6U<\/a><br \/><\/span><\/span><\/p><p><span style=\"font-size: medium;\"><span style=\"font-size: medium;\">Chilli vakuumieren mit glatten Siegelrandbeuteln: <a title=\"Chilli vakuumieren\" href=\"https:\/\/youtu.be\/rmHiCfqTSJc\" target=\"_blank\" rel=\"noopener\">https:\/\/youtu.be\/rmHiCfqTSJc<\/a><br \/><\/span><\/span><\/p><p><span style=\"font-size: medium;\"><span style=\"font-size: medium;\">Fisch vakuumieren: <a title=\"Fisch vakuumieren\" href=\"https:\/\/youtu.be\/f71F8kBnlbc\" target=\"_blank\" rel=\"noopener\">https:\/\/youtu.be\/f71F8kBnlbc<\/a><br \/><\/span><\/span><\/p><p><span style=\"font-size: medium;\"><span style=\"font-size: medium;\">K\u00e4se vakuumieren: <a title=\"K\u00e4se Vakuumieren\" href=\"https:\/\/youtu.be\/WFt1dapyhvk\" target=\"_blank\" rel=\"noopener\">https:\/\/youtu.be\/WFt1dapy<\/a><\/span><\/span><\/p><\/div><p>&nbsp;<\/p>","protected":false},"excerpt":{"rendered":"<p>\u00a0Inklusive Absaugvorrichtung &amp; Beutel-Start-Set + Zubeh\u00f6r Gratiszugabe &#8211; siehe weiter unten aktuelle AktionW\u00e4hlen Sie aus welches Set Sie w\u00fcnschen.\u00a0Warum Lava Vakuumierger\u00e4te? Das Lava Vakuumierger\u00e4that eine lange Lebensdauer,ist gefertigt in Deutschland,ist geeignet f\u00fcr Gastronomie und Gewerbe,ist f\u00fcr den Einsatz mit Beuteln und Beh\u00e4ltern geeignet,ist f\u00fcr den t\u00e4glichen Dauereinsatz konzipiert,kann auch f\u00fcr druckempfindliche Lebensmittel eingesetzt werden.Ein Lava-Vakuumierger\u00e4t [&hellip;]<\/p>\n","protected":false},"featured_media":949,"template":"","meta":[],"product_brand":[],"product_cat":[126],"product_tag":[],"class_list":{"0":"post-1435","1":"product","2":"type-product","3":"status-publish","4":"has-post-thumbnail","6":"product_cat-vakuumiergeraete","7":"product_shipping_class-direkt-lava","8":"pa_farbe-grau-schwarz","9":"pa_herstellungsland-deutschland","10":"pa_schweissbandlaenge-340-mm","11":"pa_schweissnaht-zweifach","12":"pa_set-set2","13":"pa_set-set3","14":"pa_set-individuelle-auswahl","15":"pa_set-set1","17":"first","18":"instock","19":"taxable","20":"shipping-taxable","21":"purchasable","22":"product-type-variable"},"supplier_id":null,"supplier_sku":"","barcode":null,"atum_controlled":true,"out_stock_date":null,"out_stock_threshold":null,"inheritable":true,"inbound_stock":1,"stock_on_hold":0,"sold_today":0,"sales_last_days":3,"reserved_stock":null,"customer_returns":null,"warehouse_damage":null,"lost_in_post":null,"other_logs":null,"out_stock_days":0,"lost_sales":0,"has_location":false,"update_date":"2026-03-02T18:17:11","atum_locations":[],"atum_stock_status":"instock","restock_status":false,"low_stock_amount":"","sales_update_date":"2024-09-24T09:53:06","calc_backorders":null,"_links":{"self":[{"href":"https:\/\/wordpress.famberg.de\/index.php\/wp-json\/wp\/v2\/product\/1435","targetHints":{"allow":["GET"]}}],"collection":[{"href":"https:\/\/wordpress.famberg.de\/index.php\/wp-json\/wp\/v2\/product"}],"about":[{"href":"https:\/\/wordpress.famberg.de\/index.php\/wp-json\/wp\/v2\/types\/product"}],"wp:featuredmedia":[{"embeddable":true,"href":"https:\/\/wordpress.famberg.de\/index.php\/wp-json\/wp\/v2\/media\/949"}],"wp:attachment":[{"href":"https:\/\/wordpress.famberg.de\/index.php\/wp-json\/wp\/v2\/media?parent=1435"}],"wp:term":[{"taxonomy":"product_brand","embeddable":true,"href":"https:\/\/wordpress.famberg.de\/index.php\/wp-json\/wp\/v2\/product_brand?post=1435"},{"taxonomy":"product_cat","embeddable":true,"href":"https:\/\/wordpress.famberg.de\/index.php\/wp-json\/wp\/v2\/product_cat?post=1435"},{"taxonomy":"product_tag","embeddable":true,"href":"https:\/\/wordpress.famberg.de\/index.php\/wp-json\/wp\/v2\/product_tag?post=1435"}],"curies":[{"name":"wp","href":"https:\/\/api.w.org\/{rel}","templated":true}]}}