{"id":1431,"date":"2024-02-24T11:26:41","date_gmt":"2024-02-24T10:26:41","guid":{"rendered":"https:\/\/wordpress.famberg.de\/index.php\/produkt\/vakuumiergeraet-v-200-premium-2-fach-schweissnaht-70-e-zubehoer-gratis\/"},"modified":"2025-11-17T00:15:17","modified_gmt":"2025-11-16T23:15:17","slug":"vakuumiergeraet-v-200-premium-2-fach-schweissnaht-70-e-zubehoer-gratis","status":"publish","type":"product","link":"https:\/\/wordpress.famberg.de\/index.php\/produkt\/vakuumiergeraet-v-200-premium-2-fach-schweissnaht-70-e-zubehoer-gratis\/","title":{"rendered":"Vakuumierger\u00e4t V.200 Premium X 2 fach Schwei\u00dfnaht 70 \u20ac Zubeh\u00f6r Gratis"},"content":{"rendered":"<p><span style=\"color: #009900; font-size: medium;\"><strong>Inklusive Absaugvorrichtung &amp; Beutel-Start-Set + Zubeh\u00f6r Gratiszugabe &#8211; siehe weiter unten aktuelle Aktion<\/strong><\/span><span style=\"font-size: medium;\">\u00a0<\/span><\/p><p><span style=\"font-size: medium;\"><b>Warum Lava Vakuumierger\u00e4te?<\/b><b> <\/b>Das Lava Vakuumierger\u00e4t<br \/><\/span><\/p><ul><li><span style=\"font-size: medium;\">hat eine lange Lebensdauer,<\/span><\/li><li><span style=\"font-size: medium;\">ist gefertigt in Deutschland,<\/span><\/li><li><span style=\"font-size: medium;\">ist geeignet f\u00fcr Gastronomie und Gewerbe,<\/span><\/li><li><span style=\"font-size: medium;\">ist f\u00fcr den Einsatz mit Beuteln und Beh\u00e4ltern geeignet,<\/span><\/li><li><span style=\"font-size: medium;\">ist f\u00fcr den t\u00e4glichen Dauereinsatz konzipiert,<\/span><\/li><li><span style=\"font-size: medium;\">kann auch f\u00fcr druckempfindliche Lebensmittel eingesetzt werden.<\/span><\/li><\/ul><p><span style=\"font-size: medium;\">Ein Lava-Vakuumierger\u00e4t ist eine langfristige Investition und hat eine durchschnittliche Lebensdauer von 15 Jahren! Herstellergarantie von 2 Jahren.<br \/><b>Hier im Shop optional erh\u00e4ltlich &#8211; Eine Garantieverl\u00e4ngerung auf 5 Jahre <\/b>ab 25,00 \u20ac. Wichtig: Garantie nur direkt beim Ger\u00e4tekauf abschlie\u00dfbar.<br \/>G\u00fcltig nur mit der vollst\u00e4ndig ausgef\u00fcllten &#8222;Lava-5-Jahres-Garantiekarte&#8220;, welche jedem Produkt mit verl\u00e4ngerter Garantie beigef\u00fcgt ist (Fragen Sie unbedingt Ihren H\u00e4ndler). Ohne diese Garantiekarte ist die Anerkennung der 5-Jahres-Garantie nicht m\u00f6glich.<\/span><\/p><div><p><span style=\"font-size: medium;\"><strong><strong><br \/><img decoding=\"async\" src=\"https:\/\/ebaylayout.famberg.de\/userfiles\/LavaSets.png\" alt=\"Aktion\" align=\"none\" \/><\/strong><\/strong><\/span><\/p><p>&nbsp;<\/p><div style=\"clear: both; margin: 10px; border: 1px solid; padding: 20px;\"><h1><span style=\"font-size: medium;\">Warum ein Lava V.200 Premium?<\/span><\/h1><p><span style=\"font-size: medium;\">Das Profi &#8211; Vakuumierger\u00e4t V.200\u00ae Premium mit einer Schwei\u00dfbandl\u00e4nge von 34 cm, ist ein oft verkauftes Vakuumierger\u00e4t. Besonders hervorzuheben, die vollautomatische Arbeitsweise und der maximal erreichbare Unterdruck von -0,94 bar. Sowie die Doppel-Schwei\u00dfnaht. Das Vakuumierger\u00e4t kommt sowohl im Haushalts-, Gastronomie- und Kleingewerbebereich, als auch in der Industrie zum Einsatz. <\/span><\/p><p><span style=\"font-size: medium;\"><span style=\"font-weight: normal;\">Herausnehmbarer Fl\u00fcssigkeitsabscheider<br \/><\/span><\/span><span style=\"font-size: medium;\">Nur in einem Lava: Sch\u00fctzt die Pumpe effektiv vor dem Eindringen von Fl\u00fcssigkeiten \u2013 der Abscheider ist bei einem Lava (V.100 bis V.333) einfach herauszunehmen und zu entleeren. Zus\u00e4tzlich gibt es bei einem Lava im Ansaug-Bereich eine Vertiefung wo sich Fl\u00fcssigkeiten sammeln. <\/span><\/p><p><span style=\"font-size: medium;\"><span style=\"font-weight: normal;\">Sanftes Vakuum, mit der Druckregulierung L+<br \/><\/span><\/span><span style=\"font-size: medium;\">Das gibt es nur bei Lava. Schlu\u00df mit zusammen-gedr\u00fcckter empfindlicher Ware. Gegen\u00fcber anderen Ger\u00e4ten die nur \u00fcber eine \u201eStopp- Puls-oder Schwei\u00dftaste das Vakuumieren unterbrechen\u201c kann bei einem Lava der Unterdruck exakt von -0,2 bar bis zum max. Unterdruck reguliert werden, das sanfte Vakuum f\u00fcr empfindliche Produkte. Dabei empfiehlt sich ein Vakuumierger\u00e4t mit Manometer (ab V.300).<\/span><\/p><p><span style=\"font-size: medium;\"><span style=\"font-weight: normal;\">Stufenlos regulierbare Schwei\u00dfzeit<br \/><\/span><\/span><span style=\"font-size: medium;\">Mit einem Lava k\u00f6nnen alle Folien bis zu 200 m\u00b5 zuverl\u00e4ssig geschwei\u00dft werden. Jedes Lava hat eine stufenlos regulierbare Schwei\u00dfzeit und passt sich damit stets optimal dem zu verpackenden Vakuumbeutel an. Vakuumiert und verschwei\u00dft werden k\u00f6nnen Struktur-Vakuumbeutel, Siegelrand-Vakuumbeutel sowie Alu- oder i-vac ESD- bzw. EMI-Shielding Vakuumbeutel.<\/span><\/p><p><span style=\"font-size: medium;\"><span style=\"font-weight: normal;\">Servicefreundliche Bauart 2<br \/><\/span><\/span><span style=\"font-size: medium;\">Alle Dichtungen im Ger\u00e4t sind nicht verklebt sondern nur gesteckt \u2013 ebenso kann das Schwei\u00dfband einfach und schnell wieder selbst erneuertwerden (einfach neu aufkleben), das geht bei den meisten anderen Ger\u00e4ten in diesem Bereich nicht, ohne das Ger\u00e4t einzuschicken.Hoher UnterdruckEin maximal erreichbarer Unterdruck von\u00a0 -0,94 bar bei den Modellen V.100 bis V.300 Premium sch\u00fctzt Ihre Produkte noch l\u00e4nger und<br \/>h\u00e4lt diese frisch. Das Modell V.500 erreicht durch 3 Pumpen und 3 Motoren sogar bis zu -0,97 bar.Dauereinsatz m\u00f6glichBei vielen Vakuumierger\u00e4ten am Markt muss nach jedem Schwei\u00dfvorgang eine Zwangspause eingelegt werden damit sich der Trafo abk\u00fchlen kann. Dank eines \u00fcberdimensional ausgelegten Schwei\u00dftrafos sind Lava-Vakuumierger\u00e4te besonders robust und zuverl\u00e4ssig. Eine \u00dcberhitzung ist nahezu ausgeschlossen. Ein Lava ist damit f\u00fcr einen gewerblichen Dauereinsatz geeignet und schafft problemlos mehr als 1000 Vakuumvorg\u00e4nge hintereinander am St\u00fcck. Vakuumieren von glatten BeutelnSchlu\u00df mit teuren Vakuumbeuteln! Das Vakuumieren in preiswerten Standard-Vakuumbeuteln (ab 120 m\u00b5) ist bei einem Lava durch die einzigartige Beutel-Anschlagsleiste und der hohen Schwei\u00dfleistung des gro\u00dfen Schwei\u00dftrafos m\u00f6glich: Den Siegelrandbeutel oben \u00fcberlappen lassen und unter die Anschlagsleiste legen, das Ger\u00e4t schlie\u00dfen \u2013 der Vakuumvorgang dauert zwar etwas l\u00e4nger aber die Qualit\u00e4t des Vakuums und der Schwei\u00dfnaht ist perfekt<\/span><\/p><p><span style=\"font-size: medium;\"><span style=\"font-weight: normal;\">Geringe Folgekosten<br \/><\/span><\/span><span style=\"font-size: medium;\">Alle Dichtungen im Ger\u00e4t sind nicht verklebt sondern nur gesteckt \u2013 ebenso kann das Schwei\u00dfband einfach und schnell wieder selbst erneuert werden (einfach neu aufkleben), das geht bei den meisten anderen Ger\u00e4ten in diesem Bereich nicht, ohne das Ger\u00e4t einzuschicken.Ein wichtiges Kaufargument ist auch, dass Lava gegen\u00fcber vielen Wettbewerbsger\u00e4ten nicht nur eine gro\u00dfe Elektronik mit Drucktasten verwendet, \u00fcber die alle Funktionen des Ger\u00e4tes gesteuert werden. Bei einem Lava ist jeder Schalter und jede Anzeige einzeln erh\u00e4ltlich, schnell im Servicefall getauscht und es werden keine hohen Kosten verursacht.Keine teuren<br \/>Wartungsintervalle mit \u00d6lwechsel oder Service, wie teilweise bei Kammerger\u00e4ten (Ger\u00e4te mit Innenkammer) notwendig. Die Folgekosten sind entsprechend gering und damit lohnt sich die Anschaffung eines Lava<br \/>Vakuumierger\u00e4tes doppelt.<\/span><\/p><\/div><div style=\"margin: 10px; border: 1px solid; padding: 20px;\"><p><span style=\"font-size: medium;\"><b>5 Jahres Garantie bzw. Garantieverl\u00e4ngerung auf 5 Jahre<\/b><\/span><\/p><p><span style=\"font-size: medium;\"><br \/>Lava steht als Hersteller zu 100% hinter dem eigenen Produkt. Sie erhalten daher auf alle Vakuumierger\u00e4te bis zu 5 Jahre Herstellergarantie (in der aktuellen Sonderaktion ausw\u00e4hlbar im Set 1 oder au\u00dferhalb der<br \/>Sonderaktion gegen Mehrpreis bei der Bestellung &#8211; Preise siehe hier unten). Diese verl\u00e4ngerte Herstellergarantie beinhaltet alle elektrischen, beweglichen Bauteile der Vakuumierger\u00e4te wie Pumpe, Trafo, Elektronikplatine oder auch Schalter. Verschlei\u00dfteile wie beispielsweise Dichtungen oder auch Teflonb\u00e4nder sind davon jedoch ausgenommen.<br \/><\/span><\/p><p><span style=\"font-size: medium;\">V.100 Premium\u00a0 X \u00a0 25,- Euro<br \/>V.200 Premium \u00a0 X\u00a0 25,- Euro<br \/>V.300 Premium X \u00a0\u00a0 25,- Euro<br \/>V.300 Black\/White \u00a0\u00a0 25,- Euro<br \/>V.333 Premium \u00a0 70,- Euro<br \/>V.333 Black \u00a0\u00a0\u00a0 70,- Euro<br \/>V.350 Premium \u00a0\u00a0\u00a0 90,- Euro<br \/>V.400 Premium \u00a0\u00a0\u00a0 90,- Euro<br \/>V.500 Premium \u00a0\u00a0\u00a0 150,- Euro<br \/>V.500 Premium XXL \u00a0\u00a0\u00a0 300,- Euro<br \/><\/span><\/p><p><span style=\"font-size: medium;\"><b><span style=\"font-size: medium;\"><span style=\"font-size: medium;\">Hier finden Sie Anleitungsvideos bei Youtube.<\/span><\/span><\/b><\/span><\/p><p><span style=\"font-size: medium;\"><span style=\"font-size: medium;\">Rehr\u00fccken und Wildbret vakuumieren: <a title=\"Rehr\u00fccken und Wildbret\" href=\"https:\/\/youtu.be\/yaf_L7C6N6U\" target=\"_blank\" rel=\"noopener\">https:\/\/youtu.be\/yaf_L7C6N6U<\/a><br \/><\/span><\/span><\/p><p><span style=\"font-size: medium;\"><span style=\"font-size: medium;\">Chilli vakuumieren mit glatten Siegelrandbeuteln: <a title=\"Chilli vakuumieren\" href=\"https:\/\/youtu.be\/rmHiCfqTSJc\" target=\"_blank\" rel=\"noopener\">https:\/\/youtu.be\/rmHiCfqTSJc<\/a><br \/><\/span><\/span><\/p><p><span style=\"font-size: medium;\"><span style=\"font-size: medium;\">Fisch vakuumieren: <a title=\"Fisch vakuumieren\" href=\"https:\/\/youtu.be\/f71F8kBnlbc\" target=\"_blank\" rel=\"noopener\">https:\/\/youtu.be\/f71F8kBnlbc<\/a><br \/><\/span><\/span><\/p><p><span style=\"font-size: medium;\"><span style=\"font-size: medium;\">K\u00e4se vakuumieren: <a title=\"K\u00e4se Vakuumieren\" href=\"https:\/\/youtu.be\/WFt1dapyhvk\" target=\"_blank\" rel=\"noopener\">https:\/\/youtu.be\/WFt1dapy<\/a><\/span><\/span><\/p><\/div><p>&nbsp;<\/p><\/div>","protected":false},"excerpt":{"rendered":"<p>Inklusive Absaugvorrichtung &amp; Beutel-Start-Set + Zubeh\u00f6r Gratiszugabe &#8211; siehe weiter unten aktuelle Aktion\u00a0Warum Lava Vakuumierger\u00e4te? Das Lava Vakuumierger\u00e4that eine lange Lebensdauer,ist gefertigt in Deutschland,ist geeignet f\u00fcr Gastronomie und Gewerbe,ist f\u00fcr den Einsatz mit Beuteln und Beh\u00e4ltern geeignet,ist f\u00fcr den t\u00e4glichen Dauereinsatz konzipiert,kann auch f\u00fcr druckempfindliche Lebensmittel eingesetzt werden.Ein Lava-Vakuumierger\u00e4t ist eine langfristige Investition und hat [&hellip;]<\/p>\n","protected":false},"featured_media":5861,"template":"","meta":[],"product_brand":[],"product_cat":[126],"product_tag":[],"class_list":{"0":"post-1431","1":"product","2":"type-product","3":"status-publish","4":"has-post-thumbnail","6":"product_cat-vakuumiergeraete","7":"product_shipping_class-direkt-lava","8":"pa_farbe-mehrfarbig","9":"pa_herstellungsland-deutschland","10":"pa_schweissnaht-zweifach","11":"pa_set-258","12":"pa_set-259","13":"pa_set-260","14":"pa_set-individuell","16":"first","17":"instock","18":"taxable","19":"shipping-taxable","20":"purchasable","21":"product-type-variable"},"supplier_id":null,"supplier_sku":"","barcode":null,"atum_controlled":true,"out_stock_date":null,"out_stock_threshold":null,"inheritable":true,"inbound_stock":0,"stock_on_hold":0,"sold_today":0,"sales_last_days":2,"reserved_stock":0,"customer_returns":0,"warehouse_damage":0,"lost_in_post":0,"other_logs":0,"out_stock_days":0,"lost_sales":0,"has_location":false,"update_date":"2025-12-22T09:19:56","atum_locations":[],"atum_stock_status":"instock","restock_status":false,"low_stock_amount":"","sales_update_date":"2024-12-06T17:22:45","calc_backorders":null,"_links":{"self":[{"href":"https:\/\/wordpress.famberg.de\/index.php\/wp-json\/wp\/v2\/product\/1431","targetHints":{"allow":["GET"]}}],"collection":[{"href":"https:\/\/wordpress.famberg.de\/index.php\/wp-json\/wp\/v2\/product"}],"about":[{"href":"https:\/\/wordpress.famberg.de\/index.php\/wp-json\/wp\/v2\/types\/product"}],"wp:featuredmedia":[{"embeddable":true,"href":"https:\/\/wordpress.famberg.de\/index.php\/wp-json\/wp\/v2\/media\/5861"}],"wp:attachment":[{"href":"https:\/\/wordpress.famberg.de\/index.php\/wp-json\/wp\/v2\/media?parent=1431"}],"wp:term":[{"taxonomy":"product_brand","embeddable":true,"href":"https:\/\/wordpress.famberg.de\/index.php\/wp-json\/wp\/v2\/product_brand?post=1431"},{"taxonomy":"product_cat","embeddable":true,"href":"https:\/\/wordpress.famberg.de\/index.php\/wp-json\/wp\/v2\/product_cat?post=1431"},{"taxonomy":"product_tag","embeddable":true,"href":"https:\/\/wordpress.famberg.de\/index.php\/wp-json\/wp\/v2\/product_tag?post=1431"}],"curies":[{"name":"wp","href":"https:\/\/api.w.org\/{rel}","templated":true}]}}