{"id":1430,"date":"2024-02-24T11:26:39","date_gmt":"2024-02-24T10:26:39","guid":{"rendered":"https:\/\/wordpress.famberg.de\/index.php\/produkt\/getreidemuehle-handmuehle-kornmuehle-vagabund-vielseitig-verwendbar-classic\/"},"modified":"2025-09-25T08:49:46","modified_gmt":"2025-09-25T06:49:46","slug":"getreidemuehle-handmuehle-kornmuehle-vagabund-vielseitig-verwendbar-classic","status":"publish","type":"product","link":"https:\/\/wordpress.famberg.de\/index.php\/produkt\/getreidemuehle-handmuehle-kornmuehle-vagabund-vielseitig-verwendbar-classic\/","title":{"rendered":"Kornkraft Getreidem\u00fchle Handm\u00fchle Kornm\u00fchle Vagabund"},"content":{"rendered":"<p><span style=\"font-size: medium;\"><b><span style=\"color: #006600;\">Handm\u00fchle Vagabund von Kornkraft<\/span><\/b><\/span><span style=\"font-size: medium;\">\u00a0<\/span><\/p><p><span style=\"font-size: medium;\">Ihre Leistung macht sie so vielseitig verwendbar: auf Reisen, auf der gr\u00fcnen Wiese, zwischendurch in der K\u00fcche oder im Single-Haushalt. Bei aller Kompaktheit h\u00e4lt das kleine Energieb\u00fcndel jedem Test stand und mahlt alle Getreidesorten (au\u00dfer Mais): sie ist schnell, handwerklich solide verarbeitet mit durchdachten Konstruktionsdetails. Die Kurbel l\u00e4sst sich leicht drehen &#8211; bei gleichzeitig hohem Getreidedurchsatz. Der gro\u00dfe Trichter macht das Einf\u00fcllen leicht, der drehbar gelagerte Knauf liegt gut in der Hand und geht auch nach der tausendsten Umdrehung in die n\u00e4chste Runde. Der Auffangbecher wird mit einer Vierteldrehung an- und abgesetzt.<\/span><\/p><p>Da kommt was raus:<br \/>Das selbstsch\u00e4rfende und sich selbst zentrierende Kegel-Mahl-Werk aus Naturmaterialien hat sich bereits seit Jahren bestens bew\u00e4hrt.<br \/>Es arbeitet r\u00fcckstandsfrei und braucht deshalb nach Gebrauch nicht gereinigt zu werden.<\/p><p>Das ist doch klar:<br \/>H\u00f6lzer aus heimischer Forstwirtschaft geben der M\u00fchle den K\u00f6rper und auf Ihre &#8222;Haut&#8220; kommt mit Bienenwachsbalsam auch nur Natur.<\/p><p>Auch erh\u00e4ltlich mit farbigen Kerbringen: Handm\u00fchle Kornkraft Vagabund, bunt<\/p><p><b>Produktmerkmale:<\/b><\/p><p><span style=\"font-size: medium;\">Mahlgut:\u00a0<\/span><\/p><ul><li><span style=\"font-size: medium;\">alle Getreidearten au\u00dfer Mais<\/span><\/li><li><span style=\"font-size: medium;\">\u00d6lsaaten nur unter Beimischung von Getreide<\/span><\/li><\/ul><p><span style=\"font-size: medium;\">Leistung:\u00a0<\/span><\/p><ul><li><span style=\"font-size: medium;\">grob: 80 Gramm Weizen \/ Minute (entspricht zwei Portionen M\u00fcsli)<br \/><\/span><\/li><li><span style=\"font-size: medium;\">fein: 25 Gramm Weizen \/ Minute<br \/><\/span><\/li><\/ul><p><span style=\"font-size: medium;\">Mahlfeinheit: stufenlos einstellbar von M\u00fcsli bis mehlfein<\/span><\/p><p><span style=\"font-size: medium;\">Kurbel: Edelstahl, poliert und geschliffen<\/span><\/p><p><span style=\"font-size: medium;\">Mahlstein: Naxos-Basalt, in Magnesit-Salz-Bindung<\/span><\/p><p><span style=\"font-size: medium;\">F\u00fcllmenge: 150 Gramm<\/span><\/p><p><span style=\"font-size: medium;\">Geh\u00e4use: Buche<\/span><\/p><p><span style=\"font-size: medium;\">Oberfl\u00e4che: mit biologischen Auro-Bienenwachsbalsam behandelt<\/span><\/p><p><span style=\"font-size: medium;\">Beh\u00e4lter: durch Drehen abnehmbarer Auffangbecher f\u00fcr Mehl und Schrot<\/span><\/p><p><span style=\"font-size: medium;\">H\u00f6he:\u00a035 cm<\/span><\/p><p><span style=\"font-size: medium;\">Durchmesser: 7,5 cm<\/span><\/p><p><span style=\"font-size: medium;\">Kurbelradius: 11 cm<\/span><\/p><p><span style=\"font-size: medium;\">Gewicht: 650 g<\/span><\/p><p>Die Firma Kornkraft gew\u00e4hrt auf dieses Produkt 10 Jahre Herstellergarantie. Diese Garantie umfasst alle Fertigungs- und Materialfehler, nicht aber Besch\u00e4digungen an zerbrechlichen Teilen durch den Benutzer. Durch die Garantie werden die gesetzlichen Rechte aus der Gew\u00e4hrleistung nicht eingeschr\u00e4nkt. Die Garantie wird getragen von Kornkraft Getreidem\u00fchlen, H\u00fcttenstra\u00dfe 6 &#8211; 7, 66839 Schmelz und gilt in Deutschland. Im Garantiefall wenden Sie sich direkt an Kornkraft Getreidem\u00fchlen unter Tel. 068871557 oder nat\u00fcrlich gerne an uns.<\/p>","protected":false},"excerpt":{"rendered":"<p>Handm\u00fchle Vagabund von Kornkraft\u00a0Ihre Leistung macht sie so vielseitig verwendbar: auf Reisen, auf der gr\u00fcnen Wiese, zwischendurch in der K\u00fcche oder im Single-Haushalt. Bei aller Kompaktheit h\u00e4lt das kleine Energieb\u00fcndel jedem Test stand und mahlt alle Getreidesorten (au\u00dfer Mais): sie ist schnell, handwerklich solide verarbeitet mit durchdachten Konstruktionsdetails. Die Kurbel l\u00e4sst sich leicht drehen &#8211; [&hellip;]<\/p>\n","protected":false},"featured_media":395,"template":"","meta":[],"product_brand":[],"product_cat":[182],"product_tag":[],"class_list":{"0":"post-1430","1":"product","2":"type-product","3":"status-publish","4":"has-post-thumbnail","6":"product_cat-handmuehlen","7":"product_shipping_class-paketversand","8":"pa_behaelter-durch-drehen-abnehmbarer-auffangbecher","9":"pa_mahlleistung-fein-25-g-min","10":"pa_mahlleistung-grob-80-g-min","12":"first","13":"instock","14":"featured","15":"taxable","16":"shipping-taxable","17":"purchasable","18":"product-type-simple"},"supplier_id":1283,"supplier_sku":"310-101","barcode":null,"atum_controlled":true,"out_stock_date":null,"out_stock_threshold":null,"inheritable":false,"inbound_stock":0,"stock_on_hold":0,"sold_today":0,"sales_last_days":2,"reserved_stock":0,"customer_returns":0,"warehouse_damage":0,"lost_in_post":0,"other_logs":0,"out_stock_days":0,"lost_sales":0,"has_location":false,"update_date":"2025-09-29T15:48:49","atum_locations":[],"atum_stock_status":"instock","restock_status":true,"low_stock_amount":"","sales_update_date":"2025-09-29T15:48:49","calc_backorders":null,"_links":{"self":[{"href":"https:\/\/wordpress.famberg.de\/index.php\/wp-json\/wp\/v2\/product\/1430","targetHints":{"allow":["GET"]}}],"collection":[{"href":"https:\/\/wordpress.famberg.de\/index.php\/wp-json\/wp\/v2\/product"}],"about":[{"href":"https:\/\/wordpress.famberg.de\/index.php\/wp-json\/wp\/v2\/types\/product"}],"wp:featuredmedia":[{"embeddable":true,"href":"https:\/\/wordpress.famberg.de\/index.php\/wp-json\/wp\/v2\/media\/395"}],"wp:attachment":[{"href":"https:\/\/wordpress.famberg.de\/index.php\/wp-json\/wp\/v2\/media?parent=1430"}],"wp:term":[{"taxonomy":"product_brand","embeddable":true,"href":"https:\/\/wordpress.famberg.de\/index.php\/wp-json\/wp\/v2\/product_brand?post=1430"},{"taxonomy":"product_cat","embeddable":true,"href":"https:\/\/wordpress.famberg.de\/index.php\/wp-json\/wp\/v2\/product_cat?post=1430"},{"taxonomy":"product_tag","embeddable":true,"href":"https:\/\/wordpress.famberg.de\/index.php\/wp-json\/wp\/v2\/product_tag?post=1430"}],"curies":[{"name":"wp","href":"https:\/\/api.w.org\/{rel}","templated":true}]}}