{"id":1424,"date":"2024-02-24T11:26:30","date_gmt":"2024-02-24T10:26:30","guid":{"rendered":"https:\/\/wordpress.famberg.de\/index.php\/produkt\/handmuehle-getreidemuehle-kornkraft-fabula-die-kompakte\/"},"modified":"2025-05-20T11:30:30","modified_gmt":"2025-05-20T09:30:30","slug":"handmuehle-getreidemuehle-kornkraft-fabula-die-kompakte","status":"publish","type":"product","link":"https:\/\/wordpress.famberg.de\/index.php\/produkt\/handmuehle-getreidemuehle-kornkraft-fabula-die-kompakte\/","title":{"rendered":"Kornkraft Handm\u00fchle Getreidem\u00fchle Fabula die Kompakte"},"content":{"rendered":"<p><big><big><span style=\"font-weight: bold;\"><span style=\"color: #006600; font-size: medium;\">Handm\u00fchle Fabula von Kornkraft<\/span><\/span><\/big><\/big><\/p><p><span style=\"font-size: medium;\">Die Anspruchslose f\u00fcr Anspruchsvolle vereinigt Bescheidenheit mit einem durchdachten Konzept: Diese Handm\u00fchle sieht nicht nur gut aus, da steckt auch noch was dahinter. Die geschwungene Kurbel mit dem tieferliegenden Knauf erm\u00f6glicht bequemes Mahlen, auch im Sitzen &#8211; die M\u00fchle liegt stabil in der Hand. Sie gibt sich mit einer winzigen Stellfl\u00e4che zufrieden, gleichzeitig schafft sie ordentlich was weg, ob M\u00fcsli oder auch feines Mehl. Den Auffangbecher k\u00f6nnen Sie mit einem Vierteldreh an- und absetzen. Je nach Bedarf k\u00f6nnen Sie die M\u00fchle mobil oder mit Tischhalterung verwenden. Die ausgekl\u00fcgelte Kurbelkonstruktion in Verbindung mit dem starken Mahlwerk sorgt daf\u00fcr, da\u00df Sie den Tag auch nach dem Mahlen noch kraftvoll angehen k\u00f6nnen.<\/span><\/p><p><b>SIE mahlt und mahlt..<\/b><br \/>Das Kegel &#8211; Mahlwerk aus Naturmaterialien sch\u00e4rft und zentriert sich selbst und arbeitet r\u00fcckstandsfrei. Die Zeit zum Reinigen k\u00f6nnen Sie sich also getrost sparen&#8230;.<\/p><p><span style=\"font-weight: bold;\">Natur pur.<\/span><br \/>Das Holz stammt aus heimischer Forstwirtschaft. Die Oberfl\u00e4chen sind mit Bienenwachsbalsam poliert<\/p><p><b>Produktmerkmale<\/b><\/p><ul><li><span style=\"font-size: medium;\">Mahlgut: alle Getreidearten, au\u00dfer Mais<\/span><\/li><li><span style=\"font-size: medium;\">Kurbel: Edelstahl, geschliffen und poliert<\/span><\/li><li><span style=\"font-size: medium;\">Mahlstein: Naxos Basalt, in Magnesit-Salz-Bindung<\/span><\/li><li><span style=\"font-size: medium;\">Mahlfeinheit: stufenlos einstellbar von M\u00fcsli bis mehlfein<\/span><\/li><li><span style=\"font-size: medium;\">Leistung: grob: 80 Gramm Weizen \/ Minute (entspricht zwei Portionen M\u00fcsli)\u00a0<\/span><\/li><li><span style=\"font-size: medium;\">\u00a0 \u00a0 \u00a0 \u00a0 \u00a0 \u00a0 \u00a0 \u00a0 fein:\u00a0 25 Gramm Weizen \/ Minute<\/span><\/li><li><span style=\"font-size: medium;\">F\u00fcllmenge: ca. 270 Gramm<\/span><\/li><li><span style=\"font-size: medium;\">Geh\u00e4use: Buche<\/span><\/li><li><span style=\"font-size: medium;\">Oberfl\u00e4che: mit biologischem Auro-Bienenwachsbalsam behandelt<\/span><\/li><li><span style=\"font-size: medium;\">H\u00f6he: 37 cm<\/span><\/li><li><span style=\"font-size: medium;\">Durchmesser: 87 mm<\/span><\/li><li><span style=\"font-size: medium;\">Kurbelradius: 12 cm<\/span><\/li><li><span style=\"font-size: medium;\">Gewicht: 0,9 kg<\/span><\/li><li><span style=\"font-size: medium;\">Beh\u00e4lter: durch Drehen abnehmbarer Auffangbecher f\u00fcr Mehl und Schrot<\/span><\/li><\/ul><p>Die Firma Kornkraft gew\u00e4hrt auf dieses Produkt 10 Jahre Herstellergarantie. Diese Garantie umfasst alle Fertigungs- und Materialfehler, nicht aber Besch\u00e4digungen an zerbrechlichen Teilen durch den Benutzer. Durch die Garantie werden die gesetzlichen Rechte aus der Gew\u00e4hrleistung nicht eingeschr\u00e4nkt. Die Garantie wird getragen von Kornkraft Getreidem\u00fchlen, H\u00fcttenstra\u00dfe 6 &#8211; 7, 66839 Schmelz und gilt in Deutschland. Im Garantiefall wenden Sie sich direkt an Kornkraft Getreidem\u00fchlen unter Tel. 068871557 oder nat\u00fcrlich gerne an uns.<\/p>","protected":false},"excerpt":{"rendered":"<p>Handm\u00fchle Fabula von KornkraftDie Anspruchslose f\u00fcr Anspruchsvolle vereinigt Bescheidenheit mit einem durchdachten Konzept: Diese Handm\u00fchle sieht nicht nur gut aus, da steckt auch noch was dahinter. Die geschwungene Kurbel mit dem tieferliegenden Knauf erm\u00f6glicht bequemes Mahlen, auch im Sitzen &#8211; die M\u00fchle liegt stabil in der Hand. Sie gibt sich mit einer winzigen Stellfl\u00e4che zufrieden, [&hellip;]<\/p>\n","protected":false},"featured_media":384,"template":"","meta":[],"product_brand":[],"product_cat":[182],"product_tag":[],"class_list":{"0":"post-1424","1":"product","2":"type-product","3":"status-publish","4":"has-post-thumbnail","6":"product_cat-handmuehlen","7":"pa_besonderheiten-durch-drehen-abnehmbarer-auffangbecher","8":"pa_mahlleistung-fein-25-g-min","9":"pa_mahlleistung-grob-80-g-min","11":"first","12":"instock","13":"taxable","14":"shipping-taxable","15":"purchasable","16":"product-type-variable"},"supplier_id":null,"supplier_sku":"","barcode":null,"atum_controlled":true,"out_stock_date":null,"out_stock_threshold":null,"inheritable":true,"inbound_stock":0,"stock_on_hold":0,"sold_today":0,"sales_last_days":1,"reserved_stock":null,"customer_returns":null,"warehouse_damage":null,"lost_in_post":null,"other_logs":null,"out_stock_days":0,"lost_sales":0,"has_location":false,"update_date":"2025-05-20T09:30:31","atum_locations":[],"atum_stock_status":"instock","restock_status":false,"low_stock_amount":"","sales_update_date":"2024-09-24T09:53:06","calc_backorders":null,"_links":{"self":[{"href":"https:\/\/wordpress.famberg.de\/index.php\/wp-json\/wp\/v2\/product\/1424","targetHints":{"allow":["GET"]}}],"collection":[{"href":"https:\/\/wordpress.famberg.de\/index.php\/wp-json\/wp\/v2\/product"}],"about":[{"href":"https:\/\/wordpress.famberg.de\/index.php\/wp-json\/wp\/v2\/types\/product"}],"wp:featuredmedia":[{"embeddable":true,"href":"https:\/\/wordpress.famberg.de\/index.php\/wp-json\/wp\/v2\/media\/384"}],"wp:attachment":[{"href":"https:\/\/wordpress.famberg.de\/index.php\/wp-json\/wp\/v2\/media?parent=1424"}],"wp:term":[{"taxonomy":"product_brand","embeddable":true,"href":"https:\/\/wordpress.famberg.de\/index.php\/wp-json\/wp\/v2\/product_brand?post=1424"},{"taxonomy":"product_cat","embeddable":true,"href":"https:\/\/wordpress.famberg.de\/index.php\/wp-json\/wp\/v2\/product_cat?post=1424"},{"taxonomy":"product_tag","embeddable":true,"href":"https:\/\/wordpress.famberg.de\/index.php\/wp-json\/wp\/v2\/product_tag?post=1424"}],"curies":[{"name":"wp","href":"https:\/\/api.w.org\/{rel}","templated":true}]}}