{"id":1423,"date":"2024-02-24T11:26:29","date_gmt":"2024-02-24T10:26:29","guid":{"rendered":"https:\/\/wordpress.famberg.de\/index.php\/produkt\/getreidemuehle-terra-luna-kugelmuehle-muehle\/"},"modified":"2024-10-07T13:00:00","modified_gmt":"2024-10-07T11:00:00","slug":"getreidemuehle-terra-luna-kugelmuehle-muehle","status":"publish","type":"product","link":"https:\/\/wordpress.famberg.de\/index.php\/produkt\/getreidemuehle-terra-luna-kugelmuehle-muehle\/","title":{"rendered":"Kornkraft Getreidem\u00fchle Terra-Luna Kugelm\u00fchle M\u00fchle"},"content":{"rendered":"<p><b style=\"font-size: medium;\"><span style=\"color: #006600; font-size: medium;\">Terra Luna die Harmonische von Kornkraft<\/span><\/b><\/p><p><span style=\"font-size: medium;\"><br \/>Ohne Ecken und Kanten kommt sie aus &#8211; und einem Planeten gleich, bewegt sich der Kurbelknauf um den streichelglatten Korpus aus Buchenholz.\u00a0Dieser M\u00fchle werden Sie einen Ehrenplatz in Ihrer K\u00fcche einr\u00e4umen.\u00a0Gleichzeitig steht sie im rauhen K\u00fcchenalltag ihre Frau oder ihren Mann: technisch durchdacht und handwerklich solide verarbeitet.<\/span><\/p><p>&#8230;. und sie ist leise, da\u00a0k\u00f6nnen Sie auch noch bei Vollmond ein paar Runden drehen.<\/p><p><big><span style=\"font-size: medium;\">Kornkraft Getreidem\u00fchlen: <b>Funktionalit\u00e4t trifft Design.<\/b><\/span><\/big><\/p><p>An alles gedacht:<br \/>Sie sieht nicht nur gut aus, sie steht auch wie ein Eins: zwei Tischhalterungen sorgen f\u00fcr sicheren und stabilen Stand, der Kratzschutz an den F\u00fc\u00dfen schont ihre\u00a0M\u00f6bel. Und zum bequemen Unterschieben der Auffangsch\u00fcssel bleibt jede Menge Platz.<\/p><p>Die schafft was weg:<br \/>Das selbstsch\u00e4rfende und sich selbst zentrierende Kegel-Mahlwerk aus Naturmaterialien hat sich bereits in fr\u00fcheren Kornkraft M\u00fchlen bestens bew\u00e4hrt.\u00a0Es arbeitet r\u00fcckstandsfrei und braucht deshalb nach Gebrauch nicht gereinigt werden.<\/p><p>Gut Holz:<br \/>H\u00f6lzer aus heimischer Forstwirtschaft geben der M\u00fchle den K\u00f6rper und auch auf ihre Haut kommt Natur, denn die\u00a0<span style=\"font-size: medium;\">Oberfl\u00e4che ist\u00a0<\/span><span style=\"font-size: medium;\">mit biologischem Auro-Bienenwachs-Balsam behandelt f\u00fcr Schutz und seidigen Glanz<\/span><\/p><p>Gut zu wissen:<br \/>Auch an scheinbare Kleinigkeiten ist gedacht: eine Platte aus Edelstahl sch\u00fctzt die breite Einf\u00fcll\u00f6ffnung und bildet gleichzeitig einen interessanten Materialkontrast\u00a0zur Holzoberfl\u00e4che.<\/p><p><b>Produktmerkmale:<\/b><\/p><ul><li><span style=\"font-size: medium;\">Mahlgut:\u00a0alle Getreidearten, au\u00dfer Mais<br \/><\/span><\/li><li><span style=\"font-size: medium;\">Mahlfeinheit:\u00a0stufenlos einstellbar, bei grober Einstellung k\u00f6nnen aus Hafer auch feine Flocken erzeugt werden.<br \/><\/span><\/li><li><span style=\"font-size: medium;\">Kurbel:\u00a0kugelgelagert, (dadurch leichtg\u00e4ngig und wartungsfreifrei)\u00a0<\/span><\/li><li><span style=\"font-size: medium;\">linksdrehend, gegen den Uhrzeigersinn, dadurch beste Ausnutzung der Muskelkraft<br \/><\/span><\/li><li><span style=\"font-size: medium;\">Mahlstein:\u00a0Naxos-Basalt, gebunden mit Magnesit-Salz<br \/><\/span><\/li><li><span style=\"font-size: medium;\">Leistung Einstellung grob: 110 Gramm Weizen\/Minute (entspricht drei Portionen M\u00fcsli)<\/span><\/li><li><span style=\"font-size: medium;\">Leistung Einstellung fein: 40 Gramm Weizen\/Minute<br \/><\/span><\/li><li><span style=\"font-size: medium;\">F\u00fcllmenge:\u00a0400 Gramm<br \/><\/span><\/li><li><span style=\"font-size: medium;\">Geh\u00e4use:\u00a0Buche<br \/><\/span><\/li><li><span style=\"font-size: medium;\">Oberfl\u00e4che:\u00a0mit biologischem Auro-Bienenwachs-Balsam behandelt<br \/><\/span><\/li><li><span style=\"font-size: medium;\">Gestell:\u00a0blankes Stahlrohr<br \/><\/span><\/li><li><span style=\"font-size: medium;\">Ma\u00dfe:16,5 cm (Korpus), 20 cm (Kurbelradius), 30,5 cm (Gesamth\u00f6he Oberkante Kurbel)<br \/><\/span><\/li><li><span style=\"font-size: medium;\">Stellfl\u00e4che:\u00a024,5 x 20,5 cm<br \/><\/span><\/li><li><span style=\"font-size: medium;\">Gewicht: ca.2,5 kg<br \/><\/span><\/li><li><span style=\"font-size: medium;\">Zubeh\u00f6r:\u00a0Zwei Tischhalter zur sicheren Montage auf \u00a0Arbeitsfl\u00e4che bis 5 cm St\u00e4rke\u00a0<\/span><\/li><\/ul><p>Die Firma Kornkraft gew\u00e4hrt auf dieses Produkt 10 Jahre Herstellergarantie. Diese Garantie umfasst alle Fertigungs- und Materialfehler, nicht aber Besch\u00e4digungen an zerbrechlichen Teilen durch den Benutzer. Durch die Garantie werden die gesetzlichen Rechte aus der Gew\u00e4hrleistung nicht eingeschr\u00e4nkt. Die Garantie wird getragen von Kornkraft Getreidem\u00fchlen, H\u00fcttenstra\u00dfe 6 &#8211; 7, 66839 Schmelz und gilt in Deutschland. Im Garantiefall wenden Sie sich direkt an Kornkraft Getreidem\u00fchlen unter Tel. 068871557 oder nat\u00fcrlich gerne an uns.<\/p><p><span style=\"color: #ffffff;\">Luba<\/span><\/p>","protected":false},"excerpt":{"rendered":"<p>Terra Luna die Harmonische von KornkraftOhne Ecken und Kanten kommt sie aus &#8211; und einem Planeten gleich, bewegt sich der Kurbelknauf um den streichelglatten Korpus aus Buchenholz.\u00a0Dieser M\u00fchle werden Sie einen Ehrenplatz in Ihrer K\u00fcche einr\u00e4umen.\u00a0Gleichzeitig steht sie im rauhen K\u00fcchenalltag ihre Frau oder ihren Mann: technisch durchdacht und handwerklich solide verarbeitet.&#8230;. und sie ist [&hellip;]<\/p>\n","protected":false},"featured_media":380,"template":"","meta":[],"product_brand":[],"product_cat":[182],"product_tag":[],"class_list":{"0":"post-1423","1":"product","2":"type-product","3":"status-publish","4":"has-post-thumbnail","6":"product_cat-handmuehlen","7":"product_shipping_class-direkt-luba","9":"first","10":"outofstock","11":"taxable","12":"shipping-taxable","13":"purchasable","14":"product-type-simple"},"supplier_id":1283,"supplier_sku":"310-280","barcode":null,"atum_controlled":true,"out_stock_date":null,"out_stock_threshold":null,"inheritable":false,"inbound_stock":0,"stock_on_hold":0,"sold_today":0,"sales_last_days":0,"reserved_stock":0,"customer_returns":0,"warehouse_damage":0,"lost_in_post":0,"other_logs":0,"out_stock_days":0,"lost_sales":0,"has_location":false,"update_date":"2024-10-23T14:02:45","atum_locations":[],"atum_stock_status":"outofstock","restock_status":false,"low_stock_amount":"","sales_update_date":"2024-10-23T14:02:45","calc_backorders":null,"_links":{"self":[{"href":"https:\/\/wordpress.famberg.de\/index.php\/wp-json\/wp\/v2\/product\/1423","targetHints":{"allow":["GET"]}}],"collection":[{"href":"https:\/\/wordpress.famberg.de\/index.php\/wp-json\/wp\/v2\/product"}],"about":[{"href":"https:\/\/wordpress.famberg.de\/index.php\/wp-json\/wp\/v2\/types\/product"}],"wp:featuredmedia":[{"embeddable":true,"href":"https:\/\/wordpress.famberg.de\/index.php\/wp-json\/wp\/v2\/media\/380"}],"wp:attachment":[{"href":"https:\/\/wordpress.famberg.de\/index.php\/wp-json\/wp\/v2\/media?parent=1423"}],"wp:term":[{"taxonomy":"product_brand","embeddable":true,"href":"https:\/\/wordpress.famberg.de\/index.php\/wp-json\/wp\/v2\/product_brand?post=1423"},{"taxonomy":"product_cat","embeddable":true,"href":"https:\/\/wordpress.famberg.de\/index.php\/wp-json\/wp\/v2\/product_cat?post=1423"},{"taxonomy":"product_tag","embeddable":true,"href":"https:\/\/wordpress.famberg.de\/index.php\/wp-json\/wp\/v2\/product_tag?post=1423"}],"curies":[{"name":"wp","href":"https:\/\/api.w.org\/{rel}","templated":true}]}}