{"id":1422,"date":"2024-02-24T11:26:27","date_gmt":"2024-02-24T10:26:27","guid":{"rendered":"https:\/\/wordpress.famberg.de\/index.php\/produkt\/flocker-wandmodell-kornquetsche-mit-holztrichter-glasschale\/"},"modified":"2026-01-12T14:49:00","modified_gmt":"2026-01-12T13:49:00","slug":"flocker-wandmodell-kornquetsche-mit-holztrichter-glasschale","status":"publish","type":"product","link":"https:\/\/wordpress.famberg.de\/index.php\/produkt\/flocker-wandmodell-kornquetsche-mit-holztrichter-glasschale\/","title":{"rendered":"Eschenfelder Flocker Wandmodell Kornquetsche mit Holztrichter Glasschale"},"content":{"rendered":"<div><div><b><span style=\"color: #006600;\">Wandmodell besonders geeignet f\u00fcr die kleine K\u00fcche!<\/span><\/b><\/div><div><b><span style=\"color: #006600;\">\u00a0<\/span><\/b><\/div><div>Frisch geflocktes Getreide enth\u00e4lt noch die wertvollen Vitamine, Mineralien und Ballaststoffe des Korns. Sobald es aufgebrochen bzw. gequetscht ist, setzt ein wertmindernder Oxidationsprozess ein. In frischen Flocken bleiben die Wertstoffe weitestgehend erhalten. Auch Gew\u00fcrze wie Fenchel, K\u00fcmmel oder Koriander lassen sich hervorragend mit dem Flocker verarbeiten. Eschenfelder Kornquetschen mit einem Geh\u00e4use aus massiver ged\u00e4mpfter Buche sowie Walzen und Kurbel aus nickelfreiem Edelstahl erm\u00f6glichen eine stufenlos einstellbare Flocken-und Mehlst\u00e4rke f\u00fcr Getreide wie Dinkel, Gerste, Gr\u00fcnkern oder Reis. Auch Gew\u00fcrze, \u00d6lsaaten, Keimlinge, Linsen, gehackte N\u00fcsse oder Tee werden bedarfsgerecht zerkleinert &#8211; f\u00fcr eine optimale aromatische und itaminreiche Weiterverarbeitung. Durch ihre offene Bauweise sind Eschenfelder Kornquetschen besonders einfach zu reinigen. Bei Wandmodellen ist die Glasschale inklusive.<\/div><div><\/div><div>Quetschen Sie:<\/div><div><ul><li>Getreide zu Flocken: Hafer, Dinkel, Gerste, Gr\u00fcnkern, Reis&#8230;.<\/li><li>Flocken zu Mehl: Weizen, Roggen, Buchweizen, Hirse&#8230;.<\/li><li>Gew\u00fcrze: K\u00fcmmel, Fenchel, Anis, Pfeffer, Sternanis, Koreander, Ingwer, Bockshornklee, Zimt&#8230;<\/li><li>\u00d6lsaaten: Sesam, Mohn, Senf, Hanf, Leinsamen, Sonnenblumenkerne&#8230;.<\/li><li>und vieles Mehr: Keimlinge, Linsen, gehackte N\u00fcsse, Erdn\u00fcsse, Tee, Rosinen als Zugabe, Kokosflocken&#8230;.<\/li><\/ul><p>Wissenswertes zur Eschenfelder Korn-Quetsche:<\/p><ul><li>stufenlos einstellbare Flockenst\u00e4rke<\/li><li>einfache Reinigung durch offene Bauweise<\/li><li>formstabil aus massiver, ged\u00e4mpfter Buche<\/li><li>Walzen und Kurbel aus nickelfreiem Edelstahl<\/li><li>Flocken\/Minute: 150 g<\/li><li>Trichterf\u00fcllmenge: 200 g<\/li><li>quetscht alle Getreidearten au\u00dfer Mais, aber auch \u00d6lsaaten und Gew\u00fcrze<\/li><li>Flockenwerk: Edelstahlwalzen, stufenlos verstellbar<\/li><li>alle Holzteile: aus massive Buche ged\u00e4mpft &amp; mit Lein\u00f6l ge\u00f6lt<\/li><li>Kurbel, Sch\u00fctte und Walzen: nickelfreier Edelstahl<\/li><li>Gewicht: 3,9 kg<\/li><li>Ma\u00dfe inkl. Trichter (HxBxT): 250 x 200 x 130 mm<\/li><li><b>Gratis mit flacher Glasschale<\/b><\/li><\/ul><\/div><p>Die Firma Eschenfelder gew\u00e4hrt auf dieses Ger\u00e4t 24 Monate Garantie ab Kaufdatum. (Der Kaufbeleg ist Garantienachweis*). Die Garantie beinhaltet M\u00e4ngel, die auf Material- oder Herstellungsfehler zur\u00fcckzuf\u00fchren sind. Keine Garantie gew\u00e4hrt die Firma Eschenfelder auf Sch\u00e4den, die durch normalen Verschlei\u00df, unsachgem\u00e4\u00dfe Behandlung oder Eingriffe (z.B. Demontage des Quetschwerkes) verursacht wurden, sowie auf geringf\u00fcgige M\u00e4ngel, die die Gebrauchsf\u00e4higkeit oder den Wert des Ger\u00e4tes unerheblich mindern. Durch die Herstellergarantie werden die gesetzlichen Rechte aus der Gew\u00e4hrleistung nicht eingeschr\u00e4nkt.<\/p><p>&nbsp;<\/p><\/div><p>&nbsp;<\/p>","protected":false},"excerpt":{"rendered":"<p>Wandmodell besonders geeignet f\u00fcr die kleine K\u00fcche!\u00a0Frisch geflocktes Getreide enth\u00e4lt noch die wertvollen Vitamine, Mineralien und Ballaststoffe des Korns. Sobald es aufgebrochen bzw. gequetscht ist, setzt ein wertmindernder Oxidationsprozess ein. In frischen Flocken bleiben die Wertstoffe weitestgehend erhalten. Auch Gew\u00fcrze wie Fenchel, K\u00fcmmel oder Koriander lassen sich hervorragend mit dem Flocker verarbeiten. Eschenfelder Kornquetschen mit [&hellip;]<\/p>\n","protected":false},"featured_media":378,"template":"","meta":[],"product_brand":[],"product_cat":[111],"product_tag":[],"class_list":{"0":"post-1422","1":"product","2":"type-product","3":"status-publish","4":"has-post-thumbnail","6":"product_cat-flocker","7":"product_shipping_class-direkt-luba","9":"first","10":"instock","11":"taxable","12":"shipping-taxable","13":"purchasable","14":"product-type-simple"},"supplier_id":1283,"supplier_sku":"115-025","barcode":null,"atum_controlled":true,"out_stock_date":null,"out_stock_threshold":null,"inheritable":false,"inbound_stock":0,"stock_on_hold":0,"sold_today":0,"sales_last_days":0,"reserved_stock":null,"customer_returns":null,"warehouse_damage":null,"lost_in_post":null,"other_logs":null,"out_stock_days":0,"lost_sales":0,"has_location":false,"update_date":"2026-04-01T18:19:04","atum_locations":[],"atum_stock_status":"instock","restock_status":false,"low_stock_amount":"","sales_update_date":"2026-04-01T18:19:04","calc_backorders":null,"_links":{"self":[{"href":"https:\/\/wordpress.famberg.de\/index.php\/wp-json\/wp\/v2\/product\/1422","targetHints":{"allow":["GET"]}}],"collection":[{"href":"https:\/\/wordpress.famberg.de\/index.php\/wp-json\/wp\/v2\/product"}],"about":[{"href":"https:\/\/wordpress.famberg.de\/index.php\/wp-json\/wp\/v2\/types\/product"}],"wp:featuredmedia":[{"embeddable":true,"href":"https:\/\/wordpress.famberg.de\/index.php\/wp-json\/wp\/v2\/media\/378"}],"wp:attachment":[{"href":"https:\/\/wordpress.famberg.de\/index.php\/wp-json\/wp\/v2\/media?parent=1422"}],"wp:term":[{"taxonomy":"product_brand","embeddable":true,"href":"https:\/\/wordpress.famberg.de\/index.php\/wp-json\/wp\/v2\/product_brand?post=1422"},{"taxonomy":"product_cat","embeddable":true,"href":"https:\/\/wordpress.famberg.de\/index.php\/wp-json\/wp\/v2\/product_cat?post=1422"},{"taxonomy":"product_tag","embeddable":true,"href":"https:\/\/wordpress.famberg.de\/index.php\/wp-json\/wp\/v2\/product_tag?post=1422"}],"curies":[{"name":"wp","href":"https:\/\/api.w.org\/{rel}","templated":true}]}}