{"id":1421,"date":"2024-02-24T11:26:26","date_gmt":"2024-02-24T10:26:26","guid":{"rendered":"https:\/\/wordpress.famberg.de\/index.php\/produkt\/flocker-wandmodell-kornquetsche-mit-alutrichter\/"},"modified":"2026-01-12T14:54:54","modified_gmt":"2026-01-12T13:54:54","slug":"flocker-wandmodell-kornquetsche-mit-alutrichter","status":"publish","type":"product","link":"https:\/\/wordpress.famberg.de\/index.php\/produkt\/flocker-wandmodell-kornquetsche-mit-alutrichter\/","title":{"rendered":"Eschenfelder Flocker Wandmodell Kornquetsche mit Alutrichter"},"content":{"rendered":"<div><span style=\"color: #006600; font-size: medium;\"><b>Wandmodell besonders geeignet f\u00fcr die kleine K\u00fcche!\u00a0<\/b><\/span><\/div><div><span style=\"color: #006600; font-size: medium;\"><b>\u00a0<\/b><\/span><\/div><div><span style=\"font-size: medium;\">Frisch geflocktes Getreide enth\u00e4lt noch die wertvollen Vitamine, Mineralien und Ballaststoffe des Korns. Sobald es aufgebrochen bzw. gequetscht ist, setzt ein wertmindernder Oxidationsprozess ein. In frischen Flocken bleiben die Wertstoffe weitestgehend erhalten. Auch Gew\u00fcrze wie Fenchel, K\u00fcmmel oder Koriander lassen sich hervorragend mit dem Flocker verarbeiten.<\/span><\/div><div><span style=\"font-size: medium;\">Eschenfelder Kornquetschen mit einem Geh\u00e4use aus massiver ged\u00e4mpfter Buche sowie Walzen und Kurbel aus nickelfreiem Edelstahl erm\u00f6glichen eine stufenlos einstellbare Flocken- und Mehlst\u00e4rke f\u00fcr Getreide wie Dinkel, Gerste, Gr\u00fcnkern oder Reis. Auch Gew\u00fcrze, \u00d6lsaaten, Keimlinge, Linsen, gehackte N\u00fcsse oder Tee werden bedarfsgerecht zerkleinert &#8211; f\u00fcr eine optimale aromatische und vitaminreiche Weiterverarbeitung. Durch ihre offene Bauweise sind Eschenfelder Kornquetschen besonders einfach zu reinigen. Bei Wandmodellen ist die Glasschale inklusive.<\/span><\/div><div><span style=\"font-size: medium;\">\u00a0<\/span><\/div><div><span style=\"font-size: medium;\">Quetschen Sie:\u00a0<\/span><\/div><div><ul><li><span style=\"font-size: medium;\">Getreide zu Flocken: Hafer, Dinkel, Gerste, Gr\u00fcnkern, Reis&#8230;.<br \/><\/span><\/li><li><span style=\"font-size: medium;\">Flocken zu Mehl: Weizen, Roggen, Buchweizen, Hirse&#8230;.<br \/><\/span><\/li><li><span style=\"font-size: medium;\">Gew\u00fcrze: K\u00fcmmel, Fenchel, Anis, Pfeffer, Sternanis, Koreander, Ingwer, Bockshornklee, Zimt&#8230;<br \/><\/span><\/li><li><span style=\"font-size: medium;\">\u00d6lsaaten: Sesam, Mohn, Senf, Hanf, Leinsamen, Sonnenblumenkerne&#8230;.<br \/><\/span><\/li><li><span style=\"font-size: medium;\">und vieles Mehr: Keimlinge, Linsen, gehackte N\u00fcsse, Erdn\u00fcsse, Tee, Rosinen als Zugabe, Kokosflocken&#8230;.<\/span><\/li><\/ul><\/div><div><span style=\"font-size: medium;\">\u00a0<\/span><span style=\"font-size: medium;\">Wissenswertes zur Eschenfelder Kornquetsche:\u00a0<\/span><\/div><div><ul><li><span style=\"font-size: medium;\">stufenlos einstellbare Flockenst\u00e4rke<br \/><\/span><\/li><li><span style=\"font-size: medium;\">einfache Reinigung durch offene Bauweise<br \/><\/span><\/li><li><span style=\"font-size: medium;\">formstabil aus massiver, ged\u00e4mpfter Buche<br \/><\/span><\/li><li><span style=\"font-size: medium;\">Walzen und Kurbel aus nickelfreiem Edelstahl<br \/><\/span><\/li><li><span style=\"font-size: medium;\">Flocken\/Minute: 150g<br \/><\/span><\/li><li><span style=\"font-size: medium;\">Trichterf\u00fcllmenge: 200 g<br \/><\/span><\/li><li><span style=\"font-size: medium;\">quetscht alle Getreidearten au\u00dfer Mais, aber auch \u00d6lsaaten und Gew\u00fcrze<br \/><\/span><\/li><li><span style=\"font-size: medium;\">Flockenwerk: Edelstahlwalzen stufenlos verstellbar<br \/><\/span><\/li><li><span style=\"font-size: medium;\">alle Holzteile: aus massive Buche ged\u00e4mpft &amp; mit Lein\u00f6l ge\u00f6lt<br \/><\/span><\/li><li><span style=\"font-size: medium;\">Kurbel, Sch\u00fctte und Walzen:<br \/><\/span><\/li><li><span style=\"font-size: medium;\">nickelfreier Edelstahl<br \/><\/span><\/li><li><span style=\"font-size: medium;\">Trichter: Aluminium, schutzeloxiert<br \/><\/span><\/li><li><span style=\"font-size: medium;\">Gewicht: 3,1 kg<br \/><\/span><\/li><li><span style=\"font-size: medium;\">Ma\u00dfe inkl. Trichter\u00a0(HxBxT): 250 x 200 x 130 mm<\/span><\/li><\/ul><\/div>","protected":false},"excerpt":{"rendered":"<p>Wandmodell besonders geeignet f\u00fcr die kleine K\u00fcche!\u00a0\u00a0Frisch geflocktes Getreide enth\u00e4lt noch die wertvollen Vitamine, Mineralien und Ballaststoffe des Korns. Sobald es aufgebrochen bzw. gequetscht ist, setzt ein wertmindernder Oxidationsprozess ein. In frischen Flocken bleiben die Wertstoffe weitestgehend erhalten. Auch Gew\u00fcrze wie Fenchel, K\u00fcmmel oder Koriander lassen sich hervorragend mit dem Flocker verarbeiten.Eschenfelder Kornquetschen mit einem [&hellip;]<\/p>\n","protected":false},"featured_media":375,"template":"","meta":[],"product_brand":[],"product_cat":[111],"product_tag":[],"class_list":{"0":"post-1421","1":"product","2":"type-product","3":"status-publish","4":"has-post-thumbnail","6":"product_cat-flocker","7":"product_shipping_class-direkt-luba","8":"pa_mahlleistung-150-g-min","10":"first","11":"instock","12":"taxable","13":"shipping-taxable","14":"purchasable","15":"product-type-simple"},"supplier_id":1283,"supplier_sku":"115-020","barcode":null,"atum_controlled":true,"out_stock_date":null,"out_stock_threshold":null,"inheritable":false,"inbound_stock":0,"stock_on_hold":0,"sold_today":0,"sales_last_days":0,"reserved_stock":0,"customer_returns":0,"warehouse_damage":0,"lost_in_post":0,"other_logs":0,"out_stock_days":0,"lost_sales":0,"has_location":false,"update_date":"2026-01-12T13:54:57","atum_locations":[],"atum_stock_status":"instock","restock_status":false,"low_stock_amount":"","sales_update_date":"2024-10-23T14:02:45","calc_backorders":null,"_links":{"self":[{"href":"https:\/\/wordpress.famberg.de\/index.php\/wp-json\/wp\/v2\/product\/1421","targetHints":{"allow":["GET"]}}],"collection":[{"href":"https:\/\/wordpress.famberg.de\/index.php\/wp-json\/wp\/v2\/product"}],"about":[{"href":"https:\/\/wordpress.famberg.de\/index.php\/wp-json\/wp\/v2\/types\/product"}],"wp:featuredmedia":[{"embeddable":true,"href":"https:\/\/wordpress.famberg.de\/index.php\/wp-json\/wp\/v2\/media\/375"}],"wp:attachment":[{"href":"https:\/\/wordpress.famberg.de\/index.php\/wp-json\/wp\/v2\/media?parent=1421"}],"wp:term":[{"taxonomy":"product_brand","embeddable":true,"href":"https:\/\/wordpress.famberg.de\/index.php\/wp-json\/wp\/v2\/product_brand?post=1421"},{"taxonomy":"product_cat","embeddable":true,"href":"https:\/\/wordpress.famberg.de\/index.php\/wp-json\/wp\/v2\/product_cat?post=1421"},{"taxonomy":"product_tag","embeddable":true,"href":"https:\/\/wordpress.famberg.de\/index.php\/wp-json\/wp\/v2\/product_tag?post=1421"}],"curies":[{"name":"wp","href":"https:\/\/api.w.org\/{rel}","templated":true}]}}