{"id":1420,"date":"2024-02-24T11:26:25","date_gmt":"2024-02-24T10:26:25","guid":{"rendered":"https:\/\/wordpress.famberg.de\/index.php\/produkt\/kornquetsche-flocker-tischmodell-holztrichter\/"},"modified":"2026-03-25T09:35:25","modified_gmt":"2026-03-25T08:35:25","slug":"kornquetsche-flocker-tischmodell-holztrichter","status":"publish","type":"product","link":"https:\/\/wordpress.famberg.de\/index.php\/produkt\/kornquetsche-flocker-tischmodell-holztrichter\/","title":{"rendered":"Eschenfelder Kornquetsche Flocker Tischmodell Holztrichter"},"content":{"rendered":"<p><span style=\"font-size: medium;\"><span style=\"font-weight: bold;\">Frisch geflocktes Getreide enth\u00e4lt noch die wertvollen Vitamine, Mineralien und Ballaststoffe des Korns. Sobald es aufgebrochen bzw. gequetscht ist, <\/span><span style=\"font-weight: bold;\">setzt ein wertmindernder Oxidationsprozess ein. In frischen Flocken bleiben die Wertstoffe weitestgehend erhalten. Auch Gew\u00fcrze wie Fenchel, <\/span><span style=\"font-weight: bold;\">K\u00fcmmel oder Koriander lassen sich hervorragend mit dem Flocker verarbeiten.<\/span><br style=\"font-weight: bold;\" \/><br style=\"font-weight: bold;\" \/><span style=\"font-weight: bold;\">Eschenfelder Kornquetschen mit einem Geh\u00e4use aus massiver ged\u00e4mpfter Buche sowie Walzen und Kurbel aus nickelfreiem Edelstahl erm\u00f6glichen eine <\/span><span style=\"font-weight: bold;\">stufenlos einstellbare Flocken- und Mehlst\u00e4rke f\u00fcr Getreide wie Dinkel, Gerste, Gr\u00fcnkern oder Reis. Auch Gew\u00fcrze, \u00d6lsaaten, Keimlinge, Linsen, gehackte <\/span><span style=\"font-weight: bold;\">N\u00fcsse oder Tee werden bedarfsgerecht zerkleinert &#8211; f\u00fcr eine optimale aromatische und itaminreiche Weiterverarbeitung. Durch ihre offene Bauweise sind <\/span><span style=\"font-weight: bold;\">Eschenfelder Kornquetschen besonders einfach zu reinigen. Tischmodelle werden inklusive Schraubenzwinge geliefert.<\/span><\/span><\/p><p><span style=\"font-size: medium;\"><span style=\"font-style: italic;\">Quetschen Sie<\/span>:<\/span><span style=\"font-size: medium;\">\u00a0<\/span><\/p><ul><li><span style=\"font-size: medium;\">Getreide zu Flocken: Hafer, Dinkel, Gerste, Gr\u00fcnkern, Reis&#8230;.<\/span><\/li><li><span style=\"font-size: medium;\">Flocken zu Mehl: Weizen, Roggen, Buchweizen, Hirse&#8230;.<\/span><\/li><li><span style=\"font-size: medium;\">Gew\u00fcrze: K\u00fcmmel, Fenchel, Anis, Pfeffer, Sternanis, Koreander, Ingwer, Bockshornklee, Zimt&#8230;<\/span><\/li><li><span style=\"font-size: medium;\">\u00d6lsaaten: Sesam, Mohn, Senf, Hanf, Leinsamen, Sonnenblumenkerne&#8230;.<\/span><\/li><li><span style=\"font-size: medium;\">und vieles Mehr: Keimlinge, Linsen, gehackte N\u00fcsse, Erdn\u00fcsse, Tee, Rosinen als Zugabe, Kokosflocken&#8230;.<\/span><\/li><\/ul><p><span style=\"font-size: medium;\">Wissenswertes zu den Korn-Quetschen:<\/span><\/p><ul><li><span style=\"font-size: medium;\">stufenlos einstellbare Flockenst\u00e4rke<\/span><\/li><li><span style=\"font-size: medium;\">einfache Reinigung durch offene Bauweise<\/span><\/li><li><span style=\"font-size: medium;\">formstabil aus massiver, ged\u00e4mpfter Buche<\/span><\/li><li><span style=\"font-size: medium;\">Walzen und Kurbel aus nickelfreiem Edelstahl <\/span><\/li><li><span style=\"font-size: medium;\">Flocken\/Minute: 150g (durch mehrfaches Quetschen kann Mehl gewonnen werden)<\/span><\/li><li><span style=\"font-size: medium;\">Trichterf\u00fcllmenge: 200 g<\/span><\/li><li><span style=\"font-size: medium;\">Unterstellh\u00f6he f\u00fcr Sch\u00fcssel: 60 mm<\/span><\/li><li><span style=\"font-size: medium;\">quetscht alle Getreidearten au\u00dfer Mais, aber auch \u00d6lsaaten und Gew\u00fcrze<\/span><\/li><li><span style=\"font-size: medium;\">Flockenwerk: Edelstahlwalzen stufenlos verstellbar<\/span><\/li><li><span style=\"font-size: medium;\">alle Holzteile: aus massive Buche ged\u00e4mpft &amp; mit Lein\u00f6l ge\u00f6lt<\/span><\/li><li><span style=\"font-size: medium;\">Kurbel, Sch\u00fctte und Walzen: nickelfreier Edelstahl<\/span><\/li><li><span style=\"font-size: medium;\">Gewicht: 2,2 kg<\/span><\/li><li><span style=\"font-size: medium;\">Ma\u00dfe inkl. Trichter: H\u00f6he \/ Breite \/ Tiefe: 245 \/ 122 \/ 90 mm<\/span><\/li><li><span style=\"font-size: medium;\">mit Tischhalterung f\u00fcr Tischplatten bis max. 5 cm St\u00e4rke, Tiefe des Tisch\u00fcberstandes: min. 4 cm<br \/><\/span><\/li><\/ul><p>Die Firma Eschenfelder gew\u00e4hrt auf dieses Ger\u00e4t 24 Monate Garantie ab Kaufdatum. (Der Kaufbeleg ist Garantienachweis*). Die Garantie beinhaltet M\u00e4ngel, die auf Material- oder Herstellungsfehler zur\u00fcckzuf\u00fchren sind. Keine Garantie gew\u00e4hrt die Firma Eschenfelder auf Sch\u00e4den, die durch normalen Verschlei\u00df, unsachgem\u00e4\u00dfe Behandlung oder Eingriffe (z.B. Demontage des Quetschwerkes) verursacht wurden, sowie auf geringf\u00fcgige M\u00e4ngel, die die Gebrauchsf\u00e4higkeit oder den Wert des Ger\u00e4tes unerheblich mindern. Durch die Herstellergarantie werden die gesetzlichen Rechte aus der Gew\u00e4hrleistung nicht eingeschr\u00e4nkt.<\/p><p>Garantiegeber:<br \/>Eschenfelder GmbH &amp; Co KG<br \/>Turnstra\u00dfe 30<br \/>76846 Hauenstein<\/p><p>Die Garantie gilt, sofern nicht anders angegeben, f\u00fcr Deutschland. N\u00e4here Angaben finden Sie in Ihren Garantieunterlagen, welche dem Ger\u00e4t beigef\u00fcgt sind.<\/p><p><span style=\"color: #ffffff;\">Eschenfelder Luba<\/span><\/p>","protected":false},"excerpt":{"rendered":"<p>Sonderaktion bis 14.07.2024<\/p>\n","protected":false},"featured_media":371,"template":"","meta":[],"product_brand":[],"product_cat":[111],"product_tag":[],"class_list":{"0":"post-1420","1":"product","2":"type-product","3":"status-publish","4":"has-post-thumbnail","6":"product_cat-flocker","7":"product_shipping_class-direkt-luba","8":"pa_mahlleistung-150-g-min","10":"first","11":"instock","12":"featured","13":"taxable","14":"shipping-taxable","15":"purchasable","16":"product-type-simple"},"supplier_id":1283,"supplier_sku":"115-110","barcode":null,"atum_controlled":true,"out_stock_date":"2026-03-24 18:08:05","out_stock_threshold":null,"inheritable":false,"inbound_stock":0,"stock_on_hold":0,"sold_today":0,"sales_last_days":2,"reserved_stock":0,"customer_returns":0,"warehouse_damage":0,"lost_in_post":0,"other_logs":0,"out_stock_days":10,"lost_sales":591,"has_location":false,"update_date":"2026-04-04T17:18:45","atum_locations":[],"atum_stock_status":"instock","restock_status":false,"low_stock_amount":"","sales_update_date":"2026-04-04T17:18:45","calc_backorders":null,"_links":{"self":[{"href":"https:\/\/wordpress.famberg.de\/index.php\/wp-json\/wp\/v2\/product\/1420","targetHints":{"allow":["GET"]}}],"collection":[{"href":"https:\/\/wordpress.famberg.de\/index.php\/wp-json\/wp\/v2\/product"}],"about":[{"href":"https:\/\/wordpress.famberg.de\/index.php\/wp-json\/wp\/v2\/types\/product"}],"wp:featuredmedia":[{"embeddable":true,"href":"https:\/\/wordpress.famberg.de\/index.php\/wp-json\/wp\/v2\/media\/371"}],"wp:attachment":[{"href":"https:\/\/wordpress.famberg.de\/index.php\/wp-json\/wp\/v2\/media?parent=1420"}],"wp:term":[{"taxonomy":"product_brand","embeddable":true,"href":"https:\/\/wordpress.famberg.de\/index.php\/wp-json\/wp\/v2\/product_brand?post=1420"},{"taxonomy":"product_cat","embeddable":true,"href":"https:\/\/wordpress.famberg.de\/index.php\/wp-json\/wp\/v2\/product_cat?post=1420"},{"taxonomy":"product_tag","embeddable":true,"href":"https:\/\/wordpress.famberg.de\/index.php\/wp-json\/wp\/v2\/product_tag?post=1420"}],"curies":[{"name":"wp","href":"https:\/\/api.w.org\/{rel}","templated":true}]}}