{"id":1419,"date":"2024-02-24T11:26:23","date_gmt":"2024-02-24T10:26:23","guid":{"rendered":"https:\/\/wordpress.famberg.de\/index.php\/produkt\/flocker-kornquetsche-tischmodell-alutrichter\/"},"modified":"2026-01-12T15:02:29","modified_gmt":"2026-01-12T14:02:29","slug":"flocker-kornquetsche-tischmodell-alutrichter","status":"publish","type":"product","link":"https:\/\/wordpress.famberg.de\/index.php\/produkt\/flocker-kornquetsche-tischmodell-alutrichter\/","title":{"rendered":"Eschenfelder Flocker Kornquetsche Tischmodell Alutrichter"},"content":{"rendered":"<div><span style=\"font-size: 16px;\"><b><span style=\"color: #006600;\">Getreide, Gew\u00fcrze oder \u00d6lsaaten frische Vielfalt, die begeistert!<\/span><\/b><\/span><\/div><div><span style=\"font-size: 16px;\">\u00a0<\/span><\/div><div><span style=\"font-size: 16px;\">Frisch geflocktes Getreide enth\u00e4lt noch die wertvollen Vitamine, Mineralien und Ballaststoffe des Korns. Sobald es aufgebrochen bzw. gequetscht ist, setzt ein wertmindernder Oxidationsprozess ein. In frischen Flocken bleiben die Wertstoffe weitestgehend erhalten. Auch Gew\u00fcrze wie Fenchel, K\u00fcmmel oder Koriander lassen sich hervorragend mit dem Flocker verarbeiten.<\/span><\/div><div><span style=\"font-size: 16px;\">Eschenfelder Kornquetschen mit einem Geh\u00e4use aus massiver ged\u00e4mpfter Buche mit einem biologischem Lein\u00f6lfirnis behandelt. Sch\u00fctte, Walzen und Kurbel aus nickelfreiem Edelstahl erm\u00f6glichen eine stufenlos einstellbare Flocken- und Mehlst\u00e4rke f\u00fcr Getreide wie Dinkel, Gerste, Gr\u00fcnkern oder Reis. Auch Gew\u00fcrze, \u00d6lsaaten, Keimlinge, Linsen, gehackte N\u00fcsse oder Tee werden bedarfsgerecht zerkleinert &#8211; f\u00fcr eine optimale aromatische und vitaminreiche Weiterverarbeitung. Durch ihre offene Bauweise sind Eschenfelder Kornquetschen besonders einfach zu reinigen. Tischmodelle werden inklusive Schraubenzwinge geliefert.<\/span><\/div><div><span style=\"font-size: 16px;\">\u00a0<\/span><\/div><div><span style=\"font-size: 16px;\">Quetschen Sie:\u00a0<\/span><\/div><div><ul><li><span style=\"font-size: medium;\">Getreide zu Flocken: Hafer, Dinkel, Gerste, Gr\u00fcnkern, Reis&#8230;.<br \/><\/span><\/li><li><span style=\"font-size: medium;\">Flocken zu Mehl: Weizen, Roggen, Buchweizen, Hirse&#8230;.<br \/><\/span><\/li><li><span style=\"font-size: medium;\">Gew\u00fcrze: K\u00fcmmel, Fenchel, Anis, Pfeffer, Sternanis, Koreander, Ingwer, Bockshornklee, Zimt&#8230;<br \/><\/span><\/li><li><span style=\"font-size: medium;\">\u00d6lsaaten: Sesam, Mohn, Senf, Hanf, Leinsamen, Sonnenblumenkerne&#8230;.<br \/><\/span><\/li><li><span style=\"font-size: medium;\">und vieles mehr: Keimlinge, Linsen, gehackte N\u00fcsse, Erdn\u00fcsse, Tee, Rosinen als Zugabe, Kokosflocken&#8230;.\u00a0<\/span><\/li><\/ul><\/div><div><span style=\"font-size: 16px;\">Wissenswertes zur Kornquetsche:<\/span><\/div><div><ul><li>\u00a0<span style=\"font-size: medium;\">stufenlos einstellbare Flockenst\u00e4rke<\/span><\/li><li><span style=\"font-size: medium;\">einfache Reinigung durch offene Bauweise<br \/><\/span><\/li><li><span style=\"font-size: medium;\">formstabil aus massiver, ged\u00e4mpfter Buche<br \/><\/span><\/li><li><span style=\"font-size: medium;\">Walzen und Kurbel aus nickelfreiem Edelstahl<br \/><\/span><\/li><li><span style=\"font-size: medium;\">Tischmodell inklusive Schraubzwinge<br \/><\/span><\/li><li><span style=\"font-size: medium;\">Flocken\/Minute: 150 g<br \/><\/span><\/li><li><span style=\"font-size: medium;\">Trichterf\u00fcllmenge: 200 g<br \/><\/span><\/li><li><span style=\"font-size: medium;\">Unterstellh\u00f6he f\u00fcr Sch\u00fcssel: 60 mm<br \/><\/span><\/li><li><span style=\"font-size: medium;\">quetscht alle Getreidearten (au\u00dfer Mais), \u00d6lsaaten &amp; Gew\u00fcrze<br \/><\/span><\/li><li><span style=\"font-size: medium;\">Flockenwerk: nickelfreie Edelstahlwalzen stufenlos verstellbar<br \/><\/span><\/li><li><span style=\"font-size: medium;\">alle Holzteile: aus massiver Buche ged\u00e4mpft &amp; mit Lein\u00f6l ge\u00f6lt<br \/><\/span><\/li><li><span style=\"font-size: medium;\">Kurbel, Sch\u00fctte und Walzen:\u00a0nickelfreier Edelstahl<\/span><\/li><li><span style=\"font-size: medium;\">Trichter: Aluminium, schutzeloxiert<br \/><\/span><\/li><li><span style=\"font-size: medium;\">Gewicht: 1,9 kg<br \/><\/span><\/li><li><span style=\"font-size: medium;\">Ma\u00dfe inkl. Trichter (HxBxT): 235 x 122 x 90 mm<br \/><\/span><\/li><li><span style=\"font-size: medium;\">mit Tischhalterung<br \/><\/span><\/li><\/ul><\/div>","protected":false},"excerpt":{"rendered":"<p>Getreide, Gew\u00fcrze oder \u00d6lsaaten frische Vielfalt, die begeistert!\u00a0Frisch geflocktes Getreide enth\u00e4lt noch die wertvollen Vitamine, Mineralien und Ballaststoffe des Korns. Sobald es aufgebrochen bzw. gequetscht ist, setzt ein wertmindernder Oxidationsprozess ein. In frischen Flocken bleiben die Wertstoffe weitestgehend erhalten. Auch Gew\u00fcrze wie Fenchel, K\u00fcmmel oder Koriander lassen sich hervorragend mit dem Flocker verarbeiten.Eschenfelder Kornquetschen mit [&hellip;]<\/p>\n","protected":false},"featured_media":369,"template":"","meta":[],"product_brand":[],"product_cat":[111],"product_tag":[],"class_list":{"0":"post-1419","1":"product","2":"type-product","3":"status-publish","4":"has-post-thumbnail","6":"product_cat-flocker","7":"product_shipping_class-direkt-luba","9":"first","10":"instock","11":"taxable","12":"shipping-taxable","13":"purchasable","14":"product-type-simple"},"supplier_id":1283,"supplier_sku":"115-010","barcode":null,"atum_controlled":false,"out_stock_date":null,"out_stock_threshold":null,"inheritable":false,"inbound_stock":0,"stock_on_hold":0,"sold_today":0,"sales_last_days":0,"reserved_stock":null,"customer_returns":null,"warehouse_damage":null,"lost_in_post":null,"other_logs":null,"out_stock_days":0,"lost_sales":0,"has_location":false,"update_date":"2026-02-03T13:04:10","atum_locations":[],"atum_stock_status":"instock","restock_status":false,"low_stock_amount":"","sales_update_date":"2026-02-03T13:04:10","calc_backorders":null,"_links":{"self":[{"href":"https:\/\/wordpress.famberg.de\/index.php\/wp-json\/wp\/v2\/product\/1419","targetHints":{"allow":["GET"]}}],"collection":[{"href":"https:\/\/wordpress.famberg.de\/index.php\/wp-json\/wp\/v2\/product"}],"about":[{"href":"https:\/\/wordpress.famberg.de\/index.php\/wp-json\/wp\/v2\/types\/product"}],"wp:featuredmedia":[{"embeddable":true,"href":"https:\/\/wordpress.famberg.de\/index.php\/wp-json\/wp\/v2\/media\/369"}],"wp:attachment":[{"href":"https:\/\/wordpress.famberg.de\/index.php\/wp-json\/wp\/v2\/media?parent=1419"}],"wp:term":[{"taxonomy":"product_brand","embeddable":true,"href":"https:\/\/wordpress.famberg.de\/index.php\/wp-json\/wp\/v2\/product_brand?post=1419"},{"taxonomy":"product_cat","embeddable":true,"href":"https:\/\/wordpress.famberg.de\/index.php\/wp-json\/wp\/v2\/product_cat?post=1419"},{"taxonomy":"product_tag","embeddable":true,"href":"https:\/\/wordpress.famberg.de\/index.php\/wp-json\/wp\/v2\/product_tag?post=1419"}],"curies":[{"name":"wp","href":"https:\/\/api.w.org\/{rel}","templated":true}]}}