{"id":1417,"date":"2024-02-24T11:26:21","date_gmt":"2024-02-24T10:26:21","guid":{"rendered":"https:\/\/wordpress.famberg.de\/index.php\/produkt\/getreidemuehle-diamant-handmuehle-d-525-mit-stahlscheiben-525010-mr\/"},"modified":"2024-10-07T13:00:00","modified_gmt":"2024-10-07T11:00:00","slug":"getreidemuehle-diamant-handmuehle-d-525-mit-stahlscheiben-525010-mr","status":"publish","type":"product","link":"https:\/\/wordpress.famberg.de\/index.php\/produkt\/getreidemuehle-diamant-handmuehle-d-525-mit-stahlscheiben-525010-mr\/","title":{"rendered":"Luba Getreidem\u00fchle Diamant Handm\u00fchle D 525 mit Stahlscheiben 525010-MR"},"content":{"rendered":"<p style=\"min-width: 300px;\"><span style=\"color: white;\">4<\/span><span style=\"font-size: medium;\"><span style=\"font-weight: bold;\">Getreidem\u00fchlen f\u00fcr ein vollwertiges Leben!<\/span><\/span><\/p><p><span style=\"font-size: medium;\"><br \/><span style=\"font-weight: bold;\">Die Vollwertk\u00fcche bietet 1001 M\u00f6glichkeiten der gesunden Ern\u00e4hrung. In frisch gemahlenem Getreide und Saaten stecken wertvolle N\u00e4hrstoffe f\u00fcr unz\u00e4hlige Delikatessen:<\/span> <span style=\"font-weight: bold;\">f\u00fcr Brot, Br\u00f6tchen, M\u00fcsli, Pfannkuchen und und und.<\/span><br style=\"font-weight: bold;\" \/><span style=\"font-weight: bold;\">Bleiben Sie gesund. Der Speisezettel f\u00fcr Menschen, die Vollwertk\u00fcche bevorzugen, war noch nie so lang und abwechslungsreich wie heute.<\/span><\/span><\/p><p><span style=\"color: #cc0000;\"><b><span style=\"font-size: medium;\">&#8211; Die Diamant <\/span><\/b><\/span><span style=\"color: #009900;\"><b><span style=\"font-size: medium;\">Modell 525-010<\/span><\/b><\/span><span style=\"color: #cc0000;\"><b><span style=\"font-size: medium;\"> Diamant mit Stahlscheiben 14\/15 Standard Version 2022 ist ohne Riemenrille. Das hei\u00dft an diese M\u00fchle <\/span><\/b><\/span><span style=\"color: #009900;\"><b><span style=\"font-size: medium;\">k\u00f6nnen Sie wenn gew\u00fcnscht keinen Motor anschlie\u00dfen.<\/span><\/b><\/span><span style=\"color: #cc0000;\"><b><span style=\"font-size: medium;\"><br \/>&#8211; Bei dem neuen <\/span><\/b><\/span><span style=\"color: #009900;\"><b><span style=\"font-size: medium;\">Modell 525010-MR<\/span><\/b><\/span><span style=\"color: #cc0000;\"><b><span style=\"font-size: medium;\"> Diamant mit Stahlscheiben 14\/15 mit Riemen + V-Rille im Schwungrad, <\/span><\/b><\/span><span style=\"color: #009900;\"><b><span style=\"font-size: medium;\">kann die M\u00fchle auf Wunsche mit einem Motor erweitert werden.<\/span><\/b><\/span><\/p><p><span style=\"font-size: medium;\">\u00a0<\/span><\/p><p><span style=\"font-size: medium;\">Wohl bekomm`s! Die Handm\u00fchle Diamant D 525 mit Stahlmahlwerk (Stahlscheiben) erlaubt den Einsatz unabh\u00e4ngig vom Stromnetz. Wenn nicht nur grobes Schrot f\u00fcr das M\u00fcsli, sondern auch gr\u00f6\u00dfere Mengen an frisch gemahlenen Mehl gebraucht werden, dann ist diese Handm\u00fchle die richtige Wahl.<\/span><\/p><p>Die Getreidem\u00fchle f\u00fcr hohe Anspr\u00fcche. Ideal, wo Wert auf ein langlebiges und verschlei\u00dfarmes Ger\u00e4t gelegt wird. Sehr robuste Handm\u00fchle mit gro\u00dfem Handrad mit Kurbelgriff aus Buchenholz. Das Geh\u00e4use und der trichter sind aus Stahlgu\u00df und gr\u00fcn lackiert. Das Schwungrad hat eine Rille f\u00fcr einen Mozorantrieb mittels Keilriemen<\/p><p><span style=\"font-size: medium;\">Zufuhr des Mahlgutes \u00fcber gezackte, gu\u00dfeiserne Zufuhrschnecke, auch f\u00fcr grobk\u00f6rniges Mahlgut wie Mais. Der Feinheitsgrad des Mehles l\u00e4\u00dft sich w\u00e4hrend des Mahlens verteilen.<br \/><\/span><\/p><p><span style=\"font-size: medium;\">\u00a0<\/span><\/p><ul><li><span style=\"font-size: medium;\">Die Mahlscheiben sind aus Stahl (\u00d8 12,5 ) cm und somit f\u00fcr vielerlei Getreidearten und \u00f6lhaltiges Mahlgut geeignet.<\/span><\/li><li><span style=\"font-size: medium;\">17 cm Untertellh\u00f6he f\u00fcr Sch\u00fcssel<\/span><\/li><li><span style=\"font-size: medium;\">120 g Mehl fein bis 300 g grob pro Minute &#8211; mittlere Mahlscheibe<br \/><\/span><\/li><li><span style=\"font-size: medium;\">Trichterf\u00fcllmenge: 1,2 kg<\/span><\/li><li><span style=\"font-size: medium;\">Kurbelradius: 20 cm<\/span><\/li><li><span style=\"font-size: medium;\">Durchmesser: 40 cm<br \/><\/span><\/li><li><span style=\"font-size: medium;\">Geh\u00e4usematerial: Stahlgu\u00df<\/span><\/li><li><span style=\"font-size: medium;\">Umbau in elektrisch m\u00f6glich:\u00a0 ja<\/span><\/li><li><span style=\"font-size: medium;\">Abmessungen ( H x B x T in cm):\u00a0 43 x 40 x 41<\/span><\/li><\/ul><p><span style=\"font-size: medium;\">Wir bieten in unserem Shop die Diamant 525 auch umger\u00fcstet mit Motor, KR-Scheibe und Keilriemen an. Ebenso finden Sie weitere Mahlscheiben in unterschiedlichen Ausf\u00fchrungen, um den Einsatz ihrer M\u00fchle zu erweitern.<\/span><\/p>","protected":false},"excerpt":{"rendered":"<p>4Getreidem\u00fchlen f\u00fcr ein vollwertiges Leben!Die Vollwertk\u00fcche bietet 1001 M\u00f6glichkeiten der gesunden Ern\u00e4hrung. In frisch gemahlenem Getreide und Saaten stecken wertvolle N\u00e4hrstoffe f\u00fcr unz\u00e4hlige Delikatessen: f\u00fcr Brot, Br\u00f6tchen, M\u00fcsli, Pfannkuchen und und und.Bleiben Sie gesund. Der Speisezettel f\u00fcr Menschen, die Vollwertk\u00fcche bevorzugen, war noch nie so lang und abwechslungsreich wie heute.&#8211; Die Diamant Modell 525-010 Diamant [&hellip;]<\/p>\n","protected":false},"featured_media":364,"template":"","meta":[],"product_brand":[],"product_cat":[182,185],"product_tag":[],"class_list":{"0":"post-1417","1":"product","2":"type-product","3":"status-publish","4":"has-post-thumbnail","6":"product_cat-handmuehlen","7":"product_cat-profigeraete","9":"first","10":"instock","11":"taxable","12":"shipping-taxable","13":"purchasable","14":"product-type-simple"},"supplier_id":1283,"supplier_sku":"525010-MR","barcode":null,"atum_controlled":false,"out_stock_date":null,"out_stock_threshold":null,"inheritable":false,"inbound_stock":null,"stock_on_hold":0,"sold_today":0,"sales_last_days":0,"reserved_stock":null,"customer_returns":null,"warehouse_damage":null,"lost_in_post":null,"other_logs":null,"out_stock_days":0,"lost_sales":0,"has_location":false,"update_date":"2025-07-05T07:00:44","atum_locations":[],"atum_stock_status":"instock","restock_status":false,"low_stock_amount":"","sales_update_date":"2025-07-05T07:00:44","calc_backorders":null,"_links":{"self":[{"href":"https:\/\/wordpress.famberg.de\/index.php\/wp-json\/wp\/v2\/product\/1417","targetHints":{"allow":["GET"]}}],"collection":[{"href":"https:\/\/wordpress.famberg.de\/index.php\/wp-json\/wp\/v2\/product"}],"about":[{"href":"https:\/\/wordpress.famberg.de\/index.php\/wp-json\/wp\/v2\/types\/product"}],"wp:featuredmedia":[{"embeddable":true,"href":"https:\/\/wordpress.famberg.de\/index.php\/wp-json\/wp\/v2\/media\/364"}],"wp:attachment":[{"href":"https:\/\/wordpress.famberg.de\/index.php\/wp-json\/wp\/v2\/media?parent=1417"}],"wp:term":[{"taxonomy":"product_brand","embeddable":true,"href":"https:\/\/wordpress.famberg.de\/index.php\/wp-json\/wp\/v2\/product_brand?post=1417"},{"taxonomy":"product_cat","embeddable":true,"href":"https:\/\/wordpress.famberg.de\/index.php\/wp-json\/wp\/v2\/product_cat?post=1417"},{"taxonomy":"product_tag","embeddable":true,"href":"https:\/\/wordpress.famberg.de\/index.php\/wp-json\/wp\/v2\/product_tag?post=1417"}],"curies":[{"name":"wp","href":"https:\/\/api.w.org\/{rel}","templated":true}]}}