{"id":1413,"date":"2024-02-24T11:26:14","date_gmt":"2024-02-24T10:26:14","guid":{"rendered":"https:\/\/wordpress.famberg.de\/index.php\/produkt\/mahlwerk-2-flueglig-zubehoer-fuer-personal-blender-pb250-pb300-pb350-usw\/"},"modified":"2025-12-14T11:38:11","modified_gmt":"2025-12-14T10:38:11","slug":"mahlwerk-2-flueglig-zubehoer-fuer-personal-blender-pb250-pb300-pb350-usw","status":"publish","type":"product","link":"https:\/\/wordpress.famberg.de\/index.php\/produkt\/mahlwerk-2-flueglig-zubehoer-fuer-personal-blender-pb250-pb300-pb350-usw\/","title":{"rendered":"Tribest Mahlwerk 2-fl\u00fcglig Zubeh\u00f6r f\u00fcr Personal Blender PB250 PB300 PB350 usw."},"content":{"rendered":"<p><span style=\"color: #006600; font-size: large;\"><strong><span style=\"font-size: x-large;\"><span style=\"font-size: large;\">2-fl\u00fcgliges Mahlwerk<\/span> <\/span><\/strong><span style=\"font-size: medium;\"><br \/><\/span><\/span><\/p><p><span style=\"color: #006600; font-size: large;\"><span style=\"font-size: medium;\">Zubeh\u00f6r f\u00fcr Personal Blender<\/span><\/span><span style=\"font-size: medium;\"><br \/><\/span><\/p><p><span style=\"font-size: medium;\">Das Mahlwerk mit zweizackiger Klinge ist bestens geeignet um trockenes Mahlgut, wie Samen, Getreide, N\u00fcsse, Mandeln oder auch Kaffeebohnen, zu mahlen. Mit den kleineren Glasbeh\u00e4ltern oder den Mahlbechen aus Tritan k\u00f6nnen Sie auch kleinere Mengen f\u00fcr den t\u00e4glichen Bedarf immer frisch zubereiten. <\/span><\/p><p><span style=\"font-size: medium;\">Das Mahlwerk mit zweizackiger Klinge als Erg\u00e4nzung oder zum Nachkaufen, passend f\u00fcr alle Personal Blender.<br \/><\/span><\/p><p><span style=\"font-size: medium;\">\u00a0<\/span><\/p><div id=\"div-daten\"><p><span style=\"font-size: medium;\"><strong>Mahlwerk f\u00fcr Personal Blender:<\/strong><\/span><\/p><p><span style=\"font-size: medium;\">\u00a0<\/span><\/p><ul><li><span style=\"font-size: medium;\">Material: Tritan<\/span><\/li><li><span style=\"font-size: medium;\">bruchfest<\/span><\/li><li><span style=\"font-size: medium;\">BPA-frei<\/span><\/li><li><span style=\"font-size: medium;\">mit 2 Klingen<br \/><\/span><\/li><li><span style=\"font-size: medium;\">passend f\u00fcr Personal Bleneder 150, 250, 250 XL und 350<\/span><\/li><\/ul><p><span style=\"font-size: medium;\">Im Shop auch erh\u00e4ltlich 4-fl\u00fcgliges Mixwerk zum Nachkaufen oder zum Erweitern Ihres Personal Blenders.<\/span><\/p><p>&nbsp;<\/p><\/div>","protected":false},"excerpt":{"rendered":"<p>2-fl\u00fcgliges Mahlwerk Zubeh\u00f6r f\u00fcr Personal BlenderDas Mahlwerk mit zweizackiger Klinge ist bestens geeignet um trockenes Mahlgut, wie Samen, Getreide, N\u00fcsse, Mandeln oder auch Kaffeebohnen, zu mahlen. Mit den kleineren Glasbeh\u00e4ltern oder den Mahlbechen aus Tritan k\u00f6nnen Sie auch kleinere Mengen f\u00fcr den t\u00e4glichen Bedarf immer frisch zubereiten. Das Mahlwerk mit zweizackiger Klinge als Erg\u00e4nzung oder [&hellip;]<\/p>\n","protected":false},"featured_media":361,"template":"","meta":[],"product_brand":[],"product_cat":[200],"product_tag":[],"class_list":{"0":"post-1413","1":"product","2":"type-product","3":"status-publish","4":"has-post-thumbnail","6":"product_cat-ersatzteile-allerlei","7":"product_shipping_class-kleinkram","9":"first","10":"outofstock","11":"taxable","12":"shipping-taxable","13":"purchasable","14":"product-type-simple"},"supplier_id":1411,"supplier_sku":"54055","barcode":null,"atum_controlled":true,"out_stock_date":"2025-12-14 11:38:12","out_stock_threshold":null,"inheritable":false,"inbound_stock":0,"stock_on_hold":0,"sold_today":0,"sales_last_days":2,"reserved_stock":0,"customer_returns":0,"warehouse_damage":0,"lost_in_post":0,"other_logs":0,"out_stock_days":2,"lost_sales":13,"has_location":false,"update_date":"2025-12-16T12:18:46","atum_locations":[],"atum_stock_status":"outofstock","restock_status":false,"low_stock_amount":"","sales_update_date":"2025-12-16T12:18:46","calc_backorders":null,"_links":{"self":[{"href":"https:\/\/wordpress.famberg.de\/index.php\/wp-json\/wp\/v2\/product\/1413","targetHints":{"allow":["GET"]}}],"collection":[{"href":"https:\/\/wordpress.famberg.de\/index.php\/wp-json\/wp\/v2\/product"}],"about":[{"href":"https:\/\/wordpress.famberg.de\/index.php\/wp-json\/wp\/v2\/types\/product"}],"wp:featuredmedia":[{"embeddable":true,"href":"https:\/\/wordpress.famberg.de\/index.php\/wp-json\/wp\/v2\/media\/361"}],"wp:attachment":[{"href":"https:\/\/wordpress.famberg.de\/index.php\/wp-json\/wp\/v2\/media?parent=1413"}],"wp:term":[{"taxonomy":"product_brand","embeddable":true,"href":"https:\/\/wordpress.famberg.de\/index.php\/wp-json\/wp\/v2\/product_brand?post=1413"},{"taxonomy":"product_cat","embeddable":true,"href":"https:\/\/wordpress.famberg.de\/index.php\/wp-json\/wp\/v2\/product_cat?post=1413"},{"taxonomy":"product_tag","embeddable":true,"href":"https:\/\/wordpress.famberg.de\/index.php\/wp-json\/wp\/v2\/product_tag?post=1413"}],"curies":[{"name":"wp","href":"https:\/\/api.w.org\/{rel}","templated":true}]}}