{"id":1412,"date":"2024-02-24T11:26:13","date_gmt":"2024-02-24T10:26:13","guid":{"rendered":"https:\/\/wordpress.famberg.de\/index.php\/produkt\/mixwerk-4flueglig-zubehoer-fuer-personal-blender-pb250-pb300-pb350-usw\/"},"modified":"2026-03-29T19:34:12","modified_gmt":"2026-03-29T17:34:12","slug":"mixwerk-4flueglig-zubehoer-fuer-personal-blender-pb250-pb300-pb350-usw","status":"publish","type":"product","link":"https:\/\/wordpress.famberg.de\/index.php\/produkt\/mixwerk-4flueglig-zubehoer-fuer-personal-blender-pb250-pb300-pb350-usw\/","title":{"rendered":"Tribest Mixwerk 4fl\u00fcglig Zubeh\u00f6r f\u00fcr Personal Blender PB250 PB300 PB350 usw."},"content":{"rendered":"<p>&nbsp;<\/p><p><span style=\"color: #006600; font-size: medium;\"><strong>4-fl\u00fcgliges Mixwerk <\/strong><br \/><\/span><\/p><p><span style=\"color: #006600; font-size: medium;\">Zubeh\u00f6r f\u00fcr Personal Blender<\/span><span style=\"font-size: medium;\"><br \/><\/span><\/p><p><span style=\"font-size: medium;\">Das Mixwerk mit vierzackiger Klinge ist bestens zur Herstellung von Smoothies, Suppen, Salatdressings, Dips f\u00fcr Rohkost oder auch veganen Aufstrichen, geeignet. Verarbeiten Sie frisches oder auch \u00fcberreifes Obst und Gem\u00fcse, mit anderen Zutaten zu einem wohlschmeckenden und gesunden Getr\u00e4nk, bereichern Sie Ihre gesunde Lebenssweise.<br \/><\/span><\/p><p><span style=\"font-size: medium;\">Mit den kleineren Glasbeh\u00e4ltern oder den Mahlbechen aus Tritan k\u00f6nnen Sie auch kleinere Mengen f\u00fcr den t\u00e4glichen Bedarf immer frisch zubereiten und aufbewahren. Das Mixwerk mit vierzackiger Klinge ist im Lieferumfang aller Personal Blender enthalten und dient hier zum Nachkauf.<br \/><\/span><\/p><p><span style=\"font-size: medium;\">\u00a0<\/span><\/p><div id=\"div-daten\"><p><span style=\"font-size: medium;\"><strong>Mahlwerk f\u00fcr Personal Blender:<\/strong><\/span><\/p><ul><li><span style=\"font-size: medium;\">Material: Tritan<\/span><\/li><li><span style=\"font-size: medium;\">bruchfest<\/span><\/li><li><span style=\"font-size: medium;\">BPA-frei<\/span><\/li><li><span style=\"font-size: medium;\">mit 4 Klingen<br \/><\/span><\/li><li><span style=\"font-size: medium;\">passend f\u00fcr Personal Bleneder 150, 250, 250 XL und 350<\/span><\/li><\/ul><p><span style=\"font-size: medium;\">Im Shop auch erh\u00e4ltlich 2-fl\u00fcgliges Mahlwerk zum Nachkaufen oder zum Erweitern Ihres Personal Blenders.<\/span><\/p><\/div>","protected":false},"excerpt":{"rendered":"<p>&nbsp;4-fl\u00fcgliges Mixwerk Zubeh\u00f6r f\u00fcr Personal BlenderDas Mixwerk mit vierzackiger Klinge ist bestens zur Herstellung von Smoothies, Suppen, Salatdressings, Dips f\u00fcr Rohkost oder auch veganen Aufstrichen, geeignet. Verarbeiten Sie frisches oder auch \u00fcberreifes Obst und Gem\u00fcse, mit anderen Zutaten zu einem wohlschmeckenden und gesunden Getr\u00e4nk, bereichern Sie Ihre gesunde Lebenssweise.Mit den kleineren Glasbeh\u00e4ltern oder den Mahlbechen [&hellip;]<\/p>\n","protected":false},"featured_media":358,"template":"","meta":[],"product_brand":[],"product_cat":[200],"product_tag":[],"class_list":{"0":"post-1412","1":"product","2":"type-product","3":"status-publish","4":"has-post-thumbnail","6":"product_cat-ersatzteile-allerlei","7":"product_shipping_class-kleinkram","9":"first","10":"instock","11":"taxable","12":"shipping-taxable","13":"purchasable","14":"product-type-simple"},"supplier_id":1411,"supplier_sku":"54050","barcode":null,"atum_controlled":true,"out_stock_date":null,"out_stock_threshold":null,"inheritable":false,"inbound_stock":0,"stock_on_hold":0,"sold_today":0,"sales_last_days":1,"reserved_stock":0,"customer_returns":0,"warehouse_damage":0,"lost_in_post":0,"other_logs":0,"out_stock_days":0,"lost_sales":0,"has_location":false,"update_date":"2026-03-31T11:49:13","atum_locations":[],"atum_stock_status":"instock","restock_status":false,"low_stock_amount":"","sales_update_date":"2026-03-31T11:49:13","calc_backorders":null,"_links":{"self":[{"href":"https:\/\/wordpress.famberg.de\/index.php\/wp-json\/wp\/v2\/product\/1412","targetHints":{"allow":["GET"]}}],"collection":[{"href":"https:\/\/wordpress.famberg.de\/index.php\/wp-json\/wp\/v2\/product"}],"about":[{"href":"https:\/\/wordpress.famberg.de\/index.php\/wp-json\/wp\/v2\/types\/product"}],"wp:featuredmedia":[{"embeddable":true,"href":"https:\/\/wordpress.famberg.de\/index.php\/wp-json\/wp\/v2\/media\/358"}],"wp:attachment":[{"href":"https:\/\/wordpress.famberg.de\/index.php\/wp-json\/wp\/v2\/media?parent=1412"}],"wp:term":[{"taxonomy":"product_brand","embeddable":true,"href":"https:\/\/wordpress.famberg.de\/index.php\/wp-json\/wp\/v2\/product_brand?post=1412"},{"taxonomy":"product_cat","embeddable":true,"href":"https:\/\/wordpress.famberg.de\/index.php\/wp-json\/wp\/v2\/product_cat?post=1412"},{"taxonomy":"product_tag","embeddable":true,"href":"https:\/\/wordpress.famberg.de\/index.php\/wp-json\/wp\/v2\/product_tag?post=1412"}],"curies":[{"name":"wp","href":"https:\/\/api.w.org\/{rel}","templated":true}]}}