{"id":1408,"date":"2024-02-24T11:26:08","date_gmt":"2024-02-24T10:26:08","guid":{"rendered":"https:\/\/wordpress.famberg.de\/index.php\/produkt\/doerrautomat-doerrgeraet-3-edelstahl-gittern\/"},"modified":"2024-10-07T13:00:01","modified_gmt":"2024-10-07T11:00:01","slug":"doerrautomat-doerrgeraet-3-edelstahl-gittern","status":"publish","type":"product","link":"https:\/\/wordpress.famberg.de\/index.php\/produkt\/doerrautomat-doerrgeraet-3-edelstahl-gittern\/","title":{"rendered":"St\u00f6ckli D\u00f6rrautomat D\u00f6rrger\u00e4t 3 Edelstahl Gittern"},"content":{"rendered":"<div><span style=\"font-size: medium;\"><span style=\"font-size: medium;\"><span style=\"color: #006600;\"><b>St\u00f6ckli D\u00f6rrger\u00e4t mit 3 Edelstahl-Gittern<\/b><\/span><br \/>D\u00f6rren ist die nat\u00fcrlichste und einfachste Art Fr\u00fcchte, Gem\u00fcse, Pilze und Kr\u00e4uter dauerhaft zu konservieren. Ged\u00f6rrte Lebensmittel behalten Ihren hohen N\u00e4hrwert und ist daher nicht nur schmackhaft, sondern auch sehr gesund. Richtig ged\u00f6rrte Nahrungsmittel ben\u00f6tigen keine Konservierungsmittel und werden &#8211; im Gegensatz zu handels\u00fcblichem D\u00f6rrgut &#8211; nicht geschwefelt. Trotzdem k\u00f6nnen sie \u00fcber viele Monate gelagert werden. Denn dank dem ST\u00d6CKLI D\u00f6rrger\u00e4t k\u00f6nnen frische Lebensmittel in der jeweiligen Saison verarbeitet werden und sind besonders f\u00fcr Rohk\u00f6stler geeignet.<\/span><\/span>Testberichte.de schreibt:<br \/>&#8222;Die D\u00f6rrger\u00e4te der Firma St\u00f6ckli haben international einen sehr guten<br \/>Ruf: Sie gelten als zuverl\u00e4ssig, leistungsstark und einfach zu bedienen.<br \/>Die neueste Generation mit Metallgitter sollen zudem besonders geschmacksneutral<br \/>d\u00f6rren k\u00f6nnen. Denn das ist eines der am h\u00e4ufigsten monierten Probleme<br \/>bei D\u00f6rrapparaten aus Plastik. Nur allzu schnell beeinflusst der hei\u00df<br \/>werdende Kunststoff den Geschmack der ged\u00f6rrten Speisen. Dabei muss das<br \/>D\u00f6rrgut anschlie\u00dfend nicht immer offensichtlich nach Plastik schmecken&#8230; &#8220;<\/p><p>St\u00f6ckli D\u00f6rrger\u00e4t mit <span style=\"font-weight: bold;\">pflegefreundlichem Kunststoffgeh\u00e4use <\/span><span style=\"font-weight: bold;\">stufenloser Temperatur-Feineinstellung<\/span> und <span style=\"font-weight: bold;\">aktiver<\/span> <span style=\"font-weight: bold;\">Warmluftzirkulation<\/span>.<br \/>Die verschiedenen D\u00f6rrzeiten f\u00fcr das<br \/>jeweilige D\u00f6rrgut sind auf dem transparenten Deckel eingepr\u00e4gt,<br \/>die LED-Anzeige leuchtet, wenn die Heizung in Betrieb ist.<br \/>Das Ger\u00e4t kann mit bis zu 10 D\u00f6rrgittern arbeiten, Sie erhalten zusammen mit dem Ger\u00e4t <b>inkl. drei Edelstahld\u00f6rrgitter<\/b>. Zusatzgitter sind hier im Shop erh\u00e4ltlich. Am Besten gleich mitbestellen. Vorteile der Edelstahlgitter gegen\u00fcber Kunststoffgittern sind nicht nur im Geschmackserlebnis, sondern sie haben eine bessere W\u00e4rmeleitf\u00e4higkeit, eine feinere Maschengr\u00f6\u00dfe, verf\u00e4rben nicht durch Obst- oder Gem\u00fcsesaft und sind sp\u00fclmaschinengeeignet.<\/p><p><strong>Produktmerkmale:<br \/><\/strong><\/p><ul><li><span style=\"font-size: medium;\">Temperatureinstellung, stufenlos zwischen 30\u00b0C und 70\u00b0C<\/span><\/li><li><span style=\"font-size: medium;\">aktive Warmluftzirkulierung f\u00fcr ein gleichm\u00e4\u00dfiges Ergebnis<\/span><\/li><li><span style=\"font-size: medium;\">inklusive 3 Edelstahlgitter (Kunststoffrahmen und INOX-Gitter) f\u00fcr 1,5 kg D\u00f6rrgut<\/span><\/li><li><span style=\"font-size: medium;\">pflegeleichtes Kunststoffgeh\u00e4use, hellgrau<\/span><\/li><li><span style=\"font-size: medium;\">Ma\u00dfe (Hxd) in cm: 28 x 33,5<\/span><\/li><li><span style=\"font-size: medium;\">Leistung 540 W<\/span><\/li><li><span style=\"font-size: medium;\">ohne Timer<br \/><\/span><\/li><li><span style=\"font-size: medium;\">Swiss Made<br \/><\/span><\/li><\/ul><p><span style=\"font-size: medium;\"><b>Lieferumfang:<\/b><\/span><\/p><ul><li><span style=\"font-size: medium;\"> St\u00f6ckli D\u00f6rrger\u00e4t <\/span><\/li><li><span style=\"font-size: medium;\">transparenter Deckel und Kabel<br \/><\/span><\/li><li><span style=\"font-size: medium;\">3 St\u00fcck Edelstahl-D\u00f6rrgitter<\/span><\/li><li><span style=\"font-size: medium;\">ausf\u00fchrliche Bedienungsanleitung <\/span><\/li><\/ul><\/div>","protected":false},"excerpt":{"rendered":"<p>St\u00f6ckli D\u00f6rrger\u00e4t mit 3 Edelstahl-GitternD\u00f6rren ist die nat\u00fcrlichste und einfachste Art Fr\u00fcchte, Gem\u00fcse, Pilze und Kr\u00e4uter dauerhaft zu konservieren. Ged\u00f6rrte Lebensmittel behalten Ihren hohen N\u00e4hrwert und ist daher nicht nur schmackhaft, sondern auch sehr gesund. Richtig ged\u00f6rrte Nahrungsmittel ben\u00f6tigen keine Konservierungsmittel und werden &#8211; im Gegensatz zu handels\u00fcblichem D\u00f6rrgut &#8211; nicht geschwefelt. Trotzdem k\u00f6nnen sie [&hellip;]<\/p>\n","protected":false},"featured_media":341,"template":"","meta":[],"product_brand":[],"product_cat":[134],"product_tag":[],"class_list":{"0":"post-1408","1":"product","2":"type-product","3":"status-publish","4":"has-post-thumbnail","6":"product_cat-kuechengeraete","7":"product_shipping_class-direkt-luba","9":"first","10":"instock","11":"taxable","12":"shipping-taxable","13":"purchasable","14":"product-type-simple"},"supplier_id":1283,"supplier_sku":"007-571","barcode":null,"atum_controlled":false,"out_stock_date":null,"out_stock_threshold":null,"inheritable":false,"inbound_stock":0,"stock_on_hold":0,"sold_today":0,"sales_last_days":0,"reserved_stock":null,"customer_returns":null,"warehouse_damage":null,"lost_in_post":null,"other_logs":null,"out_stock_days":0,"lost_sales":0,"has_location":false,"update_date":"2025-12-14T09:37:37","atum_locations":[],"atum_stock_status":"instock","restock_status":false,"low_stock_amount":"","sales_update_date":"2025-12-14T09:37:37","calc_backorders":null,"_links":{"self":[{"href":"https:\/\/wordpress.famberg.de\/index.php\/wp-json\/wp\/v2\/product\/1408","targetHints":{"allow":["GET"]}}],"collection":[{"href":"https:\/\/wordpress.famberg.de\/index.php\/wp-json\/wp\/v2\/product"}],"about":[{"href":"https:\/\/wordpress.famberg.de\/index.php\/wp-json\/wp\/v2\/types\/product"}],"wp:featuredmedia":[{"embeddable":true,"href":"https:\/\/wordpress.famberg.de\/index.php\/wp-json\/wp\/v2\/media\/341"}],"wp:attachment":[{"href":"https:\/\/wordpress.famberg.de\/index.php\/wp-json\/wp\/v2\/media?parent=1408"}],"wp:term":[{"taxonomy":"product_brand","embeddable":true,"href":"https:\/\/wordpress.famberg.de\/index.php\/wp-json\/wp\/v2\/product_brand?post=1408"},{"taxonomy":"product_cat","embeddable":true,"href":"https:\/\/wordpress.famberg.de\/index.php\/wp-json\/wp\/v2\/product_cat?post=1408"},{"taxonomy":"product_tag","embeddable":true,"href":"https:\/\/wordpress.famberg.de\/index.php\/wp-json\/wp\/v2\/product_tag?post=1408"}],"curies":[{"name":"wp","href":"https:\/\/api.w.org\/{rel}","templated":true}]}}