{"id":1407,"date":"2024-02-24T11:26:07","date_gmt":"2024-02-24T10:26:07","guid":{"rendered":"https:\/\/wordpress.famberg.de\/index.php\/produkt\/handmuehle-getreidemuehle-farina-handgetreidemuehle\/"},"modified":"2024-12-16T09:36:57","modified_gmt":"2024-12-16T08:36:57","slug":"handmuehle-getreidemuehle-farina-handgetreidemuehle","status":"publish","type":"product","link":"https:\/\/wordpress.famberg.de\/index.php\/produkt\/handmuehle-getreidemuehle-farina-handgetreidemuehle\/","title":{"rendered":"Kornkraft Handm\u00fchle Getreidem\u00fchle Farina Handgetreidem\u00fchle"},"content":{"rendered":"<div style=\"width: 200px;\"><\/div><p><span style=\"font-size: medium;\">Ab geht die Post mit Vollwertkost!<\/span><\/p><p><span style=\"font-size: medium;\"><b><span style=\"color: #006600;\">Die Getreidem\u00fchle Farina<\/span> <\/b>mahlt alle Getreidearten locker-flockig<\/span><\/p><p><span style=\"font-size: medium;\">\u00a0<\/span><\/p><p><span style=\"font-size: medium;\">G\u00f6nnen Sie sich den Duft und das Aroma von frischgemahlenem Vollkornmehl. D<\/span><span style=\"font-size: medium;\">azu erhalten Sie die wichtigen Vitamine, Mineralien, Faserstoffe und Spurenelemente welche im Getreide stecken.\u00a0<\/span><span style=\"font-size: medium;\">Vollkornprodukte wirken deshalb nachhaltig verdauungsf\u00f6rdernd.<\/span><\/p><p><span style=\"font-size: medium;\">\u00a0<\/span><\/p><p><span style=\"font-size: medium;\">Das Geh\u00e4use ist aus einheimischen L\u00e4rchenholz und wurde behandelt mit nat\u00fcrlichem Bienenwachsbalsam. D<\/span><span style=\"font-size: medium;\">ie Kurbel ist kugelgelagert und somit \u00e4u\u00dferst leichtg\u00e4ngig. D<\/span><span style=\"font-size: medium;\">as Herz der M\u00fchle ist ein robustes Steinmahlwerk.<\/span><\/p><p><span style=\"font-size: medium;\">Aufgrund ausgereifter Technik, hochwertiger Materialen und solider Verarbeitung gew\u00e4hrt Kornkraft auf das Modell Farina 5 Jahre Garantie. Durch die Herstellergarantie werden die gesetzlichen Rechte aus der Gew\u00e4hrleistung nicht eingeschr\u00e4nkt. Die Herstellergarantie wird von Michael Gergen, H\u00fcttenstra\u00dfe 6-7, 66839 Schmelz getragen und gilt wenn nicht anders angegeben in Deutschland.<\/span><\/p><p><span style=\"font-size: medium;\">\u00a0<\/span><\/p><p><span style=\"font-size: medium;\"><b>Produktmerkmale<\/b><\/span><\/p><ul><li><span style=\"font-size: medium;\">Mahlgut: alle Getreidearten<br \/><\/span><\/li><li><span style=\"font-size: medium;\">Mahlfeinheit ist stufenlos einstellbar von grob (Schrot) bis zu fein (Mehl), aus Hafer zaubert sie grob eingestellt feine Flocken<\/span><\/li><li><span style=\"font-size: medium;\">Mahlwerk Naxos-Basalt in Magnesit &#8211; Salz &#8211; Bindung selbstzentrierendes und selbstsch\u00e4rfendes Mahlwerk<br \/><\/span><\/li><li><span style=\"font-size: medium;\">standsicher durch gro\u00dfe Dreipunktstandfl\u00e4che<br \/><\/span><\/li><li><span style=\"font-size: medium;\">rutschfest und oberfl\u00e4chenschonend durch Korkf\u00fc\u00dfe<br \/><\/span><\/li><li><span style=\"font-size: medium;\"><b>Befestigung durch stabile Tischklammer (inclusive)<br \/><\/b><\/span><\/li><li><span style=\"font-size: medium;\">Mahlleistung: Einstellung mehlfein 35g\/min und grob 90g\/min<\/span><\/li><li><span style=\"font-size: medium;\">Trichterf\u00fcllmenge: 450g<br \/><\/span><\/li><li><span style=\"font-size: medium;\">H\u00f6he: 34 cm<br \/><\/span><\/li><li><span style=\"font-size: medium;\">Gewicht: ca. 1,8 kg<\/span><\/li><\/ul><p><span style=\"font-size: medium;\">Auch Kinder mahlen gern von Hand, handmahlen ist kinderleicht. In vielen Kinderg\u00e4rten wird die FARINA seit Jahren benutzt.<\/span><\/p><p><span style=\"font-size: medium;\">\u00a0<\/span><\/p><p><span style=\"font-size: medium;\">Die Firma Kornkraft gew\u00e4hrt auf dieses Produkt 10 Jahre Herstellergarantie. Diese Garantie umfasst alle Fertigungs- und Materialfehler, nicht aber Besch\u00e4digungen an zerbrechlichen Teilen durch den Benutzer. Durch die Garantie werden die gesetzlichen Rechte aus der Gew\u00e4hrleistung nicht eingeschr\u00e4nkt. Die Garantie wird getragen von Kornkraft Getreidem\u00fchlen, H\u00fcttenstra\u00dfe 6-7, 66839 Schmelz und gilt in Deutschland. Im Garantiefall wenden Sie sich direkt an Kornkraft Getreidem\u00fchlen unter Tel. 068871557 oder nat\u00fcrlich gerne an uns.<\/span><\/p><p><span style=\"font-size: medium;\">\u00a0<\/span><\/p><p>&nbsp;<\/p><p><span style=\"font-size: medium;\">\u00a0<\/span><\/p>","protected":false},"excerpt":{"rendered":"<p>Ab geht die Post mit Vollwertkost!Die Getreidem\u00fchle Farina mahlt alle Getreidearten locker-flockig\u00a0G\u00f6nnen Sie sich den Duft und das Aroma von frischgemahlenem Vollkornmehl. Dazu erhalten Sie die wichtigen Vitamine, Mineralien, Faserstoffe und Spurenelemente welche im Getreide stecken.\u00a0Vollkornprodukte wirken deshalb nachhaltig verdauungsf\u00f6rdernd.\u00a0Das Geh\u00e4use ist aus einheimischen L\u00e4rchenholz und wurde behandelt mit nat\u00fcrlichem Bienenwachsbalsam. Die Kurbel ist kugelgelagert [&hellip;]<\/p>\n","protected":false},"featured_media":338,"template":"","meta":[],"product_brand":[],"product_cat":[182],"product_tag":[],"class_list":{"0":"post-1407","1":"product","2":"type-product","3":"status-publish","4":"has-post-thumbnail","6":"product_cat-handmuehlen","7":"product_shipping_class-direkt-luba","9":"first","10":"instock","11":"taxable","12":"shipping-taxable","13":"purchasable","14":"product-type-simple"},"supplier_id":1283,"supplier_sku":"310-200","barcode":null,"atum_controlled":false,"out_stock_date":null,"out_stock_threshold":null,"inheritable":false,"inbound_stock":0,"stock_on_hold":0,"sold_today":0,"sales_last_days":1,"reserved_stock":null,"customer_returns":null,"warehouse_damage":null,"lost_in_post":null,"other_logs":null,"out_stock_days":0,"lost_sales":0,"has_location":false,"update_date":"2025-10-16T17:03:28","atum_locations":[],"atum_stock_status":"instock","restock_status":false,"low_stock_amount":"","sales_update_date":"2025-10-16T17:03:28","calc_backorders":null,"_links":{"self":[{"href":"https:\/\/wordpress.famberg.de\/index.php\/wp-json\/wp\/v2\/product\/1407","targetHints":{"allow":["GET"]}}],"collection":[{"href":"https:\/\/wordpress.famberg.de\/index.php\/wp-json\/wp\/v2\/product"}],"about":[{"href":"https:\/\/wordpress.famberg.de\/index.php\/wp-json\/wp\/v2\/types\/product"}],"wp:featuredmedia":[{"embeddable":true,"href":"https:\/\/wordpress.famberg.de\/index.php\/wp-json\/wp\/v2\/media\/338"}],"wp:attachment":[{"href":"https:\/\/wordpress.famberg.de\/index.php\/wp-json\/wp\/v2\/media?parent=1407"}],"wp:term":[{"taxonomy":"product_brand","embeddable":true,"href":"https:\/\/wordpress.famberg.de\/index.php\/wp-json\/wp\/v2\/product_brand?post=1407"},{"taxonomy":"product_cat","embeddable":true,"href":"https:\/\/wordpress.famberg.de\/index.php\/wp-json\/wp\/v2\/product_cat?post=1407"},{"taxonomy":"product_tag","embeddable":true,"href":"https:\/\/wordpress.famberg.de\/index.php\/wp-json\/wp\/v2\/product_tag?post=1407"}],"curies":[{"name":"wp","href":"https:\/\/api.w.org\/{rel}","templated":true}]}}