{"id":1405,"date":"2024-02-24T11:26:05","date_gmt":"2024-02-24T10:26:05","guid":{"rendered":"https:\/\/wordpress.famberg.de\/index.php\/produkt\/duo-getreideflocker-und-getreidemuehle-kombigeraet-mit-stahlwalzen\/"},"modified":"2024-10-07T13:00:01","modified_gmt":"2024-10-07T11:00:01","slug":"duo-getreideflocker-und-getreidemuehle-kombigeraet-mit-stahlwalzen","status":"publish","type":"product","link":"https:\/\/wordpress.famberg.de\/index.php\/produkt\/duo-getreideflocker-und-getreidemuehle-kombigeraet-mit-stahlwalzen\/","title":{"rendered":"Luba Duo Getreideflocker und Getreidem\u00fchle Kombiger\u00e4t mit Stahlwalzen"},"content":{"rendered":"<p><font size=\"3\"><span style=\"font-weight: bold\">Gesund &nbsp;in den neuen Tag! <\/span>Denn frisch gepre\u00dfte Flocken enthalten alle Vitamine und die wichtigsten Inhaltsstoffe des Getreides <\/font><\/p><p><font size=\"3\"><br \/><b>DUO- Steinm\u00fchle und Flocker mit Keramikmahlsteine und S<\/b><\/font><font size=\"3\"><b>tahlwalzen <\/b><br \/><\/font><\/p><p><font size=\"3\">&#8211; das Kombinationsger\u00e4t aus massivem Eschenholz zum Mahlen und Flocken von Getreide<\/p><p><strong>Zweigeteilter Trichter<\/strong>,<br \/><\/font><\/p><p><font size=\"3\">der erste Teil f\u00fcr den Flockenbereich und der zweite gr\u00f6\u00dfere Teil f\u00fcr das Mahlen.<br \/><strong>Zwei getrennte Ausl\u00e4ufe<\/strong>, <br \/><\/font><\/p><p><font size=\"3\">der Flockenauslauf ist seitlich und der Mehlauslauf befindet sich an der Vorderseite.<\/p><p>Befestigung am Tisch mit 2 Tischzwingen, diese sind im Lieferumfang enthalten.<br \/><\/font><\/p><p><!--[if gte mso 9]&gt;--><\/p><p><!--[if gte mso 9]&gt;--><\/p><p>  Normal<br \/>  0<\/p><p>  21<\/p><p>  false<br \/>  false<br \/>  false<\/p><p>  DE<br \/>  X-NONE<br \/>  X-NONE<\/p><p><!--[if gte mso 9]&gt;--><\/p><p><!--[if gte mso 10]&gt;--><\/p><p class=\"MsoNormal\" style=\"margin-bottom:0cm;margin-bottom:.0001pt;line-height:normal\"><font size=\"3\"><b><br \/><\/b><\/font><\/p><p class=\"MsoNormal\" style=\"margin-bottom:0cm;margin-bottom:.0001pt;line-height:normal\"><font size=\"3\"><b>Artikelmerkmale:<\/b><\/font><\/p><p><font size=\"3\"><\/p><p><\/font><\/p><ul><li><font size=\"3\"><span style=\"font-family:Symbol\"><span><span style=\"font:7.0pt\"><\/span><\/span><\/span><font face=\"times new roman\"><span style=\"font-family:\">Holztrichter,<br \/>2-geteilt, mit Deckel<\/span><\/font><\/font><\/li><li><font size=\"3\" face=\"times new roman\"><span><span style=\"font:7.0pt\"><\/span><\/span><span style=\"font-family:\">Trichterf\u00fcllmenge:<br \/>Flocker: 150g<\/span><\/font><\/li><li><font size=\"3\" face=\"times new roman\"><span><span style=\"font:7.0pt\"><\/span><\/span><span style=\"font-family:\">M\u00fchle:<br \/>400g (Getreide)<\/span><\/font><\/li><li><font size=\"3\" face=\"times new roman\"><span><span style=\"font:7.0pt\"><\/span><\/span><span style=\"font-family:\">Keramikmahlsteine<br \/>mit 70 mm \u00d8<\/span><\/font><\/li><li><font size=\"3\" face=\"times new roman\"><span><span style=\"font:7.0pt\"><\/span><\/span><span style=\"font-family:\">Mahlmenge:<br \/>ca. 40g\/Minute (fein), ca. 120 g\/Minute (grob)<\/span><\/font><\/li><li><font size=\"3\" face=\"times new roman\"><span><span style=\"font:7.0pt\"><\/span><\/span><span style=\"font-family:\">Flockwerk<br \/>aus Stahl &#8211;&nbsp;2 Stahlwalzen mit 47 mm \u00d8<\/span><\/font><\/li><li><font size=\"3\" face=\"times new roman\"><span><span style=\"font:7.0pt\"><\/span><\/span><span style=\"font-family:\">Flock-bzw.<br \/>Quetschmenge: ca. 40g\/Minute (fein), ca. 120g\/Minute (grob)<\/span><\/font><\/li><li><font size=\"3\" face=\"times new roman\"><span><span style=\"font:7.0pt\"><\/span><\/span><span style=\"font-family:\">stufenlos<br \/>verstellbar<\/span><\/font><\/li><li><font size=\"3\" face=\"times new roman\"><span><span style=\"font:7.0pt\"><\/span><\/span><span style=\"font-family:\">Unterstellh\u00f6he<br \/>f\u00fcr Auffangbeh\u00e4lter: 9 cm bei M\u00fchle, 7 cm beim Flocker <\/span><\/font><\/li><li><font size=\"3\" face=\"times new roman\"><span><span style=\"font:7.0pt\"><\/span><\/span><span style=\"font-family:\">Gr\u00f6sse:<br \/>H\u00f6he 34 cm x Breite 28 cm x Tiefe 31 cm<\/span><\/font><\/li><\/ul>","protected":false},"excerpt":{"rendered":"<p>Gesund &nbsp;in den neuen Tag! Denn frisch gepre\u00dfte Flocken enthalten alle Vitamine und die wichtigsten Inhaltsstoffe des Getreides DUO- Steinm\u00fchle und Flocker mit Keramikmahlsteine und Stahlwalzen &#8211; das Kombinationsger\u00e4t aus massivem Eschenholz zum Mahlen und Flocken von GetreideZweigeteilter Trichter,der erste Teil f\u00fcr den Flockenbereich und der zweite gr\u00f6\u00dfere Teil f\u00fcr das Mahlen.Zwei getrennte Ausl\u00e4ufe, der [&hellip;]<\/p>\n","protected":false},"featured_media":333,"template":"","meta":[],"product_brand":[],"product_cat":[184],"product_tag":[],"class_list":{"0":"post-1405","1":"product","2":"type-product","3":"status-publish","4":"has-post-thumbnail","6":"product_cat-kombintgeraete","8":"first","9":"instock","10":"taxable","11":"shipping-taxable","12":"purchasable","13":"product-type-simple"},"supplier_id":1283,"supplier_sku":"115-600","barcode":null,"atum_controlled":false,"out_stock_date":null,"out_stock_threshold":null,"inheritable":false,"inbound_stock":0,"stock_on_hold":0,"sold_today":0,"sales_last_days":0,"reserved_stock":null,"customer_returns":null,"warehouse_damage":null,"lost_in_post":null,"other_logs":null,"out_stock_days":0,"lost_sales":0,"has_location":null,"update_date":"2025-10-05T19:55:31","atum_locations":[],"atum_stock_status":"instock","restock_status":false,"low_stock_amount":"","sales_update_date":"2025-10-05T19:55:31","calc_backorders":null,"_links":{"self":[{"href":"https:\/\/wordpress.famberg.de\/index.php\/wp-json\/wp\/v2\/product\/1405","targetHints":{"allow":["GET"]}}],"collection":[{"href":"https:\/\/wordpress.famberg.de\/index.php\/wp-json\/wp\/v2\/product"}],"about":[{"href":"https:\/\/wordpress.famberg.de\/index.php\/wp-json\/wp\/v2\/types\/product"}],"wp:featuredmedia":[{"embeddable":true,"href":"https:\/\/wordpress.famberg.de\/index.php\/wp-json\/wp\/v2\/media\/333"}],"wp:attachment":[{"href":"https:\/\/wordpress.famberg.de\/index.php\/wp-json\/wp\/v2\/media?parent=1405"}],"wp:term":[{"taxonomy":"product_brand","embeddable":true,"href":"https:\/\/wordpress.famberg.de\/index.php\/wp-json\/wp\/v2\/product_brand?post=1405"},{"taxonomy":"product_cat","embeddable":true,"href":"https:\/\/wordpress.famberg.de\/index.php\/wp-json\/wp\/v2\/product_cat?post=1405"},{"taxonomy":"product_tag","embeddable":true,"href":"https:\/\/wordpress.famberg.de\/index.php\/wp-json\/wp\/v2\/product_tag?post=1405"}],"curies":[{"name":"wp","href":"https:\/\/api.w.org\/{rel}","templated":true}]}}