{"id":1397,"date":"2024-02-24T11:25:53","date_gmt":"2024-02-24T10:25:53","guid":{"rendered":"https:\/\/wordpress.famberg.de\/index.php\/produkt\/getreidesack-wandhalter-fuer-1-2-oder-3-saecke\/"},"modified":"2024-11-12T18:08:14","modified_gmt":"2024-11-12T17:08:14","slug":"getreidesack-wandhalter-fuer-1-2-oder-3-saecke","status":"publish","type":"product","link":"https:\/\/wordpress.famberg.de\/index.php\/produkt\/getreidesack-wandhalter-fuer-1-2-oder-3-saecke\/","title":{"rendered":"Hawos und Kornkraft Wandhalter f\u00fcr 1, 2 oder 3 S\u00e4cke"},"content":{"rendered":"<p><span style=\"font-size: large;\"><b>Wandhalterungen f\u00fcr S\u00e4cke zur Getreideaufbewahrung<\/b><\/span><\/p><p><span style=\"font-weight: bold;\">hawos Wandhalter f\u00fcr 2 Getreides\u00e4cke<\/span><br \/>Dieser sch\u00f6n geschwungene Wandtr\u00e4ger aus massivem Buchenholz ist 5,5 cm stark und wird durch zwei verdeckte Schrauben gehalten.<br \/>Die beiden Bolzen haben eine Tragf\u00e4higkeit von 2 x 25 kg. Begrenzt wird die Tragf\u00e4higkeit nur durch die Stabilit\u00e4t Ihrer Wand.<\/p><ul><li>Material Buche, ged\u00e4mpft<\/li><li>Gewicht 860 g<\/li><li>H\u00f6he x Breite 7,5 x 30 cm<\/li><li>Tiefe inkl. Bolzen 16,5 cm<\/li><\/ul><p><span style=\"font-weight: bold;\">Kornkraft Wandhalter f\u00fcr 3 Getreides\u00e4cke<\/span><\/p><ul><li>Material Buche<\/li><\/ul><p><span style=\"font-weight: bold;\">Kornkraft Wandhalter <\/span><span style=\"font-weight: bold;\">f\u00fcr 1 Getreidesack<\/span><\/p><ul><li>Material Fichte<\/li><\/ul><p><span style=\"color: #cc0000;\"><b>Ohne Getreides\u00e4cke, diese finden Sie mit 3, 5, 10\u00a0 und 25 kg auch bei uns im Shop.<\/b><\/span><\/p><p><span style=\"color: #ffffff;\">Luba<\/span><\/p>","protected":false},"excerpt":{"rendered":"<p>Wandhalterungen f\u00fcr S\u00e4cke zur Getreideaufbewahrunghawos Wandhalter f\u00fcr 2 Getreides\u00e4ckeDieser sch\u00f6n geschwungene Wandtr\u00e4ger aus massivem Buchenholz ist 5,5 cm stark und wird durch zwei verdeckte Schrauben gehalten.Die beiden Bolzen haben eine Tragf\u00e4higkeit von 2 x 25 kg. Begrenzt wird die Tragf\u00e4higkeit nur durch die Stabilit\u00e4t Ihrer Wand.Material Buche, ged\u00e4mpftGewicht 860 gH\u00f6he x Breite 7,5 x 30 [&hellip;]<\/p>\n","protected":false},"featured_media":315,"template":"","meta":[],"product_brand":[],"product_cat":[162],"product_tag":[],"class_list":{"0":"post-1397","1":"product","2":"type-product","3":"status-publish","4":"has-post-thumbnail","6":"product_cat-getreidespeicher","7":"product_shipping_class-direkt-luba","8":"pa_produkt-wandhalter-fuer-1-2-oder-3-getreidesaecke","10":"first","11":"instock","12":"taxable","13":"shipping-taxable","14":"purchasable","15":"product-type-variable"},"supplier_id":null,"supplier_sku":"","barcode":null,"atum_controlled":true,"out_stock_date":null,"out_stock_threshold":null,"inheritable":true,"inbound_stock":0,"stock_on_hold":0,"sold_today":0,"sales_last_days":0,"reserved_stock":null,"customer_returns":null,"warehouse_damage":null,"lost_in_post":null,"other_logs":null,"out_stock_days":0,"lost_sales":0,"has_location":false,"update_date":"2026-02-27T12:16:59","atum_locations":[],"atum_stock_status":"instock","restock_status":false,"low_stock_amount":"","sales_update_date":"2024-09-24T09:53:02","calc_backorders":null,"_links":{"self":[{"href":"https:\/\/wordpress.famberg.de\/index.php\/wp-json\/wp\/v2\/product\/1397","targetHints":{"allow":["GET"]}}],"collection":[{"href":"https:\/\/wordpress.famberg.de\/index.php\/wp-json\/wp\/v2\/product"}],"about":[{"href":"https:\/\/wordpress.famberg.de\/index.php\/wp-json\/wp\/v2\/types\/product"}],"wp:featuredmedia":[{"embeddable":true,"href":"https:\/\/wordpress.famberg.de\/index.php\/wp-json\/wp\/v2\/media\/315"}],"wp:attachment":[{"href":"https:\/\/wordpress.famberg.de\/index.php\/wp-json\/wp\/v2\/media?parent=1397"}],"wp:term":[{"taxonomy":"product_brand","embeddable":true,"href":"https:\/\/wordpress.famberg.de\/index.php\/wp-json\/wp\/v2\/product_brand?post=1397"},{"taxonomy":"product_cat","embeddable":true,"href":"https:\/\/wordpress.famberg.de\/index.php\/wp-json\/wp\/v2\/product_cat?post=1397"},{"taxonomy":"product_tag","embeddable":true,"href":"https:\/\/wordpress.famberg.de\/index.php\/wp-json\/wp\/v2\/product_tag?post=1397"}],"curies":[{"name":"wp","href":"https:\/\/api.w.org\/{rel}","templated":true}]}}